{"id":18983,"date":"2024-10-25T13:47:52","date_gmt":"2024-10-25T12:47:52","guid":{"rendered":"https:\/\/pharmadreams.shop\/?post_type=product&#038;p=18983"},"modified":"2024-10-25T13:47:52","modified_gmt":"2024-10-25T12:47:52","slug":"dermoxen-gel-de-toilette-intime-anti-odeur-100ml","status":"publish","type":"product","link":"https:\/\/pharmadreams.shop\/index.php\/product\/dermoxen-gel-de-toilette-intime-anti-odeur-100ml\/","title":{"rendered":"DERMOXEN GEL DE TOILETTE INTIME ANTI ODEUR 100ML"},"content":{"rendered":"","protected":false},"excerpt":{"rendered":"<p>C\u2019est le gel de toilette intime con\u00e7u pour\u00a0lutter de mani\u00e8re naturelle et sp\u00e9cifique contre les mauvaises odeurs intimes, qui sont souvent un sympt\u00f4me de disconfort et d\u2019infections vaginales (Candida Albicans, Gardnerella vaginalis). Enrichi en\u00a0fibres pr\u00e9biotiques, il aide \u00e0\u00a0pr\u00e9server l\u2019acidit\u00e9 physiologique des muqueuses intimes externes.<\/p>\n<p>Parfum sans allerg\u00e8nes.<\/p>\n<p>EFFICACIT\u00c9\u00a0ANTI-ODEUR d\u00e9montr\u00e9e par test chez 40 femmes pour une semaine.<\/p>\n","protected":false},"featured_media":18984,"comment_status":"open","ping_status":"closed","template":"","meta":[],"product_brand":[],"product_cat":[125],"product_tag":[],"class_list":{"0":"post-18983","1":"product","2":"type-product","3":"status-publish","4":"has-post-thumbnail","6":"product_cat-gel-de-toilette","8":"first","9":"instock","10":"shipping-taxable","11":"purchasable","12":"product-type-simple"},"yoast_head":"<!-- This site is optimized with the Yoast SEO plugin v23.0 - https:\/\/yoast.com\/wordpress\/plugins\/seo\/ -->\n<title>DERMOXEN GEL DE TOILETTE INTIME ANTI ODEUR 100ML - pharmadreams<\/title>\n<meta name=\"robots\" content=\"index, follow, max-snippet:-1, max-image-preview:large, max-video-preview:-1\" \/>\n<link rel=\"canonical\" href=\"https:\/\/pharmadreams.shop\/index.php\/product\/dermoxen-gel-de-toilette-intime-anti-odeur-100ml\/\" \/>\n<meta property=\"og:locale\" content=\"fr_FR\" \/>\n<meta property=\"og:type\" content=\"article\" \/>\n<meta property=\"og:title\" content=\"DERMOXEN GEL DE TOILETTE INTIME ANTI ODEUR 100ML - pharmadreams\" \/>\n<meta property=\"og:description\" content=\"C\u2019est le gel de toilette intime con\u00e7u pour\u00a0lutter de mani\u00e8re naturelle et sp\u00e9cifique contre les mauvaises odeurs intimes, qui sont souvent un sympt\u00f4me de disconfort et d\u2019infections vaginales (Candida Albicans, Gardnerella vaginalis). Enrichi en\u00a0fibres pr\u00e9biotiques, il aide \u00e0\u00a0pr\u00e9server l\u2019acidit\u00e9 physiologique des muqueuses intimes externes.  Parfum sans allerg\u00e8nes.  EFFICACIT\u00c9\u00a0ANTI-ODEUR d\u00e9montr\u00e9e par test chez 40 femmes pour une semaine.\" \/>\n<meta property=\"og:url\" content=\"https:\/\/pharmadreams.shop\/index.php\/product\/dermoxen-gel-de-toilette-intime-anti-odeur-100ml\/\" \/>\n<meta property=\"og:site_name\" content=\"pharmadreams\" \/>\n<meta property=\"og:image\" content=\"https:\/\/pharmadreams.shop\/wp-content\/uploads\/2024\/10\/dermoxen-gel-de-toilette-intime-anti-odeur-100ml.jpg\" \/>\n\t<meta property=\"og:image:width\" content=\"500\" \/>\n\t<meta property=\"og:image:height\" content=\"500\" \/>\n\t<meta property=\"og:image:type\" content=\"image\/jpeg\" \/>\n<meta name=\"twitter:card\" content=\"summary_large_image\" \/>\n<meta name=\"twitter:label1\" content=\"Dur\u00e9e de lecture estim\u00e9e\" \/>\n\t<meta name=\"twitter:data1\" content=\"1 minute\" \/>\n<script type=\"application\/ld+json\" class=\"yoast-schema-graph\">{\"@context\":\"https:\/\/schema.org\",\"@graph\":[{\"@type\":\"WebPage\",\"@id\":\"https:\/\/pharmadreams.shop\/index.php\/product\/dermoxen-gel-de-toilette-intime-anti-odeur-100ml\/\",\"url\":\"https:\/\/pharmadreams.shop\/index.php\/product\/dermoxen-gel-de-toilette-intime-anti-odeur-100ml\/\",\"name\":\"DERMOXEN GEL DE TOILETTE INTIME ANTI ODEUR 100ML - pharmadreams\",\"isPartOf\":{\"@id\":\"https:\/\/pharmadreams.shop\/#website\"},\"primaryImageOfPage\":{\"@id\":\"https:\/\/pharmadreams.shop\/index.php\/product\/dermoxen-gel-de-toilette-intime-anti-odeur-100ml\/#primaryimage\"},\"image\":{\"@id\":\"https:\/\/pharmadreams.shop\/index.php\/product\/dermoxen-gel-de-toilette-intime-anti-odeur-100ml\/#primaryimage\"},\"thumbnailUrl\":\"https:\/\/pharmadreams.shop\/wp-content\/uploads\/2024\/10\/dermoxen-gel-de-toilette-intime-anti-odeur-100ml.jpg\",\"datePublished\":\"2024-10-25T12:47:52+00:00\",\"dateModified\":\"2024-10-25T12:47:52+00:00\",\"breadcrumb\":{\"@id\":\"https:\/\/pharmadreams.shop\/index.php\/product\/dermoxen-gel-de-toilette-intime-anti-odeur-100ml\/#breadcrumb\"},\"inLanguage\":\"fr-FR\",\"potentialAction\":[{\"@type\":\"ReadAction\",\"target\":[\"https:\/\/pharmadreams.shop\/index.php\/product\/dermoxen-gel-de-toilette-intime-anti-odeur-100ml\/\"]}]},{\"@type\":\"ImageObject\",\"inLanguage\":\"fr-FR\",\"@id\":\"https:\/\/pharmadreams.shop\/index.php\/product\/dermoxen-gel-de-toilette-intime-anti-odeur-100ml\/#primaryimage\",\"url\":\"https:\/\/pharmadreams.shop\/wp-content\/uploads\/2024\/10\/dermoxen-gel-de-toilette-intime-anti-odeur-100ml.jpg\",\"contentUrl\":\"https:\/\/pharmadreams.shop\/wp-content\/uploads\/2024\/10\/dermoxen-gel-de-toilette-intime-anti-odeur-100ml.jpg\",\"width\":500,\"height\":500},{\"@type\":\"BreadcrumbList\",\"@id\":\"https:\/\/pharmadreams.shop\/index.php\/product\/dermoxen-gel-de-toilette-intime-anti-odeur-100ml\/#breadcrumb\",\"itemListElement\":[{\"@type\":\"ListItem\",\"position\":1,\"name\":\"Accueil\",\"item\":\"https:\/\/pharmadreams.shop\/\"},{\"@type\":\"ListItem\",\"position\":2,\"name\":\"Shop\",\"item\":\"https:\/\/pharmadreams.shop\/index.php\/shop\/\"},{\"@type\":\"ListItem\",\"position\":3,\"name\":\"DERMOXEN GEL DE TOILETTE INTIME ANTI ODEUR 100ML\"}]},{\"@type\":\"WebSite\",\"@id\":\"https:\/\/pharmadreams.shop\/#website\",\"url\":\"https:\/\/pharmadreams.shop\/\",\"name\":\"pharmadreams\",\"description\":\"Parapharmacie en ligne\",\"potentialAction\":[{\"@type\":\"SearchAction\",\"target\":{\"@type\":\"EntryPoint\",\"urlTemplate\":\"https:\/\/pharmadreams.shop\/?s={search_term_string}\"},\"query-input\":\"required name=search_term_string\"}],\"inLanguage\":\"fr-FR\"}]}<\/script>\n<!-- \/ Yoast SEO plugin. -->","yoast_head_json":{"title":"DERMOXEN GEL DE TOILETTE INTIME ANTI ODEUR 100ML - pharmadreams","robots":{"index":"index","follow":"follow","max-snippet":"max-snippet:-1","max-image-preview":"max-image-preview:large","max-video-preview":"max-video-preview:-1"},"canonical":"https:\/\/pharmadreams.shop\/index.php\/product\/dermoxen-gel-de-toilette-intime-anti-odeur-100ml\/","og_locale":"fr_FR","og_type":"article","og_title":"DERMOXEN GEL DE TOILETTE INTIME ANTI ODEUR 100ML - pharmadreams","og_description":"C\u2019est le gel de toilette intime con\u00e7u pour\u00a0lutter de mani\u00e8re naturelle et sp\u00e9cifique contre les mauvaises odeurs intimes, qui sont souvent un sympt\u00f4me de disconfort et d\u2019infections vaginales (Candida Albicans, Gardnerella vaginalis). Enrichi en\u00a0fibres pr\u00e9biotiques, il aide \u00e0\u00a0pr\u00e9server l\u2019acidit\u00e9 physiologique des muqueuses intimes externes.  Parfum sans allerg\u00e8nes.  EFFICACIT\u00c9\u00a0ANTI-ODEUR d\u00e9montr\u00e9e par test chez 40 femmes pour une semaine.","og_url":"https:\/\/pharmadreams.shop\/index.php\/product\/dermoxen-gel-de-toilette-intime-anti-odeur-100ml\/","og_site_name":"pharmadreams","og_image":[{"width":500,"height":500,"url":"https:\/\/pharmadreams.shop\/wp-content\/uploads\/2024\/10\/dermoxen-gel-de-toilette-intime-anti-odeur-100ml.jpg","type":"image\/jpeg"}],"twitter_card":"summary_large_image","twitter_misc":{"Dur\u00e9e de lecture estim\u00e9e":"1 minute"},"schema":{"@context":"https:\/\/schema.org","@graph":[{"@type":"WebPage","@id":"https:\/\/pharmadreams.shop\/index.php\/product\/dermoxen-gel-de-toilette-intime-anti-odeur-100ml\/","url":"https:\/\/pharmadreams.shop\/index.php\/product\/dermoxen-gel-de-toilette-intime-anti-odeur-100ml\/","name":"DERMOXEN GEL DE TOILETTE INTIME ANTI ODEUR 100ML - pharmadreams","isPartOf":{"@id":"https:\/\/pharmadreams.shop\/#website"},"primaryImageOfPage":{"@id":"https:\/\/pharmadreams.shop\/index.php\/product\/dermoxen-gel-de-toilette-intime-anti-odeur-100ml\/#primaryimage"},"image":{"@id":"https:\/\/pharmadreams.shop\/index.php\/product\/dermoxen-gel-de-toilette-intime-anti-odeur-100ml\/#primaryimage"},"thumbnailUrl":"https:\/\/pharmadreams.shop\/wp-content\/uploads\/2024\/10\/dermoxen-gel-de-toilette-intime-anti-odeur-100ml.jpg","datePublished":"2024-10-25T12:47:52+00:00","dateModified":"2024-10-25T12:47:52+00:00","breadcrumb":{"@id":"https:\/\/pharmadreams.shop\/index.php\/product\/dermoxen-gel-de-toilette-intime-anti-odeur-100ml\/#breadcrumb"},"inLanguage":"fr-FR","potentialAction":[{"@type":"ReadAction","target":["https:\/\/pharmadreams.shop\/index.php\/product\/dermoxen-gel-de-toilette-intime-anti-odeur-100ml\/"]}]},{"@type":"ImageObject","inLanguage":"fr-FR","@id":"https:\/\/pharmadreams.shop\/index.php\/product\/dermoxen-gel-de-toilette-intime-anti-odeur-100ml\/#primaryimage","url":"https:\/\/pharmadreams.shop\/wp-content\/uploads\/2024\/10\/dermoxen-gel-de-toilette-intime-anti-odeur-100ml.jpg","contentUrl":"https:\/\/pharmadreams.shop\/wp-content\/uploads\/2024\/10\/dermoxen-gel-de-toilette-intime-anti-odeur-100ml.jpg","width":500,"height":500},{"@type":"BreadcrumbList","@id":"https:\/\/pharmadreams.shop\/index.php\/product\/dermoxen-gel-de-toilette-intime-anti-odeur-100ml\/#breadcrumb","itemListElement":[{"@type":"ListItem","position":1,"name":"Accueil","item":"https:\/\/pharmadreams.shop\/"},{"@type":"ListItem","position":2,"name":"Shop","item":"https:\/\/pharmadreams.shop\/index.php\/shop\/"},{"@type":"ListItem","position":3,"name":"DERMOXEN GEL DE TOILETTE INTIME ANTI ODEUR 100ML"}]},{"@type":"WebSite","@id":"https:\/\/pharmadreams.shop\/#website","url":"https:\/\/pharmadreams.shop\/","name":"pharmadreams","description":"Parapharmacie en ligne","potentialAction":[{"@type":"SearchAction","target":{"@type":"EntryPoint","urlTemplate":"https:\/\/pharmadreams.shop\/?s={search_term_string}"},"query-input":"required name=search_term_string"}],"inLanguage":"fr-FR"}]}},"_links":{"self":[{"href":"https:\/\/pharmadreams.shop\/index.php\/wp-json\/wp\/v2\/product\/18983","targetHints":{"allow":["GET"]}}],"collection":[{"href":"https:\/\/pharmadreams.shop\/index.php\/wp-json\/wp\/v2\/product"}],"about":[{"href":"https:\/\/pharmadreams.shop\/index.php\/wp-json\/wp\/v2\/types\/product"}],"replies":[{"embeddable":true,"href":"https:\/\/pharmadreams.shop\/index.php\/wp-json\/wp\/v2\/comments?post=18983"}],"version-history":[{"count":0,"href":"https:\/\/pharmadreams.shop\/index.php\/wp-json\/wp\/v2\/product\/18983\/revisions"}],"wp:featuredmedia":[{"embeddable":true,"href":"https:\/\/pharmadreams.shop\/index.php\/wp-json\/wp\/v2\/media\/18984"}],"wp:attachment":[{"href":"https:\/\/pharmadreams.shop\/index.php\/wp-json\/wp\/v2\/media?parent=18983"}],"wp:term":[{"taxonomy":"product_brand","embeddable":true,"href":"https:\/\/pharmadreams.shop\/index.php\/wp-json\/wp\/v2\/product_brand?post=18983"},{"taxonomy":"product_cat","embeddable":true,"href":"https:\/\/pharmadreams.shop\/index.php\/wp-json\/wp\/v2\/product_cat?post=18983"},{"taxonomy":"product_tag","embeddable":true,"href":"https:\/\/pharmadreams.shop\/index.php\/wp-json\/wp\/v2\/product_tag?post=18983"}],"curies":[{"name":"wp","href":"https:\/\/api.w.org\/{rel}","templated":true}]}}