{"id":18992,"date":"2024-10-25T16:36:55","date_gmt":"2024-10-25T15:36:55","guid":{"rendered":"https:\/\/pharmadreams.shop\/?post_type=product&#038;p=18992"},"modified":"2024-10-25T16:36:55","modified_gmt":"2024-10-25T15:36:55","slug":"svr-spirial-roll-on-50ml","status":"publish","type":"product","link":"https:\/\/pharmadreams.shop\/index.php\/product\/svr-spirial-roll-on-50ml\/","title":{"rendered":"SVR Spirial Roll-On 50ml"},"content":{"rendered":"","protected":false},"excerpt":{"rendered":"<p>50ml \u2013 Spirial Roll On est un d\u00e9odorant hypoallerg\u00e9nique qui r\u00e9gule la transpiration 48h, absorbe l\u2019humidit\u00e9 et lutte contre les mauvaises odeurs (aisselles)<\/p>\n<p>Toutes les peaux m\u00eame les plus sensibles. Transpiration normale \u00e0 excessive. Adolescent, adulte. Aisselles.\u00a0D\u00e9odorant \u00e0 l\u2019efficacit\u00e9 anti-transpirante intense<strong>\u00a048h<\/strong><sup>\u00a0<\/sup>m\u00eame en situations extr\u00eames (sport, stress\u2026). Formul\u00e9 avec une haute concentration en agents sudo-r\u00e9gulateurs, il r\u00e9gule la transpiration, absorbe l\u2019humidit\u00e9 et lutte contre les mauvaises odeurs dans la plus haute tol\u00e9rance. Sa texture non collante s\u00e8che rapidement et laisse la peau douce sans laisser de traces blanches. Sans parfum.<\/p>\n","protected":false},"featured_media":18993,"comment_status":"open","ping_status":"closed","template":"","meta":[],"product_brand":[],"product_cat":[28,103],"product_tag":[],"class_list":{"0":"post-18992","1":"product","2":"type-product","3":"status-publish","4":"has-post-thumbnail","6":"product_cat-corps","7":"product_cat-deodorant","9":"first","10":"instock","11":"shipping-taxable","12":"purchasable","13":"product-type-simple"},"yoast_head":"<!-- This site is optimized with the Yoast SEO plugin v23.0 - https:\/\/yoast.com\/wordpress\/plugins\/seo\/ -->\n<title>SVR Spirial Roll-On 50ml - pharmadreams<\/title>\n<meta name=\"robots\" content=\"index, follow, max-snippet:-1, max-image-preview:large, max-video-preview:-1\" \/>\n<link rel=\"canonical\" href=\"https:\/\/pharmadreams.shop\/index.php\/product\/svr-spirial-roll-on-50ml\/\" \/>\n<meta property=\"og:locale\" content=\"fr_FR\" \/>\n<meta property=\"og:type\" content=\"article\" \/>\n<meta property=\"og:title\" content=\"SVR Spirial Roll-On 50ml - pharmadreams\" \/>\n<meta property=\"og:description\" content=\"50ml \u2013 Spirial Roll On est un d\u00e9odorant hypoallerg\u00e9nique qui r\u00e9gule la transpiration 48h, absorbe l\u2019humidit\u00e9 et lutte contre les mauvaises odeurs (aisselles)  Toutes les peaux m\u00eame les plus sensibles. Transpiration normale \u00e0 excessive. Adolescent, adulte. Aisselles.\u00a0D\u00e9odorant \u00e0 l\u2019efficacit\u00e9 anti-transpirante intense\u00a048h\u00a0m\u00eame en situations extr\u00eames (sport, stress\u2026). Formul\u00e9 avec une haute concentration en agents sudo-r\u00e9gulateurs, il r\u00e9gule la transpiration, absorbe l\u2019humidit\u00e9 et lutte contre les mauvaises odeurs dans la plus haute tol\u00e9rance. Sa texture non collante s\u00e8che rapidement et laisse la peau douce sans laisser de traces blanches. Sans parfum.\" \/>\n<meta property=\"og:url\" content=\"https:\/\/pharmadreams.shop\/index.php\/product\/svr-spirial-roll-on-50ml\/\" \/>\n<meta property=\"og:site_name\" content=\"pharmadreams\" \/>\n<meta property=\"og:image\" content=\"https:\/\/pharmadreams.shop\/wp-content\/uploads\/2024\/10\/svr-spirial-rollon-50ml.webp\" \/>\n\t<meta property=\"og:image:width\" content=\"1500\" \/>\n\t<meta property=\"og:image:height\" content=\"1500\" \/>\n\t<meta property=\"og:image:type\" content=\"image\/webp\" \/>\n<meta name=\"twitter:card\" content=\"summary_large_image\" \/>\n<meta name=\"twitter:label1\" content=\"Dur\u00e9e de lecture estim\u00e9e\" \/>\n\t<meta name=\"twitter:data1\" content=\"1 minute\" \/>\n<script type=\"application\/ld+json\" class=\"yoast-schema-graph\">{\"@context\":\"https:\/\/schema.org\",\"@graph\":[{\"@type\":\"WebPage\",\"@id\":\"https:\/\/pharmadreams.shop\/index.php\/product\/svr-spirial-roll-on-50ml\/\",\"url\":\"https:\/\/pharmadreams.shop\/index.php\/product\/svr-spirial-roll-on-50ml\/\",\"name\":\"SVR Spirial Roll-On 50ml - pharmadreams\",\"isPartOf\":{\"@id\":\"https:\/\/pharmadreams.shop\/#website\"},\"primaryImageOfPage\":{\"@id\":\"https:\/\/pharmadreams.shop\/index.php\/product\/svr-spirial-roll-on-50ml\/#primaryimage\"},\"image\":{\"@id\":\"https:\/\/pharmadreams.shop\/index.php\/product\/svr-spirial-roll-on-50ml\/#primaryimage\"},\"thumbnailUrl\":\"https:\/\/pharmadreams.shop\/wp-content\/uploads\/2024\/10\/svr-spirial-rollon-50ml.webp\",\"datePublished\":\"2024-10-25T15:36:55+00:00\",\"dateModified\":\"2024-10-25T15:36:55+00:00\",\"breadcrumb\":{\"@id\":\"https:\/\/pharmadreams.shop\/index.php\/product\/svr-spirial-roll-on-50ml\/#breadcrumb\"},\"inLanguage\":\"fr-FR\",\"potentialAction\":[{\"@type\":\"ReadAction\",\"target\":[\"https:\/\/pharmadreams.shop\/index.php\/product\/svr-spirial-roll-on-50ml\/\"]}]},{\"@type\":\"ImageObject\",\"inLanguage\":\"fr-FR\",\"@id\":\"https:\/\/pharmadreams.shop\/index.php\/product\/svr-spirial-roll-on-50ml\/#primaryimage\",\"url\":\"https:\/\/pharmadreams.shop\/wp-content\/uploads\/2024\/10\/svr-spirial-rollon-50ml.webp\",\"contentUrl\":\"https:\/\/pharmadreams.shop\/wp-content\/uploads\/2024\/10\/svr-spirial-rollon-50ml.webp\",\"width\":1500,\"height\":1500},{\"@type\":\"BreadcrumbList\",\"@id\":\"https:\/\/pharmadreams.shop\/index.php\/product\/svr-spirial-roll-on-50ml\/#breadcrumb\",\"itemListElement\":[{\"@type\":\"ListItem\",\"position\":1,\"name\":\"Accueil\",\"item\":\"https:\/\/pharmadreams.shop\/\"},{\"@type\":\"ListItem\",\"position\":2,\"name\":\"Shop\",\"item\":\"https:\/\/pharmadreams.shop\/index.php\/shop\/\"},{\"@type\":\"ListItem\",\"position\":3,\"name\":\"SVR Spirial Roll-On 50ml\"}]},{\"@type\":\"WebSite\",\"@id\":\"https:\/\/pharmadreams.shop\/#website\",\"url\":\"https:\/\/pharmadreams.shop\/\",\"name\":\"pharmadreams\",\"description\":\"Parapharmacie en ligne\",\"potentialAction\":[{\"@type\":\"SearchAction\",\"target\":{\"@type\":\"EntryPoint\",\"urlTemplate\":\"https:\/\/pharmadreams.shop\/?s={search_term_string}\"},\"query-input\":\"required name=search_term_string\"}],\"inLanguage\":\"fr-FR\"}]}<\/script>\n<!-- \/ Yoast SEO plugin. -->","yoast_head_json":{"title":"SVR Spirial Roll-On 50ml - pharmadreams","robots":{"index":"index","follow":"follow","max-snippet":"max-snippet:-1","max-image-preview":"max-image-preview:large","max-video-preview":"max-video-preview:-1"},"canonical":"https:\/\/pharmadreams.shop\/index.php\/product\/svr-spirial-roll-on-50ml\/","og_locale":"fr_FR","og_type":"article","og_title":"SVR Spirial Roll-On 50ml - pharmadreams","og_description":"50ml \u2013 Spirial Roll On est un d\u00e9odorant hypoallerg\u00e9nique qui r\u00e9gule la transpiration 48h, absorbe l\u2019humidit\u00e9 et lutte contre les mauvaises odeurs (aisselles)  Toutes les peaux m\u00eame les plus sensibles. Transpiration normale \u00e0 excessive. Adolescent, adulte. Aisselles.\u00a0D\u00e9odorant \u00e0 l\u2019efficacit\u00e9 anti-transpirante intense\u00a048h\u00a0m\u00eame en situations extr\u00eames (sport, stress\u2026). Formul\u00e9 avec une haute concentration en agents sudo-r\u00e9gulateurs, il r\u00e9gule la transpiration, absorbe l\u2019humidit\u00e9 et lutte contre les mauvaises odeurs dans la plus haute tol\u00e9rance. Sa texture non collante s\u00e8che rapidement et laisse la peau douce sans laisser de traces blanches. Sans parfum.","og_url":"https:\/\/pharmadreams.shop\/index.php\/product\/svr-spirial-roll-on-50ml\/","og_site_name":"pharmadreams","og_image":[{"width":1500,"height":1500,"url":"https:\/\/pharmadreams.shop\/wp-content\/uploads\/2024\/10\/svr-spirial-rollon-50ml.webp","type":"image\/webp"}],"twitter_card":"summary_large_image","twitter_misc":{"Dur\u00e9e de lecture estim\u00e9e":"1 minute"},"schema":{"@context":"https:\/\/schema.org","@graph":[{"@type":"WebPage","@id":"https:\/\/pharmadreams.shop\/index.php\/product\/svr-spirial-roll-on-50ml\/","url":"https:\/\/pharmadreams.shop\/index.php\/product\/svr-spirial-roll-on-50ml\/","name":"SVR Spirial Roll-On 50ml - pharmadreams","isPartOf":{"@id":"https:\/\/pharmadreams.shop\/#website"},"primaryImageOfPage":{"@id":"https:\/\/pharmadreams.shop\/index.php\/product\/svr-spirial-roll-on-50ml\/#primaryimage"},"image":{"@id":"https:\/\/pharmadreams.shop\/index.php\/product\/svr-spirial-roll-on-50ml\/#primaryimage"},"thumbnailUrl":"https:\/\/pharmadreams.shop\/wp-content\/uploads\/2024\/10\/svr-spirial-rollon-50ml.webp","datePublished":"2024-10-25T15:36:55+00:00","dateModified":"2024-10-25T15:36:55+00:00","breadcrumb":{"@id":"https:\/\/pharmadreams.shop\/index.php\/product\/svr-spirial-roll-on-50ml\/#breadcrumb"},"inLanguage":"fr-FR","potentialAction":[{"@type":"ReadAction","target":["https:\/\/pharmadreams.shop\/index.php\/product\/svr-spirial-roll-on-50ml\/"]}]},{"@type":"ImageObject","inLanguage":"fr-FR","@id":"https:\/\/pharmadreams.shop\/index.php\/product\/svr-spirial-roll-on-50ml\/#primaryimage","url":"https:\/\/pharmadreams.shop\/wp-content\/uploads\/2024\/10\/svr-spirial-rollon-50ml.webp","contentUrl":"https:\/\/pharmadreams.shop\/wp-content\/uploads\/2024\/10\/svr-spirial-rollon-50ml.webp","width":1500,"height":1500},{"@type":"BreadcrumbList","@id":"https:\/\/pharmadreams.shop\/index.php\/product\/svr-spirial-roll-on-50ml\/#breadcrumb","itemListElement":[{"@type":"ListItem","position":1,"name":"Accueil","item":"https:\/\/pharmadreams.shop\/"},{"@type":"ListItem","position":2,"name":"Shop","item":"https:\/\/pharmadreams.shop\/index.php\/shop\/"},{"@type":"ListItem","position":3,"name":"SVR Spirial Roll-On 50ml"}]},{"@type":"WebSite","@id":"https:\/\/pharmadreams.shop\/#website","url":"https:\/\/pharmadreams.shop\/","name":"pharmadreams","description":"Parapharmacie en ligne","potentialAction":[{"@type":"SearchAction","target":{"@type":"EntryPoint","urlTemplate":"https:\/\/pharmadreams.shop\/?s={search_term_string}"},"query-input":"required name=search_term_string"}],"inLanguage":"fr-FR"}]}},"_links":{"self":[{"href":"https:\/\/pharmadreams.shop\/index.php\/wp-json\/wp\/v2\/product\/18992","targetHints":{"allow":["GET"]}}],"collection":[{"href":"https:\/\/pharmadreams.shop\/index.php\/wp-json\/wp\/v2\/product"}],"about":[{"href":"https:\/\/pharmadreams.shop\/index.php\/wp-json\/wp\/v2\/types\/product"}],"replies":[{"embeddable":true,"href":"https:\/\/pharmadreams.shop\/index.php\/wp-json\/wp\/v2\/comments?post=18992"}],"version-history":[{"count":0,"href":"https:\/\/pharmadreams.shop\/index.php\/wp-json\/wp\/v2\/product\/18992\/revisions"}],"wp:featuredmedia":[{"embeddable":true,"href":"https:\/\/pharmadreams.shop\/index.php\/wp-json\/wp\/v2\/media\/18993"}],"wp:attachment":[{"href":"https:\/\/pharmadreams.shop\/index.php\/wp-json\/wp\/v2\/media?parent=18992"}],"wp:term":[{"taxonomy":"product_brand","embeddable":true,"href":"https:\/\/pharmadreams.shop\/index.php\/wp-json\/wp\/v2\/product_brand?post=18992"},{"taxonomy":"product_cat","embeddable":true,"href":"https:\/\/pharmadreams.shop\/index.php\/wp-json\/wp\/v2\/product_cat?post=18992"},{"taxonomy":"product_tag","embeddable":true,"href":"https:\/\/pharmadreams.shop\/index.php\/wp-json\/wp\/v2\/product_tag?post=18992"}],"curies":[{"name":"wp","href":"https:\/\/api.w.org\/{rel}","templated":true}]}}