{"id":18995,"date":"2024-10-25T16:42:23","date_gmt":"2024-10-25T15:42:23","guid":{"rendered":"https:\/\/pharmadreams.shop\/?post_type=product&#038;p=18995"},"modified":"2024-10-25T16:42:24","modified_gmt":"2024-10-25T15:42:24","slug":"bioderma-atoderm-intensive-gel-moussant-ultra-apaisant-1l","status":"publish","type":"product","link":"https:\/\/pharmadreams.shop\/index.php\/product\/bioderma-atoderm-intensive-gel-moussant-ultra-apaisant-1l\/","title":{"rendered":"BIODERMA ATODERM INTENSIVE GEL MOUSSANT ULTRA APAISANT 1L"},"content":{"rendered":"","protected":false},"excerpt":{"rendered":"<p>Atoderm Intensive Gel moussant nettoie en douceur, apaise les sensations d\u2019inconfort et calme les d\u00e9mangeaisons des peaux tr\u00e8s s\u00e8ches, irrit\u00e9es \u00e0 atopiques. La vitamine PP reconstruit et renforce biologiquement la barri\u00e8re cutan\u00e9e. La base lavante surgraissante sans savon et le pH physiologique respectent l\u2019\u00e9quilibre de la peau.<\/p>\n<p style=\"font-weight: 400;\">Nettoie, relipide, prot\u00e8ge.<\/p>\n<p style=\"font-weight: 400;\">Apaise les sensations d&rsquo;inconfort.<\/p>\n<p style=\"font-weight: 400;\">Calme les d\u00e9mangeaisons.<\/p>\n<p style=\"font-weight: 400;\">Prot\u00e8ge de la s\u00e9cheresse cutan\u00e9e.<\/p>\n<p style=\"font-weight: 400;\">Respecte l\u2019\u00e9quilibre de la peau gr\u00e2ce \u00e0 sa base nettoyante surgrasse.<\/p>\n<p style=\"font-weight: 400;\">Tr\u00e8s bonne tol\u00e9rance.<\/p>\n<p style=\"font-weight: 400;\">Sans savon.<\/p>\n<p style=\"font-weight: 400;\">Non parfum\u00e9.<\/p>\n<p style=\"font-weight: 400;\">Non com\u00e9dog\u00e8ne.<\/p>\n","protected":false},"featured_media":18996,"comment_status":"open","ping_status":"closed","template":"","meta":[],"product_brand":[],"product_cat":[279,20],"product_tag":[],"class_list":{"0":"post-18995","1":"product","2":"type-product","3":"status-publish","4":"has-post-thumbnail","6":"product_cat-gel-moussant","7":"product_cat-visage","9":"first","10":"instock","11":"sale","12":"shipping-taxable","13":"purchasable","14":"product-type-simple"},"yoast_head":"<!-- This site is optimized with the Yoast SEO plugin v23.0 - https:\/\/yoast.com\/wordpress\/plugins\/seo\/ -->\n<title>BIODERMA ATODERM INTENSIVE GEL MOUSSANT ULTRA APAISANT 1L - pharmadreams<\/title>\n<meta name=\"robots\" content=\"index, follow, max-snippet:-1, max-image-preview:large, max-video-preview:-1\" \/>\n<link rel=\"canonical\" href=\"https:\/\/pharmadreams.shop\/index.php\/product\/bioderma-atoderm-intensive-gel-moussant-ultra-apaisant-1l\/\" \/>\n<meta property=\"og:locale\" content=\"fr_FR\" \/>\n<meta property=\"og:type\" content=\"article\" \/>\n<meta property=\"og:title\" content=\"BIODERMA ATODERM INTENSIVE GEL MOUSSANT ULTRA APAISANT 1L - pharmadreams\" \/>\n<meta property=\"og:description\" content=\"Atoderm Intensive Gel moussant nettoie en douceur, apaise les sensations d\u2019inconfort et calme les d\u00e9mangeaisons des peaux tr\u00e8s s\u00e8ches, irrit\u00e9es \u00e0 atopiques. La vitamine PP reconstruit et renforce biologiquement la barri\u00e8re cutan\u00e9e. La base lavante surgraissante sans savon et le pH physiologique respectent l\u2019\u00e9quilibre de la peau. Nettoie, relipide, prot\u00e8ge. Apaise les sensations d&#039;inconfort. Calme les d\u00e9mangeaisons. Prot\u00e8ge de la s\u00e9cheresse cutan\u00e9e. Respecte l\u2019\u00e9quilibre de la peau gr\u00e2ce \u00e0 sa base nettoyante surgrasse. Tr\u00e8s bonne tol\u00e9rance. Sans savon. Non parfum\u00e9. Non com\u00e9dog\u00e8ne.\" \/>\n<meta property=\"og:url\" content=\"https:\/\/pharmadreams.shop\/index.php\/product\/bioderma-atoderm-intensive-gel-moussant-ultra-apaisant-1l\/\" \/>\n<meta property=\"og:site_name\" content=\"pharmadreams\" \/>\n<meta property=\"article:modified_time\" content=\"2024-10-25T15:42:24+00:00\" \/>\n<meta property=\"og:image\" content=\"https:\/\/pharmadreams.shop\/wp-content\/uploads\/2024\/10\/bioderma-atoderm-intensive-gel-moussant-ultra-apaisant-1l.jpg\" \/>\n\t<meta property=\"og:image:width\" content=\"500\" \/>\n\t<meta property=\"og:image:height\" content=\"500\" \/>\n\t<meta property=\"og:image:type\" content=\"image\/jpeg\" \/>\n<meta name=\"twitter:card\" content=\"summary_large_image\" \/>\n<meta name=\"twitter:label1\" content=\"Dur\u00e9e de lecture estim\u00e9e\" \/>\n\t<meta name=\"twitter:data1\" content=\"1 minute\" \/>\n<script type=\"application\/ld+json\" class=\"yoast-schema-graph\">{\"@context\":\"https:\/\/schema.org\",\"@graph\":[{\"@type\":\"WebPage\",\"@id\":\"https:\/\/pharmadreams.shop\/index.php\/product\/bioderma-atoderm-intensive-gel-moussant-ultra-apaisant-1l\/\",\"url\":\"https:\/\/pharmadreams.shop\/index.php\/product\/bioderma-atoderm-intensive-gel-moussant-ultra-apaisant-1l\/\",\"name\":\"BIODERMA ATODERM INTENSIVE GEL MOUSSANT ULTRA APAISANT 1L - pharmadreams\",\"isPartOf\":{\"@id\":\"https:\/\/pharmadreams.shop\/#website\"},\"primaryImageOfPage\":{\"@id\":\"https:\/\/pharmadreams.shop\/index.php\/product\/bioderma-atoderm-intensive-gel-moussant-ultra-apaisant-1l\/#primaryimage\"},\"image\":{\"@id\":\"https:\/\/pharmadreams.shop\/index.php\/product\/bioderma-atoderm-intensive-gel-moussant-ultra-apaisant-1l\/#primaryimage\"},\"thumbnailUrl\":\"https:\/\/pharmadreams.shop\/wp-content\/uploads\/2024\/10\/bioderma-atoderm-intensive-gel-moussant-ultra-apaisant-1l.jpg\",\"datePublished\":\"2024-10-25T15:42:23+00:00\",\"dateModified\":\"2024-10-25T15:42:24+00:00\",\"breadcrumb\":{\"@id\":\"https:\/\/pharmadreams.shop\/index.php\/product\/bioderma-atoderm-intensive-gel-moussant-ultra-apaisant-1l\/#breadcrumb\"},\"inLanguage\":\"fr-FR\",\"potentialAction\":[{\"@type\":\"ReadAction\",\"target\":[\"https:\/\/pharmadreams.shop\/index.php\/product\/bioderma-atoderm-intensive-gel-moussant-ultra-apaisant-1l\/\"]}]},{\"@type\":\"ImageObject\",\"inLanguage\":\"fr-FR\",\"@id\":\"https:\/\/pharmadreams.shop\/index.php\/product\/bioderma-atoderm-intensive-gel-moussant-ultra-apaisant-1l\/#primaryimage\",\"url\":\"https:\/\/pharmadreams.shop\/wp-content\/uploads\/2024\/10\/bioderma-atoderm-intensive-gel-moussant-ultra-apaisant-1l.jpg\",\"contentUrl\":\"https:\/\/pharmadreams.shop\/wp-content\/uploads\/2024\/10\/bioderma-atoderm-intensive-gel-moussant-ultra-apaisant-1l.jpg\",\"width\":500,\"height\":500},{\"@type\":\"BreadcrumbList\",\"@id\":\"https:\/\/pharmadreams.shop\/index.php\/product\/bioderma-atoderm-intensive-gel-moussant-ultra-apaisant-1l\/#breadcrumb\",\"itemListElement\":[{\"@type\":\"ListItem\",\"position\":1,\"name\":\"Accueil\",\"item\":\"https:\/\/pharmadreams.shop\/\"},{\"@type\":\"ListItem\",\"position\":2,\"name\":\"Shop\",\"item\":\"https:\/\/pharmadreams.shop\/index.php\/shop\/\"},{\"@type\":\"ListItem\",\"position\":3,\"name\":\"BIODERMA ATODERM INTENSIVE GEL MOUSSANT ULTRA APAISANT 1L\"}]},{\"@type\":\"WebSite\",\"@id\":\"https:\/\/pharmadreams.shop\/#website\",\"url\":\"https:\/\/pharmadreams.shop\/\",\"name\":\"pharmadreams\",\"description\":\"Parapharmacie en ligne\",\"potentialAction\":[{\"@type\":\"SearchAction\",\"target\":{\"@type\":\"EntryPoint\",\"urlTemplate\":\"https:\/\/pharmadreams.shop\/?s={search_term_string}\"},\"query-input\":\"required name=search_term_string\"}],\"inLanguage\":\"fr-FR\"}]}<\/script>\n<!-- \/ Yoast SEO plugin. -->","yoast_head_json":{"title":"BIODERMA ATODERM INTENSIVE GEL MOUSSANT ULTRA APAISANT 1L - pharmadreams","robots":{"index":"index","follow":"follow","max-snippet":"max-snippet:-1","max-image-preview":"max-image-preview:large","max-video-preview":"max-video-preview:-1"},"canonical":"https:\/\/pharmadreams.shop\/index.php\/product\/bioderma-atoderm-intensive-gel-moussant-ultra-apaisant-1l\/","og_locale":"fr_FR","og_type":"article","og_title":"BIODERMA ATODERM INTENSIVE GEL MOUSSANT ULTRA APAISANT 1L - pharmadreams","og_description":"Atoderm Intensive Gel moussant nettoie en douceur, apaise les sensations d\u2019inconfort et calme les d\u00e9mangeaisons des peaux tr\u00e8s s\u00e8ches, irrit\u00e9es \u00e0 atopiques. La vitamine PP reconstruit et renforce biologiquement la barri\u00e8re cutan\u00e9e. La base lavante surgraissante sans savon et le pH physiologique respectent l\u2019\u00e9quilibre de la peau. Nettoie, relipide, prot\u00e8ge. Apaise les sensations d'inconfort. Calme les d\u00e9mangeaisons. Prot\u00e8ge de la s\u00e9cheresse cutan\u00e9e. Respecte l\u2019\u00e9quilibre de la peau gr\u00e2ce \u00e0 sa base nettoyante surgrasse. Tr\u00e8s bonne tol\u00e9rance. Sans savon. Non parfum\u00e9. Non com\u00e9dog\u00e8ne.","og_url":"https:\/\/pharmadreams.shop\/index.php\/product\/bioderma-atoderm-intensive-gel-moussant-ultra-apaisant-1l\/","og_site_name":"pharmadreams","article_modified_time":"2024-10-25T15:42:24+00:00","og_image":[{"width":500,"height":500,"url":"https:\/\/pharmadreams.shop\/wp-content\/uploads\/2024\/10\/bioderma-atoderm-intensive-gel-moussant-ultra-apaisant-1l.jpg","type":"image\/jpeg"}],"twitter_card":"summary_large_image","twitter_misc":{"Dur\u00e9e de lecture estim\u00e9e":"1 minute"},"schema":{"@context":"https:\/\/schema.org","@graph":[{"@type":"WebPage","@id":"https:\/\/pharmadreams.shop\/index.php\/product\/bioderma-atoderm-intensive-gel-moussant-ultra-apaisant-1l\/","url":"https:\/\/pharmadreams.shop\/index.php\/product\/bioderma-atoderm-intensive-gel-moussant-ultra-apaisant-1l\/","name":"BIODERMA ATODERM INTENSIVE GEL MOUSSANT ULTRA APAISANT 1L - pharmadreams","isPartOf":{"@id":"https:\/\/pharmadreams.shop\/#website"},"primaryImageOfPage":{"@id":"https:\/\/pharmadreams.shop\/index.php\/product\/bioderma-atoderm-intensive-gel-moussant-ultra-apaisant-1l\/#primaryimage"},"image":{"@id":"https:\/\/pharmadreams.shop\/index.php\/product\/bioderma-atoderm-intensive-gel-moussant-ultra-apaisant-1l\/#primaryimage"},"thumbnailUrl":"https:\/\/pharmadreams.shop\/wp-content\/uploads\/2024\/10\/bioderma-atoderm-intensive-gel-moussant-ultra-apaisant-1l.jpg","datePublished":"2024-10-25T15:42:23+00:00","dateModified":"2024-10-25T15:42:24+00:00","breadcrumb":{"@id":"https:\/\/pharmadreams.shop\/index.php\/product\/bioderma-atoderm-intensive-gel-moussant-ultra-apaisant-1l\/#breadcrumb"},"inLanguage":"fr-FR","potentialAction":[{"@type":"ReadAction","target":["https:\/\/pharmadreams.shop\/index.php\/product\/bioderma-atoderm-intensive-gel-moussant-ultra-apaisant-1l\/"]}]},{"@type":"ImageObject","inLanguage":"fr-FR","@id":"https:\/\/pharmadreams.shop\/index.php\/product\/bioderma-atoderm-intensive-gel-moussant-ultra-apaisant-1l\/#primaryimage","url":"https:\/\/pharmadreams.shop\/wp-content\/uploads\/2024\/10\/bioderma-atoderm-intensive-gel-moussant-ultra-apaisant-1l.jpg","contentUrl":"https:\/\/pharmadreams.shop\/wp-content\/uploads\/2024\/10\/bioderma-atoderm-intensive-gel-moussant-ultra-apaisant-1l.jpg","width":500,"height":500},{"@type":"BreadcrumbList","@id":"https:\/\/pharmadreams.shop\/index.php\/product\/bioderma-atoderm-intensive-gel-moussant-ultra-apaisant-1l\/#breadcrumb","itemListElement":[{"@type":"ListItem","position":1,"name":"Accueil","item":"https:\/\/pharmadreams.shop\/"},{"@type":"ListItem","position":2,"name":"Shop","item":"https:\/\/pharmadreams.shop\/index.php\/shop\/"},{"@type":"ListItem","position":3,"name":"BIODERMA ATODERM INTENSIVE GEL MOUSSANT ULTRA APAISANT 1L"}]},{"@type":"WebSite","@id":"https:\/\/pharmadreams.shop\/#website","url":"https:\/\/pharmadreams.shop\/","name":"pharmadreams","description":"Parapharmacie en ligne","potentialAction":[{"@type":"SearchAction","target":{"@type":"EntryPoint","urlTemplate":"https:\/\/pharmadreams.shop\/?s={search_term_string}"},"query-input":"required name=search_term_string"}],"inLanguage":"fr-FR"}]}},"_links":{"self":[{"href":"https:\/\/pharmadreams.shop\/index.php\/wp-json\/wp\/v2\/product\/18995","targetHints":{"allow":["GET"]}}],"collection":[{"href":"https:\/\/pharmadreams.shop\/index.php\/wp-json\/wp\/v2\/product"}],"about":[{"href":"https:\/\/pharmadreams.shop\/index.php\/wp-json\/wp\/v2\/types\/product"}],"replies":[{"embeddable":true,"href":"https:\/\/pharmadreams.shop\/index.php\/wp-json\/wp\/v2\/comments?post=18995"}],"version-history":[{"count":0,"href":"https:\/\/pharmadreams.shop\/index.php\/wp-json\/wp\/v2\/product\/18995\/revisions"}],"wp:featuredmedia":[{"embeddable":true,"href":"https:\/\/pharmadreams.shop\/index.php\/wp-json\/wp\/v2\/media\/18996"}],"wp:attachment":[{"href":"https:\/\/pharmadreams.shop\/index.php\/wp-json\/wp\/v2\/media?parent=18995"}],"wp:term":[{"taxonomy":"product_brand","embeddable":true,"href":"https:\/\/pharmadreams.shop\/index.php\/wp-json\/wp\/v2\/product_brand?post=18995"},{"taxonomy":"product_cat","embeddable":true,"href":"https:\/\/pharmadreams.shop\/index.php\/wp-json\/wp\/v2\/product_cat?post=18995"},{"taxonomy":"product_tag","embeddable":true,"href":"https:\/\/pharmadreams.shop\/index.php\/wp-json\/wp\/v2\/product_tag?post=18995"}],"curies":[{"name":"wp","href":"https:\/\/api.w.org\/{rel}","templated":true}]}}