{"id":19001,"date":"2024-10-25T16:52:57","date_gmt":"2024-10-25T15:52:57","guid":{"rendered":"https:\/\/pharmadreams.shop\/?post_type=product&#038;p=19001"},"modified":"2024-10-25T16:52:57","modified_gmt":"2024-10-25T15:52:57","slug":"bioderma-sebium-gel-moussant-purifiant-tube-200ml","status":"publish","type":"product","link":"https:\/\/pharmadreams.shop\/index.php\/product\/bioderma-sebium-gel-moussant-purifiant-tube-200ml\/","title":{"rendered":"BIODERMA Sebium Gel Moussant Purifiant Tube 200ml"},"content":{"rendered":"","protected":false},"excerpt":{"rendered":"<p>Pour r\u00e9gulariser la s\u00e9cr\u00e9tion de s\u00e9bum et assainir l&rsquo;\u00e9piderme tout en nettoyant sa peau.<\/p>\n<div class=\"specifications\">Formul\u00e9 \u00e0 partir dagents non irritants, S\u00e9bium Gel moussant nettoie en douceur.<\/p>\n<p><strong>S\u00e9bium Gel moussant de BIODERMA<\/strong>\u00a0limite la s\u00e9cr\u00e9tion s\u00e9bac\u00e9e et assainit l&rsquo;\u00e9piderme gr\u00e2ce au complexe s\u00e9bo-correcteur Fluidactiv\u00ae. Il normalise aussi la qualit\u00e9 du s\u00e9bum.<\/p>\n<p>Enrichi en\u00a0<strong>actifs purifiants<\/strong>, sulfate de zinc et de cuivre, S\u00e9bium Gel Moussant assainit l\u00e9piderme et limite la s\u00e9cr\u00e9tion s\u00e9bac\u00e9e.\u00a0Sa base lavante sans savon garantit une bonne tol\u00e9rance cutan\u00e9e et oculaire.<\/p>\n<p>Non com\u00e9dog\u00e8ne, hypoallerg\u00e9nique, S\u00e9bium Gel Moussant est maintenant \u00e9labor\u00e9 avec une nouvelle formule sans parab\u00e8nes, et un nouveau parfum.<\/p><\/div>\n","protected":false},"featured_media":19002,"comment_status":"open","ping_status":"closed","template":"","meta":[],"product_brand":[],"product_cat":[96,20],"product_tag":[],"class_list":{"0":"post-19001","1":"product","2":"type-product","3":"status-publish","4":"has-post-thumbnail","6":"product_cat-gel-nottoyant","7":"product_cat-visage","9":"first","10":"instock","11":"sale","12":"shipping-taxable","13":"purchasable","14":"product-type-simple"},"yoast_head":"<!-- This site is optimized with the Yoast SEO plugin v23.0 - https:\/\/yoast.com\/wordpress\/plugins\/seo\/ -->\n<title>BIODERMA Sebium Gel Moussant Purifiant Tube 200ml - pharmadreams<\/title>\n<meta name=\"robots\" content=\"index, follow, max-snippet:-1, max-image-preview:large, max-video-preview:-1\" \/>\n<link rel=\"canonical\" href=\"https:\/\/pharmadreams.shop\/index.php\/product\/bioderma-sebium-gel-moussant-purifiant-tube-200ml\/\" \/>\n<meta property=\"og:locale\" content=\"fr_FR\" \/>\n<meta property=\"og:type\" content=\"article\" \/>\n<meta property=\"og:title\" content=\"BIODERMA Sebium Gel Moussant Purifiant Tube 200ml - pharmadreams\" \/>\n<meta property=\"og:description\" content=\"Pour r\u00e9gulariser la s\u00e9cr\u00e9tion de s\u00e9bum et assainir l&#039;\u00e9piderme tout en nettoyant sa peau. Formul\u00e9 \u00e0 partir dagents non irritants, S\u00e9bium Gel moussant nettoie en douceur.  S\u00e9bium Gel moussant de BIODERMA\u00a0limite la s\u00e9cr\u00e9tion s\u00e9bac\u00e9e et assainit l&#039;\u00e9piderme gr\u00e2ce au complexe s\u00e9bo-correcteur Fluidactiv\u00ae. Il normalise aussi la qualit\u00e9 du s\u00e9bum.  Enrichi en\u00a0actifs purifiants, sulfate de zinc et de cuivre, S\u00e9bium Gel Moussant assainit l\u00e9piderme et limite la s\u00e9cr\u00e9tion s\u00e9bac\u00e9e.\u00a0Sa base lavante sans savon garantit une bonne tol\u00e9rance cutan\u00e9e et oculaire.  Non com\u00e9dog\u00e8ne, hypoallerg\u00e9nique, S\u00e9bium Gel Moussant est maintenant \u00e9labor\u00e9 avec une nouvelle formule sans parab\u00e8nes, et un nouveau parfum.\" \/>\n<meta property=\"og:url\" content=\"https:\/\/pharmadreams.shop\/index.php\/product\/bioderma-sebium-gel-moussant-purifiant-tube-200ml\/\" \/>\n<meta property=\"og:site_name\" content=\"pharmadreams\" \/>\n<meta property=\"og:image\" content=\"https:\/\/pharmadreams.shop\/wp-content\/uploads\/2024\/10\/bioderma-sebium-gel-moussant-purifiant-tube-200ml.webp\" \/>\n\t<meta property=\"og:image:width\" content=\"1080\" \/>\n\t<meta property=\"og:image:height\" content=\"1080\" \/>\n\t<meta property=\"og:image:type\" content=\"image\/webp\" \/>\n<meta name=\"twitter:card\" content=\"summary_large_image\" \/>\n<meta name=\"twitter:label1\" content=\"Dur\u00e9e de lecture estim\u00e9e\" \/>\n\t<meta name=\"twitter:data1\" content=\"1 minute\" \/>\n<script type=\"application\/ld+json\" class=\"yoast-schema-graph\">{\"@context\":\"https:\/\/schema.org\",\"@graph\":[{\"@type\":\"WebPage\",\"@id\":\"https:\/\/pharmadreams.shop\/index.php\/product\/bioderma-sebium-gel-moussant-purifiant-tube-200ml\/\",\"url\":\"https:\/\/pharmadreams.shop\/index.php\/product\/bioderma-sebium-gel-moussant-purifiant-tube-200ml\/\",\"name\":\"BIODERMA Sebium Gel Moussant Purifiant Tube 200ml - pharmadreams\",\"isPartOf\":{\"@id\":\"https:\/\/pharmadreams.shop\/#website\"},\"primaryImageOfPage\":{\"@id\":\"https:\/\/pharmadreams.shop\/index.php\/product\/bioderma-sebium-gel-moussant-purifiant-tube-200ml\/#primaryimage\"},\"image\":{\"@id\":\"https:\/\/pharmadreams.shop\/index.php\/product\/bioderma-sebium-gel-moussant-purifiant-tube-200ml\/#primaryimage\"},\"thumbnailUrl\":\"https:\/\/pharmadreams.shop\/wp-content\/uploads\/2024\/10\/bioderma-sebium-gel-moussant-purifiant-tube-200ml.webp\",\"datePublished\":\"2024-10-25T15:52:57+00:00\",\"dateModified\":\"2024-10-25T15:52:57+00:00\",\"breadcrumb\":{\"@id\":\"https:\/\/pharmadreams.shop\/index.php\/product\/bioderma-sebium-gel-moussant-purifiant-tube-200ml\/#breadcrumb\"},\"inLanguage\":\"fr-FR\",\"potentialAction\":[{\"@type\":\"ReadAction\",\"target\":[\"https:\/\/pharmadreams.shop\/index.php\/product\/bioderma-sebium-gel-moussant-purifiant-tube-200ml\/\"]}]},{\"@type\":\"ImageObject\",\"inLanguage\":\"fr-FR\",\"@id\":\"https:\/\/pharmadreams.shop\/index.php\/product\/bioderma-sebium-gel-moussant-purifiant-tube-200ml\/#primaryimage\",\"url\":\"https:\/\/pharmadreams.shop\/wp-content\/uploads\/2024\/10\/bioderma-sebium-gel-moussant-purifiant-tube-200ml.webp\",\"contentUrl\":\"https:\/\/pharmadreams.shop\/wp-content\/uploads\/2024\/10\/bioderma-sebium-gel-moussant-purifiant-tube-200ml.webp\",\"width\":1080,\"height\":1080},{\"@type\":\"BreadcrumbList\",\"@id\":\"https:\/\/pharmadreams.shop\/index.php\/product\/bioderma-sebium-gel-moussant-purifiant-tube-200ml\/#breadcrumb\",\"itemListElement\":[{\"@type\":\"ListItem\",\"position\":1,\"name\":\"Accueil\",\"item\":\"https:\/\/pharmadreams.shop\/\"},{\"@type\":\"ListItem\",\"position\":2,\"name\":\"Shop\",\"item\":\"https:\/\/pharmadreams.shop\/index.php\/shop\/\"},{\"@type\":\"ListItem\",\"position\":3,\"name\":\"BIODERMA Sebium Gel Moussant Purifiant Tube 200ml\"}]},{\"@type\":\"WebSite\",\"@id\":\"https:\/\/pharmadreams.shop\/#website\",\"url\":\"https:\/\/pharmadreams.shop\/\",\"name\":\"pharmadreams\",\"description\":\"Parapharmacie en ligne\",\"potentialAction\":[{\"@type\":\"SearchAction\",\"target\":{\"@type\":\"EntryPoint\",\"urlTemplate\":\"https:\/\/pharmadreams.shop\/?s={search_term_string}\"},\"query-input\":\"required name=search_term_string\"}],\"inLanguage\":\"fr-FR\"}]}<\/script>\n<!-- \/ Yoast SEO plugin. -->","yoast_head_json":{"title":"BIODERMA Sebium Gel Moussant Purifiant Tube 200ml - pharmadreams","robots":{"index":"index","follow":"follow","max-snippet":"max-snippet:-1","max-image-preview":"max-image-preview:large","max-video-preview":"max-video-preview:-1"},"canonical":"https:\/\/pharmadreams.shop\/index.php\/product\/bioderma-sebium-gel-moussant-purifiant-tube-200ml\/","og_locale":"fr_FR","og_type":"article","og_title":"BIODERMA Sebium Gel Moussant Purifiant Tube 200ml - pharmadreams","og_description":"Pour r\u00e9gulariser la s\u00e9cr\u00e9tion de s\u00e9bum et assainir l'\u00e9piderme tout en nettoyant sa peau. Formul\u00e9 \u00e0 partir dagents non irritants, S\u00e9bium Gel moussant nettoie en douceur.  S\u00e9bium Gel moussant de BIODERMA\u00a0limite la s\u00e9cr\u00e9tion s\u00e9bac\u00e9e et assainit l'\u00e9piderme gr\u00e2ce au complexe s\u00e9bo-correcteur Fluidactiv\u00ae. Il normalise aussi la qualit\u00e9 du s\u00e9bum.  Enrichi en\u00a0actifs purifiants, sulfate de zinc et de cuivre, S\u00e9bium Gel Moussant assainit l\u00e9piderme et limite la s\u00e9cr\u00e9tion s\u00e9bac\u00e9e.\u00a0Sa base lavante sans savon garantit une bonne tol\u00e9rance cutan\u00e9e et oculaire.  Non com\u00e9dog\u00e8ne, hypoallerg\u00e9nique, S\u00e9bium Gel Moussant est maintenant \u00e9labor\u00e9 avec une nouvelle formule sans parab\u00e8nes, et un nouveau parfum.","og_url":"https:\/\/pharmadreams.shop\/index.php\/product\/bioderma-sebium-gel-moussant-purifiant-tube-200ml\/","og_site_name":"pharmadreams","og_image":[{"width":1080,"height":1080,"url":"https:\/\/pharmadreams.shop\/wp-content\/uploads\/2024\/10\/bioderma-sebium-gel-moussant-purifiant-tube-200ml.webp","type":"image\/webp"}],"twitter_card":"summary_large_image","twitter_misc":{"Dur\u00e9e de lecture estim\u00e9e":"1 minute"},"schema":{"@context":"https:\/\/schema.org","@graph":[{"@type":"WebPage","@id":"https:\/\/pharmadreams.shop\/index.php\/product\/bioderma-sebium-gel-moussant-purifiant-tube-200ml\/","url":"https:\/\/pharmadreams.shop\/index.php\/product\/bioderma-sebium-gel-moussant-purifiant-tube-200ml\/","name":"BIODERMA Sebium Gel Moussant Purifiant Tube 200ml - pharmadreams","isPartOf":{"@id":"https:\/\/pharmadreams.shop\/#website"},"primaryImageOfPage":{"@id":"https:\/\/pharmadreams.shop\/index.php\/product\/bioderma-sebium-gel-moussant-purifiant-tube-200ml\/#primaryimage"},"image":{"@id":"https:\/\/pharmadreams.shop\/index.php\/product\/bioderma-sebium-gel-moussant-purifiant-tube-200ml\/#primaryimage"},"thumbnailUrl":"https:\/\/pharmadreams.shop\/wp-content\/uploads\/2024\/10\/bioderma-sebium-gel-moussant-purifiant-tube-200ml.webp","datePublished":"2024-10-25T15:52:57+00:00","dateModified":"2024-10-25T15:52:57+00:00","breadcrumb":{"@id":"https:\/\/pharmadreams.shop\/index.php\/product\/bioderma-sebium-gel-moussant-purifiant-tube-200ml\/#breadcrumb"},"inLanguage":"fr-FR","potentialAction":[{"@type":"ReadAction","target":["https:\/\/pharmadreams.shop\/index.php\/product\/bioderma-sebium-gel-moussant-purifiant-tube-200ml\/"]}]},{"@type":"ImageObject","inLanguage":"fr-FR","@id":"https:\/\/pharmadreams.shop\/index.php\/product\/bioderma-sebium-gel-moussant-purifiant-tube-200ml\/#primaryimage","url":"https:\/\/pharmadreams.shop\/wp-content\/uploads\/2024\/10\/bioderma-sebium-gel-moussant-purifiant-tube-200ml.webp","contentUrl":"https:\/\/pharmadreams.shop\/wp-content\/uploads\/2024\/10\/bioderma-sebium-gel-moussant-purifiant-tube-200ml.webp","width":1080,"height":1080},{"@type":"BreadcrumbList","@id":"https:\/\/pharmadreams.shop\/index.php\/product\/bioderma-sebium-gel-moussant-purifiant-tube-200ml\/#breadcrumb","itemListElement":[{"@type":"ListItem","position":1,"name":"Accueil","item":"https:\/\/pharmadreams.shop\/"},{"@type":"ListItem","position":2,"name":"Shop","item":"https:\/\/pharmadreams.shop\/index.php\/shop\/"},{"@type":"ListItem","position":3,"name":"BIODERMA Sebium Gel Moussant Purifiant Tube 200ml"}]},{"@type":"WebSite","@id":"https:\/\/pharmadreams.shop\/#website","url":"https:\/\/pharmadreams.shop\/","name":"pharmadreams","description":"Parapharmacie en ligne","potentialAction":[{"@type":"SearchAction","target":{"@type":"EntryPoint","urlTemplate":"https:\/\/pharmadreams.shop\/?s={search_term_string}"},"query-input":"required name=search_term_string"}],"inLanguage":"fr-FR"}]}},"_links":{"self":[{"href":"https:\/\/pharmadreams.shop\/index.php\/wp-json\/wp\/v2\/product\/19001","targetHints":{"allow":["GET"]}}],"collection":[{"href":"https:\/\/pharmadreams.shop\/index.php\/wp-json\/wp\/v2\/product"}],"about":[{"href":"https:\/\/pharmadreams.shop\/index.php\/wp-json\/wp\/v2\/types\/product"}],"replies":[{"embeddable":true,"href":"https:\/\/pharmadreams.shop\/index.php\/wp-json\/wp\/v2\/comments?post=19001"}],"version-history":[{"count":0,"href":"https:\/\/pharmadreams.shop\/index.php\/wp-json\/wp\/v2\/product\/19001\/revisions"}],"wp:featuredmedia":[{"embeddable":true,"href":"https:\/\/pharmadreams.shop\/index.php\/wp-json\/wp\/v2\/media\/19002"}],"wp:attachment":[{"href":"https:\/\/pharmadreams.shop\/index.php\/wp-json\/wp\/v2\/media?parent=19001"}],"wp:term":[{"taxonomy":"product_brand","embeddable":true,"href":"https:\/\/pharmadreams.shop\/index.php\/wp-json\/wp\/v2\/product_brand?post=19001"},{"taxonomy":"product_cat","embeddable":true,"href":"https:\/\/pharmadreams.shop\/index.php\/wp-json\/wp\/v2\/product_cat?post=19001"},{"taxonomy":"product_tag","embeddable":true,"href":"https:\/\/pharmadreams.shop\/index.php\/wp-json\/wp\/v2\/product_tag?post=19001"}],"curies":[{"name":"wp","href":"https:\/\/api.w.org\/{rel}","templated":true}]}}