{"id":19004,"date":"2024-10-25T16:56:59","date_gmt":"2024-10-25T15:56:59","guid":{"rendered":"https:\/\/pharmadreams.shop\/?post_type=product&#038;p=19004"},"modified":"2024-10-25T16:56:59","modified_gmt":"2024-10-25T15:56:59","slug":"bioderma-sebium-gel-moussant-actif-200ml","status":"publish","type":"product","link":"https:\/\/pharmadreams.shop\/index.php\/product\/bioderma-sebium-gel-moussant-actif-200ml\/","title":{"rendered":"Bioderma S\u00e9bium Gel Moussant Actif 200ml"},"content":{"rendered":"","protected":false},"excerpt":{"rendered":"<p>Bioderma S\u00e9bium Gel Moussant Actif 200 ml est un nettoyant purifiant intense qui d\u00e9sobstrue les pores et diminue les imperfections tout en respectant la peau. Il est sp\u00e9cialement d\u00e9di\u00e9 aux peaux grasses \u00e0 tendance acn\u00e9ique.<\/p>\n<p>Sa formule associe un duo d\u2019actifs lissants (Acide salicylique + Acide glycolique) qui nettoie et purifie la peau intens\u00e9ment sans la dess\u00e9cher. Il respecte l\u2019\u00e9quilibre cutan\u00e9.<br \/>\nLe complexe brevet\u00e9 D.A.F.\u2122 (Dermatological Advanced Formulation) augmente le seuil de tol\u00e9rance de la peau.<\/p>\n<p>Sa texture \u00ab\u00a0gel\u00a0\u00bb se transforme en mousse et laisse la peau douce et confortable.<\/p>\n<p>Test\u00e9 dermatologiquement.<br \/>\nNon com\u00e9dog\u00e8ne. Sans savon.<\/p>\n<p>Fabriqu\u00e9 en France.<\/p>\n","protected":false},"featured_media":19005,"comment_status":"open","ping_status":"closed","template":"","meta":[],"product_brand":[],"product_cat":[279,20],"product_tag":[],"class_list":{"0":"post-19004","1":"product","2":"type-product","3":"status-publish","4":"has-post-thumbnail","6":"product_cat-gel-moussant","7":"product_cat-visage","9":"first","10":"instock","11":"sale","12":"shipping-taxable","13":"purchasable","14":"product-type-simple"},"yoast_head":"<!-- This site is optimized with the Yoast SEO plugin v23.0 - https:\/\/yoast.com\/wordpress\/plugins\/seo\/ -->\n<title>Bioderma S\u00e9bium Gel Moussant Actif 200ml - pharmadreams<\/title>\n<meta name=\"robots\" content=\"index, follow, max-snippet:-1, max-image-preview:large, max-video-preview:-1\" \/>\n<link rel=\"canonical\" href=\"https:\/\/pharmadreams.shop\/index.php\/product\/bioderma-sebium-gel-moussant-actif-200ml\/\" \/>\n<meta property=\"og:locale\" content=\"fr_FR\" \/>\n<meta property=\"og:type\" content=\"article\" \/>\n<meta property=\"og:title\" content=\"Bioderma S\u00e9bium Gel Moussant Actif 200ml - pharmadreams\" \/>\n<meta property=\"og:description\" content=\"Bioderma S\u00e9bium Gel Moussant Actif 200 ml est un nettoyant purifiant intense qui d\u00e9sobstrue les pores et diminue les imperfections tout en respectant la peau. Il est sp\u00e9cialement d\u00e9di\u00e9 aux peaux grasses \u00e0 tendance acn\u00e9ique.  Sa formule associe un duo d\u2019actifs lissants (Acide salicylique + Acide glycolique) qui nettoie et purifie la peau intens\u00e9ment sans la dess\u00e9cher. Il respecte l\u2019\u00e9quilibre cutan\u00e9. Le complexe brevet\u00e9 D.A.F.\u2122 (Dermatological Advanced Formulation) augmente le seuil de tol\u00e9rance de la peau.  Sa texture \u00ab\u00a0gel\u00a0\u00bb se transforme en mousse et laisse la peau douce et confortable.  Test\u00e9 dermatologiquement. Non com\u00e9dog\u00e8ne. Sans savon.  Fabriqu\u00e9 en France.\" \/>\n<meta property=\"og:url\" content=\"https:\/\/pharmadreams.shop\/index.php\/product\/bioderma-sebium-gel-moussant-actif-200ml\/\" \/>\n<meta property=\"og:site_name\" content=\"pharmadreams\" \/>\n<meta property=\"og:image\" content=\"https:\/\/pharmadreams.shop\/wp-content\/uploads\/2024\/10\/bioderma-sebium-gel-moussant-actif-200ml-1536x1536-1.webp\" \/>\n\t<meta property=\"og:image:width\" content=\"1536\" \/>\n\t<meta property=\"og:image:height\" content=\"1536\" \/>\n\t<meta property=\"og:image:type\" content=\"image\/webp\" \/>\n<meta name=\"twitter:card\" content=\"summary_large_image\" \/>\n<meta name=\"twitter:label1\" content=\"Dur\u00e9e de lecture estim\u00e9e\" \/>\n\t<meta name=\"twitter:data1\" content=\"1 minute\" \/>\n<script type=\"application\/ld+json\" class=\"yoast-schema-graph\">{\"@context\":\"https:\/\/schema.org\",\"@graph\":[{\"@type\":\"WebPage\",\"@id\":\"https:\/\/pharmadreams.shop\/index.php\/product\/bioderma-sebium-gel-moussant-actif-200ml\/\",\"url\":\"https:\/\/pharmadreams.shop\/index.php\/product\/bioderma-sebium-gel-moussant-actif-200ml\/\",\"name\":\"Bioderma S\u00e9bium Gel Moussant Actif 200ml - pharmadreams\",\"isPartOf\":{\"@id\":\"https:\/\/pharmadreams.shop\/#website\"},\"primaryImageOfPage\":{\"@id\":\"https:\/\/pharmadreams.shop\/index.php\/product\/bioderma-sebium-gel-moussant-actif-200ml\/#primaryimage\"},\"image\":{\"@id\":\"https:\/\/pharmadreams.shop\/index.php\/product\/bioderma-sebium-gel-moussant-actif-200ml\/#primaryimage\"},\"thumbnailUrl\":\"https:\/\/pharmadreams.shop\/wp-content\/uploads\/2024\/10\/bioderma-sebium-gel-moussant-actif-200ml-1536x1536-1.webp\",\"datePublished\":\"2024-10-25T15:56:59+00:00\",\"dateModified\":\"2024-10-25T15:56:59+00:00\",\"breadcrumb\":{\"@id\":\"https:\/\/pharmadreams.shop\/index.php\/product\/bioderma-sebium-gel-moussant-actif-200ml\/#breadcrumb\"},\"inLanguage\":\"fr-FR\",\"potentialAction\":[{\"@type\":\"ReadAction\",\"target\":[\"https:\/\/pharmadreams.shop\/index.php\/product\/bioderma-sebium-gel-moussant-actif-200ml\/\"]}]},{\"@type\":\"ImageObject\",\"inLanguage\":\"fr-FR\",\"@id\":\"https:\/\/pharmadreams.shop\/index.php\/product\/bioderma-sebium-gel-moussant-actif-200ml\/#primaryimage\",\"url\":\"https:\/\/pharmadreams.shop\/wp-content\/uploads\/2024\/10\/bioderma-sebium-gel-moussant-actif-200ml-1536x1536-1.webp\",\"contentUrl\":\"https:\/\/pharmadreams.shop\/wp-content\/uploads\/2024\/10\/bioderma-sebium-gel-moussant-actif-200ml-1536x1536-1.webp\",\"width\":1536,\"height\":1536},{\"@type\":\"BreadcrumbList\",\"@id\":\"https:\/\/pharmadreams.shop\/index.php\/product\/bioderma-sebium-gel-moussant-actif-200ml\/#breadcrumb\",\"itemListElement\":[{\"@type\":\"ListItem\",\"position\":1,\"name\":\"Accueil\",\"item\":\"https:\/\/pharmadreams.shop\/\"},{\"@type\":\"ListItem\",\"position\":2,\"name\":\"Shop\",\"item\":\"https:\/\/pharmadreams.shop\/index.php\/shop\/\"},{\"@type\":\"ListItem\",\"position\":3,\"name\":\"Bioderma S\u00e9bium Gel Moussant Actif 200ml\"}]},{\"@type\":\"WebSite\",\"@id\":\"https:\/\/pharmadreams.shop\/#website\",\"url\":\"https:\/\/pharmadreams.shop\/\",\"name\":\"pharmadreams\",\"description\":\"Parapharmacie en ligne\",\"potentialAction\":[{\"@type\":\"SearchAction\",\"target\":{\"@type\":\"EntryPoint\",\"urlTemplate\":\"https:\/\/pharmadreams.shop\/?s={search_term_string}\"},\"query-input\":\"required name=search_term_string\"}],\"inLanguage\":\"fr-FR\"}]}<\/script>\n<!-- \/ Yoast SEO plugin. -->","yoast_head_json":{"title":"Bioderma S\u00e9bium Gel Moussant Actif 200ml - pharmadreams","robots":{"index":"index","follow":"follow","max-snippet":"max-snippet:-1","max-image-preview":"max-image-preview:large","max-video-preview":"max-video-preview:-1"},"canonical":"https:\/\/pharmadreams.shop\/index.php\/product\/bioderma-sebium-gel-moussant-actif-200ml\/","og_locale":"fr_FR","og_type":"article","og_title":"Bioderma S\u00e9bium Gel Moussant Actif 200ml - pharmadreams","og_description":"Bioderma S\u00e9bium Gel Moussant Actif 200 ml est un nettoyant purifiant intense qui d\u00e9sobstrue les pores et diminue les imperfections tout en respectant la peau. Il est sp\u00e9cialement d\u00e9di\u00e9 aux peaux grasses \u00e0 tendance acn\u00e9ique.  Sa formule associe un duo d\u2019actifs lissants (Acide salicylique + Acide glycolique) qui nettoie et purifie la peau intens\u00e9ment sans la dess\u00e9cher. Il respecte l\u2019\u00e9quilibre cutan\u00e9. Le complexe brevet\u00e9 D.A.F.\u2122 (Dermatological Advanced Formulation) augmente le seuil de tol\u00e9rance de la peau.  Sa texture \u00ab\u00a0gel\u00a0\u00bb se transforme en mousse et laisse la peau douce et confortable.  Test\u00e9 dermatologiquement. Non com\u00e9dog\u00e8ne. Sans savon.  Fabriqu\u00e9 en France.","og_url":"https:\/\/pharmadreams.shop\/index.php\/product\/bioderma-sebium-gel-moussant-actif-200ml\/","og_site_name":"pharmadreams","og_image":[{"width":1536,"height":1536,"url":"https:\/\/pharmadreams.shop\/wp-content\/uploads\/2024\/10\/bioderma-sebium-gel-moussant-actif-200ml-1536x1536-1.webp","type":"image\/webp"}],"twitter_card":"summary_large_image","twitter_misc":{"Dur\u00e9e de lecture estim\u00e9e":"1 minute"},"schema":{"@context":"https:\/\/schema.org","@graph":[{"@type":"WebPage","@id":"https:\/\/pharmadreams.shop\/index.php\/product\/bioderma-sebium-gel-moussant-actif-200ml\/","url":"https:\/\/pharmadreams.shop\/index.php\/product\/bioderma-sebium-gel-moussant-actif-200ml\/","name":"Bioderma S\u00e9bium Gel Moussant Actif 200ml - pharmadreams","isPartOf":{"@id":"https:\/\/pharmadreams.shop\/#website"},"primaryImageOfPage":{"@id":"https:\/\/pharmadreams.shop\/index.php\/product\/bioderma-sebium-gel-moussant-actif-200ml\/#primaryimage"},"image":{"@id":"https:\/\/pharmadreams.shop\/index.php\/product\/bioderma-sebium-gel-moussant-actif-200ml\/#primaryimage"},"thumbnailUrl":"https:\/\/pharmadreams.shop\/wp-content\/uploads\/2024\/10\/bioderma-sebium-gel-moussant-actif-200ml-1536x1536-1.webp","datePublished":"2024-10-25T15:56:59+00:00","dateModified":"2024-10-25T15:56:59+00:00","breadcrumb":{"@id":"https:\/\/pharmadreams.shop\/index.php\/product\/bioderma-sebium-gel-moussant-actif-200ml\/#breadcrumb"},"inLanguage":"fr-FR","potentialAction":[{"@type":"ReadAction","target":["https:\/\/pharmadreams.shop\/index.php\/product\/bioderma-sebium-gel-moussant-actif-200ml\/"]}]},{"@type":"ImageObject","inLanguage":"fr-FR","@id":"https:\/\/pharmadreams.shop\/index.php\/product\/bioderma-sebium-gel-moussant-actif-200ml\/#primaryimage","url":"https:\/\/pharmadreams.shop\/wp-content\/uploads\/2024\/10\/bioderma-sebium-gel-moussant-actif-200ml-1536x1536-1.webp","contentUrl":"https:\/\/pharmadreams.shop\/wp-content\/uploads\/2024\/10\/bioderma-sebium-gel-moussant-actif-200ml-1536x1536-1.webp","width":1536,"height":1536},{"@type":"BreadcrumbList","@id":"https:\/\/pharmadreams.shop\/index.php\/product\/bioderma-sebium-gel-moussant-actif-200ml\/#breadcrumb","itemListElement":[{"@type":"ListItem","position":1,"name":"Accueil","item":"https:\/\/pharmadreams.shop\/"},{"@type":"ListItem","position":2,"name":"Shop","item":"https:\/\/pharmadreams.shop\/index.php\/shop\/"},{"@type":"ListItem","position":3,"name":"Bioderma S\u00e9bium Gel Moussant Actif 200ml"}]},{"@type":"WebSite","@id":"https:\/\/pharmadreams.shop\/#website","url":"https:\/\/pharmadreams.shop\/","name":"pharmadreams","description":"Parapharmacie en ligne","potentialAction":[{"@type":"SearchAction","target":{"@type":"EntryPoint","urlTemplate":"https:\/\/pharmadreams.shop\/?s={search_term_string}"},"query-input":"required name=search_term_string"}],"inLanguage":"fr-FR"}]}},"_links":{"self":[{"href":"https:\/\/pharmadreams.shop\/index.php\/wp-json\/wp\/v2\/product\/19004","targetHints":{"allow":["GET"]}}],"collection":[{"href":"https:\/\/pharmadreams.shop\/index.php\/wp-json\/wp\/v2\/product"}],"about":[{"href":"https:\/\/pharmadreams.shop\/index.php\/wp-json\/wp\/v2\/types\/product"}],"replies":[{"embeddable":true,"href":"https:\/\/pharmadreams.shop\/index.php\/wp-json\/wp\/v2\/comments?post=19004"}],"version-history":[{"count":0,"href":"https:\/\/pharmadreams.shop\/index.php\/wp-json\/wp\/v2\/product\/19004\/revisions"}],"wp:featuredmedia":[{"embeddable":true,"href":"https:\/\/pharmadreams.shop\/index.php\/wp-json\/wp\/v2\/media\/19005"}],"wp:attachment":[{"href":"https:\/\/pharmadreams.shop\/index.php\/wp-json\/wp\/v2\/media?parent=19004"}],"wp:term":[{"taxonomy":"product_brand","embeddable":true,"href":"https:\/\/pharmadreams.shop\/index.php\/wp-json\/wp\/v2\/product_brand?post=19004"},{"taxonomy":"product_cat","embeddable":true,"href":"https:\/\/pharmadreams.shop\/index.php\/wp-json\/wp\/v2\/product_cat?post=19004"},{"taxonomy":"product_tag","embeddable":true,"href":"https:\/\/pharmadreams.shop\/index.php\/wp-json\/wp\/v2\/product_tag?post=19004"}],"curies":[{"name":"wp","href":"https:\/\/api.w.org\/{rel}","templated":true}]}}