{"id":19007,"date":"2024-10-25T17:00:28","date_gmt":"2024-10-25T16:00:28","guid":{"rendered":"https:\/\/pharmadreams.shop\/?post_type=product&#038;p=19007"},"modified":"2024-10-25T17:00:29","modified_gmt":"2024-10-25T16:00:29","slug":"bioderma-atoderm-gel-douche-ultra-douceur-200ml","status":"publish","type":"product","link":"https:\/\/pharmadreams.shop\/index.php\/product\/bioderma-atoderm-gel-douche-ultra-douceur-200ml\/","title":{"rendered":"BIODERMA Atoderm Gel Douche Ultra-douceur 200ml"},"content":{"rendered":"","protected":false},"excerpt":{"rendered":"<p>Le\u00a0<strong>gel douche Atoderm de Bioderma<\/strong>\u00a0nettoie d\u00e9licatement la peau tout en adoucissant et en prot\u00e9geant l\u2019\u00e9piderme. Il produit une mousse onctueuse et tr\u00e8s douce qui convient \u00e0 tous les types de peaux, et plus sp\u00e9cifiquement les plus sensibles. Sa formule dot\u00e9e d\u2019un pH qui s\u2019adapte \u00e0 celui de l\u2019\u00e9piderme lui permet d\u2019\u00eatre utilis\u00e9 sur tout le corps ainsi que le visage. D\u2019autre part, sa base lavante s\u2019appuie sur des solvants aux propri\u00e9t\u00e9s anti-microbiennes non-irritantes. Diminuant les sensations de tiraillements, il procure un moment de bien-\u00eatre et convient aussi bien aux enfants qu\u2019aux adultes.<\/p>\n","protected":false},"featured_media":19008,"comment_status":"open","ping_status":"closed","template":"","meta":[],"product_brand":[],"product_cat":[28,105],"product_tag":[],"class_list":{"0":"post-19007","1":"product","2":"type-product","3":"status-publish","4":"has-post-thumbnail","6":"product_cat-corps","7":"product_cat-gel-douche","9":"first","10":"instock","11":"sale","12":"shipping-taxable","13":"purchasable","14":"product-type-simple"},"yoast_head":"<!-- This site is optimized with the Yoast SEO plugin v23.0 - https:\/\/yoast.com\/wordpress\/plugins\/seo\/ -->\n<title>BIODERMA Atoderm Gel Douche Ultra-douceur 200ml - pharmadreams<\/title>\n<meta name=\"robots\" content=\"index, follow, max-snippet:-1, max-image-preview:large, max-video-preview:-1\" \/>\n<link rel=\"canonical\" href=\"https:\/\/pharmadreams.shop\/index.php\/product\/bioderma-atoderm-gel-douche-ultra-douceur-200ml\/\" \/>\n<meta property=\"og:locale\" content=\"fr_FR\" \/>\n<meta property=\"og:type\" content=\"article\" \/>\n<meta property=\"og:title\" content=\"BIODERMA Atoderm Gel Douche Ultra-douceur 200ml - pharmadreams\" \/>\n<meta property=\"og:description\" content=\"Le\u00a0gel douche Atoderm de Bioderma\u00a0nettoie d\u00e9licatement la peau tout en adoucissant et en prot\u00e9geant l\u2019\u00e9piderme. Il produit une mousse onctueuse et tr\u00e8s douce qui convient \u00e0 tous les types de peaux, et plus sp\u00e9cifiquement les plus sensibles. Sa formule dot\u00e9e d\u2019un pH qui s\u2019adapte \u00e0 celui de l\u2019\u00e9piderme lui permet d\u2019\u00eatre utilis\u00e9 sur tout le corps ainsi que le visage. D\u2019autre part, sa base lavante s\u2019appuie sur des solvants aux propri\u00e9t\u00e9s anti-microbiennes non-irritantes. Diminuant les sensations de tiraillements, il procure un moment de bien-\u00eatre et convient aussi bien aux enfants qu\u2019aux adultes.\" \/>\n<meta property=\"og:url\" content=\"https:\/\/pharmadreams.shop\/index.php\/product\/bioderma-atoderm-gel-douche-ultra-douceur-200ml\/\" \/>\n<meta property=\"og:site_name\" content=\"pharmadreams\" \/>\n<meta property=\"article:modified_time\" content=\"2024-10-25T16:00:29+00:00\" \/>\n<meta property=\"og:image\" content=\"https:\/\/pharmadreams.shop\/wp-content\/uploads\/2024\/10\/BIODERMA-Atoderm-Gel-Douche-Ultra-douceur-200ml.webp\" \/>\n\t<meta property=\"og:image:width\" content=\"800\" \/>\n\t<meta property=\"og:image:height\" content=\"800\" \/>\n\t<meta property=\"og:image:type\" content=\"image\/webp\" \/>\n<meta name=\"twitter:card\" content=\"summary_large_image\" \/>\n<meta name=\"twitter:label1\" content=\"Dur\u00e9e de lecture estim\u00e9e\" \/>\n\t<meta name=\"twitter:data1\" content=\"1 minute\" \/>\n<script type=\"application\/ld+json\" class=\"yoast-schema-graph\">{\"@context\":\"https:\/\/schema.org\",\"@graph\":[{\"@type\":\"WebPage\",\"@id\":\"https:\/\/pharmadreams.shop\/index.php\/product\/bioderma-atoderm-gel-douche-ultra-douceur-200ml\/\",\"url\":\"https:\/\/pharmadreams.shop\/index.php\/product\/bioderma-atoderm-gel-douche-ultra-douceur-200ml\/\",\"name\":\"BIODERMA Atoderm Gel Douche Ultra-douceur 200ml - pharmadreams\",\"isPartOf\":{\"@id\":\"https:\/\/pharmadreams.shop\/#website\"},\"primaryImageOfPage\":{\"@id\":\"https:\/\/pharmadreams.shop\/index.php\/product\/bioderma-atoderm-gel-douche-ultra-douceur-200ml\/#primaryimage\"},\"image\":{\"@id\":\"https:\/\/pharmadreams.shop\/index.php\/product\/bioderma-atoderm-gel-douche-ultra-douceur-200ml\/#primaryimage\"},\"thumbnailUrl\":\"https:\/\/pharmadreams.shop\/wp-content\/uploads\/2024\/10\/BIODERMA-Atoderm-Gel-Douche-Ultra-douceur-200ml.webp\",\"datePublished\":\"2024-10-25T16:00:28+00:00\",\"dateModified\":\"2024-10-25T16:00:29+00:00\",\"breadcrumb\":{\"@id\":\"https:\/\/pharmadreams.shop\/index.php\/product\/bioderma-atoderm-gel-douche-ultra-douceur-200ml\/#breadcrumb\"},\"inLanguage\":\"fr-FR\",\"potentialAction\":[{\"@type\":\"ReadAction\",\"target\":[\"https:\/\/pharmadreams.shop\/index.php\/product\/bioderma-atoderm-gel-douche-ultra-douceur-200ml\/\"]}]},{\"@type\":\"ImageObject\",\"inLanguage\":\"fr-FR\",\"@id\":\"https:\/\/pharmadreams.shop\/index.php\/product\/bioderma-atoderm-gel-douche-ultra-douceur-200ml\/#primaryimage\",\"url\":\"https:\/\/pharmadreams.shop\/wp-content\/uploads\/2024\/10\/BIODERMA-Atoderm-Gel-Douche-Ultra-douceur-200ml.webp\",\"contentUrl\":\"https:\/\/pharmadreams.shop\/wp-content\/uploads\/2024\/10\/BIODERMA-Atoderm-Gel-Douche-Ultra-douceur-200ml.webp\",\"width\":800,\"height\":800},{\"@type\":\"BreadcrumbList\",\"@id\":\"https:\/\/pharmadreams.shop\/index.php\/product\/bioderma-atoderm-gel-douche-ultra-douceur-200ml\/#breadcrumb\",\"itemListElement\":[{\"@type\":\"ListItem\",\"position\":1,\"name\":\"Accueil\",\"item\":\"https:\/\/pharmadreams.shop\/\"},{\"@type\":\"ListItem\",\"position\":2,\"name\":\"Shop\",\"item\":\"https:\/\/pharmadreams.shop\/index.php\/shop\/\"},{\"@type\":\"ListItem\",\"position\":3,\"name\":\"BIODERMA Atoderm Gel Douche Ultra-douceur 200ml\"}]},{\"@type\":\"WebSite\",\"@id\":\"https:\/\/pharmadreams.shop\/#website\",\"url\":\"https:\/\/pharmadreams.shop\/\",\"name\":\"pharmadreams\",\"description\":\"Parapharmacie en ligne\",\"potentialAction\":[{\"@type\":\"SearchAction\",\"target\":{\"@type\":\"EntryPoint\",\"urlTemplate\":\"https:\/\/pharmadreams.shop\/?s={search_term_string}\"},\"query-input\":\"required name=search_term_string\"}],\"inLanguage\":\"fr-FR\"}]}<\/script>\n<!-- \/ Yoast SEO plugin. -->","yoast_head_json":{"title":"BIODERMA Atoderm Gel Douche Ultra-douceur 200ml - pharmadreams","robots":{"index":"index","follow":"follow","max-snippet":"max-snippet:-1","max-image-preview":"max-image-preview:large","max-video-preview":"max-video-preview:-1"},"canonical":"https:\/\/pharmadreams.shop\/index.php\/product\/bioderma-atoderm-gel-douche-ultra-douceur-200ml\/","og_locale":"fr_FR","og_type":"article","og_title":"BIODERMA Atoderm Gel Douche Ultra-douceur 200ml - pharmadreams","og_description":"Le\u00a0gel douche Atoderm de Bioderma\u00a0nettoie d\u00e9licatement la peau tout en adoucissant et en prot\u00e9geant l\u2019\u00e9piderme. Il produit une mousse onctueuse et tr\u00e8s douce qui convient \u00e0 tous les types de peaux, et plus sp\u00e9cifiquement les plus sensibles. Sa formule dot\u00e9e d\u2019un pH qui s\u2019adapte \u00e0 celui de l\u2019\u00e9piderme lui permet d\u2019\u00eatre utilis\u00e9 sur tout le corps ainsi que le visage. D\u2019autre part, sa base lavante s\u2019appuie sur des solvants aux propri\u00e9t\u00e9s anti-microbiennes non-irritantes. Diminuant les sensations de tiraillements, il procure un moment de bien-\u00eatre et convient aussi bien aux enfants qu\u2019aux adultes.","og_url":"https:\/\/pharmadreams.shop\/index.php\/product\/bioderma-atoderm-gel-douche-ultra-douceur-200ml\/","og_site_name":"pharmadreams","article_modified_time":"2024-10-25T16:00:29+00:00","og_image":[{"width":800,"height":800,"url":"https:\/\/pharmadreams.shop\/wp-content\/uploads\/2024\/10\/BIODERMA-Atoderm-Gel-Douche-Ultra-douceur-200ml.webp","type":"image\/webp"}],"twitter_card":"summary_large_image","twitter_misc":{"Dur\u00e9e de lecture estim\u00e9e":"1 minute"},"schema":{"@context":"https:\/\/schema.org","@graph":[{"@type":"WebPage","@id":"https:\/\/pharmadreams.shop\/index.php\/product\/bioderma-atoderm-gel-douche-ultra-douceur-200ml\/","url":"https:\/\/pharmadreams.shop\/index.php\/product\/bioderma-atoderm-gel-douche-ultra-douceur-200ml\/","name":"BIODERMA Atoderm Gel Douche Ultra-douceur 200ml - pharmadreams","isPartOf":{"@id":"https:\/\/pharmadreams.shop\/#website"},"primaryImageOfPage":{"@id":"https:\/\/pharmadreams.shop\/index.php\/product\/bioderma-atoderm-gel-douche-ultra-douceur-200ml\/#primaryimage"},"image":{"@id":"https:\/\/pharmadreams.shop\/index.php\/product\/bioderma-atoderm-gel-douche-ultra-douceur-200ml\/#primaryimage"},"thumbnailUrl":"https:\/\/pharmadreams.shop\/wp-content\/uploads\/2024\/10\/BIODERMA-Atoderm-Gel-Douche-Ultra-douceur-200ml.webp","datePublished":"2024-10-25T16:00:28+00:00","dateModified":"2024-10-25T16:00:29+00:00","breadcrumb":{"@id":"https:\/\/pharmadreams.shop\/index.php\/product\/bioderma-atoderm-gel-douche-ultra-douceur-200ml\/#breadcrumb"},"inLanguage":"fr-FR","potentialAction":[{"@type":"ReadAction","target":["https:\/\/pharmadreams.shop\/index.php\/product\/bioderma-atoderm-gel-douche-ultra-douceur-200ml\/"]}]},{"@type":"ImageObject","inLanguage":"fr-FR","@id":"https:\/\/pharmadreams.shop\/index.php\/product\/bioderma-atoderm-gel-douche-ultra-douceur-200ml\/#primaryimage","url":"https:\/\/pharmadreams.shop\/wp-content\/uploads\/2024\/10\/BIODERMA-Atoderm-Gel-Douche-Ultra-douceur-200ml.webp","contentUrl":"https:\/\/pharmadreams.shop\/wp-content\/uploads\/2024\/10\/BIODERMA-Atoderm-Gel-Douche-Ultra-douceur-200ml.webp","width":800,"height":800},{"@type":"BreadcrumbList","@id":"https:\/\/pharmadreams.shop\/index.php\/product\/bioderma-atoderm-gel-douche-ultra-douceur-200ml\/#breadcrumb","itemListElement":[{"@type":"ListItem","position":1,"name":"Accueil","item":"https:\/\/pharmadreams.shop\/"},{"@type":"ListItem","position":2,"name":"Shop","item":"https:\/\/pharmadreams.shop\/index.php\/shop\/"},{"@type":"ListItem","position":3,"name":"BIODERMA Atoderm Gel Douche Ultra-douceur 200ml"}]},{"@type":"WebSite","@id":"https:\/\/pharmadreams.shop\/#website","url":"https:\/\/pharmadreams.shop\/","name":"pharmadreams","description":"Parapharmacie en ligne","potentialAction":[{"@type":"SearchAction","target":{"@type":"EntryPoint","urlTemplate":"https:\/\/pharmadreams.shop\/?s={search_term_string}"},"query-input":"required name=search_term_string"}],"inLanguage":"fr-FR"}]}},"_links":{"self":[{"href":"https:\/\/pharmadreams.shop\/index.php\/wp-json\/wp\/v2\/product\/19007","targetHints":{"allow":["GET"]}}],"collection":[{"href":"https:\/\/pharmadreams.shop\/index.php\/wp-json\/wp\/v2\/product"}],"about":[{"href":"https:\/\/pharmadreams.shop\/index.php\/wp-json\/wp\/v2\/types\/product"}],"replies":[{"embeddable":true,"href":"https:\/\/pharmadreams.shop\/index.php\/wp-json\/wp\/v2\/comments?post=19007"}],"version-history":[{"count":0,"href":"https:\/\/pharmadreams.shop\/index.php\/wp-json\/wp\/v2\/product\/19007\/revisions"}],"wp:featuredmedia":[{"embeddable":true,"href":"https:\/\/pharmadreams.shop\/index.php\/wp-json\/wp\/v2\/media\/19008"}],"wp:attachment":[{"href":"https:\/\/pharmadreams.shop\/index.php\/wp-json\/wp\/v2\/media?parent=19007"}],"wp:term":[{"taxonomy":"product_brand","embeddable":true,"href":"https:\/\/pharmadreams.shop\/index.php\/wp-json\/wp\/v2\/product_brand?post=19007"},{"taxonomy":"product_cat","embeddable":true,"href":"https:\/\/pharmadreams.shop\/index.php\/wp-json\/wp\/v2\/product_cat?post=19007"},{"taxonomy":"product_tag","embeddable":true,"href":"https:\/\/pharmadreams.shop\/index.php\/wp-json\/wp\/v2\/product_tag?post=19007"}],"curies":[{"name":"wp","href":"https:\/\/api.w.org\/{rel}","templated":true}]}}