{"id":19010,"date":"2024-10-25T17:12:54","date_gmt":"2024-10-25T16:12:54","guid":{"rendered":"https:\/\/pharmadreams.shop\/?post_type=product&#038;p=19010"},"modified":"2024-10-25T17:12:54","modified_gmt":"2024-10-25T16:12:54","slug":"bioderma-atoderm-intensive-baume-ultra-apaisant-500ml","status":"publish","type":"product","link":"https:\/\/pharmadreams.shop\/index.php\/product\/bioderma-atoderm-intensive-baume-ultra-apaisant-500ml\/","title":{"rendered":"Bioderma Atoderm Intensive Baume Ultra Apaisant 500ml"},"content":{"rendered":"","protected":false},"excerpt":{"rendered":"<p>Le baume ultra-apaisant de la gamme Atoderm des laboratoires BIODERMA est sp\u00e9cifiquement formul\u00e9 pour calmer les peaux sensibles, s\u00e8ches et atopiques. Il contribue \u00e0 calmer les d\u00e9mangeaisons tout en r\u00e9parant l\u2019\u00e9piderme et en renfor\u00e7ant sa barri\u00e8re protectrice naturelle. Ce baume est formul\u00e9 avec un actif dermatologique anti-prurit PEA.<\/p>\n<p>Il favorise la diminution des d\u00e9mangeaisons et limite le besoin de grattage. Il est associ\u00e9 \u00e0 un complexe Lipigenium. Ce complexe contient des lipides qui aident \u00e0 pr\u00e9venir la d\u00e9shydratation du tissu cutan\u00e9 et favorise la restauration du film hydrolipidique. La Skin Barrier Therapy est le dernier complexe de la composition.<\/p>\n<p>Il permet d\u2019\u00e9viter la prolif\u00e9ration des bact\u00e9ries qui est souvent responsable d\u2019une aggravation des probl\u00e8mes de s\u00e9cheresse des peaux \u00e0 tendance atopique.<\/p>\n","protected":false},"featured_media":19011,"comment_status":"open","ping_status":"closed","template":"","meta":[],"product_brand":[],"product_cat":[324,77,79,20],"product_tag":[],"class_list":{"0":"post-19010","1":"product","2":"type-product","3":"status-publish","4":"has-post-thumbnail","6":"product_cat-baume-lavant","7":"product_cat-bioderma","8":"product_cat-peaux-seches","9":"product_cat-visage","11":"first","12":"instock","13":"shipping-taxable","14":"purchasable","15":"product-type-simple"},"yoast_head":"<!-- This site is optimized with the Yoast SEO plugin v23.0 - https:\/\/yoast.com\/wordpress\/plugins\/seo\/ -->\n<title>Bioderma Atoderm Intensive Baume Ultra Apaisant 500ml - pharmadreams<\/title>\n<meta name=\"robots\" content=\"index, follow, max-snippet:-1, max-image-preview:large, max-video-preview:-1\" \/>\n<link rel=\"canonical\" href=\"https:\/\/pharmadreams.shop\/index.php\/product\/bioderma-atoderm-intensive-baume-ultra-apaisant-500ml\/\" \/>\n<meta property=\"og:locale\" content=\"fr_FR\" \/>\n<meta property=\"og:type\" content=\"article\" \/>\n<meta property=\"og:title\" content=\"Bioderma Atoderm Intensive Baume Ultra Apaisant 500ml - pharmadreams\" \/>\n<meta property=\"og:description\" content=\"Le baume ultra-apaisant de la gamme Atoderm des laboratoires BIODERMA est sp\u00e9cifiquement formul\u00e9 pour calmer les peaux sensibles, s\u00e8ches et atopiques. Il contribue \u00e0 calmer les d\u00e9mangeaisons tout en r\u00e9parant l\u2019\u00e9piderme et en renfor\u00e7ant sa barri\u00e8re protectrice naturelle. Ce baume est formul\u00e9 avec un actif dermatologique anti-prurit PEA.  Il favorise la diminution des d\u00e9mangeaisons et limite le besoin de grattage. Il est associ\u00e9 \u00e0 un complexe Lipigenium. Ce complexe contient des lipides qui aident \u00e0 pr\u00e9venir la d\u00e9shydratation du tissu cutan\u00e9 et favorise la restauration du film hydrolipidique. La Skin Barrier Therapy est le dernier complexe de la composition.  Il permet d\u2019\u00e9viter la prolif\u00e9ration des bact\u00e9ries qui est souvent responsable d\u2019une aggravation des probl\u00e8mes de s\u00e9cheresse des peaux \u00e0 tendance atopique.\" \/>\n<meta property=\"og:url\" content=\"https:\/\/pharmadreams.shop\/index.php\/product\/bioderma-atoderm-intensive-baume-ultra-apaisant-500ml\/\" \/>\n<meta property=\"og:site_name\" content=\"pharmadreams\" \/>\n<meta property=\"og:image\" content=\"https:\/\/pharmadreams.shop\/wp-content\/uploads\/2024\/10\/bioderma-atoderm-intensive-baume-ultra-apaisant-500ml.webp\" \/>\n\t<meta property=\"og:image:width\" content=\"1500\" \/>\n\t<meta property=\"og:image:height\" content=\"1500\" \/>\n\t<meta property=\"og:image:type\" content=\"image\/webp\" \/>\n<meta name=\"twitter:card\" content=\"summary_large_image\" \/>\n<meta name=\"twitter:label1\" content=\"Dur\u00e9e de lecture estim\u00e9e\" \/>\n\t<meta name=\"twitter:data1\" content=\"1 minute\" \/>\n<script type=\"application\/ld+json\" class=\"yoast-schema-graph\">{\"@context\":\"https:\/\/schema.org\",\"@graph\":[{\"@type\":\"WebPage\",\"@id\":\"https:\/\/pharmadreams.shop\/index.php\/product\/bioderma-atoderm-intensive-baume-ultra-apaisant-500ml\/\",\"url\":\"https:\/\/pharmadreams.shop\/index.php\/product\/bioderma-atoderm-intensive-baume-ultra-apaisant-500ml\/\",\"name\":\"Bioderma Atoderm Intensive Baume Ultra Apaisant 500ml - pharmadreams\",\"isPartOf\":{\"@id\":\"https:\/\/pharmadreams.shop\/#website\"},\"primaryImageOfPage\":{\"@id\":\"https:\/\/pharmadreams.shop\/index.php\/product\/bioderma-atoderm-intensive-baume-ultra-apaisant-500ml\/#primaryimage\"},\"image\":{\"@id\":\"https:\/\/pharmadreams.shop\/index.php\/product\/bioderma-atoderm-intensive-baume-ultra-apaisant-500ml\/#primaryimage\"},\"thumbnailUrl\":\"https:\/\/pharmadreams.shop\/wp-content\/uploads\/2024\/10\/bioderma-atoderm-intensive-baume-ultra-apaisant-500ml.webp\",\"datePublished\":\"2024-10-25T16:12:54+00:00\",\"dateModified\":\"2024-10-25T16:12:54+00:00\",\"breadcrumb\":{\"@id\":\"https:\/\/pharmadreams.shop\/index.php\/product\/bioderma-atoderm-intensive-baume-ultra-apaisant-500ml\/#breadcrumb\"},\"inLanguage\":\"fr-FR\",\"potentialAction\":[{\"@type\":\"ReadAction\",\"target\":[\"https:\/\/pharmadreams.shop\/index.php\/product\/bioderma-atoderm-intensive-baume-ultra-apaisant-500ml\/\"]}]},{\"@type\":\"ImageObject\",\"inLanguage\":\"fr-FR\",\"@id\":\"https:\/\/pharmadreams.shop\/index.php\/product\/bioderma-atoderm-intensive-baume-ultra-apaisant-500ml\/#primaryimage\",\"url\":\"https:\/\/pharmadreams.shop\/wp-content\/uploads\/2024\/10\/bioderma-atoderm-intensive-baume-ultra-apaisant-500ml.webp\",\"contentUrl\":\"https:\/\/pharmadreams.shop\/wp-content\/uploads\/2024\/10\/bioderma-atoderm-intensive-baume-ultra-apaisant-500ml.webp\",\"width\":1500,\"height\":1500},{\"@type\":\"BreadcrumbList\",\"@id\":\"https:\/\/pharmadreams.shop\/index.php\/product\/bioderma-atoderm-intensive-baume-ultra-apaisant-500ml\/#breadcrumb\",\"itemListElement\":[{\"@type\":\"ListItem\",\"position\":1,\"name\":\"Accueil\",\"item\":\"https:\/\/pharmadreams.shop\/\"},{\"@type\":\"ListItem\",\"position\":2,\"name\":\"Shop\",\"item\":\"https:\/\/pharmadreams.shop\/index.php\/shop\/\"},{\"@type\":\"ListItem\",\"position\":3,\"name\":\"Bioderma Atoderm Intensive Baume Ultra Apaisant 500ml\"}]},{\"@type\":\"WebSite\",\"@id\":\"https:\/\/pharmadreams.shop\/#website\",\"url\":\"https:\/\/pharmadreams.shop\/\",\"name\":\"pharmadreams\",\"description\":\"Parapharmacie en ligne\",\"potentialAction\":[{\"@type\":\"SearchAction\",\"target\":{\"@type\":\"EntryPoint\",\"urlTemplate\":\"https:\/\/pharmadreams.shop\/?s={search_term_string}\"},\"query-input\":\"required name=search_term_string\"}],\"inLanguage\":\"fr-FR\"}]}<\/script>\n<!-- \/ Yoast SEO plugin. -->","yoast_head_json":{"title":"Bioderma Atoderm Intensive Baume Ultra Apaisant 500ml - pharmadreams","robots":{"index":"index","follow":"follow","max-snippet":"max-snippet:-1","max-image-preview":"max-image-preview:large","max-video-preview":"max-video-preview:-1"},"canonical":"https:\/\/pharmadreams.shop\/index.php\/product\/bioderma-atoderm-intensive-baume-ultra-apaisant-500ml\/","og_locale":"fr_FR","og_type":"article","og_title":"Bioderma Atoderm Intensive Baume Ultra Apaisant 500ml - pharmadreams","og_description":"Le baume ultra-apaisant de la gamme Atoderm des laboratoires BIODERMA est sp\u00e9cifiquement formul\u00e9 pour calmer les peaux sensibles, s\u00e8ches et atopiques. Il contribue \u00e0 calmer les d\u00e9mangeaisons tout en r\u00e9parant l\u2019\u00e9piderme et en renfor\u00e7ant sa barri\u00e8re protectrice naturelle. Ce baume est formul\u00e9 avec un actif dermatologique anti-prurit PEA.  Il favorise la diminution des d\u00e9mangeaisons et limite le besoin de grattage. Il est associ\u00e9 \u00e0 un complexe Lipigenium. Ce complexe contient des lipides qui aident \u00e0 pr\u00e9venir la d\u00e9shydratation du tissu cutan\u00e9 et favorise la restauration du film hydrolipidique. La Skin Barrier Therapy est le dernier complexe de la composition.  Il permet d\u2019\u00e9viter la prolif\u00e9ration des bact\u00e9ries qui est souvent responsable d\u2019une aggravation des probl\u00e8mes de s\u00e9cheresse des peaux \u00e0 tendance atopique.","og_url":"https:\/\/pharmadreams.shop\/index.php\/product\/bioderma-atoderm-intensive-baume-ultra-apaisant-500ml\/","og_site_name":"pharmadreams","og_image":[{"width":1500,"height":1500,"url":"https:\/\/pharmadreams.shop\/wp-content\/uploads\/2024\/10\/bioderma-atoderm-intensive-baume-ultra-apaisant-500ml.webp","type":"image\/webp"}],"twitter_card":"summary_large_image","twitter_misc":{"Dur\u00e9e de lecture estim\u00e9e":"1 minute"},"schema":{"@context":"https:\/\/schema.org","@graph":[{"@type":"WebPage","@id":"https:\/\/pharmadreams.shop\/index.php\/product\/bioderma-atoderm-intensive-baume-ultra-apaisant-500ml\/","url":"https:\/\/pharmadreams.shop\/index.php\/product\/bioderma-atoderm-intensive-baume-ultra-apaisant-500ml\/","name":"Bioderma Atoderm Intensive Baume Ultra Apaisant 500ml - pharmadreams","isPartOf":{"@id":"https:\/\/pharmadreams.shop\/#website"},"primaryImageOfPage":{"@id":"https:\/\/pharmadreams.shop\/index.php\/product\/bioderma-atoderm-intensive-baume-ultra-apaisant-500ml\/#primaryimage"},"image":{"@id":"https:\/\/pharmadreams.shop\/index.php\/product\/bioderma-atoderm-intensive-baume-ultra-apaisant-500ml\/#primaryimage"},"thumbnailUrl":"https:\/\/pharmadreams.shop\/wp-content\/uploads\/2024\/10\/bioderma-atoderm-intensive-baume-ultra-apaisant-500ml.webp","datePublished":"2024-10-25T16:12:54+00:00","dateModified":"2024-10-25T16:12:54+00:00","breadcrumb":{"@id":"https:\/\/pharmadreams.shop\/index.php\/product\/bioderma-atoderm-intensive-baume-ultra-apaisant-500ml\/#breadcrumb"},"inLanguage":"fr-FR","potentialAction":[{"@type":"ReadAction","target":["https:\/\/pharmadreams.shop\/index.php\/product\/bioderma-atoderm-intensive-baume-ultra-apaisant-500ml\/"]}]},{"@type":"ImageObject","inLanguage":"fr-FR","@id":"https:\/\/pharmadreams.shop\/index.php\/product\/bioderma-atoderm-intensive-baume-ultra-apaisant-500ml\/#primaryimage","url":"https:\/\/pharmadreams.shop\/wp-content\/uploads\/2024\/10\/bioderma-atoderm-intensive-baume-ultra-apaisant-500ml.webp","contentUrl":"https:\/\/pharmadreams.shop\/wp-content\/uploads\/2024\/10\/bioderma-atoderm-intensive-baume-ultra-apaisant-500ml.webp","width":1500,"height":1500},{"@type":"BreadcrumbList","@id":"https:\/\/pharmadreams.shop\/index.php\/product\/bioderma-atoderm-intensive-baume-ultra-apaisant-500ml\/#breadcrumb","itemListElement":[{"@type":"ListItem","position":1,"name":"Accueil","item":"https:\/\/pharmadreams.shop\/"},{"@type":"ListItem","position":2,"name":"Shop","item":"https:\/\/pharmadreams.shop\/index.php\/shop\/"},{"@type":"ListItem","position":3,"name":"Bioderma Atoderm Intensive Baume Ultra Apaisant 500ml"}]},{"@type":"WebSite","@id":"https:\/\/pharmadreams.shop\/#website","url":"https:\/\/pharmadreams.shop\/","name":"pharmadreams","description":"Parapharmacie en ligne","potentialAction":[{"@type":"SearchAction","target":{"@type":"EntryPoint","urlTemplate":"https:\/\/pharmadreams.shop\/?s={search_term_string}"},"query-input":"required name=search_term_string"}],"inLanguage":"fr-FR"}]}},"_links":{"self":[{"href":"https:\/\/pharmadreams.shop\/index.php\/wp-json\/wp\/v2\/product\/19010","targetHints":{"allow":["GET"]}}],"collection":[{"href":"https:\/\/pharmadreams.shop\/index.php\/wp-json\/wp\/v2\/product"}],"about":[{"href":"https:\/\/pharmadreams.shop\/index.php\/wp-json\/wp\/v2\/types\/product"}],"replies":[{"embeddable":true,"href":"https:\/\/pharmadreams.shop\/index.php\/wp-json\/wp\/v2\/comments?post=19010"}],"version-history":[{"count":0,"href":"https:\/\/pharmadreams.shop\/index.php\/wp-json\/wp\/v2\/product\/19010\/revisions"}],"wp:featuredmedia":[{"embeddable":true,"href":"https:\/\/pharmadreams.shop\/index.php\/wp-json\/wp\/v2\/media\/19011"}],"wp:attachment":[{"href":"https:\/\/pharmadreams.shop\/index.php\/wp-json\/wp\/v2\/media?parent=19010"}],"wp:term":[{"taxonomy":"product_brand","embeddable":true,"href":"https:\/\/pharmadreams.shop\/index.php\/wp-json\/wp\/v2\/product_brand?post=19010"},{"taxonomy":"product_cat","embeddable":true,"href":"https:\/\/pharmadreams.shop\/index.php\/wp-json\/wp\/v2\/product_cat?post=19010"},{"taxonomy":"product_tag","embeddable":true,"href":"https:\/\/pharmadreams.shop\/index.php\/wp-json\/wp\/v2\/product_tag?post=19010"}],"curies":[{"name":"wp","href":"https:\/\/api.w.org\/{rel}","templated":true}]}}