{"id":19016,"date":"2024-10-25T17:23:42","date_gmt":"2024-10-25T16:23:42","guid":{"rendered":"https:\/\/pharmadreams.shop\/?post_type=product&#038;p=19016"},"modified":"2024-10-25T17:23:42","modified_gmt":"2024-10-25T16:23:42","slug":"bioderma-atoderm-intensive-gel-moussant-200ml","status":"publish","type":"product","link":"https:\/\/pharmadreams.shop\/index.php\/product\/bioderma-atoderm-intensive-gel-moussant-200ml\/","title":{"rendered":"BIODERMA Atoderm Intensive Gel Moussant 200ml"},"content":{"rendered":"","protected":false},"excerpt":{"rendered":"<p>Le\u00a0<strong>gel moussant Atoderm Intensive<\/strong>\u00a0des laboratoires\u00a0<strong>Bioderma<\/strong>\u00a0est un soin nettoyant \u00e0 destination des\u00a0<strong>peaux sensibles tr\u00e8s s\u00e8ches, irrit\u00e9es \u00e0 atopiques<\/strong>, utilis\u00e9 pour lutter contre la prolif\u00e9ration des micro-organismes \u00e0 l\u2019origine de l\u2019aggravation du dess\u00e8chement cutan\u00e9.<\/p>\n<p>La formulation de ce gel moussant se compose d\u2019une\u00a0<strong>base lavante surgraissante<\/strong>, sans savon, sans parfum et pr\u00e9sentant un pH biologique, capable de respecter l\u2019\u00e9quilibre de la peau, tout en garantissant une haute tol\u00e9rance, ce qui est tr\u00e8s important pour les peaux \u00e0 tendance atopiques.<\/p>\n","protected":false},"featured_media":19017,"comment_status":"open","ping_status":"closed","template":"","meta":[],"product_brand":[],"product_cat":[279,20],"product_tag":[],"class_list":{"0":"post-19016","1":"product","2":"type-product","3":"status-publish","4":"has-post-thumbnail","6":"product_cat-gel-moussant","7":"product_cat-visage","9":"first","10":"instock","11":"sale","12":"shipping-taxable","13":"purchasable","14":"product-type-simple"},"yoast_head":"<!-- This site is optimized with the Yoast SEO plugin v23.0 - https:\/\/yoast.com\/wordpress\/plugins\/seo\/ -->\n<title>BIODERMA Atoderm Intensive Gel Moussant 200ml - pharmadreams<\/title>\n<meta name=\"robots\" content=\"index, follow, max-snippet:-1, max-image-preview:large, max-video-preview:-1\" \/>\n<link rel=\"canonical\" href=\"https:\/\/pharmadreams.shop\/index.php\/product\/bioderma-atoderm-intensive-gel-moussant-200ml\/\" \/>\n<meta property=\"og:locale\" content=\"fr_FR\" \/>\n<meta property=\"og:type\" content=\"article\" \/>\n<meta property=\"og:title\" content=\"BIODERMA Atoderm Intensive Gel Moussant 200ml - pharmadreams\" \/>\n<meta property=\"og:description\" content=\"Le\u00a0gel moussant Atoderm Intensive\u00a0des laboratoires\u00a0Bioderma\u00a0est un soin nettoyant \u00e0 destination des\u00a0peaux sensibles tr\u00e8s s\u00e8ches, irrit\u00e9es \u00e0 atopiques, utilis\u00e9 pour lutter contre la prolif\u00e9ration des micro-organismes \u00e0 l\u2019origine de l\u2019aggravation du dess\u00e8chement cutan\u00e9.  La formulation de ce gel moussant se compose d\u2019une\u00a0base lavante surgraissante, sans savon, sans parfum et pr\u00e9sentant un pH biologique, capable de respecter l\u2019\u00e9quilibre de la peau, tout en garantissant une haute tol\u00e9rance, ce qui est tr\u00e8s important pour les peaux \u00e0 tendance atopiques.\" \/>\n<meta property=\"og:url\" content=\"https:\/\/pharmadreams.shop\/index.php\/product\/bioderma-atoderm-intensive-gel-moussant-200ml\/\" \/>\n<meta property=\"og:site_name\" content=\"pharmadreams\" \/>\n<meta property=\"og:image\" content=\"https:\/\/pharmadreams.shop\/wp-content\/uploads\/2024\/10\/AtodermIntensivegelmoussantT200ml28124MADJanv2021LD_1-1536x1536-1.webp\" \/>\n\t<meta property=\"og:image:width\" content=\"1536\" \/>\n\t<meta property=\"og:image:height\" content=\"1536\" \/>\n\t<meta property=\"og:image:type\" content=\"image\/webp\" \/>\n<meta name=\"twitter:card\" content=\"summary_large_image\" \/>\n<meta name=\"twitter:label1\" content=\"Dur\u00e9e de lecture estim\u00e9e\" \/>\n\t<meta name=\"twitter:data1\" content=\"1 minute\" \/>\n<script type=\"application\/ld+json\" class=\"yoast-schema-graph\">{\"@context\":\"https:\/\/schema.org\",\"@graph\":[{\"@type\":\"WebPage\",\"@id\":\"https:\/\/pharmadreams.shop\/index.php\/product\/bioderma-atoderm-intensive-gel-moussant-200ml\/\",\"url\":\"https:\/\/pharmadreams.shop\/index.php\/product\/bioderma-atoderm-intensive-gel-moussant-200ml\/\",\"name\":\"BIODERMA Atoderm Intensive Gel Moussant 200ml - pharmadreams\",\"isPartOf\":{\"@id\":\"https:\/\/pharmadreams.shop\/#website\"},\"primaryImageOfPage\":{\"@id\":\"https:\/\/pharmadreams.shop\/index.php\/product\/bioderma-atoderm-intensive-gel-moussant-200ml\/#primaryimage\"},\"image\":{\"@id\":\"https:\/\/pharmadreams.shop\/index.php\/product\/bioderma-atoderm-intensive-gel-moussant-200ml\/#primaryimage\"},\"thumbnailUrl\":\"https:\/\/pharmadreams.shop\/wp-content\/uploads\/2024\/10\/AtodermIntensivegelmoussantT200ml28124MADJanv2021LD_1-1536x1536-1.webp\",\"datePublished\":\"2024-10-25T16:23:42+00:00\",\"dateModified\":\"2024-10-25T16:23:42+00:00\",\"breadcrumb\":{\"@id\":\"https:\/\/pharmadreams.shop\/index.php\/product\/bioderma-atoderm-intensive-gel-moussant-200ml\/#breadcrumb\"},\"inLanguage\":\"fr-FR\",\"potentialAction\":[{\"@type\":\"ReadAction\",\"target\":[\"https:\/\/pharmadreams.shop\/index.php\/product\/bioderma-atoderm-intensive-gel-moussant-200ml\/\"]}]},{\"@type\":\"ImageObject\",\"inLanguage\":\"fr-FR\",\"@id\":\"https:\/\/pharmadreams.shop\/index.php\/product\/bioderma-atoderm-intensive-gel-moussant-200ml\/#primaryimage\",\"url\":\"https:\/\/pharmadreams.shop\/wp-content\/uploads\/2024\/10\/AtodermIntensivegelmoussantT200ml28124MADJanv2021LD_1-1536x1536-1.webp\",\"contentUrl\":\"https:\/\/pharmadreams.shop\/wp-content\/uploads\/2024\/10\/AtodermIntensivegelmoussantT200ml28124MADJanv2021LD_1-1536x1536-1.webp\",\"width\":1536,\"height\":1536},{\"@type\":\"BreadcrumbList\",\"@id\":\"https:\/\/pharmadreams.shop\/index.php\/product\/bioderma-atoderm-intensive-gel-moussant-200ml\/#breadcrumb\",\"itemListElement\":[{\"@type\":\"ListItem\",\"position\":1,\"name\":\"Accueil\",\"item\":\"https:\/\/pharmadreams.shop\/\"},{\"@type\":\"ListItem\",\"position\":2,\"name\":\"Shop\",\"item\":\"https:\/\/pharmadreams.shop\/index.php\/shop\/\"},{\"@type\":\"ListItem\",\"position\":3,\"name\":\"BIODERMA Atoderm Intensive Gel Moussant 200ml\"}]},{\"@type\":\"WebSite\",\"@id\":\"https:\/\/pharmadreams.shop\/#website\",\"url\":\"https:\/\/pharmadreams.shop\/\",\"name\":\"pharmadreams\",\"description\":\"Parapharmacie en ligne\",\"potentialAction\":[{\"@type\":\"SearchAction\",\"target\":{\"@type\":\"EntryPoint\",\"urlTemplate\":\"https:\/\/pharmadreams.shop\/?s={search_term_string}\"},\"query-input\":\"required name=search_term_string\"}],\"inLanguage\":\"fr-FR\"}]}<\/script>\n<!-- \/ Yoast SEO plugin. -->","yoast_head_json":{"title":"BIODERMA Atoderm Intensive Gel Moussant 200ml - pharmadreams","robots":{"index":"index","follow":"follow","max-snippet":"max-snippet:-1","max-image-preview":"max-image-preview:large","max-video-preview":"max-video-preview:-1"},"canonical":"https:\/\/pharmadreams.shop\/index.php\/product\/bioderma-atoderm-intensive-gel-moussant-200ml\/","og_locale":"fr_FR","og_type":"article","og_title":"BIODERMA Atoderm Intensive Gel Moussant 200ml - pharmadreams","og_description":"Le\u00a0gel moussant Atoderm Intensive\u00a0des laboratoires\u00a0Bioderma\u00a0est un soin nettoyant \u00e0 destination des\u00a0peaux sensibles tr\u00e8s s\u00e8ches, irrit\u00e9es \u00e0 atopiques, utilis\u00e9 pour lutter contre la prolif\u00e9ration des micro-organismes \u00e0 l\u2019origine de l\u2019aggravation du dess\u00e8chement cutan\u00e9.  La formulation de ce gel moussant se compose d\u2019une\u00a0base lavante surgraissante, sans savon, sans parfum et pr\u00e9sentant un pH biologique, capable de respecter l\u2019\u00e9quilibre de la peau, tout en garantissant une haute tol\u00e9rance, ce qui est tr\u00e8s important pour les peaux \u00e0 tendance atopiques.","og_url":"https:\/\/pharmadreams.shop\/index.php\/product\/bioderma-atoderm-intensive-gel-moussant-200ml\/","og_site_name":"pharmadreams","og_image":[{"width":1536,"height":1536,"url":"https:\/\/pharmadreams.shop\/wp-content\/uploads\/2024\/10\/AtodermIntensivegelmoussantT200ml28124MADJanv2021LD_1-1536x1536-1.webp","type":"image\/webp"}],"twitter_card":"summary_large_image","twitter_misc":{"Dur\u00e9e de lecture estim\u00e9e":"1 minute"},"schema":{"@context":"https:\/\/schema.org","@graph":[{"@type":"WebPage","@id":"https:\/\/pharmadreams.shop\/index.php\/product\/bioderma-atoderm-intensive-gel-moussant-200ml\/","url":"https:\/\/pharmadreams.shop\/index.php\/product\/bioderma-atoderm-intensive-gel-moussant-200ml\/","name":"BIODERMA Atoderm Intensive Gel Moussant 200ml - pharmadreams","isPartOf":{"@id":"https:\/\/pharmadreams.shop\/#website"},"primaryImageOfPage":{"@id":"https:\/\/pharmadreams.shop\/index.php\/product\/bioderma-atoderm-intensive-gel-moussant-200ml\/#primaryimage"},"image":{"@id":"https:\/\/pharmadreams.shop\/index.php\/product\/bioderma-atoderm-intensive-gel-moussant-200ml\/#primaryimage"},"thumbnailUrl":"https:\/\/pharmadreams.shop\/wp-content\/uploads\/2024\/10\/AtodermIntensivegelmoussantT200ml28124MADJanv2021LD_1-1536x1536-1.webp","datePublished":"2024-10-25T16:23:42+00:00","dateModified":"2024-10-25T16:23:42+00:00","breadcrumb":{"@id":"https:\/\/pharmadreams.shop\/index.php\/product\/bioderma-atoderm-intensive-gel-moussant-200ml\/#breadcrumb"},"inLanguage":"fr-FR","potentialAction":[{"@type":"ReadAction","target":["https:\/\/pharmadreams.shop\/index.php\/product\/bioderma-atoderm-intensive-gel-moussant-200ml\/"]}]},{"@type":"ImageObject","inLanguage":"fr-FR","@id":"https:\/\/pharmadreams.shop\/index.php\/product\/bioderma-atoderm-intensive-gel-moussant-200ml\/#primaryimage","url":"https:\/\/pharmadreams.shop\/wp-content\/uploads\/2024\/10\/AtodermIntensivegelmoussantT200ml28124MADJanv2021LD_1-1536x1536-1.webp","contentUrl":"https:\/\/pharmadreams.shop\/wp-content\/uploads\/2024\/10\/AtodermIntensivegelmoussantT200ml28124MADJanv2021LD_1-1536x1536-1.webp","width":1536,"height":1536},{"@type":"BreadcrumbList","@id":"https:\/\/pharmadreams.shop\/index.php\/product\/bioderma-atoderm-intensive-gel-moussant-200ml\/#breadcrumb","itemListElement":[{"@type":"ListItem","position":1,"name":"Accueil","item":"https:\/\/pharmadreams.shop\/"},{"@type":"ListItem","position":2,"name":"Shop","item":"https:\/\/pharmadreams.shop\/index.php\/shop\/"},{"@type":"ListItem","position":3,"name":"BIODERMA Atoderm Intensive Gel Moussant 200ml"}]},{"@type":"WebSite","@id":"https:\/\/pharmadreams.shop\/#website","url":"https:\/\/pharmadreams.shop\/","name":"pharmadreams","description":"Parapharmacie en ligne","potentialAction":[{"@type":"SearchAction","target":{"@type":"EntryPoint","urlTemplate":"https:\/\/pharmadreams.shop\/?s={search_term_string}"},"query-input":"required name=search_term_string"}],"inLanguage":"fr-FR"}]}},"_links":{"self":[{"href":"https:\/\/pharmadreams.shop\/index.php\/wp-json\/wp\/v2\/product\/19016","targetHints":{"allow":["GET"]}}],"collection":[{"href":"https:\/\/pharmadreams.shop\/index.php\/wp-json\/wp\/v2\/product"}],"about":[{"href":"https:\/\/pharmadreams.shop\/index.php\/wp-json\/wp\/v2\/types\/product"}],"replies":[{"embeddable":true,"href":"https:\/\/pharmadreams.shop\/index.php\/wp-json\/wp\/v2\/comments?post=19016"}],"version-history":[{"count":0,"href":"https:\/\/pharmadreams.shop\/index.php\/wp-json\/wp\/v2\/product\/19016\/revisions"}],"wp:featuredmedia":[{"embeddable":true,"href":"https:\/\/pharmadreams.shop\/index.php\/wp-json\/wp\/v2\/media\/19017"}],"wp:attachment":[{"href":"https:\/\/pharmadreams.shop\/index.php\/wp-json\/wp\/v2\/media?parent=19016"}],"wp:term":[{"taxonomy":"product_brand","embeddable":true,"href":"https:\/\/pharmadreams.shop\/index.php\/wp-json\/wp\/v2\/product_brand?post=19016"},{"taxonomy":"product_cat","embeddable":true,"href":"https:\/\/pharmadreams.shop\/index.php\/wp-json\/wp\/v2\/product_cat?post=19016"},{"taxonomy":"product_tag","embeddable":true,"href":"https:\/\/pharmadreams.shop\/index.php\/wp-json\/wp\/v2\/product_tag?post=19016"}],"curies":[{"name":"wp","href":"https:\/\/api.w.org\/{rel}","templated":true}]}}