{"id":19025,"date":"2024-10-25T17:36:53","date_gmt":"2024-10-25T16:36:53","guid":{"rendered":"https:\/\/pharmadreams.shop\/?post_type=product&#038;p=19025"},"modified":"2024-10-25T17:36:53","modified_gmt":"2024-10-25T16:36:53","slug":"bioderma-atoderm-intensive-baume-200ml","status":"publish","type":"product","link":"https:\/\/pharmadreams.shop\/index.php\/product\/bioderma-atoderm-intensive-baume-200ml\/","title":{"rendered":"BIODERMA Atoderm Intensive Baume 200ml"},"content":{"rendered":"","protected":false},"excerpt":{"rendered":"<p>L&rsquo;intensive Baume de BIODERMA, est un soin anti-d\u00e9mangeaisons et r\u00e9parateur.<br \/>\nUltra-apaisant il diminue l&rsquo;incitation au grattage, et ultra-nourrissant il relipide la peau.<br \/>\nEnrichit en agents apaisants et hydratants, apr\u00e8s l&rsquo;application la peau est apais\u00e9e, confortable et plus r\u00e9sistante.<br \/>\nAtoderm Intensive Baume a une texture cr\u00e8me non collante avec une consistance plus riche et plus onctueuse qu&rsquo;une cr\u00e8me pour peaux s\u00e8ches. Il permet une p\u00e9n\u00e9tration rapide et un habillage imm\u00e9diat.<\/p>\n","protected":false},"featured_media":19026,"comment_status":"open","ping_status":"closed","template":"","meta":[],"product_brand":[],"product_cat":[324,194,20],"product_tag":[],"class_list":{"0":"post-19025","1":"product","2":"type-product","3":"status-publish","4":"has-post-thumbnail","6":"product_cat-baume-lavant","7":"product_cat-peaux-sensibles","8":"product_cat-visage","10":"first","11":"instock","12":"shipping-taxable","13":"purchasable","14":"product-type-simple"},"yoast_head":"<!-- This site is optimized with the Yoast SEO plugin v23.0 - https:\/\/yoast.com\/wordpress\/plugins\/seo\/ -->\n<title>BIODERMA Atoderm Intensive Baume 200ml - pharmadreams<\/title>\n<meta name=\"robots\" content=\"index, follow, max-snippet:-1, max-image-preview:large, max-video-preview:-1\" \/>\n<link rel=\"canonical\" href=\"https:\/\/pharmadreams.shop\/index.php\/product\/bioderma-atoderm-intensive-baume-200ml\/\" \/>\n<meta property=\"og:locale\" content=\"fr_FR\" \/>\n<meta property=\"og:type\" content=\"article\" \/>\n<meta property=\"og:title\" content=\"BIODERMA Atoderm Intensive Baume 200ml - pharmadreams\" \/>\n<meta property=\"og:description\" content=\"L&#039;intensive Baume de BIODERMA, est un soin anti-d\u00e9mangeaisons et r\u00e9parateur. Ultra-apaisant il diminue l&#039;incitation au grattage, et ultra-nourrissant il relipide la peau. Enrichit en agents apaisants et hydratants, apr\u00e8s l&#039;application la peau est apais\u00e9e, confortable et plus r\u00e9sistante. Atoderm Intensive Baume a une texture cr\u00e8me non collante avec une consistance plus riche et plus onctueuse qu&#039;une cr\u00e8me pour peaux s\u00e8ches. Il permet une p\u00e9n\u00e9tration rapide et un habillage imm\u00e9diat.\" \/>\n<meta property=\"og:url\" content=\"https:\/\/pharmadreams.shop\/index.php\/product\/bioderma-atoderm-intensive-baume-200ml\/\" \/>\n<meta property=\"og:site_name\" content=\"pharmadreams\" \/>\n<meta property=\"og:image\" content=\"https:\/\/pharmadreams.shop\/wp-content\/uploads\/2024\/10\/soin-ultra-apaisant-200ml-peaux-sensibles-atoderm-intensive-baume-bioderma.webp\" \/>\n\t<meta property=\"og:image:width\" content=\"1000\" \/>\n\t<meta property=\"og:image:height\" content=\"1000\" \/>\n\t<meta property=\"og:image:type\" content=\"image\/webp\" \/>\n<meta name=\"twitter:card\" content=\"summary_large_image\" \/>\n<meta name=\"twitter:label1\" content=\"Dur\u00e9e de lecture estim\u00e9e\" \/>\n\t<meta name=\"twitter:data1\" content=\"1 minute\" \/>\n<script type=\"application\/ld+json\" class=\"yoast-schema-graph\">{\"@context\":\"https:\/\/schema.org\",\"@graph\":[{\"@type\":\"WebPage\",\"@id\":\"https:\/\/pharmadreams.shop\/index.php\/product\/bioderma-atoderm-intensive-baume-200ml\/\",\"url\":\"https:\/\/pharmadreams.shop\/index.php\/product\/bioderma-atoderm-intensive-baume-200ml\/\",\"name\":\"BIODERMA Atoderm Intensive Baume 200ml - pharmadreams\",\"isPartOf\":{\"@id\":\"https:\/\/pharmadreams.shop\/#website\"},\"primaryImageOfPage\":{\"@id\":\"https:\/\/pharmadreams.shop\/index.php\/product\/bioderma-atoderm-intensive-baume-200ml\/#primaryimage\"},\"image\":{\"@id\":\"https:\/\/pharmadreams.shop\/index.php\/product\/bioderma-atoderm-intensive-baume-200ml\/#primaryimage\"},\"thumbnailUrl\":\"https:\/\/pharmadreams.shop\/wp-content\/uploads\/2024\/10\/soin-ultra-apaisant-200ml-peaux-sensibles-atoderm-intensive-baume-bioderma.webp\",\"datePublished\":\"2024-10-25T16:36:53+00:00\",\"dateModified\":\"2024-10-25T16:36:53+00:00\",\"breadcrumb\":{\"@id\":\"https:\/\/pharmadreams.shop\/index.php\/product\/bioderma-atoderm-intensive-baume-200ml\/#breadcrumb\"},\"inLanguage\":\"fr-FR\",\"potentialAction\":[{\"@type\":\"ReadAction\",\"target\":[\"https:\/\/pharmadreams.shop\/index.php\/product\/bioderma-atoderm-intensive-baume-200ml\/\"]}]},{\"@type\":\"ImageObject\",\"inLanguage\":\"fr-FR\",\"@id\":\"https:\/\/pharmadreams.shop\/index.php\/product\/bioderma-atoderm-intensive-baume-200ml\/#primaryimage\",\"url\":\"https:\/\/pharmadreams.shop\/wp-content\/uploads\/2024\/10\/soin-ultra-apaisant-200ml-peaux-sensibles-atoderm-intensive-baume-bioderma.webp\",\"contentUrl\":\"https:\/\/pharmadreams.shop\/wp-content\/uploads\/2024\/10\/soin-ultra-apaisant-200ml-peaux-sensibles-atoderm-intensive-baume-bioderma.webp\",\"width\":1000,\"height\":1000},{\"@type\":\"BreadcrumbList\",\"@id\":\"https:\/\/pharmadreams.shop\/index.php\/product\/bioderma-atoderm-intensive-baume-200ml\/#breadcrumb\",\"itemListElement\":[{\"@type\":\"ListItem\",\"position\":1,\"name\":\"Accueil\",\"item\":\"https:\/\/pharmadreams.shop\/\"},{\"@type\":\"ListItem\",\"position\":2,\"name\":\"Shop\",\"item\":\"https:\/\/pharmadreams.shop\/index.php\/shop\/\"},{\"@type\":\"ListItem\",\"position\":3,\"name\":\"BIODERMA Atoderm Intensive Baume 200ml\"}]},{\"@type\":\"WebSite\",\"@id\":\"https:\/\/pharmadreams.shop\/#website\",\"url\":\"https:\/\/pharmadreams.shop\/\",\"name\":\"pharmadreams\",\"description\":\"Parapharmacie en ligne\",\"potentialAction\":[{\"@type\":\"SearchAction\",\"target\":{\"@type\":\"EntryPoint\",\"urlTemplate\":\"https:\/\/pharmadreams.shop\/?s={search_term_string}\"},\"query-input\":\"required name=search_term_string\"}],\"inLanguage\":\"fr-FR\"}]}<\/script>\n<!-- \/ Yoast SEO plugin. -->","yoast_head_json":{"title":"BIODERMA Atoderm Intensive Baume 200ml - pharmadreams","robots":{"index":"index","follow":"follow","max-snippet":"max-snippet:-1","max-image-preview":"max-image-preview:large","max-video-preview":"max-video-preview:-1"},"canonical":"https:\/\/pharmadreams.shop\/index.php\/product\/bioderma-atoderm-intensive-baume-200ml\/","og_locale":"fr_FR","og_type":"article","og_title":"BIODERMA Atoderm Intensive Baume 200ml - pharmadreams","og_description":"L'intensive Baume de BIODERMA, est un soin anti-d\u00e9mangeaisons et r\u00e9parateur. Ultra-apaisant il diminue l'incitation au grattage, et ultra-nourrissant il relipide la peau. Enrichit en agents apaisants et hydratants, apr\u00e8s l'application la peau est apais\u00e9e, confortable et plus r\u00e9sistante. Atoderm Intensive Baume a une texture cr\u00e8me non collante avec une consistance plus riche et plus onctueuse qu'une cr\u00e8me pour peaux s\u00e8ches. Il permet une p\u00e9n\u00e9tration rapide et un habillage imm\u00e9diat.","og_url":"https:\/\/pharmadreams.shop\/index.php\/product\/bioderma-atoderm-intensive-baume-200ml\/","og_site_name":"pharmadreams","og_image":[{"width":1000,"height":1000,"url":"https:\/\/pharmadreams.shop\/wp-content\/uploads\/2024\/10\/soin-ultra-apaisant-200ml-peaux-sensibles-atoderm-intensive-baume-bioderma.webp","type":"image\/webp"}],"twitter_card":"summary_large_image","twitter_misc":{"Dur\u00e9e de lecture estim\u00e9e":"1 minute"},"schema":{"@context":"https:\/\/schema.org","@graph":[{"@type":"WebPage","@id":"https:\/\/pharmadreams.shop\/index.php\/product\/bioderma-atoderm-intensive-baume-200ml\/","url":"https:\/\/pharmadreams.shop\/index.php\/product\/bioderma-atoderm-intensive-baume-200ml\/","name":"BIODERMA Atoderm Intensive Baume 200ml - pharmadreams","isPartOf":{"@id":"https:\/\/pharmadreams.shop\/#website"},"primaryImageOfPage":{"@id":"https:\/\/pharmadreams.shop\/index.php\/product\/bioderma-atoderm-intensive-baume-200ml\/#primaryimage"},"image":{"@id":"https:\/\/pharmadreams.shop\/index.php\/product\/bioderma-atoderm-intensive-baume-200ml\/#primaryimage"},"thumbnailUrl":"https:\/\/pharmadreams.shop\/wp-content\/uploads\/2024\/10\/soin-ultra-apaisant-200ml-peaux-sensibles-atoderm-intensive-baume-bioderma.webp","datePublished":"2024-10-25T16:36:53+00:00","dateModified":"2024-10-25T16:36:53+00:00","breadcrumb":{"@id":"https:\/\/pharmadreams.shop\/index.php\/product\/bioderma-atoderm-intensive-baume-200ml\/#breadcrumb"},"inLanguage":"fr-FR","potentialAction":[{"@type":"ReadAction","target":["https:\/\/pharmadreams.shop\/index.php\/product\/bioderma-atoderm-intensive-baume-200ml\/"]}]},{"@type":"ImageObject","inLanguage":"fr-FR","@id":"https:\/\/pharmadreams.shop\/index.php\/product\/bioderma-atoderm-intensive-baume-200ml\/#primaryimage","url":"https:\/\/pharmadreams.shop\/wp-content\/uploads\/2024\/10\/soin-ultra-apaisant-200ml-peaux-sensibles-atoderm-intensive-baume-bioderma.webp","contentUrl":"https:\/\/pharmadreams.shop\/wp-content\/uploads\/2024\/10\/soin-ultra-apaisant-200ml-peaux-sensibles-atoderm-intensive-baume-bioderma.webp","width":1000,"height":1000},{"@type":"BreadcrumbList","@id":"https:\/\/pharmadreams.shop\/index.php\/product\/bioderma-atoderm-intensive-baume-200ml\/#breadcrumb","itemListElement":[{"@type":"ListItem","position":1,"name":"Accueil","item":"https:\/\/pharmadreams.shop\/"},{"@type":"ListItem","position":2,"name":"Shop","item":"https:\/\/pharmadreams.shop\/index.php\/shop\/"},{"@type":"ListItem","position":3,"name":"BIODERMA Atoderm Intensive Baume 200ml"}]},{"@type":"WebSite","@id":"https:\/\/pharmadreams.shop\/#website","url":"https:\/\/pharmadreams.shop\/","name":"pharmadreams","description":"Parapharmacie en ligne","potentialAction":[{"@type":"SearchAction","target":{"@type":"EntryPoint","urlTemplate":"https:\/\/pharmadreams.shop\/?s={search_term_string}"},"query-input":"required name=search_term_string"}],"inLanguage":"fr-FR"}]}},"_links":{"self":[{"href":"https:\/\/pharmadreams.shop\/index.php\/wp-json\/wp\/v2\/product\/19025","targetHints":{"allow":["GET"]}}],"collection":[{"href":"https:\/\/pharmadreams.shop\/index.php\/wp-json\/wp\/v2\/product"}],"about":[{"href":"https:\/\/pharmadreams.shop\/index.php\/wp-json\/wp\/v2\/types\/product"}],"replies":[{"embeddable":true,"href":"https:\/\/pharmadreams.shop\/index.php\/wp-json\/wp\/v2\/comments?post=19025"}],"version-history":[{"count":0,"href":"https:\/\/pharmadreams.shop\/index.php\/wp-json\/wp\/v2\/product\/19025\/revisions"}],"wp:featuredmedia":[{"embeddable":true,"href":"https:\/\/pharmadreams.shop\/index.php\/wp-json\/wp\/v2\/media\/19026"}],"wp:attachment":[{"href":"https:\/\/pharmadreams.shop\/index.php\/wp-json\/wp\/v2\/media?parent=19025"}],"wp:term":[{"taxonomy":"product_brand","embeddable":true,"href":"https:\/\/pharmadreams.shop\/index.php\/wp-json\/wp\/v2\/product_brand?post=19025"},{"taxonomy":"product_cat","embeddable":true,"href":"https:\/\/pharmadreams.shop\/index.php\/wp-json\/wp\/v2\/product_cat?post=19025"},{"taxonomy":"product_tag","embeddable":true,"href":"https:\/\/pharmadreams.shop\/index.php\/wp-json\/wp\/v2\/product_tag?post=19025"}],"curies":[{"name":"wp","href":"https:\/\/api.w.org\/{rel}","templated":true}]}}