{"id":19030,"date":"2024-10-25T18:43:22","date_gmt":"2024-10-25T17:43:22","guid":{"rendered":"https:\/\/pharmadreams.shop\/?post_type=product&#038;p=19030"},"modified":"2024-10-25T18:43:22","modified_gmt":"2024-10-25T17:43:22","slug":"bioderma-pigmentbio-daily-care-soin-de-jour-eclaircissant-spf50-40ml","status":"publish","type":"product","link":"https:\/\/pharmadreams.shop\/index.php\/product\/bioderma-pigmentbio-daily-care-soin-de-jour-eclaircissant-spf50-40ml\/","title":{"rendered":"BIODERMA Pigmentbio Daily Care Soin de Jour Eclaircissant SPF50+ 40ml"},"content":{"rendered":"","protected":false},"excerpt":{"rendered":"<p><strong>Bioderma Pigmentbio Daily Care SPF 50+<\/strong>\u00a0est un\u00a0<strong>soin de jour \u00e9claircissant<\/strong>, con\u00e7u sp\u00e9cifiquement pour les\u00a0<strong>peaux sensibles<\/strong>.<br \/>\nPlus le temps passe, plus la peau est susceptible\u00a0de laisser appara\u00eetre les stigmates qui t\u00e9moignent de notre vie. En effet, le vieillissement cutan\u00e9 d\u00fb \u00e0 l\u2019\u00e2ge s\u2019accompagne de tout un cort\u00e8ge de signes visibles, parmi lesquels, les\u00a0<strong>taches brunes<\/strong>, qui apparaissent notamment sur le visage et le corsage. Le soleil porte \u00e9galement sa part de responsabilit\u00e9. En effet, l\u2019exposition au soleil contribue au vieillissement pr\u00e9matur\u00e9 de la peau et \u00e0 l\u2019apparition de ces taches. Ces derni\u00e8res correspondent \u00e0 une production excessive de\u00a0m\u00e9lanine. Ainsi, pour pr\u00e9venir leur apparition, une\u00a0<strong>tr\u00e8s haute\u00a0<\/strong><strong>photoprotection\u00a0<\/strong>est requise.<\/p>\n","protected":false},"featured_media":19031,"comment_status":"open","ping_status":"closed","template":"","meta":[],"product_brand":[],"product_cat":[90,233,20],"product_tag":[],"class_list":{"0":"post-19030","1":"product","2":"type-product","3":"status-publish","4":"has-post-thumbnail","6":"product_cat-anti-tache","7":"product_cat-protection-solaire","8":"product_cat-visage","10":"first","11":"instock","12":"shipping-taxable","13":"purchasable","14":"product-type-simple"},"yoast_head":"<!-- This site is optimized with the Yoast SEO plugin v23.0 - https:\/\/yoast.com\/wordpress\/plugins\/seo\/ -->\n<title>BIODERMA Pigmentbio Daily Care Soin de Jour Eclaircissant SPF50+ 40ml - pharmadreams<\/title>\n<meta name=\"robots\" content=\"index, follow, max-snippet:-1, max-image-preview:large, max-video-preview:-1\" \/>\n<link rel=\"canonical\" href=\"https:\/\/pharmadreams.shop\/index.php\/product\/bioderma-pigmentbio-daily-care-soin-de-jour-eclaircissant-spf50-40ml\/\" \/>\n<meta property=\"og:locale\" content=\"fr_FR\" \/>\n<meta property=\"og:type\" content=\"article\" \/>\n<meta property=\"og:title\" content=\"BIODERMA Pigmentbio Daily Care Soin de Jour Eclaircissant SPF50+ 40ml - pharmadreams\" \/>\n<meta property=\"og:description\" content=\"Bioderma Pigmentbio Daily Care SPF 50+\u00a0est un\u00a0soin de jour \u00e9claircissant, con\u00e7u sp\u00e9cifiquement pour les\u00a0peaux sensibles. Plus le temps passe, plus la peau est susceptible\u00a0de laisser appara\u00eetre les stigmates qui t\u00e9moignent de notre vie. En effet, le vieillissement cutan\u00e9 d\u00fb \u00e0 l\u2019\u00e2ge s\u2019accompagne de tout un cort\u00e8ge de signes visibles, parmi lesquels, les\u00a0taches brunes, qui apparaissent notamment sur le visage et le corsage. Le soleil porte \u00e9galement sa part de responsabilit\u00e9. En effet, l\u2019exposition au soleil contribue au vieillissement pr\u00e9matur\u00e9 de la peau et \u00e0 l\u2019apparition de ces taches. Ces derni\u00e8res correspondent \u00e0 une production excessive de\u00a0m\u00e9lanine. Ainsi, pour pr\u00e9venir leur apparition, une\u00a0tr\u00e8s haute\u00a0photoprotection\u00a0est requise.\" \/>\n<meta property=\"og:url\" content=\"https:\/\/pharmadreams.shop\/index.php\/product\/bioderma-pigmentbio-daily-care-soin-de-jour-eclaircissant-spf50-40ml\/\" \/>\n<meta property=\"og:site_name\" content=\"pharmadreams\" \/>\n<meta property=\"og:image\" content=\"https:\/\/pharmadreams.shop\/wp-content\/uploads\/2024\/10\/BE03979903-p12.webp\" \/>\n\t<meta property=\"og:image:width\" content=\"1182\" \/>\n\t<meta property=\"og:image:height\" content=\"1182\" \/>\n\t<meta property=\"og:image:type\" content=\"image\/webp\" \/>\n<meta name=\"twitter:card\" content=\"summary_large_image\" \/>\n<meta name=\"twitter:label1\" content=\"Dur\u00e9e de lecture estim\u00e9e\" \/>\n\t<meta name=\"twitter:data1\" content=\"1 minute\" \/>\n<script type=\"application\/ld+json\" class=\"yoast-schema-graph\">{\"@context\":\"https:\/\/schema.org\",\"@graph\":[{\"@type\":\"WebPage\",\"@id\":\"https:\/\/pharmadreams.shop\/index.php\/product\/bioderma-pigmentbio-daily-care-soin-de-jour-eclaircissant-spf50-40ml\/\",\"url\":\"https:\/\/pharmadreams.shop\/index.php\/product\/bioderma-pigmentbio-daily-care-soin-de-jour-eclaircissant-spf50-40ml\/\",\"name\":\"BIODERMA Pigmentbio Daily Care Soin de Jour Eclaircissant SPF50+ 40ml - pharmadreams\",\"isPartOf\":{\"@id\":\"https:\/\/pharmadreams.shop\/#website\"},\"primaryImageOfPage\":{\"@id\":\"https:\/\/pharmadreams.shop\/index.php\/product\/bioderma-pigmentbio-daily-care-soin-de-jour-eclaircissant-spf50-40ml\/#primaryimage\"},\"image\":{\"@id\":\"https:\/\/pharmadreams.shop\/index.php\/product\/bioderma-pigmentbio-daily-care-soin-de-jour-eclaircissant-spf50-40ml\/#primaryimage\"},\"thumbnailUrl\":\"https:\/\/pharmadreams.shop\/wp-content\/uploads\/2024\/10\/BE03979903-p12.webp\",\"datePublished\":\"2024-10-25T17:43:22+00:00\",\"dateModified\":\"2024-10-25T17:43:22+00:00\",\"breadcrumb\":{\"@id\":\"https:\/\/pharmadreams.shop\/index.php\/product\/bioderma-pigmentbio-daily-care-soin-de-jour-eclaircissant-spf50-40ml\/#breadcrumb\"},\"inLanguage\":\"fr-FR\",\"potentialAction\":[{\"@type\":\"ReadAction\",\"target\":[\"https:\/\/pharmadreams.shop\/index.php\/product\/bioderma-pigmentbio-daily-care-soin-de-jour-eclaircissant-spf50-40ml\/\"]}]},{\"@type\":\"ImageObject\",\"inLanguage\":\"fr-FR\",\"@id\":\"https:\/\/pharmadreams.shop\/index.php\/product\/bioderma-pigmentbio-daily-care-soin-de-jour-eclaircissant-spf50-40ml\/#primaryimage\",\"url\":\"https:\/\/pharmadreams.shop\/wp-content\/uploads\/2024\/10\/BE03979903-p12.webp\",\"contentUrl\":\"https:\/\/pharmadreams.shop\/wp-content\/uploads\/2024\/10\/BE03979903-p12.webp\",\"width\":1182,\"height\":1182},{\"@type\":\"BreadcrumbList\",\"@id\":\"https:\/\/pharmadreams.shop\/index.php\/product\/bioderma-pigmentbio-daily-care-soin-de-jour-eclaircissant-spf50-40ml\/#breadcrumb\",\"itemListElement\":[{\"@type\":\"ListItem\",\"position\":1,\"name\":\"Accueil\",\"item\":\"https:\/\/pharmadreams.shop\/\"},{\"@type\":\"ListItem\",\"position\":2,\"name\":\"Shop\",\"item\":\"https:\/\/pharmadreams.shop\/index.php\/shop\/\"},{\"@type\":\"ListItem\",\"position\":3,\"name\":\"BIODERMA Pigmentbio Daily Care Soin de Jour Eclaircissant SPF50+ 40ml\"}]},{\"@type\":\"WebSite\",\"@id\":\"https:\/\/pharmadreams.shop\/#website\",\"url\":\"https:\/\/pharmadreams.shop\/\",\"name\":\"pharmadreams\",\"description\":\"Parapharmacie en ligne\",\"potentialAction\":[{\"@type\":\"SearchAction\",\"target\":{\"@type\":\"EntryPoint\",\"urlTemplate\":\"https:\/\/pharmadreams.shop\/?s={search_term_string}\"},\"query-input\":\"required name=search_term_string\"}],\"inLanguage\":\"fr-FR\"}]}<\/script>\n<!-- \/ Yoast SEO plugin. -->","yoast_head_json":{"title":"BIODERMA Pigmentbio Daily Care Soin de Jour Eclaircissant SPF50+ 40ml - pharmadreams","robots":{"index":"index","follow":"follow","max-snippet":"max-snippet:-1","max-image-preview":"max-image-preview:large","max-video-preview":"max-video-preview:-1"},"canonical":"https:\/\/pharmadreams.shop\/index.php\/product\/bioderma-pigmentbio-daily-care-soin-de-jour-eclaircissant-spf50-40ml\/","og_locale":"fr_FR","og_type":"article","og_title":"BIODERMA Pigmentbio Daily Care Soin de Jour Eclaircissant SPF50+ 40ml - pharmadreams","og_description":"Bioderma Pigmentbio Daily Care SPF 50+\u00a0est un\u00a0soin de jour \u00e9claircissant, con\u00e7u sp\u00e9cifiquement pour les\u00a0peaux sensibles. Plus le temps passe, plus la peau est susceptible\u00a0de laisser appara\u00eetre les stigmates qui t\u00e9moignent de notre vie. En effet, le vieillissement cutan\u00e9 d\u00fb \u00e0 l\u2019\u00e2ge s\u2019accompagne de tout un cort\u00e8ge de signes visibles, parmi lesquels, les\u00a0taches brunes, qui apparaissent notamment sur le visage et le corsage. Le soleil porte \u00e9galement sa part de responsabilit\u00e9. En effet, l\u2019exposition au soleil contribue au vieillissement pr\u00e9matur\u00e9 de la peau et \u00e0 l\u2019apparition de ces taches. Ces derni\u00e8res correspondent \u00e0 une production excessive de\u00a0m\u00e9lanine. Ainsi, pour pr\u00e9venir leur apparition, une\u00a0tr\u00e8s haute\u00a0photoprotection\u00a0est requise.","og_url":"https:\/\/pharmadreams.shop\/index.php\/product\/bioderma-pigmentbio-daily-care-soin-de-jour-eclaircissant-spf50-40ml\/","og_site_name":"pharmadreams","og_image":[{"width":1182,"height":1182,"url":"https:\/\/pharmadreams.shop\/wp-content\/uploads\/2024\/10\/BE03979903-p12.webp","type":"image\/webp"}],"twitter_card":"summary_large_image","twitter_misc":{"Dur\u00e9e de lecture estim\u00e9e":"1 minute"},"schema":{"@context":"https:\/\/schema.org","@graph":[{"@type":"WebPage","@id":"https:\/\/pharmadreams.shop\/index.php\/product\/bioderma-pigmentbio-daily-care-soin-de-jour-eclaircissant-spf50-40ml\/","url":"https:\/\/pharmadreams.shop\/index.php\/product\/bioderma-pigmentbio-daily-care-soin-de-jour-eclaircissant-spf50-40ml\/","name":"BIODERMA Pigmentbio Daily Care Soin de Jour Eclaircissant SPF50+ 40ml - pharmadreams","isPartOf":{"@id":"https:\/\/pharmadreams.shop\/#website"},"primaryImageOfPage":{"@id":"https:\/\/pharmadreams.shop\/index.php\/product\/bioderma-pigmentbio-daily-care-soin-de-jour-eclaircissant-spf50-40ml\/#primaryimage"},"image":{"@id":"https:\/\/pharmadreams.shop\/index.php\/product\/bioderma-pigmentbio-daily-care-soin-de-jour-eclaircissant-spf50-40ml\/#primaryimage"},"thumbnailUrl":"https:\/\/pharmadreams.shop\/wp-content\/uploads\/2024\/10\/BE03979903-p12.webp","datePublished":"2024-10-25T17:43:22+00:00","dateModified":"2024-10-25T17:43:22+00:00","breadcrumb":{"@id":"https:\/\/pharmadreams.shop\/index.php\/product\/bioderma-pigmentbio-daily-care-soin-de-jour-eclaircissant-spf50-40ml\/#breadcrumb"},"inLanguage":"fr-FR","potentialAction":[{"@type":"ReadAction","target":["https:\/\/pharmadreams.shop\/index.php\/product\/bioderma-pigmentbio-daily-care-soin-de-jour-eclaircissant-spf50-40ml\/"]}]},{"@type":"ImageObject","inLanguage":"fr-FR","@id":"https:\/\/pharmadreams.shop\/index.php\/product\/bioderma-pigmentbio-daily-care-soin-de-jour-eclaircissant-spf50-40ml\/#primaryimage","url":"https:\/\/pharmadreams.shop\/wp-content\/uploads\/2024\/10\/BE03979903-p12.webp","contentUrl":"https:\/\/pharmadreams.shop\/wp-content\/uploads\/2024\/10\/BE03979903-p12.webp","width":1182,"height":1182},{"@type":"BreadcrumbList","@id":"https:\/\/pharmadreams.shop\/index.php\/product\/bioderma-pigmentbio-daily-care-soin-de-jour-eclaircissant-spf50-40ml\/#breadcrumb","itemListElement":[{"@type":"ListItem","position":1,"name":"Accueil","item":"https:\/\/pharmadreams.shop\/"},{"@type":"ListItem","position":2,"name":"Shop","item":"https:\/\/pharmadreams.shop\/index.php\/shop\/"},{"@type":"ListItem","position":3,"name":"BIODERMA Pigmentbio Daily Care Soin de Jour Eclaircissant SPF50+ 40ml"}]},{"@type":"WebSite","@id":"https:\/\/pharmadreams.shop\/#website","url":"https:\/\/pharmadreams.shop\/","name":"pharmadreams","description":"Parapharmacie en ligne","potentialAction":[{"@type":"SearchAction","target":{"@type":"EntryPoint","urlTemplate":"https:\/\/pharmadreams.shop\/?s={search_term_string}"},"query-input":"required name=search_term_string"}],"inLanguage":"fr-FR"}]}},"_links":{"self":[{"href":"https:\/\/pharmadreams.shop\/index.php\/wp-json\/wp\/v2\/product\/19030","targetHints":{"allow":["GET"]}}],"collection":[{"href":"https:\/\/pharmadreams.shop\/index.php\/wp-json\/wp\/v2\/product"}],"about":[{"href":"https:\/\/pharmadreams.shop\/index.php\/wp-json\/wp\/v2\/types\/product"}],"replies":[{"embeddable":true,"href":"https:\/\/pharmadreams.shop\/index.php\/wp-json\/wp\/v2\/comments?post=19030"}],"version-history":[{"count":0,"href":"https:\/\/pharmadreams.shop\/index.php\/wp-json\/wp\/v2\/product\/19030\/revisions"}],"wp:featuredmedia":[{"embeddable":true,"href":"https:\/\/pharmadreams.shop\/index.php\/wp-json\/wp\/v2\/media\/19031"}],"wp:attachment":[{"href":"https:\/\/pharmadreams.shop\/index.php\/wp-json\/wp\/v2\/media?parent=19030"}],"wp:term":[{"taxonomy":"product_brand","embeddable":true,"href":"https:\/\/pharmadreams.shop\/index.php\/wp-json\/wp\/v2\/product_brand?post=19030"},{"taxonomy":"product_cat","embeddable":true,"href":"https:\/\/pharmadreams.shop\/index.php\/wp-json\/wp\/v2\/product_cat?post=19030"},{"taxonomy":"product_tag","embeddable":true,"href":"https:\/\/pharmadreams.shop\/index.php\/wp-json\/wp\/v2\/product_tag?post=19030"}],"curies":[{"name":"wp","href":"https:\/\/api.w.org\/{rel}","templated":true}]}}