{"id":19036,"date":"2024-10-31T12:52:54","date_gmt":"2024-10-31T11:52:54","guid":{"rendered":"https:\/\/pharmadreams.shop\/?post_type=product&#038;p=19036"},"modified":"2024-10-31T12:52:54","modified_gmt":"2024-10-31T11:52:54","slug":"fiderma-vit-go-creme-regulatrice-50ml","status":"publish","type":"product","link":"https:\/\/pharmadreams.shop\/index.php\/product\/fiderma-vit-go-creme-regulatrice-50ml\/","title":{"rendered":"FIDERMA VIT-GO CREME REGULATRICE 50ML"},"content":{"rendered":"","protected":false},"excerpt":{"rendered":"<p>Cr\u00e8me de la d\u00e9pigmentation, d\u00e9ficit pigmentaires, sans parfum<\/p>\n<p>FIDERMA VIT GO est la cr\u00e8me r\u00e9gulatrice de la d\u00e9pigmentation id\u00e9ale pour traiter les zones hypopigment\u00e9es du visage. Ses composants anti-oxydants permettent de prot\u00e9ger la peau des radicaux libres et d\u2019acc\u00e9l\u00e9rer l\u2019\u00e9limination des toxines. Vous verrez rapidement une am\u00e9lioration de votre teint, tout simplement.<\/p>\n<ul>\n<li>Il est conseill\u00e9 d&rsquo;appliquer FIDERMA VIT GO 2 fois par jour (matin et soir) sur une peau parfaitement propre.<\/li>\n<li>Masser sur les zones concern\u00e9es ainsi que sur leur pourtour et faire p\u00e9n\u00e9trer.<\/li>\n<\/ul>\n","protected":false},"featured_media":19037,"comment_status":"open","ping_status":"closed","template":"","meta":[],"product_brand":[],"product_cat":[90,28,78,20],"product_tag":[],"class_list":{"0":"post-19036","1":"product","2":"type-product","3":"status-publish","4":"has-post-thumbnail","6":"product_cat-anti-tache","7":"product_cat-corps","8":"product_cat-cremes","9":"product_cat-visage","11":"first","12":"instock","13":"shipping-taxable","14":"purchasable","15":"product-type-simple"},"yoast_head":"<!-- This site is optimized with the Yoast SEO plugin v23.0 - https:\/\/yoast.com\/wordpress\/plugins\/seo\/ -->\n<title>FIDERMA VIT-GO CREME REGULATRICE 50ML - pharmadreams<\/title>\n<meta name=\"robots\" content=\"index, follow, max-snippet:-1, max-image-preview:large, max-video-preview:-1\" \/>\n<link rel=\"canonical\" href=\"https:\/\/pharmadreams.shop\/index.php\/product\/fiderma-vit-go-creme-regulatrice-50ml\/\" \/>\n<meta property=\"og:locale\" content=\"fr_FR\" \/>\n<meta property=\"og:type\" content=\"article\" \/>\n<meta property=\"og:title\" content=\"FIDERMA VIT-GO CREME REGULATRICE 50ML - pharmadreams\" \/>\n<meta property=\"og:description\" content=\"Cr\u00e8me de la d\u00e9pigmentation, d\u00e9ficit pigmentaires, sans parfum  FIDERMA VIT GO est la cr\u00e8me r\u00e9gulatrice de la d\u00e9pigmentation id\u00e9ale pour traiter les zones hypopigment\u00e9es du visage. Ses composants anti-oxydants permettent de prot\u00e9ger la peau des radicaux libres et d\u2019acc\u00e9l\u00e9rer l\u2019\u00e9limination des toxines. Vous verrez rapidement une am\u00e9lioration de votre teint, tout simplement.   Il est conseill\u00e9 d&#039;appliquer FIDERMA VIT GO 2 fois par jour (matin et soir) sur une peau parfaitement propre.  Masser sur les zones concern\u00e9es ainsi que sur leur pourtour et faire p\u00e9n\u00e9trer.\" \/>\n<meta property=\"og:url\" content=\"https:\/\/pharmadreams.shop\/index.php\/product\/fiderma-vit-go-creme-regulatrice-50ml\/\" \/>\n<meta property=\"og:site_name\" content=\"pharmadreams\" \/>\n<meta property=\"og:image\" content=\"https:\/\/pharmadreams.shop\/wp-content\/uploads\/2024\/10\/fiderma-vit-go-creme-50ml.webp\" \/>\n\t<meta property=\"og:image:width\" content=\"500\" \/>\n\t<meta property=\"og:image:height\" content=\"500\" \/>\n\t<meta property=\"og:image:type\" content=\"image\/webp\" \/>\n<meta name=\"twitter:card\" content=\"summary_large_image\" \/>\n<meta name=\"twitter:label1\" content=\"Dur\u00e9e de lecture estim\u00e9e\" \/>\n\t<meta name=\"twitter:data1\" content=\"1 minute\" \/>\n<script type=\"application\/ld+json\" class=\"yoast-schema-graph\">{\"@context\":\"https:\/\/schema.org\",\"@graph\":[{\"@type\":\"WebPage\",\"@id\":\"https:\/\/pharmadreams.shop\/index.php\/product\/fiderma-vit-go-creme-regulatrice-50ml\/\",\"url\":\"https:\/\/pharmadreams.shop\/index.php\/product\/fiderma-vit-go-creme-regulatrice-50ml\/\",\"name\":\"FIDERMA VIT-GO CREME REGULATRICE 50ML - pharmadreams\",\"isPartOf\":{\"@id\":\"https:\/\/pharmadreams.shop\/#website\"},\"primaryImageOfPage\":{\"@id\":\"https:\/\/pharmadreams.shop\/index.php\/product\/fiderma-vit-go-creme-regulatrice-50ml\/#primaryimage\"},\"image\":{\"@id\":\"https:\/\/pharmadreams.shop\/index.php\/product\/fiderma-vit-go-creme-regulatrice-50ml\/#primaryimage\"},\"thumbnailUrl\":\"https:\/\/pharmadreams.shop\/wp-content\/uploads\/2024\/10\/fiderma-vit-go-creme-50ml.webp\",\"datePublished\":\"2024-10-31T11:52:54+00:00\",\"dateModified\":\"2024-10-31T11:52:54+00:00\",\"breadcrumb\":{\"@id\":\"https:\/\/pharmadreams.shop\/index.php\/product\/fiderma-vit-go-creme-regulatrice-50ml\/#breadcrumb\"},\"inLanguage\":\"fr-FR\",\"potentialAction\":[{\"@type\":\"ReadAction\",\"target\":[\"https:\/\/pharmadreams.shop\/index.php\/product\/fiderma-vit-go-creme-regulatrice-50ml\/\"]}]},{\"@type\":\"ImageObject\",\"inLanguage\":\"fr-FR\",\"@id\":\"https:\/\/pharmadreams.shop\/index.php\/product\/fiderma-vit-go-creme-regulatrice-50ml\/#primaryimage\",\"url\":\"https:\/\/pharmadreams.shop\/wp-content\/uploads\/2024\/10\/fiderma-vit-go-creme-50ml.webp\",\"contentUrl\":\"https:\/\/pharmadreams.shop\/wp-content\/uploads\/2024\/10\/fiderma-vit-go-creme-50ml.webp\",\"width\":500,\"height\":500},{\"@type\":\"BreadcrumbList\",\"@id\":\"https:\/\/pharmadreams.shop\/index.php\/product\/fiderma-vit-go-creme-regulatrice-50ml\/#breadcrumb\",\"itemListElement\":[{\"@type\":\"ListItem\",\"position\":1,\"name\":\"Accueil\",\"item\":\"https:\/\/pharmadreams.shop\/\"},{\"@type\":\"ListItem\",\"position\":2,\"name\":\"Shop\",\"item\":\"https:\/\/pharmadreams.shop\/index.php\/shop\/\"},{\"@type\":\"ListItem\",\"position\":3,\"name\":\"FIDERMA VIT-GO CREME REGULATRICE 50ML\"}]},{\"@type\":\"WebSite\",\"@id\":\"https:\/\/pharmadreams.shop\/#website\",\"url\":\"https:\/\/pharmadreams.shop\/\",\"name\":\"pharmadreams\",\"description\":\"Parapharmacie en ligne\",\"potentialAction\":[{\"@type\":\"SearchAction\",\"target\":{\"@type\":\"EntryPoint\",\"urlTemplate\":\"https:\/\/pharmadreams.shop\/?s={search_term_string}\"},\"query-input\":\"required name=search_term_string\"}],\"inLanguage\":\"fr-FR\"}]}<\/script>\n<!-- \/ Yoast SEO plugin. -->","yoast_head_json":{"title":"FIDERMA VIT-GO CREME REGULATRICE 50ML - pharmadreams","robots":{"index":"index","follow":"follow","max-snippet":"max-snippet:-1","max-image-preview":"max-image-preview:large","max-video-preview":"max-video-preview:-1"},"canonical":"https:\/\/pharmadreams.shop\/index.php\/product\/fiderma-vit-go-creme-regulatrice-50ml\/","og_locale":"fr_FR","og_type":"article","og_title":"FIDERMA VIT-GO CREME REGULATRICE 50ML - pharmadreams","og_description":"Cr\u00e8me de la d\u00e9pigmentation, d\u00e9ficit pigmentaires, sans parfum  FIDERMA VIT GO est la cr\u00e8me r\u00e9gulatrice de la d\u00e9pigmentation id\u00e9ale pour traiter les zones hypopigment\u00e9es du visage. Ses composants anti-oxydants permettent de prot\u00e9ger la peau des radicaux libres et d\u2019acc\u00e9l\u00e9rer l\u2019\u00e9limination des toxines. Vous verrez rapidement une am\u00e9lioration de votre teint, tout simplement.   Il est conseill\u00e9 d'appliquer FIDERMA VIT GO 2 fois par jour (matin et soir) sur une peau parfaitement propre.  Masser sur les zones concern\u00e9es ainsi que sur leur pourtour et faire p\u00e9n\u00e9trer.","og_url":"https:\/\/pharmadreams.shop\/index.php\/product\/fiderma-vit-go-creme-regulatrice-50ml\/","og_site_name":"pharmadreams","og_image":[{"width":500,"height":500,"url":"https:\/\/pharmadreams.shop\/wp-content\/uploads\/2024\/10\/fiderma-vit-go-creme-50ml.webp","type":"image\/webp"}],"twitter_card":"summary_large_image","twitter_misc":{"Dur\u00e9e de lecture estim\u00e9e":"1 minute"},"schema":{"@context":"https:\/\/schema.org","@graph":[{"@type":"WebPage","@id":"https:\/\/pharmadreams.shop\/index.php\/product\/fiderma-vit-go-creme-regulatrice-50ml\/","url":"https:\/\/pharmadreams.shop\/index.php\/product\/fiderma-vit-go-creme-regulatrice-50ml\/","name":"FIDERMA VIT-GO CREME REGULATRICE 50ML - pharmadreams","isPartOf":{"@id":"https:\/\/pharmadreams.shop\/#website"},"primaryImageOfPage":{"@id":"https:\/\/pharmadreams.shop\/index.php\/product\/fiderma-vit-go-creme-regulatrice-50ml\/#primaryimage"},"image":{"@id":"https:\/\/pharmadreams.shop\/index.php\/product\/fiderma-vit-go-creme-regulatrice-50ml\/#primaryimage"},"thumbnailUrl":"https:\/\/pharmadreams.shop\/wp-content\/uploads\/2024\/10\/fiderma-vit-go-creme-50ml.webp","datePublished":"2024-10-31T11:52:54+00:00","dateModified":"2024-10-31T11:52:54+00:00","breadcrumb":{"@id":"https:\/\/pharmadreams.shop\/index.php\/product\/fiderma-vit-go-creme-regulatrice-50ml\/#breadcrumb"},"inLanguage":"fr-FR","potentialAction":[{"@type":"ReadAction","target":["https:\/\/pharmadreams.shop\/index.php\/product\/fiderma-vit-go-creme-regulatrice-50ml\/"]}]},{"@type":"ImageObject","inLanguage":"fr-FR","@id":"https:\/\/pharmadreams.shop\/index.php\/product\/fiderma-vit-go-creme-regulatrice-50ml\/#primaryimage","url":"https:\/\/pharmadreams.shop\/wp-content\/uploads\/2024\/10\/fiderma-vit-go-creme-50ml.webp","contentUrl":"https:\/\/pharmadreams.shop\/wp-content\/uploads\/2024\/10\/fiderma-vit-go-creme-50ml.webp","width":500,"height":500},{"@type":"BreadcrumbList","@id":"https:\/\/pharmadreams.shop\/index.php\/product\/fiderma-vit-go-creme-regulatrice-50ml\/#breadcrumb","itemListElement":[{"@type":"ListItem","position":1,"name":"Accueil","item":"https:\/\/pharmadreams.shop\/"},{"@type":"ListItem","position":2,"name":"Shop","item":"https:\/\/pharmadreams.shop\/index.php\/shop\/"},{"@type":"ListItem","position":3,"name":"FIDERMA VIT-GO CREME REGULATRICE 50ML"}]},{"@type":"WebSite","@id":"https:\/\/pharmadreams.shop\/#website","url":"https:\/\/pharmadreams.shop\/","name":"pharmadreams","description":"Parapharmacie en ligne","potentialAction":[{"@type":"SearchAction","target":{"@type":"EntryPoint","urlTemplate":"https:\/\/pharmadreams.shop\/?s={search_term_string}"},"query-input":"required name=search_term_string"}],"inLanguage":"fr-FR"}]}},"_links":{"self":[{"href":"https:\/\/pharmadreams.shop\/index.php\/wp-json\/wp\/v2\/product\/19036","targetHints":{"allow":["GET"]}}],"collection":[{"href":"https:\/\/pharmadreams.shop\/index.php\/wp-json\/wp\/v2\/product"}],"about":[{"href":"https:\/\/pharmadreams.shop\/index.php\/wp-json\/wp\/v2\/types\/product"}],"replies":[{"embeddable":true,"href":"https:\/\/pharmadreams.shop\/index.php\/wp-json\/wp\/v2\/comments?post=19036"}],"version-history":[{"count":0,"href":"https:\/\/pharmadreams.shop\/index.php\/wp-json\/wp\/v2\/product\/19036\/revisions"}],"wp:featuredmedia":[{"embeddable":true,"href":"https:\/\/pharmadreams.shop\/index.php\/wp-json\/wp\/v2\/media\/19037"}],"wp:attachment":[{"href":"https:\/\/pharmadreams.shop\/index.php\/wp-json\/wp\/v2\/media?parent=19036"}],"wp:term":[{"taxonomy":"product_brand","embeddable":true,"href":"https:\/\/pharmadreams.shop\/index.php\/wp-json\/wp\/v2\/product_brand?post=19036"},{"taxonomy":"product_cat","embeddable":true,"href":"https:\/\/pharmadreams.shop\/index.php\/wp-json\/wp\/v2\/product_cat?post=19036"},{"taxonomy":"product_tag","embeddable":true,"href":"https:\/\/pharmadreams.shop\/index.php\/wp-json\/wp\/v2\/product_tag?post=19036"}],"curies":[{"name":"wp","href":"https:\/\/api.w.org\/{rel}","templated":true}]}}