{"id":19039,"date":"2024-10-31T12:56:34","date_gmt":"2024-10-31T11:56:34","guid":{"rendered":"https:\/\/pharmadreams.shop\/?post_type=product&#038;p=19039"},"modified":"2024-10-31T12:56:34","modified_gmt":"2024-10-31T11:56:34","slug":"fiderma-hydrafid-gel-nettoyant-peaux-seches-et-sensibles-200ml","status":"publish","type":"product","link":"https:\/\/pharmadreams.shop\/index.php\/product\/fiderma-hydrafid-gel-nettoyant-peaux-seches-et-sensibles-200ml\/","title":{"rendered":"FIDERMA HYDRAFID GEL NETTOYANT PEAUX SECHES ET SENSIBLES 200ML"},"content":{"rendered":"","protected":false},"excerpt":{"rendered":"<p>FIDERMA HYDRAFID Gel nettoyant est un gel moussant doux qui a \u00e9t\u00e9 con\u00e7u pour nettoyer en douceur les\u00a0peaux s\u00e8ches et sensibles.Sa formule purifie d\u00e9licatement, r\u00e9gule la s\u00e9cr\u00e9tion de s\u00e9bum et respect le ph de la peau. Purifi\u00e9e et propre, la peau est prete \u00e0 recevoir les traitements dermatologiques.<\/p>\n<p><strong>Conseil d&rsquo;utilisation<br \/>\n<\/strong><\/p>\n<p>Appliquer une petite quantit\u00e9 sur peau humide. masser puis rincer abondamment.<\/p>\n","protected":false},"featured_media":19040,"comment_status":"open","ping_status":"closed","template":"","meta":[],"product_brand":[],"product_cat":[96,194,79,20],"product_tag":[],"class_list":{"0":"post-19039","1":"product","2":"type-product","3":"status-publish","4":"has-post-thumbnail","6":"product_cat-gel-nottoyant","7":"product_cat-peaux-sensibles","8":"product_cat-peaux-seches","9":"product_cat-visage","11":"first","12":"instock","13":"sale","14":"shipping-taxable","15":"purchasable","16":"product-type-simple"},"yoast_head":"<!-- This site is optimized with the Yoast SEO plugin v23.0 - https:\/\/yoast.com\/wordpress\/plugins\/seo\/ -->\n<title>FIDERMA HYDRAFID GEL NETTOYANT PEAUX SECHES ET SENSIBLES 200ML - pharmadreams<\/title>\n<meta name=\"robots\" content=\"index, follow, max-snippet:-1, max-image-preview:large, max-video-preview:-1\" \/>\n<link rel=\"canonical\" href=\"https:\/\/pharmadreams.shop\/index.php\/product\/fiderma-hydrafid-gel-nettoyant-peaux-seches-et-sensibles-200ml\/\" \/>\n<meta property=\"og:locale\" content=\"fr_FR\" \/>\n<meta property=\"og:type\" content=\"article\" \/>\n<meta property=\"og:title\" content=\"FIDERMA HYDRAFID GEL NETTOYANT PEAUX SECHES ET SENSIBLES 200ML - pharmadreams\" \/>\n<meta property=\"og:description\" content=\"FIDERMA HYDRAFID Gel nettoyant est un gel moussant doux qui a \u00e9t\u00e9 con\u00e7u pour nettoyer en douceur les\u00a0peaux s\u00e8ches et sensibles.Sa formule purifie d\u00e9licatement, r\u00e9gule la s\u00e9cr\u00e9tion de s\u00e9bum et respect le ph de la peau. Purifi\u00e9e et propre, la peau est prete \u00e0 recevoir les traitements dermatologiques.  Conseil d&#039;utilisation   Appliquer une petite quantit\u00e9 sur peau humide. masser puis rincer abondamment.\" \/>\n<meta property=\"og:url\" content=\"https:\/\/pharmadreams.shop\/index.php\/product\/fiderma-hydrafid-gel-nettoyant-peaux-seches-et-sensibles-200ml\/\" \/>\n<meta property=\"og:site_name\" content=\"pharmadreams\" \/>\n<meta property=\"og:image\" content=\"https:\/\/pharmadreams.shop\/wp-content\/uploads\/2024\/10\/fiderma-gel-nettoyant-peaux-seches-et-sensibles-200ml.webp\" \/>\n\t<meta property=\"og:image:width\" content=\"500\" \/>\n\t<meta property=\"og:image:height\" content=\"500\" \/>\n\t<meta property=\"og:image:type\" content=\"image\/webp\" \/>\n<meta name=\"twitter:card\" content=\"summary_large_image\" \/>\n<meta name=\"twitter:label1\" content=\"Dur\u00e9e de lecture estim\u00e9e\" \/>\n\t<meta name=\"twitter:data1\" content=\"1 minute\" \/>\n<script type=\"application\/ld+json\" class=\"yoast-schema-graph\">{\"@context\":\"https:\/\/schema.org\",\"@graph\":[{\"@type\":\"WebPage\",\"@id\":\"https:\/\/pharmadreams.shop\/index.php\/product\/fiderma-hydrafid-gel-nettoyant-peaux-seches-et-sensibles-200ml\/\",\"url\":\"https:\/\/pharmadreams.shop\/index.php\/product\/fiderma-hydrafid-gel-nettoyant-peaux-seches-et-sensibles-200ml\/\",\"name\":\"FIDERMA HYDRAFID GEL NETTOYANT PEAUX SECHES ET SENSIBLES 200ML - pharmadreams\",\"isPartOf\":{\"@id\":\"https:\/\/pharmadreams.shop\/#website\"},\"primaryImageOfPage\":{\"@id\":\"https:\/\/pharmadreams.shop\/index.php\/product\/fiderma-hydrafid-gel-nettoyant-peaux-seches-et-sensibles-200ml\/#primaryimage\"},\"image\":{\"@id\":\"https:\/\/pharmadreams.shop\/index.php\/product\/fiderma-hydrafid-gel-nettoyant-peaux-seches-et-sensibles-200ml\/#primaryimage\"},\"thumbnailUrl\":\"https:\/\/pharmadreams.shop\/wp-content\/uploads\/2024\/10\/fiderma-gel-nettoyant-peaux-seches-et-sensibles-200ml.webp\",\"datePublished\":\"2024-10-31T11:56:34+00:00\",\"dateModified\":\"2024-10-31T11:56:34+00:00\",\"breadcrumb\":{\"@id\":\"https:\/\/pharmadreams.shop\/index.php\/product\/fiderma-hydrafid-gel-nettoyant-peaux-seches-et-sensibles-200ml\/#breadcrumb\"},\"inLanguage\":\"fr-FR\",\"potentialAction\":[{\"@type\":\"ReadAction\",\"target\":[\"https:\/\/pharmadreams.shop\/index.php\/product\/fiderma-hydrafid-gel-nettoyant-peaux-seches-et-sensibles-200ml\/\"]}]},{\"@type\":\"ImageObject\",\"inLanguage\":\"fr-FR\",\"@id\":\"https:\/\/pharmadreams.shop\/index.php\/product\/fiderma-hydrafid-gel-nettoyant-peaux-seches-et-sensibles-200ml\/#primaryimage\",\"url\":\"https:\/\/pharmadreams.shop\/wp-content\/uploads\/2024\/10\/fiderma-gel-nettoyant-peaux-seches-et-sensibles-200ml.webp\",\"contentUrl\":\"https:\/\/pharmadreams.shop\/wp-content\/uploads\/2024\/10\/fiderma-gel-nettoyant-peaux-seches-et-sensibles-200ml.webp\",\"width\":500,\"height\":500},{\"@type\":\"BreadcrumbList\",\"@id\":\"https:\/\/pharmadreams.shop\/index.php\/product\/fiderma-hydrafid-gel-nettoyant-peaux-seches-et-sensibles-200ml\/#breadcrumb\",\"itemListElement\":[{\"@type\":\"ListItem\",\"position\":1,\"name\":\"Accueil\",\"item\":\"https:\/\/pharmadreams.shop\/\"},{\"@type\":\"ListItem\",\"position\":2,\"name\":\"Shop\",\"item\":\"https:\/\/pharmadreams.shop\/index.php\/shop\/\"},{\"@type\":\"ListItem\",\"position\":3,\"name\":\"FIDERMA HYDRAFID GEL NETTOYANT PEAUX SECHES ET SENSIBLES 200ML\"}]},{\"@type\":\"WebSite\",\"@id\":\"https:\/\/pharmadreams.shop\/#website\",\"url\":\"https:\/\/pharmadreams.shop\/\",\"name\":\"pharmadreams\",\"description\":\"Parapharmacie en ligne\",\"potentialAction\":[{\"@type\":\"SearchAction\",\"target\":{\"@type\":\"EntryPoint\",\"urlTemplate\":\"https:\/\/pharmadreams.shop\/?s={search_term_string}\"},\"query-input\":\"required name=search_term_string\"}],\"inLanguage\":\"fr-FR\"}]}<\/script>\n<!-- \/ Yoast SEO plugin. -->","yoast_head_json":{"title":"FIDERMA HYDRAFID GEL NETTOYANT PEAUX SECHES ET SENSIBLES 200ML - pharmadreams","robots":{"index":"index","follow":"follow","max-snippet":"max-snippet:-1","max-image-preview":"max-image-preview:large","max-video-preview":"max-video-preview:-1"},"canonical":"https:\/\/pharmadreams.shop\/index.php\/product\/fiderma-hydrafid-gel-nettoyant-peaux-seches-et-sensibles-200ml\/","og_locale":"fr_FR","og_type":"article","og_title":"FIDERMA HYDRAFID GEL NETTOYANT PEAUX SECHES ET SENSIBLES 200ML - pharmadreams","og_description":"FIDERMA HYDRAFID Gel nettoyant est un gel moussant doux qui a \u00e9t\u00e9 con\u00e7u pour nettoyer en douceur les\u00a0peaux s\u00e8ches et sensibles.Sa formule purifie d\u00e9licatement, r\u00e9gule la s\u00e9cr\u00e9tion de s\u00e9bum et respect le ph de la peau. Purifi\u00e9e et propre, la peau est prete \u00e0 recevoir les traitements dermatologiques.  Conseil d'utilisation   Appliquer une petite quantit\u00e9 sur peau humide. masser puis rincer abondamment.","og_url":"https:\/\/pharmadreams.shop\/index.php\/product\/fiderma-hydrafid-gel-nettoyant-peaux-seches-et-sensibles-200ml\/","og_site_name":"pharmadreams","og_image":[{"width":500,"height":500,"url":"https:\/\/pharmadreams.shop\/wp-content\/uploads\/2024\/10\/fiderma-gel-nettoyant-peaux-seches-et-sensibles-200ml.webp","type":"image\/webp"}],"twitter_card":"summary_large_image","twitter_misc":{"Dur\u00e9e de lecture estim\u00e9e":"1 minute"},"schema":{"@context":"https:\/\/schema.org","@graph":[{"@type":"WebPage","@id":"https:\/\/pharmadreams.shop\/index.php\/product\/fiderma-hydrafid-gel-nettoyant-peaux-seches-et-sensibles-200ml\/","url":"https:\/\/pharmadreams.shop\/index.php\/product\/fiderma-hydrafid-gel-nettoyant-peaux-seches-et-sensibles-200ml\/","name":"FIDERMA HYDRAFID GEL NETTOYANT PEAUX SECHES ET SENSIBLES 200ML - pharmadreams","isPartOf":{"@id":"https:\/\/pharmadreams.shop\/#website"},"primaryImageOfPage":{"@id":"https:\/\/pharmadreams.shop\/index.php\/product\/fiderma-hydrafid-gel-nettoyant-peaux-seches-et-sensibles-200ml\/#primaryimage"},"image":{"@id":"https:\/\/pharmadreams.shop\/index.php\/product\/fiderma-hydrafid-gel-nettoyant-peaux-seches-et-sensibles-200ml\/#primaryimage"},"thumbnailUrl":"https:\/\/pharmadreams.shop\/wp-content\/uploads\/2024\/10\/fiderma-gel-nettoyant-peaux-seches-et-sensibles-200ml.webp","datePublished":"2024-10-31T11:56:34+00:00","dateModified":"2024-10-31T11:56:34+00:00","breadcrumb":{"@id":"https:\/\/pharmadreams.shop\/index.php\/product\/fiderma-hydrafid-gel-nettoyant-peaux-seches-et-sensibles-200ml\/#breadcrumb"},"inLanguage":"fr-FR","potentialAction":[{"@type":"ReadAction","target":["https:\/\/pharmadreams.shop\/index.php\/product\/fiderma-hydrafid-gel-nettoyant-peaux-seches-et-sensibles-200ml\/"]}]},{"@type":"ImageObject","inLanguage":"fr-FR","@id":"https:\/\/pharmadreams.shop\/index.php\/product\/fiderma-hydrafid-gel-nettoyant-peaux-seches-et-sensibles-200ml\/#primaryimage","url":"https:\/\/pharmadreams.shop\/wp-content\/uploads\/2024\/10\/fiderma-gel-nettoyant-peaux-seches-et-sensibles-200ml.webp","contentUrl":"https:\/\/pharmadreams.shop\/wp-content\/uploads\/2024\/10\/fiderma-gel-nettoyant-peaux-seches-et-sensibles-200ml.webp","width":500,"height":500},{"@type":"BreadcrumbList","@id":"https:\/\/pharmadreams.shop\/index.php\/product\/fiderma-hydrafid-gel-nettoyant-peaux-seches-et-sensibles-200ml\/#breadcrumb","itemListElement":[{"@type":"ListItem","position":1,"name":"Accueil","item":"https:\/\/pharmadreams.shop\/"},{"@type":"ListItem","position":2,"name":"Shop","item":"https:\/\/pharmadreams.shop\/index.php\/shop\/"},{"@type":"ListItem","position":3,"name":"FIDERMA HYDRAFID GEL NETTOYANT PEAUX SECHES ET SENSIBLES 200ML"}]},{"@type":"WebSite","@id":"https:\/\/pharmadreams.shop\/#website","url":"https:\/\/pharmadreams.shop\/","name":"pharmadreams","description":"Parapharmacie en ligne","potentialAction":[{"@type":"SearchAction","target":{"@type":"EntryPoint","urlTemplate":"https:\/\/pharmadreams.shop\/?s={search_term_string}"},"query-input":"required name=search_term_string"}],"inLanguage":"fr-FR"}]}},"_links":{"self":[{"href":"https:\/\/pharmadreams.shop\/index.php\/wp-json\/wp\/v2\/product\/19039","targetHints":{"allow":["GET"]}}],"collection":[{"href":"https:\/\/pharmadreams.shop\/index.php\/wp-json\/wp\/v2\/product"}],"about":[{"href":"https:\/\/pharmadreams.shop\/index.php\/wp-json\/wp\/v2\/types\/product"}],"replies":[{"embeddable":true,"href":"https:\/\/pharmadreams.shop\/index.php\/wp-json\/wp\/v2\/comments?post=19039"}],"version-history":[{"count":0,"href":"https:\/\/pharmadreams.shop\/index.php\/wp-json\/wp\/v2\/product\/19039\/revisions"}],"wp:featuredmedia":[{"embeddable":true,"href":"https:\/\/pharmadreams.shop\/index.php\/wp-json\/wp\/v2\/media\/19040"}],"wp:attachment":[{"href":"https:\/\/pharmadreams.shop\/index.php\/wp-json\/wp\/v2\/media?parent=19039"}],"wp:term":[{"taxonomy":"product_brand","embeddable":true,"href":"https:\/\/pharmadreams.shop\/index.php\/wp-json\/wp\/v2\/product_brand?post=19039"},{"taxonomy":"product_cat","embeddable":true,"href":"https:\/\/pharmadreams.shop\/index.php\/wp-json\/wp\/v2\/product_cat?post=19039"},{"taxonomy":"product_tag","embeddable":true,"href":"https:\/\/pharmadreams.shop\/index.php\/wp-json\/wp\/v2\/product_tag?post=19039"}],"curies":[{"name":"wp","href":"https:\/\/api.w.org\/{rel}","templated":true}]}}