{"id":19042,"date":"2024-10-31T12:59:21","date_gmt":"2024-10-31T11:59:21","guid":{"rendered":"https:\/\/pharmadreams.shop\/?post_type=product&#038;p=19042"},"modified":"2024-10-31T12:59:22","modified_gmt":"2024-10-31T11:59:22","slug":"fiderma-hydrafid-creme-hydratante-visage-peaux-seches-50ml","status":"publish","type":"product","link":"https:\/\/pharmadreams.shop\/index.php\/product\/fiderma-hydrafid-creme-hydratante-visage-peaux-seches-50ml\/","title":{"rendered":"FIDERMA HYDRAFID CREME HYDRATANTE VISAGE PEAUX SECHES 50ML"},"content":{"rendered":"","protected":false},"excerpt":{"rendered":"<p style=\"font-weight: 400;\">HYDRAFID Hydratant visage est particuli\u00e8rement indiqu\u00e9 pour l&rsquo;hydratation des peaux s\u00e8ches, tr\u00e8s s\u00e8ches et sensibles.<\/p>\n<p style=\"font-weight: 400;\">Le complexe d&rsquo;agent hydratants, calmants et adoucissants redonne souplesse et \u00e9lasticit\u00e9 \u00e0 la peau.<\/p>\n<p style=\"font-weight: 400;\"><b><strong>Mode d&#8217;emploi :<\/strong><\/b><\/p>\n<p style=\"font-weight: 400;\">Appliquer le matin et soir sur peau parfaitement propre et s\u00e8che, masser jusqu&rsquo;\u00e0 absorption compl\u00e8te.<\/p>\n","protected":false},"featured_media":19043,"comment_status":"open","ping_status":"closed","template":"","meta":[],"product_brand":[],"product_cat":[79,20],"product_tag":[],"class_list":{"0":"post-19042","1":"product","2":"type-product","3":"status-publish","4":"has-post-thumbnail","6":"product_cat-peaux-seches","7":"product_cat-visage","9":"first","10":"instock","11":"sale","12":"shipping-taxable","13":"purchasable","14":"product-type-simple"},"yoast_head":"<!-- This site is optimized with the Yoast SEO plugin v23.0 - https:\/\/yoast.com\/wordpress\/plugins\/seo\/ -->\n<title>FIDERMA HYDRAFID CREME HYDRATANTE VISAGE PEAUX SECHES 50ML - pharmadreams<\/title>\n<meta name=\"robots\" content=\"index, follow, max-snippet:-1, max-image-preview:large, max-video-preview:-1\" \/>\n<link rel=\"canonical\" href=\"https:\/\/pharmadreams.shop\/index.php\/product\/fiderma-hydrafid-creme-hydratante-visage-peaux-seches-50ml\/\" \/>\n<meta property=\"og:locale\" content=\"fr_FR\" \/>\n<meta property=\"og:type\" content=\"article\" \/>\n<meta property=\"og:title\" content=\"FIDERMA HYDRAFID CREME HYDRATANTE VISAGE PEAUX SECHES 50ML - pharmadreams\" \/>\n<meta property=\"og:description\" content=\"HYDRAFID Hydratant visage est particuli\u00e8rement indiqu\u00e9 pour l&#039;hydratation des peaux s\u00e8ches, tr\u00e8s s\u00e8ches et sensibles. Le complexe d&#039;agent hydratants, calmants et adoucissants redonne souplesse et \u00e9lasticit\u00e9 \u00e0 la peau. Mode d&#039;emploi : Appliquer le matin et soir sur peau parfaitement propre et s\u00e8che, masser jusqu&#039;\u00e0 absorption compl\u00e8te.\" \/>\n<meta property=\"og:url\" content=\"https:\/\/pharmadreams.shop\/index.php\/product\/fiderma-hydrafid-creme-hydratante-visage-peaux-seches-50ml\/\" \/>\n<meta property=\"og:site_name\" content=\"pharmadreams\" \/>\n<meta property=\"article:modified_time\" content=\"2024-10-31T11:59:22+00:00\" \/>\n<meta property=\"og:image\" content=\"https:\/\/pharmadreams.shop\/wp-content\/uploads\/2024\/10\/fiderma-hydrafid-creme-hydratante-visage-peaux-seches-50ml.webp\" \/>\n\t<meta property=\"og:image:width\" content=\"500\" \/>\n\t<meta property=\"og:image:height\" content=\"500\" \/>\n\t<meta property=\"og:image:type\" content=\"image\/webp\" \/>\n<meta name=\"twitter:card\" content=\"summary_large_image\" \/>\n<meta name=\"twitter:label1\" content=\"Dur\u00e9e de lecture estim\u00e9e\" \/>\n\t<meta name=\"twitter:data1\" content=\"1 minute\" \/>\n<script type=\"application\/ld+json\" class=\"yoast-schema-graph\">{\"@context\":\"https:\/\/schema.org\",\"@graph\":[{\"@type\":\"WebPage\",\"@id\":\"https:\/\/pharmadreams.shop\/index.php\/product\/fiderma-hydrafid-creme-hydratante-visage-peaux-seches-50ml\/\",\"url\":\"https:\/\/pharmadreams.shop\/index.php\/product\/fiderma-hydrafid-creme-hydratante-visage-peaux-seches-50ml\/\",\"name\":\"FIDERMA HYDRAFID CREME HYDRATANTE VISAGE PEAUX SECHES 50ML - pharmadreams\",\"isPartOf\":{\"@id\":\"https:\/\/pharmadreams.shop\/#website\"},\"primaryImageOfPage\":{\"@id\":\"https:\/\/pharmadreams.shop\/index.php\/product\/fiderma-hydrafid-creme-hydratante-visage-peaux-seches-50ml\/#primaryimage\"},\"image\":{\"@id\":\"https:\/\/pharmadreams.shop\/index.php\/product\/fiderma-hydrafid-creme-hydratante-visage-peaux-seches-50ml\/#primaryimage\"},\"thumbnailUrl\":\"https:\/\/pharmadreams.shop\/wp-content\/uploads\/2024\/10\/fiderma-hydrafid-creme-hydratante-visage-peaux-seches-50ml.webp\",\"datePublished\":\"2024-10-31T11:59:21+00:00\",\"dateModified\":\"2024-10-31T11:59:22+00:00\",\"breadcrumb\":{\"@id\":\"https:\/\/pharmadreams.shop\/index.php\/product\/fiderma-hydrafid-creme-hydratante-visage-peaux-seches-50ml\/#breadcrumb\"},\"inLanguage\":\"fr-FR\",\"potentialAction\":[{\"@type\":\"ReadAction\",\"target\":[\"https:\/\/pharmadreams.shop\/index.php\/product\/fiderma-hydrafid-creme-hydratante-visage-peaux-seches-50ml\/\"]}]},{\"@type\":\"ImageObject\",\"inLanguage\":\"fr-FR\",\"@id\":\"https:\/\/pharmadreams.shop\/index.php\/product\/fiderma-hydrafid-creme-hydratante-visage-peaux-seches-50ml\/#primaryimage\",\"url\":\"https:\/\/pharmadreams.shop\/wp-content\/uploads\/2024\/10\/fiderma-hydrafid-creme-hydratante-visage-peaux-seches-50ml.webp\",\"contentUrl\":\"https:\/\/pharmadreams.shop\/wp-content\/uploads\/2024\/10\/fiderma-hydrafid-creme-hydratante-visage-peaux-seches-50ml.webp\",\"width\":500,\"height\":500},{\"@type\":\"BreadcrumbList\",\"@id\":\"https:\/\/pharmadreams.shop\/index.php\/product\/fiderma-hydrafid-creme-hydratante-visage-peaux-seches-50ml\/#breadcrumb\",\"itemListElement\":[{\"@type\":\"ListItem\",\"position\":1,\"name\":\"Accueil\",\"item\":\"https:\/\/pharmadreams.shop\/\"},{\"@type\":\"ListItem\",\"position\":2,\"name\":\"Shop\",\"item\":\"https:\/\/pharmadreams.shop\/index.php\/shop\/\"},{\"@type\":\"ListItem\",\"position\":3,\"name\":\"FIDERMA HYDRAFID CREME HYDRATANTE VISAGE PEAUX SECHES 50ML\"}]},{\"@type\":\"WebSite\",\"@id\":\"https:\/\/pharmadreams.shop\/#website\",\"url\":\"https:\/\/pharmadreams.shop\/\",\"name\":\"pharmadreams\",\"description\":\"Parapharmacie en ligne\",\"potentialAction\":[{\"@type\":\"SearchAction\",\"target\":{\"@type\":\"EntryPoint\",\"urlTemplate\":\"https:\/\/pharmadreams.shop\/?s={search_term_string}\"},\"query-input\":\"required name=search_term_string\"}],\"inLanguage\":\"fr-FR\"}]}<\/script>\n<!-- \/ Yoast SEO plugin. -->","yoast_head_json":{"title":"FIDERMA HYDRAFID CREME HYDRATANTE VISAGE PEAUX SECHES 50ML - pharmadreams","robots":{"index":"index","follow":"follow","max-snippet":"max-snippet:-1","max-image-preview":"max-image-preview:large","max-video-preview":"max-video-preview:-1"},"canonical":"https:\/\/pharmadreams.shop\/index.php\/product\/fiderma-hydrafid-creme-hydratante-visage-peaux-seches-50ml\/","og_locale":"fr_FR","og_type":"article","og_title":"FIDERMA HYDRAFID CREME HYDRATANTE VISAGE PEAUX SECHES 50ML - pharmadreams","og_description":"HYDRAFID Hydratant visage est particuli\u00e8rement indiqu\u00e9 pour l'hydratation des peaux s\u00e8ches, tr\u00e8s s\u00e8ches et sensibles. Le complexe d'agent hydratants, calmants et adoucissants redonne souplesse et \u00e9lasticit\u00e9 \u00e0 la peau. Mode d'emploi : Appliquer le matin et soir sur peau parfaitement propre et s\u00e8che, masser jusqu'\u00e0 absorption compl\u00e8te.","og_url":"https:\/\/pharmadreams.shop\/index.php\/product\/fiderma-hydrafid-creme-hydratante-visage-peaux-seches-50ml\/","og_site_name":"pharmadreams","article_modified_time":"2024-10-31T11:59:22+00:00","og_image":[{"width":500,"height":500,"url":"https:\/\/pharmadreams.shop\/wp-content\/uploads\/2024\/10\/fiderma-hydrafid-creme-hydratante-visage-peaux-seches-50ml.webp","type":"image\/webp"}],"twitter_card":"summary_large_image","twitter_misc":{"Dur\u00e9e de lecture estim\u00e9e":"1 minute"},"schema":{"@context":"https:\/\/schema.org","@graph":[{"@type":"WebPage","@id":"https:\/\/pharmadreams.shop\/index.php\/product\/fiderma-hydrafid-creme-hydratante-visage-peaux-seches-50ml\/","url":"https:\/\/pharmadreams.shop\/index.php\/product\/fiderma-hydrafid-creme-hydratante-visage-peaux-seches-50ml\/","name":"FIDERMA HYDRAFID CREME HYDRATANTE VISAGE PEAUX SECHES 50ML - pharmadreams","isPartOf":{"@id":"https:\/\/pharmadreams.shop\/#website"},"primaryImageOfPage":{"@id":"https:\/\/pharmadreams.shop\/index.php\/product\/fiderma-hydrafid-creme-hydratante-visage-peaux-seches-50ml\/#primaryimage"},"image":{"@id":"https:\/\/pharmadreams.shop\/index.php\/product\/fiderma-hydrafid-creme-hydratante-visage-peaux-seches-50ml\/#primaryimage"},"thumbnailUrl":"https:\/\/pharmadreams.shop\/wp-content\/uploads\/2024\/10\/fiderma-hydrafid-creme-hydratante-visage-peaux-seches-50ml.webp","datePublished":"2024-10-31T11:59:21+00:00","dateModified":"2024-10-31T11:59:22+00:00","breadcrumb":{"@id":"https:\/\/pharmadreams.shop\/index.php\/product\/fiderma-hydrafid-creme-hydratante-visage-peaux-seches-50ml\/#breadcrumb"},"inLanguage":"fr-FR","potentialAction":[{"@type":"ReadAction","target":["https:\/\/pharmadreams.shop\/index.php\/product\/fiderma-hydrafid-creme-hydratante-visage-peaux-seches-50ml\/"]}]},{"@type":"ImageObject","inLanguage":"fr-FR","@id":"https:\/\/pharmadreams.shop\/index.php\/product\/fiderma-hydrafid-creme-hydratante-visage-peaux-seches-50ml\/#primaryimage","url":"https:\/\/pharmadreams.shop\/wp-content\/uploads\/2024\/10\/fiderma-hydrafid-creme-hydratante-visage-peaux-seches-50ml.webp","contentUrl":"https:\/\/pharmadreams.shop\/wp-content\/uploads\/2024\/10\/fiderma-hydrafid-creme-hydratante-visage-peaux-seches-50ml.webp","width":500,"height":500},{"@type":"BreadcrumbList","@id":"https:\/\/pharmadreams.shop\/index.php\/product\/fiderma-hydrafid-creme-hydratante-visage-peaux-seches-50ml\/#breadcrumb","itemListElement":[{"@type":"ListItem","position":1,"name":"Accueil","item":"https:\/\/pharmadreams.shop\/"},{"@type":"ListItem","position":2,"name":"Shop","item":"https:\/\/pharmadreams.shop\/index.php\/shop\/"},{"@type":"ListItem","position":3,"name":"FIDERMA HYDRAFID CREME HYDRATANTE VISAGE PEAUX SECHES 50ML"}]},{"@type":"WebSite","@id":"https:\/\/pharmadreams.shop\/#website","url":"https:\/\/pharmadreams.shop\/","name":"pharmadreams","description":"Parapharmacie en ligne","potentialAction":[{"@type":"SearchAction","target":{"@type":"EntryPoint","urlTemplate":"https:\/\/pharmadreams.shop\/?s={search_term_string}"},"query-input":"required name=search_term_string"}],"inLanguage":"fr-FR"}]}},"_links":{"self":[{"href":"https:\/\/pharmadreams.shop\/index.php\/wp-json\/wp\/v2\/product\/19042","targetHints":{"allow":["GET"]}}],"collection":[{"href":"https:\/\/pharmadreams.shop\/index.php\/wp-json\/wp\/v2\/product"}],"about":[{"href":"https:\/\/pharmadreams.shop\/index.php\/wp-json\/wp\/v2\/types\/product"}],"replies":[{"embeddable":true,"href":"https:\/\/pharmadreams.shop\/index.php\/wp-json\/wp\/v2\/comments?post=19042"}],"version-history":[{"count":0,"href":"https:\/\/pharmadreams.shop\/index.php\/wp-json\/wp\/v2\/product\/19042\/revisions"}],"wp:featuredmedia":[{"embeddable":true,"href":"https:\/\/pharmadreams.shop\/index.php\/wp-json\/wp\/v2\/media\/19043"}],"wp:attachment":[{"href":"https:\/\/pharmadreams.shop\/index.php\/wp-json\/wp\/v2\/media?parent=19042"}],"wp:term":[{"taxonomy":"product_brand","embeddable":true,"href":"https:\/\/pharmadreams.shop\/index.php\/wp-json\/wp\/v2\/product_brand?post=19042"},{"taxonomy":"product_cat","embeddable":true,"href":"https:\/\/pharmadreams.shop\/index.php\/wp-json\/wp\/v2\/product_cat?post=19042"},{"taxonomy":"product_tag","embeddable":true,"href":"https:\/\/pharmadreams.shop\/index.php\/wp-json\/wp\/v2\/product_tag?post=19042"}],"curies":[{"name":"wp","href":"https:\/\/api.w.org\/{rel}","templated":true}]}}