{"id":19052,"date":"2024-11-01T16:28:38","date_gmt":"2024-11-01T15:28:38","guid":{"rendered":"https:\/\/pharmadreams.shop\/?post_type=product&#038;p=19052"},"modified":"2024-11-01T16:28:38","modified_gmt":"2024-11-01T15:28:38","slug":"isdin-fotoultra-age-repair-color-spf50-50ml","status":"publish","type":"product","link":"https:\/\/pharmadreams.shop\/index.php\/product\/isdin-fotoultra-age-repair-color-spf50-50ml\/","title":{"rendered":"ISDIN FotoUltra Age Repair Color SPF50 50ML"},"content":{"rendered":"","protected":false},"excerpt":{"rendered":"<p>ISDIN FotoUltra Age Repair Color SPF50 est un \u00e9cran solaire teinte et l\u00e9ger contre les UVB et les UVA qui aide \u00e0 pr\u00e9venir les dommages cellulaires caus\u00e9s par les rayons nocifs du soleil.<\/p>\n<p>ISDIN Age Repair color offre une couvrance naturelle qui unifie le teint et camoufle les imperfections, procurant un effet bonne mine. Non com\u00e9dog\u00e8ne. Hipoallerg\u00e9nique : formul\u00e9 pour minimiser les risques d&rsquo;allergie.<\/p>\n","protected":false},"featured_media":19053,"comment_status":"open","ping_status":"closed","template":"","meta":[],"product_brand":[],"product_cat":[100,231,20],"product_tag":[],"class_list":{"0":"post-19052","1":"product","2":"type-product","3":"status-publish","4":"has-post-thumbnail","6":"product_cat-anti-age","7":"product_cat-ecran-solaire","8":"product_cat-visage","10":"first","11":"instock","12":"shipping-taxable","13":"purchasable","14":"product-type-simple"},"yoast_head":"<!-- This site is optimized with the Yoast SEO plugin v23.0 - https:\/\/yoast.com\/wordpress\/plugins\/seo\/ -->\n<title>ISDIN FotoUltra Age Repair Color SPF50 50ML - pharmadreams<\/title>\n<meta name=\"robots\" content=\"index, follow, max-snippet:-1, max-image-preview:large, max-video-preview:-1\" \/>\n<link rel=\"canonical\" href=\"https:\/\/pharmadreams.shop\/index.php\/product\/isdin-fotoultra-age-repair-color-spf50-50ml\/\" \/>\n<meta property=\"og:locale\" content=\"fr_FR\" \/>\n<meta property=\"og:type\" content=\"article\" \/>\n<meta property=\"og:title\" content=\"ISDIN FotoUltra Age Repair Color SPF50 50ML - pharmadreams\" \/>\n<meta property=\"og:description\" content=\"ISDIN FotoUltra Age Repair Color SPF50 est un \u00e9cran solaire teinte et l\u00e9ger contre les UVB et les UVA qui aide \u00e0 pr\u00e9venir les dommages cellulaires caus\u00e9s par les rayons nocifs du soleil.  ISDIN Age Repair color offre une couvrance naturelle qui unifie le teint et camoufle les imperfections, procurant un effet bonne mine. Non com\u00e9dog\u00e8ne. Hipoallerg\u00e9nique : formul\u00e9 pour minimiser les risques d&#039;allergie.\" \/>\n<meta property=\"og:url\" content=\"https:\/\/pharmadreams.shop\/index.php\/product\/isdin-fotoultra-age-repair-color-spf50-50ml\/\" \/>\n<meta property=\"og:site_name\" content=\"pharmadreams\" \/>\n<meta property=\"og:image\" content=\"https:\/\/pharmadreams.shop\/wp-content\/uploads\/2024\/11\/isdin-photoprotecteur-ecran-age-repair-teintee-triple-action-spf-50-50ml.jpg\" \/>\n\t<meta property=\"og:image:width\" content=\"500\" \/>\n\t<meta property=\"og:image:height\" content=\"500\" \/>\n\t<meta property=\"og:image:type\" content=\"image\/jpeg\" \/>\n<meta name=\"twitter:card\" content=\"summary_large_image\" \/>\n<meta name=\"twitter:label1\" content=\"Dur\u00e9e de lecture estim\u00e9e\" \/>\n\t<meta name=\"twitter:data1\" content=\"1 minute\" \/>\n<script type=\"application\/ld+json\" class=\"yoast-schema-graph\">{\"@context\":\"https:\/\/schema.org\",\"@graph\":[{\"@type\":\"WebPage\",\"@id\":\"https:\/\/pharmadreams.shop\/index.php\/product\/isdin-fotoultra-age-repair-color-spf50-50ml\/\",\"url\":\"https:\/\/pharmadreams.shop\/index.php\/product\/isdin-fotoultra-age-repair-color-spf50-50ml\/\",\"name\":\"ISDIN FotoUltra Age Repair Color SPF50 50ML - pharmadreams\",\"isPartOf\":{\"@id\":\"https:\/\/pharmadreams.shop\/#website\"},\"primaryImageOfPage\":{\"@id\":\"https:\/\/pharmadreams.shop\/index.php\/product\/isdin-fotoultra-age-repair-color-spf50-50ml\/#primaryimage\"},\"image\":{\"@id\":\"https:\/\/pharmadreams.shop\/index.php\/product\/isdin-fotoultra-age-repair-color-spf50-50ml\/#primaryimage\"},\"thumbnailUrl\":\"https:\/\/pharmadreams.shop\/wp-content\/uploads\/2024\/11\/isdin-photoprotecteur-ecran-age-repair-teintee-triple-action-spf-50-50ml.jpg\",\"datePublished\":\"2024-11-01T15:28:38+00:00\",\"dateModified\":\"2024-11-01T15:28:38+00:00\",\"breadcrumb\":{\"@id\":\"https:\/\/pharmadreams.shop\/index.php\/product\/isdin-fotoultra-age-repair-color-spf50-50ml\/#breadcrumb\"},\"inLanguage\":\"fr-FR\",\"potentialAction\":[{\"@type\":\"ReadAction\",\"target\":[\"https:\/\/pharmadreams.shop\/index.php\/product\/isdin-fotoultra-age-repair-color-spf50-50ml\/\"]}]},{\"@type\":\"ImageObject\",\"inLanguage\":\"fr-FR\",\"@id\":\"https:\/\/pharmadreams.shop\/index.php\/product\/isdin-fotoultra-age-repair-color-spf50-50ml\/#primaryimage\",\"url\":\"https:\/\/pharmadreams.shop\/wp-content\/uploads\/2024\/11\/isdin-photoprotecteur-ecran-age-repair-teintee-triple-action-spf-50-50ml.jpg\",\"contentUrl\":\"https:\/\/pharmadreams.shop\/wp-content\/uploads\/2024\/11\/isdin-photoprotecteur-ecran-age-repair-teintee-triple-action-spf-50-50ml.jpg\",\"width\":500,\"height\":500},{\"@type\":\"BreadcrumbList\",\"@id\":\"https:\/\/pharmadreams.shop\/index.php\/product\/isdin-fotoultra-age-repair-color-spf50-50ml\/#breadcrumb\",\"itemListElement\":[{\"@type\":\"ListItem\",\"position\":1,\"name\":\"Accueil\",\"item\":\"https:\/\/pharmadreams.shop\/\"},{\"@type\":\"ListItem\",\"position\":2,\"name\":\"Shop\",\"item\":\"https:\/\/pharmadreams.shop\/index.php\/shop\/\"},{\"@type\":\"ListItem\",\"position\":3,\"name\":\"ISDIN FotoUltra Age Repair Color SPF50 50ML\"}]},{\"@type\":\"WebSite\",\"@id\":\"https:\/\/pharmadreams.shop\/#website\",\"url\":\"https:\/\/pharmadreams.shop\/\",\"name\":\"pharmadreams\",\"description\":\"Parapharmacie en ligne\",\"potentialAction\":[{\"@type\":\"SearchAction\",\"target\":{\"@type\":\"EntryPoint\",\"urlTemplate\":\"https:\/\/pharmadreams.shop\/?s={search_term_string}\"},\"query-input\":\"required name=search_term_string\"}],\"inLanguage\":\"fr-FR\"}]}<\/script>\n<!-- \/ Yoast SEO plugin. -->","yoast_head_json":{"title":"ISDIN FotoUltra Age Repair Color SPF50 50ML - pharmadreams","robots":{"index":"index","follow":"follow","max-snippet":"max-snippet:-1","max-image-preview":"max-image-preview:large","max-video-preview":"max-video-preview:-1"},"canonical":"https:\/\/pharmadreams.shop\/index.php\/product\/isdin-fotoultra-age-repair-color-spf50-50ml\/","og_locale":"fr_FR","og_type":"article","og_title":"ISDIN FotoUltra Age Repair Color SPF50 50ML - pharmadreams","og_description":"ISDIN FotoUltra Age Repair Color SPF50 est un \u00e9cran solaire teinte et l\u00e9ger contre les UVB et les UVA qui aide \u00e0 pr\u00e9venir les dommages cellulaires caus\u00e9s par les rayons nocifs du soleil.  ISDIN Age Repair color offre une couvrance naturelle qui unifie le teint et camoufle les imperfections, procurant un effet bonne mine. Non com\u00e9dog\u00e8ne. Hipoallerg\u00e9nique : formul\u00e9 pour minimiser les risques d'allergie.","og_url":"https:\/\/pharmadreams.shop\/index.php\/product\/isdin-fotoultra-age-repair-color-spf50-50ml\/","og_site_name":"pharmadreams","og_image":[{"width":500,"height":500,"url":"https:\/\/pharmadreams.shop\/wp-content\/uploads\/2024\/11\/isdin-photoprotecteur-ecran-age-repair-teintee-triple-action-spf-50-50ml.jpg","type":"image\/jpeg"}],"twitter_card":"summary_large_image","twitter_misc":{"Dur\u00e9e de lecture estim\u00e9e":"1 minute"},"schema":{"@context":"https:\/\/schema.org","@graph":[{"@type":"WebPage","@id":"https:\/\/pharmadreams.shop\/index.php\/product\/isdin-fotoultra-age-repair-color-spf50-50ml\/","url":"https:\/\/pharmadreams.shop\/index.php\/product\/isdin-fotoultra-age-repair-color-spf50-50ml\/","name":"ISDIN FotoUltra Age Repair Color SPF50 50ML - pharmadreams","isPartOf":{"@id":"https:\/\/pharmadreams.shop\/#website"},"primaryImageOfPage":{"@id":"https:\/\/pharmadreams.shop\/index.php\/product\/isdin-fotoultra-age-repair-color-spf50-50ml\/#primaryimage"},"image":{"@id":"https:\/\/pharmadreams.shop\/index.php\/product\/isdin-fotoultra-age-repair-color-spf50-50ml\/#primaryimage"},"thumbnailUrl":"https:\/\/pharmadreams.shop\/wp-content\/uploads\/2024\/11\/isdin-photoprotecteur-ecran-age-repair-teintee-triple-action-spf-50-50ml.jpg","datePublished":"2024-11-01T15:28:38+00:00","dateModified":"2024-11-01T15:28:38+00:00","breadcrumb":{"@id":"https:\/\/pharmadreams.shop\/index.php\/product\/isdin-fotoultra-age-repair-color-spf50-50ml\/#breadcrumb"},"inLanguage":"fr-FR","potentialAction":[{"@type":"ReadAction","target":["https:\/\/pharmadreams.shop\/index.php\/product\/isdin-fotoultra-age-repair-color-spf50-50ml\/"]}]},{"@type":"ImageObject","inLanguage":"fr-FR","@id":"https:\/\/pharmadreams.shop\/index.php\/product\/isdin-fotoultra-age-repair-color-spf50-50ml\/#primaryimage","url":"https:\/\/pharmadreams.shop\/wp-content\/uploads\/2024\/11\/isdin-photoprotecteur-ecran-age-repair-teintee-triple-action-spf-50-50ml.jpg","contentUrl":"https:\/\/pharmadreams.shop\/wp-content\/uploads\/2024\/11\/isdin-photoprotecteur-ecran-age-repair-teintee-triple-action-spf-50-50ml.jpg","width":500,"height":500},{"@type":"BreadcrumbList","@id":"https:\/\/pharmadreams.shop\/index.php\/product\/isdin-fotoultra-age-repair-color-spf50-50ml\/#breadcrumb","itemListElement":[{"@type":"ListItem","position":1,"name":"Accueil","item":"https:\/\/pharmadreams.shop\/"},{"@type":"ListItem","position":2,"name":"Shop","item":"https:\/\/pharmadreams.shop\/index.php\/shop\/"},{"@type":"ListItem","position":3,"name":"ISDIN FotoUltra Age Repair Color SPF50 50ML"}]},{"@type":"WebSite","@id":"https:\/\/pharmadreams.shop\/#website","url":"https:\/\/pharmadreams.shop\/","name":"pharmadreams","description":"Parapharmacie en ligne","potentialAction":[{"@type":"SearchAction","target":{"@type":"EntryPoint","urlTemplate":"https:\/\/pharmadreams.shop\/?s={search_term_string}"},"query-input":"required name=search_term_string"}],"inLanguage":"fr-FR"}]}},"_links":{"self":[{"href":"https:\/\/pharmadreams.shop\/index.php\/wp-json\/wp\/v2\/product\/19052","targetHints":{"allow":["GET"]}}],"collection":[{"href":"https:\/\/pharmadreams.shop\/index.php\/wp-json\/wp\/v2\/product"}],"about":[{"href":"https:\/\/pharmadreams.shop\/index.php\/wp-json\/wp\/v2\/types\/product"}],"replies":[{"embeddable":true,"href":"https:\/\/pharmadreams.shop\/index.php\/wp-json\/wp\/v2\/comments?post=19052"}],"version-history":[{"count":0,"href":"https:\/\/pharmadreams.shop\/index.php\/wp-json\/wp\/v2\/product\/19052\/revisions"}],"wp:featuredmedia":[{"embeddable":true,"href":"https:\/\/pharmadreams.shop\/index.php\/wp-json\/wp\/v2\/media\/19053"}],"wp:attachment":[{"href":"https:\/\/pharmadreams.shop\/index.php\/wp-json\/wp\/v2\/media?parent=19052"}],"wp:term":[{"taxonomy":"product_brand","embeddable":true,"href":"https:\/\/pharmadreams.shop\/index.php\/wp-json\/wp\/v2\/product_brand?post=19052"},{"taxonomy":"product_cat","embeddable":true,"href":"https:\/\/pharmadreams.shop\/index.php\/wp-json\/wp\/v2\/product_cat?post=19052"},{"taxonomy":"product_tag","embeddable":true,"href":"https:\/\/pharmadreams.shop\/index.php\/wp-json\/wp\/v2\/product_tag?post=19052"}],"curies":[{"name":"wp","href":"https:\/\/api.w.org\/{rel}","templated":true}]}}