{"id":19055,"date":"2024-11-01T16:32:56","date_gmt":"2024-11-01T15:32:56","guid":{"rendered":"https:\/\/pharmadreams.shop\/?post_type=product&#038;p=19055"},"modified":"2024-11-01T16:32:56","modified_gmt":"2024-11-01T15:32:56","slug":"isdin-photoprotection-eryfotona-ak-fluid-spf-100-50ml","status":"publish","type":"product","link":"https:\/\/pharmadreams.shop\/index.php\/product\/isdin-photoprotection-eryfotona-ak-fluid-spf-100-50ml\/","title":{"rendered":"ISDIN PHOTOPROTECTION ERYFOTONA AK FLUID SPF 100+ 50ML"},"content":{"rendered":"","protected":false},"excerpt":{"rendered":"<p>Isdin Eryfotona AK un ecran solaire tres haute protection permet d&#8217;emp\u00eacher et r\u00e9parer les dommages actiniques. Donne \u00e0 votre peau une nouvelle chance Pr\u00e9vention et traitement protecteur adjuvant de la k\u00e9ratose actinique (AK) et d&rsquo;autres formes de cancer de la peau non m\u00e9lanome (NMSC).<\/p>\n<p>R\u00e9duit et am\u00e9liore le champ de cancerisation cutan\u00e9e subclinique associ\u00e9 \u00e0 la k\u00e9ratose actinique et au cancer de la peau non m\u00e9lanome.<br \/>\nEmp\u00eache les dommages actiniques caus\u00e9s par le soleil et encourage sa r\u00e9paration. Cr\u00e9e un film protecteur de ADN Repairsomes sur la peau qui aide \u00e0 prot\u00e9ger contre de nouvelles l\u00e9sions. De plus, une utilisation continue aide le m\u00e9canisme de r\u00e9paration naturel de l&rsquo;ADN<\/p>\n","protected":false},"featured_media":19056,"comment_status":"open","ping_status":"closed","template":"","meta":[],"product_brand":[],"product_cat":[231,233,20],"product_tag":[],"class_list":{"0":"post-19055","1":"product","2":"type-product","3":"status-publish","4":"has-post-thumbnail","6":"product_cat-ecran-solaire","7":"product_cat-protection-solaire","8":"product_cat-visage","10":"first","11":"instock","12":"shipping-taxable","13":"purchasable","14":"product-type-simple"},"yoast_head":"<!-- This site is optimized with the Yoast SEO plugin v23.0 - https:\/\/yoast.com\/wordpress\/plugins\/seo\/ -->\n<title>ISDIN PHOTOPROTECTION ERYFOTONA AK FLUID SPF 100+ 50ML - pharmadreams<\/title>\n<meta name=\"robots\" content=\"index, follow, max-snippet:-1, max-image-preview:large, max-video-preview:-1\" \/>\n<link rel=\"canonical\" href=\"https:\/\/pharmadreams.shop\/index.php\/product\/isdin-photoprotection-eryfotona-ak-fluid-spf-100-50ml\/\" \/>\n<meta property=\"og:locale\" content=\"fr_FR\" \/>\n<meta property=\"og:type\" content=\"article\" \/>\n<meta property=\"og:title\" content=\"ISDIN PHOTOPROTECTION ERYFOTONA AK FLUID SPF 100+ 50ML - pharmadreams\" \/>\n<meta property=\"og:description\" content=\"Isdin Eryfotona AK un ecran solaire tres haute protection permet d&#039;emp\u00eacher et r\u00e9parer les dommages actiniques. Donne \u00e0 votre peau une nouvelle chance Pr\u00e9vention et traitement protecteur adjuvant de la k\u00e9ratose actinique (AK) et d&#039;autres formes de cancer de la peau non m\u00e9lanome (NMSC).  R\u00e9duit et am\u00e9liore le champ de cancerisation cutan\u00e9e subclinique associ\u00e9 \u00e0 la k\u00e9ratose actinique et au cancer de la peau non m\u00e9lanome. Emp\u00eache les dommages actiniques caus\u00e9s par le soleil et encourage sa r\u00e9paration. Cr\u00e9e un film protecteur de ADN Repairsomes sur la peau qui aide \u00e0 prot\u00e9ger contre de nouvelles l\u00e9sions. De plus, une utilisation continue aide le m\u00e9canisme de r\u00e9paration naturel de l&#039;ADN\" \/>\n<meta property=\"og:url\" content=\"https:\/\/pharmadreams.shop\/index.php\/product\/isdin-photoprotection-eryfotona-ak-fluid-spf-100-50ml\/\" \/>\n<meta property=\"og:site_name\" content=\"pharmadreams\" \/>\n<meta property=\"og:image\" content=\"https:\/\/pharmadreams.shop\/wp-content\/uploads\/2024\/11\/isdin-photoprotection-eryfotona-ak-fluid-spf-100-50ml.jpg\" \/>\n\t<meta property=\"og:image:width\" content=\"500\" \/>\n\t<meta property=\"og:image:height\" content=\"500\" \/>\n\t<meta property=\"og:image:type\" content=\"image\/jpeg\" \/>\n<meta name=\"twitter:card\" content=\"summary_large_image\" \/>\n<meta name=\"twitter:label1\" content=\"Dur\u00e9e de lecture estim\u00e9e\" \/>\n\t<meta name=\"twitter:data1\" content=\"1 minute\" \/>\n<script type=\"application\/ld+json\" class=\"yoast-schema-graph\">{\"@context\":\"https:\/\/schema.org\",\"@graph\":[{\"@type\":\"WebPage\",\"@id\":\"https:\/\/pharmadreams.shop\/index.php\/product\/isdin-photoprotection-eryfotona-ak-fluid-spf-100-50ml\/\",\"url\":\"https:\/\/pharmadreams.shop\/index.php\/product\/isdin-photoprotection-eryfotona-ak-fluid-spf-100-50ml\/\",\"name\":\"ISDIN PHOTOPROTECTION ERYFOTONA AK FLUID SPF 100+ 50ML - pharmadreams\",\"isPartOf\":{\"@id\":\"https:\/\/pharmadreams.shop\/#website\"},\"primaryImageOfPage\":{\"@id\":\"https:\/\/pharmadreams.shop\/index.php\/product\/isdin-photoprotection-eryfotona-ak-fluid-spf-100-50ml\/#primaryimage\"},\"image\":{\"@id\":\"https:\/\/pharmadreams.shop\/index.php\/product\/isdin-photoprotection-eryfotona-ak-fluid-spf-100-50ml\/#primaryimage\"},\"thumbnailUrl\":\"https:\/\/pharmadreams.shop\/wp-content\/uploads\/2024\/11\/isdin-photoprotection-eryfotona-ak-fluid-spf-100-50ml.jpg\",\"datePublished\":\"2024-11-01T15:32:56+00:00\",\"dateModified\":\"2024-11-01T15:32:56+00:00\",\"breadcrumb\":{\"@id\":\"https:\/\/pharmadreams.shop\/index.php\/product\/isdin-photoprotection-eryfotona-ak-fluid-spf-100-50ml\/#breadcrumb\"},\"inLanguage\":\"fr-FR\",\"potentialAction\":[{\"@type\":\"ReadAction\",\"target\":[\"https:\/\/pharmadreams.shop\/index.php\/product\/isdin-photoprotection-eryfotona-ak-fluid-spf-100-50ml\/\"]}]},{\"@type\":\"ImageObject\",\"inLanguage\":\"fr-FR\",\"@id\":\"https:\/\/pharmadreams.shop\/index.php\/product\/isdin-photoprotection-eryfotona-ak-fluid-spf-100-50ml\/#primaryimage\",\"url\":\"https:\/\/pharmadreams.shop\/wp-content\/uploads\/2024\/11\/isdin-photoprotection-eryfotona-ak-fluid-spf-100-50ml.jpg\",\"contentUrl\":\"https:\/\/pharmadreams.shop\/wp-content\/uploads\/2024\/11\/isdin-photoprotection-eryfotona-ak-fluid-spf-100-50ml.jpg\",\"width\":500,\"height\":500},{\"@type\":\"BreadcrumbList\",\"@id\":\"https:\/\/pharmadreams.shop\/index.php\/product\/isdin-photoprotection-eryfotona-ak-fluid-spf-100-50ml\/#breadcrumb\",\"itemListElement\":[{\"@type\":\"ListItem\",\"position\":1,\"name\":\"Accueil\",\"item\":\"https:\/\/pharmadreams.shop\/\"},{\"@type\":\"ListItem\",\"position\":2,\"name\":\"Shop\",\"item\":\"https:\/\/pharmadreams.shop\/index.php\/shop\/\"},{\"@type\":\"ListItem\",\"position\":3,\"name\":\"ISDIN PHOTOPROTECTION ERYFOTONA AK FLUID SPF 100+ 50ML\"}]},{\"@type\":\"WebSite\",\"@id\":\"https:\/\/pharmadreams.shop\/#website\",\"url\":\"https:\/\/pharmadreams.shop\/\",\"name\":\"pharmadreams\",\"description\":\"Parapharmacie en ligne\",\"potentialAction\":[{\"@type\":\"SearchAction\",\"target\":{\"@type\":\"EntryPoint\",\"urlTemplate\":\"https:\/\/pharmadreams.shop\/?s={search_term_string}\"},\"query-input\":\"required name=search_term_string\"}],\"inLanguage\":\"fr-FR\"}]}<\/script>\n<!-- \/ Yoast SEO plugin. -->","yoast_head_json":{"title":"ISDIN PHOTOPROTECTION ERYFOTONA AK FLUID SPF 100+ 50ML - pharmadreams","robots":{"index":"index","follow":"follow","max-snippet":"max-snippet:-1","max-image-preview":"max-image-preview:large","max-video-preview":"max-video-preview:-1"},"canonical":"https:\/\/pharmadreams.shop\/index.php\/product\/isdin-photoprotection-eryfotona-ak-fluid-spf-100-50ml\/","og_locale":"fr_FR","og_type":"article","og_title":"ISDIN PHOTOPROTECTION ERYFOTONA AK FLUID SPF 100+ 50ML - pharmadreams","og_description":"Isdin Eryfotona AK un ecran solaire tres haute protection permet d'emp\u00eacher et r\u00e9parer les dommages actiniques. Donne \u00e0 votre peau une nouvelle chance Pr\u00e9vention et traitement protecteur adjuvant de la k\u00e9ratose actinique (AK) et d'autres formes de cancer de la peau non m\u00e9lanome (NMSC).  R\u00e9duit et am\u00e9liore le champ de cancerisation cutan\u00e9e subclinique associ\u00e9 \u00e0 la k\u00e9ratose actinique et au cancer de la peau non m\u00e9lanome. Emp\u00eache les dommages actiniques caus\u00e9s par le soleil et encourage sa r\u00e9paration. Cr\u00e9e un film protecteur de ADN Repairsomes sur la peau qui aide \u00e0 prot\u00e9ger contre de nouvelles l\u00e9sions. De plus, une utilisation continue aide le m\u00e9canisme de r\u00e9paration naturel de l'ADN","og_url":"https:\/\/pharmadreams.shop\/index.php\/product\/isdin-photoprotection-eryfotona-ak-fluid-spf-100-50ml\/","og_site_name":"pharmadreams","og_image":[{"width":500,"height":500,"url":"https:\/\/pharmadreams.shop\/wp-content\/uploads\/2024\/11\/isdin-photoprotection-eryfotona-ak-fluid-spf-100-50ml.jpg","type":"image\/jpeg"}],"twitter_card":"summary_large_image","twitter_misc":{"Dur\u00e9e de lecture estim\u00e9e":"1 minute"},"schema":{"@context":"https:\/\/schema.org","@graph":[{"@type":"WebPage","@id":"https:\/\/pharmadreams.shop\/index.php\/product\/isdin-photoprotection-eryfotona-ak-fluid-spf-100-50ml\/","url":"https:\/\/pharmadreams.shop\/index.php\/product\/isdin-photoprotection-eryfotona-ak-fluid-spf-100-50ml\/","name":"ISDIN PHOTOPROTECTION ERYFOTONA AK FLUID SPF 100+ 50ML - pharmadreams","isPartOf":{"@id":"https:\/\/pharmadreams.shop\/#website"},"primaryImageOfPage":{"@id":"https:\/\/pharmadreams.shop\/index.php\/product\/isdin-photoprotection-eryfotona-ak-fluid-spf-100-50ml\/#primaryimage"},"image":{"@id":"https:\/\/pharmadreams.shop\/index.php\/product\/isdin-photoprotection-eryfotona-ak-fluid-spf-100-50ml\/#primaryimage"},"thumbnailUrl":"https:\/\/pharmadreams.shop\/wp-content\/uploads\/2024\/11\/isdin-photoprotection-eryfotona-ak-fluid-spf-100-50ml.jpg","datePublished":"2024-11-01T15:32:56+00:00","dateModified":"2024-11-01T15:32:56+00:00","breadcrumb":{"@id":"https:\/\/pharmadreams.shop\/index.php\/product\/isdin-photoprotection-eryfotona-ak-fluid-spf-100-50ml\/#breadcrumb"},"inLanguage":"fr-FR","potentialAction":[{"@type":"ReadAction","target":["https:\/\/pharmadreams.shop\/index.php\/product\/isdin-photoprotection-eryfotona-ak-fluid-spf-100-50ml\/"]}]},{"@type":"ImageObject","inLanguage":"fr-FR","@id":"https:\/\/pharmadreams.shop\/index.php\/product\/isdin-photoprotection-eryfotona-ak-fluid-spf-100-50ml\/#primaryimage","url":"https:\/\/pharmadreams.shop\/wp-content\/uploads\/2024\/11\/isdin-photoprotection-eryfotona-ak-fluid-spf-100-50ml.jpg","contentUrl":"https:\/\/pharmadreams.shop\/wp-content\/uploads\/2024\/11\/isdin-photoprotection-eryfotona-ak-fluid-spf-100-50ml.jpg","width":500,"height":500},{"@type":"BreadcrumbList","@id":"https:\/\/pharmadreams.shop\/index.php\/product\/isdin-photoprotection-eryfotona-ak-fluid-spf-100-50ml\/#breadcrumb","itemListElement":[{"@type":"ListItem","position":1,"name":"Accueil","item":"https:\/\/pharmadreams.shop\/"},{"@type":"ListItem","position":2,"name":"Shop","item":"https:\/\/pharmadreams.shop\/index.php\/shop\/"},{"@type":"ListItem","position":3,"name":"ISDIN PHOTOPROTECTION ERYFOTONA AK FLUID SPF 100+ 50ML"}]},{"@type":"WebSite","@id":"https:\/\/pharmadreams.shop\/#website","url":"https:\/\/pharmadreams.shop\/","name":"pharmadreams","description":"Parapharmacie en ligne","potentialAction":[{"@type":"SearchAction","target":{"@type":"EntryPoint","urlTemplate":"https:\/\/pharmadreams.shop\/?s={search_term_string}"},"query-input":"required name=search_term_string"}],"inLanguage":"fr-FR"}]}},"_links":{"self":[{"href":"https:\/\/pharmadreams.shop\/index.php\/wp-json\/wp\/v2\/product\/19055","targetHints":{"allow":["GET"]}}],"collection":[{"href":"https:\/\/pharmadreams.shop\/index.php\/wp-json\/wp\/v2\/product"}],"about":[{"href":"https:\/\/pharmadreams.shop\/index.php\/wp-json\/wp\/v2\/types\/product"}],"replies":[{"embeddable":true,"href":"https:\/\/pharmadreams.shop\/index.php\/wp-json\/wp\/v2\/comments?post=19055"}],"version-history":[{"count":0,"href":"https:\/\/pharmadreams.shop\/index.php\/wp-json\/wp\/v2\/product\/19055\/revisions"}],"wp:featuredmedia":[{"embeddable":true,"href":"https:\/\/pharmadreams.shop\/index.php\/wp-json\/wp\/v2\/media\/19056"}],"wp:attachment":[{"href":"https:\/\/pharmadreams.shop\/index.php\/wp-json\/wp\/v2\/media?parent=19055"}],"wp:term":[{"taxonomy":"product_brand","embeddable":true,"href":"https:\/\/pharmadreams.shop\/index.php\/wp-json\/wp\/v2\/product_brand?post=19055"},{"taxonomy":"product_cat","embeddable":true,"href":"https:\/\/pharmadreams.shop\/index.php\/wp-json\/wp\/v2\/product_cat?post=19055"},{"taxonomy":"product_tag","embeddable":true,"href":"https:\/\/pharmadreams.shop\/index.php\/wp-json\/wp\/v2\/product_tag?post=19055"}],"curies":[{"name":"wp","href":"https:\/\/api.w.org\/{rel}","templated":true}]}}