{"id":19058,"date":"2024-11-01T16:37:06","date_gmt":"2024-11-01T15:37:06","guid":{"rendered":"https:\/\/pharmadreams.shop\/?post_type=product&#038;p=19058"},"modified":"2024-11-01T16:37:07","modified_gmt":"2024-11-01T15:37:07","slug":"isdin-photoprotecteur-ecran-solaire-spot-prevent-spf50-50ml","status":"publish","type":"product","link":"https:\/\/pharmadreams.shop\/index.php\/product\/isdin-photoprotecteur-ecran-solaire-spot-prevent-spf50-50ml\/","title":{"rendered":"ISDIN PHOTOPROTECTEUR ECRAN SOLAIRE SPOT PREVENT SPF50+ 50ML"},"content":{"rendered":"","protected":false},"excerpt":{"rendered":"<p>FotoUltra Spot Prevent offre une protection 3 fois sup\u00e9rieure au minimum requis dans un \u00e9cran solaire SPF50+ contre les rayons UVA, responsables des troubles pigmentaires.<br \/>\nPermet de ralentir le processus de pigmentation de la peau et de pr\u00e9venir la formation de nouveaux changements pigmentaires caus\u00e9s par le soleil.<\/p>\n<p>Sa texture fond sur la peau pour une application quotidienne agr\u00e9able, avec de l&rsquo;acide hyaluronique qui am\u00e9liore l&rsquo;\u00e9lasticit\u00e9 de la peau et am\u00e9liore les rides.<\/p>\n<p>Les t\u00e2ches pigmentaires dues au soleil affectent principalement la zone du front, les joues et la l\u00e8vre sup\u00e9rieure<\/p>\n","protected":false},"featured_media":19059,"comment_status":"open","ping_status":"closed","template":"","meta":[],"product_brand":[],"product_cat":[90,231,20],"product_tag":[],"class_list":{"0":"post-19058","1":"product","2":"type-product","3":"status-publish","4":"has-post-thumbnail","6":"product_cat-anti-tache","7":"product_cat-ecran-solaire","8":"product_cat-visage","10":"first","11":"instock","12":"shipping-taxable","13":"purchasable","14":"product-type-simple"},"yoast_head":"<!-- This site is optimized with the Yoast SEO plugin v23.0 - https:\/\/yoast.com\/wordpress\/plugins\/seo\/ -->\n<title>ISDIN PHOTOPROTECTEUR ECRAN SOLAIRE SPOT PREVENT SPF50+ 50ML - pharmadreams<\/title>\n<meta name=\"robots\" content=\"index, follow, max-snippet:-1, max-image-preview:large, max-video-preview:-1\" \/>\n<link rel=\"canonical\" href=\"https:\/\/pharmadreams.shop\/index.php\/product\/isdin-photoprotecteur-ecran-solaire-spot-prevent-spf50-50ml\/\" \/>\n<meta property=\"og:locale\" content=\"fr_FR\" \/>\n<meta property=\"og:type\" content=\"article\" \/>\n<meta property=\"og:title\" content=\"ISDIN PHOTOPROTECTEUR ECRAN SOLAIRE SPOT PREVENT SPF50+ 50ML - pharmadreams\" \/>\n<meta property=\"og:description\" content=\"FotoUltra Spot Prevent offre une protection 3 fois sup\u00e9rieure au minimum requis dans un \u00e9cran solaire SPF50+ contre les rayons UVA, responsables des troubles pigmentaires. Permet de ralentir le processus de pigmentation de la peau et de pr\u00e9venir la formation de nouveaux changements pigmentaires caus\u00e9s par le soleil.  Sa texture fond sur la peau pour une application quotidienne agr\u00e9able, avec de l&#039;acide hyaluronique qui am\u00e9liore l&#039;\u00e9lasticit\u00e9 de la peau et am\u00e9liore les rides.  Les t\u00e2ches pigmentaires dues au soleil affectent principalement la zone du front, les joues et la l\u00e8vre sup\u00e9rieure\" \/>\n<meta property=\"og:url\" content=\"https:\/\/pharmadreams.shop\/index.php\/product\/isdin-photoprotecteur-ecran-solaire-spot-prevent-spf50-50ml\/\" \/>\n<meta property=\"og:site_name\" content=\"pharmadreams\" \/>\n<meta property=\"article:modified_time\" content=\"2024-11-01T15:37:07+00:00\" \/>\n<meta property=\"og:image\" content=\"https:\/\/pharmadreams.shop\/wp-content\/uploads\/2024\/11\/isdin-photoprotecteur-ecran-solaire-spot-prevent-spf50-50ml.webp\" \/>\n\t<meta property=\"og:image:width\" content=\"500\" \/>\n\t<meta property=\"og:image:height\" content=\"500\" \/>\n\t<meta property=\"og:image:type\" content=\"image\/webp\" \/>\n<meta name=\"twitter:card\" content=\"summary_large_image\" \/>\n<meta name=\"twitter:label1\" content=\"Dur\u00e9e de lecture estim\u00e9e\" \/>\n\t<meta name=\"twitter:data1\" content=\"1 minute\" \/>\n<script type=\"application\/ld+json\" class=\"yoast-schema-graph\">{\"@context\":\"https:\/\/schema.org\",\"@graph\":[{\"@type\":\"WebPage\",\"@id\":\"https:\/\/pharmadreams.shop\/index.php\/product\/isdin-photoprotecteur-ecran-solaire-spot-prevent-spf50-50ml\/\",\"url\":\"https:\/\/pharmadreams.shop\/index.php\/product\/isdin-photoprotecteur-ecran-solaire-spot-prevent-spf50-50ml\/\",\"name\":\"ISDIN PHOTOPROTECTEUR ECRAN SOLAIRE SPOT PREVENT SPF50+ 50ML - pharmadreams\",\"isPartOf\":{\"@id\":\"https:\/\/pharmadreams.shop\/#website\"},\"primaryImageOfPage\":{\"@id\":\"https:\/\/pharmadreams.shop\/index.php\/product\/isdin-photoprotecteur-ecran-solaire-spot-prevent-spf50-50ml\/#primaryimage\"},\"image\":{\"@id\":\"https:\/\/pharmadreams.shop\/index.php\/product\/isdin-photoprotecteur-ecran-solaire-spot-prevent-spf50-50ml\/#primaryimage\"},\"thumbnailUrl\":\"https:\/\/pharmadreams.shop\/wp-content\/uploads\/2024\/11\/isdin-photoprotecteur-ecran-solaire-spot-prevent-spf50-50ml.webp\",\"datePublished\":\"2024-11-01T15:37:06+00:00\",\"dateModified\":\"2024-11-01T15:37:07+00:00\",\"breadcrumb\":{\"@id\":\"https:\/\/pharmadreams.shop\/index.php\/product\/isdin-photoprotecteur-ecran-solaire-spot-prevent-spf50-50ml\/#breadcrumb\"},\"inLanguage\":\"fr-FR\",\"potentialAction\":[{\"@type\":\"ReadAction\",\"target\":[\"https:\/\/pharmadreams.shop\/index.php\/product\/isdin-photoprotecteur-ecran-solaire-spot-prevent-spf50-50ml\/\"]}]},{\"@type\":\"ImageObject\",\"inLanguage\":\"fr-FR\",\"@id\":\"https:\/\/pharmadreams.shop\/index.php\/product\/isdin-photoprotecteur-ecran-solaire-spot-prevent-spf50-50ml\/#primaryimage\",\"url\":\"https:\/\/pharmadreams.shop\/wp-content\/uploads\/2024\/11\/isdin-photoprotecteur-ecran-solaire-spot-prevent-spf50-50ml.webp\",\"contentUrl\":\"https:\/\/pharmadreams.shop\/wp-content\/uploads\/2024\/11\/isdin-photoprotecteur-ecran-solaire-spot-prevent-spf50-50ml.webp\",\"width\":500,\"height\":500},{\"@type\":\"BreadcrumbList\",\"@id\":\"https:\/\/pharmadreams.shop\/index.php\/product\/isdin-photoprotecteur-ecran-solaire-spot-prevent-spf50-50ml\/#breadcrumb\",\"itemListElement\":[{\"@type\":\"ListItem\",\"position\":1,\"name\":\"Accueil\",\"item\":\"https:\/\/pharmadreams.shop\/\"},{\"@type\":\"ListItem\",\"position\":2,\"name\":\"Shop\",\"item\":\"https:\/\/pharmadreams.shop\/index.php\/shop\/\"},{\"@type\":\"ListItem\",\"position\":3,\"name\":\"ISDIN PHOTOPROTECTEUR ECRAN SOLAIRE SPOT PREVENT SPF50+ 50ML\"}]},{\"@type\":\"WebSite\",\"@id\":\"https:\/\/pharmadreams.shop\/#website\",\"url\":\"https:\/\/pharmadreams.shop\/\",\"name\":\"pharmadreams\",\"description\":\"Parapharmacie en ligne\",\"potentialAction\":[{\"@type\":\"SearchAction\",\"target\":{\"@type\":\"EntryPoint\",\"urlTemplate\":\"https:\/\/pharmadreams.shop\/?s={search_term_string}\"},\"query-input\":\"required name=search_term_string\"}],\"inLanguage\":\"fr-FR\"}]}<\/script>\n<!-- \/ Yoast SEO plugin. -->","yoast_head_json":{"title":"ISDIN PHOTOPROTECTEUR ECRAN SOLAIRE SPOT PREVENT SPF50+ 50ML - pharmadreams","robots":{"index":"index","follow":"follow","max-snippet":"max-snippet:-1","max-image-preview":"max-image-preview:large","max-video-preview":"max-video-preview:-1"},"canonical":"https:\/\/pharmadreams.shop\/index.php\/product\/isdin-photoprotecteur-ecran-solaire-spot-prevent-spf50-50ml\/","og_locale":"fr_FR","og_type":"article","og_title":"ISDIN PHOTOPROTECTEUR ECRAN SOLAIRE SPOT PREVENT SPF50+ 50ML - pharmadreams","og_description":"FotoUltra Spot Prevent offre une protection 3 fois sup\u00e9rieure au minimum requis dans un \u00e9cran solaire SPF50+ contre les rayons UVA, responsables des troubles pigmentaires. Permet de ralentir le processus de pigmentation de la peau et de pr\u00e9venir la formation de nouveaux changements pigmentaires caus\u00e9s par le soleil.  Sa texture fond sur la peau pour une application quotidienne agr\u00e9able, avec de l'acide hyaluronique qui am\u00e9liore l'\u00e9lasticit\u00e9 de la peau et am\u00e9liore les rides.  Les t\u00e2ches pigmentaires dues au soleil affectent principalement la zone du front, les joues et la l\u00e8vre sup\u00e9rieure","og_url":"https:\/\/pharmadreams.shop\/index.php\/product\/isdin-photoprotecteur-ecran-solaire-spot-prevent-spf50-50ml\/","og_site_name":"pharmadreams","article_modified_time":"2024-11-01T15:37:07+00:00","og_image":[{"width":500,"height":500,"url":"https:\/\/pharmadreams.shop\/wp-content\/uploads\/2024\/11\/isdin-photoprotecteur-ecran-solaire-spot-prevent-spf50-50ml.webp","type":"image\/webp"}],"twitter_card":"summary_large_image","twitter_misc":{"Dur\u00e9e de lecture estim\u00e9e":"1 minute"},"schema":{"@context":"https:\/\/schema.org","@graph":[{"@type":"WebPage","@id":"https:\/\/pharmadreams.shop\/index.php\/product\/isdin-photoprotecteur-ecran-solaire-spot-prevent-spf50-50ml\/","url":"https:\/\/pharmadreams.shop\/index.php\/product\/isdin-photoprotecteur-ecran-solaire-spot-prevent-spf50-50ml\/","name":"ISDIN PHOTOPROTECTEUR ECRAN SOLAIRE SPOT PREVENT SPF50+ 50ML - pharmadreams","isPartOf":{"@id":"https:\/\/pharmadreams.shop\/#website"},"primaryImageOfPage":{"@id":"https:\/\/pharmadreams.shop\/index.php\/product\/isdin-photoprotecteur-ecran-solaire-spot-prevent-spf50-50ml\/#primaryimage"},"image":{"@id":"https:\/\/pharmadreams.shop\/index.php\/product\/isdin-photoprotecteur-ecran-solaire-spot-prevent-spf50-50ml\/#primaryimage"},"thumbnailUrl":"https:\/\/pharmadreams.shop\/wp-content\/uploads\/2024\/11\/isdin-photoprotecteur-ecran-solaire-spot-prevent-spf50-50ml.webp","datePublished":"2024-11-01T15:37:06+00:00","dateModified":"2024-11-01T15:37:07+00:00","breadcrumb":{"@id":"https:\/\/pharmadreams.shop\/index.php\/product\/isdin-photoprotecteur-ecran-solaire-spot-prevent-spf50-50ml\/#breadcrumb"},"inLanguage":"fr-FR","potentialAction":[{"@type":"ReadAction","target":["https:\/\/pharmadreams.shop\/index.php\/product\/isdin-photoprotecteur-ecran-solaire-spot-prevent-spf50-50ml\/"]}]},{"@type":"ImageObject","inLanguage":"fr-FR","@id":"https:\/\/pharmadreams.shop\/index.php\/product\/isdin-photoprotecteur-ecran-solaire-spot-prevent-spf50-50ml\/#primaryimage","url":"https:\/\/pharmadreams.shop\/wp-content\/uploads\/2024\/11\/isdin-photoprotecteur-ecran-solaire-spot-prevent-spf50-50ml.webp","contentUrl":"https:\/\/pharmadreams.shop\/wp-content\/uploads\/2024\/11\/isdin-photoprotecteur-ecran-solaire-spot-prevent-spf50-50ml.webp","width":500,"height":500},{"@type":"BreadcrumbList","@id":"https:\/\/pharmadreams.shop\/index.php\/product\/isdin-photoprotecteur-ecran-solaire-spot-prevent-spf50-50ml\/#breadcrumb","itemListElement":[{"@type":"ListItem","position":1,"name":"Accueil","item":"https:\/\/pharmadreams.shop\/"},{"@type":"ListItem","position":2,"name":"Shop","item":"https:\/\/pharmadreams.shop\/index.php\/shop\/"},{"@type":"ListItem","position":3,"name":"ISDIN PHOTOPROTECTEUR ECRAN SOLAIRE SPOT PREVENT SPF50+ 50ML"}]},{"@type":"WebSite","@id":"https:\/\/pharmadreams.shop\/#website","url":"https:\/\/pharmadreams.shop\/","name":"pharmadreams","description":"Parapharmacie en ligne","potentialAction":[{"@type":"SearchAction","target":{"@type":"EntryPoint","urlTemplate":"https:\/\/pharmadreams.shop\/?s={search_term_string}"},"query-input":"required name=search_term_string"}],"inLanguage":"fr-FR"}]}},"_links":{"self":[{"href":"https:\/\/pharmadreams.shop\/index.php\/wp-json\/wp\/v2\/product\/19058","targetHints":{"allow":["GET"]}}],"collection":[{"href":"https:\/\/pharmadreams.shop\/index.php\/wp-json\/wp\/v2\/product"}],"about":[{"href":"https:\/\/pharmadreams.shop\/index.php\/wp-json\/wp\/v2\/types\/product"}],"replies":[{"embeddable":true,"href":"https:\/\/pharmadreams.shop\/index.php\/wp-json\/wp\/v2\/comments?post=19058"}],"version-history":[{"count":0,"href":"https:\/\/pharmadreams.shop\/index.php\/wp-json\/wp\/v2\/product\/19058\/revisions"}],"wp:featuredmedia":[{"embeddable":true,"href":"https:\/\/pharmadreams.shop\/index.php\/wp-json\/wp\/v2\/media\/19059"}],"wp:attachment":[{"href":"https:\/\/pharmadreams.shop\/index.php\/wp-json\/wp\/v2\/media?parent=19058"}],"wp:term":[{"taxonomy":"product_brand","embeddable":true,"href":"https:\/\/pharmadreams.shop\/index.php\/wp-json\/wp\/v2\/product_brand?post=19058"},{"taxonomy":"product_cat","embeddable":true,"href":"https:\/\/pharmadreams.shop\/index.php\/wp-json\/wp\/v2\/product_cat?post=19058"},{"taxonomy":"product_tag","embeddable":true,"href":"https:\/\/pharmadreams.shop\/index.php\/wp-json\/wp\/v2\/product_tag?post=19058"}],"curies":[{"name":"wp","href":"https:\/\/api.w.org\/{rel}","templated":true}]}}