{"id":19061,"date":"2024-11-01T16:45:32","date_gmt":"2024-11-01T15:45:32","guid":{"rendered":"https:\/\/pharmadreams.shop\/?post_type=product&#038;p=19061"},"modified":"2024-11-01T16:45:33","modified_gmt":"2024-11-01T15:45:33","slug":"nubiance-act5-soin-intense-anti-imperfections-30ml","status":"publish","type":"product","link":"https:\/\/pharmadreams.shop\/index.php\/product\/nubiance-act5-soin-intense-anti-imperfections-30ml\/","title":{"rendered":"NUBIANCE ACT5 SOIN INTENSE ANTI-IMPERFECTIONS 30ML"},"content":{"rendered":"","protected":false},"excerpt":{"rendered":"<p style=\"font-weight: 400;\">ACT-5 est un soin anti-imperfections qui n\u2019ass\u00e8che pas la peau et qui corrige les taches caus\u00e9es par les boutons d\u2019acn\u00e9 ! A base de bakuchiol et d\u2019hexylresorcinol, il purifie le s\u00e9bum et r\u00e9gule sa production afin de r\u00e9duire boutons et points noirs.<\/p>\n<p style=\"font-weight: 400;\">Sa texture est l\u00e9g\u00e8re, agr\u00e9ablement parfum\u00e9e et convient aux peaux les plus sensibles.<\/p>\n<p style=\"font-weight: 400;\">Alimentation, pollution, changement hormonal. Quel que soit le type de peau, l\u2019\u00e2ge ou le sexe, chacun peut \u00eatre confront\u00e9 \u00e0 l\u2019apparition de boutons d\u2019acn\u00e9. L\u00e9g\u00e8re, mod\u00e9r\u00e9e ou s\u00e9v\u00e8re, l\u2019acn\u00e9 se manifeste par des imperfections qui s\u2019inflamment en entra\u00eenant inconfort, g\u00eane et rougeurs au quotidien. Chez les peaux noires, mates et m\u00e9tiss\u00e9es, elles s&rsquo;accompagnent fr\u00e9quemment de taches r\u00e9siduelles persistantes. ACT-5\u00ae est une combinaison exclusive de 3 actifs dermatologiques de r\u00e9f\u00e9rence. Il permet de r\u00e9guler la production d\u2019un s\u00e9bum de qualit\u00e9 et de pr\u00e9venir efficacement l&rsquo;apparition des boutons et des points noirs.En utilisant ACT-5\u00ae, il est possible de restaurer la fonction de barri\u00e8re cutan\u00e9e, de pr\u00e9venir la prolif\u00e9ration bact\u00e9rienne et d&rsquo;am\u00e9liorer la texture de la peau sans entra\u00eener de d\u00e9shydratation excessive. Ce soin pr\u00e9serve l&rsquo;int\u00e9grit\u00e9 du s\u00e9bum (squal\u00e8ne) en le prot\u00e9geant contre l&rsquo;oxydation, tout en r\u00e9duisant l&rsquo;hyperpigmentation post-inflammatoire caus\u00e9e par les imperfections.<\/p>\n","protected":false},"featured_media":19062,"comment_status":"open","ping_status":"closed","template":"","meta":[],"product_brand":[],"product_cat":[97,78,20],"product_tag":[],"class_list":{"0":"post-19061","1":"product","2":"type-product","3":"status-publish","4":"has-post-thumbnail","6":"product_cat-anti-imperfection","7":"product_cat-cremes","8":"product_cat-visage","10":"first","11":"instock","12":"sale","13":"shipping-taxable","14":"purchasable","15":"product-type-simple"},"yoast_head":"<!-- This site is optimized with the Yoast SEO plugin v23.0 - https:\/\/yoast.com\/wordpress\/plugins\/seo\/ -->\n<title>NUBIANCE ACT5 SOIN INTENSE ANTI-IMPERFECTIONS 30ML - pharmadreams<\/title>\n<meta name=\"robots\" content=\"index, follow, max-snippet:-1, max-image-preview:large, max-video-preview:-1\" \/>\n<link rel=\"canonical\" href=\"https:\/\/pharmadreams.shop\/index.php\/product\/nubiance-act5-soin-intense-anti-imperfections-30ml\/\" \/>\n<meta property=\"og:locale\" content=\"fr_FR\" \/>\n<meta property=\"og:type\" content=\"article\" \/>\n<meta property=\"og:title\" content=\"NUBIANCE ACT5 SOIN INTENSE ANTI-IMPERFECTIONS 30ML - pharmadreams\" \/>\n<meta property=\"og:description\" content=\"ACT-5 est un soin anti-imperfections qui n\u2019ass\u00e8che pas la peau et qui corrige les taches caus\u00e9es par les boutons d\u2019acn\u00e9 ! A base de bakuchiol et d\u2019hexylresorcinol, il purifie le s\u00e9bum et r\u00e9gule sa production afin de r\u00e9duire boutons et points noirs. Sa texture est l\u00e9g\u00e8re, agr\u00e9ablement parfum\u00e9e et convient aux peaux les plus sensibles. Alimentation, pollution, changement hormonal. Quel que soit le type de peau, l\u2019\u00e2ge ou le sexe, chacun peut \u00eatre confront\u00e9 \u00e0 l\u2019apparition de boutons d\u2019acn\u00e9. L\u00e9g\u00e8re, mod\u00e9r\u00e9e ou s\u00e9v\u00e8re, l\u2019acn\u00e9 se manifeste par des imperfections qui s\u2019inflamment en entra\u00eenant inconfort, g\u00eane et rougeurs au quotidien. Chez les peaux noires, mates et m\u00e9tiss\u00e9es, elles s&#039;accompagnent fr\u00e9quemment de taches r\u00e9siduelles persistantes. ACT-5\u00ae est une combinaison exclusive de 3 actifs dermatologiques de r\u00e9f\u00e9rence. Il permet de r\u00e9guler la production d\u2019un s\u00e9bum de qualit\u00e9 et de pr\u00e9venir efficacement l&#039;apparition des boutons et des points noirs.En utilisant ACT-5\u00ae, il est possible de restaurer la fonction de barri\u00e8re cutan\u00e9e, de pr\u00e9venir la prolif\u00e9ration bact\u00e9rienne et d&#039;am\u00e9liorer la texture de la peau sans entra\u00eener de d\u00e9shydratation excessive. Ce soin pr\u00e9serve l&#039;int\u00e9grit\u00e9 du s\u00e9bum (squal\u00e8ne) en le prot\u00e9geant contre l&#039;oxydation, tout en r\u00e9duisant l&#039;hyperpigmentation post-inflammatoire caus\u00e9e par les imperfections.\" \/>\n<meta property=\"og:url\" content=\"https:\/\/pharmadreams.shop\/index.php\/product\/nubiance-act5-soin-intense-anti-imperfections-30ml\/\" \/>\n<meta property=\"og:site_name\" content=\"pharmadreams\" \/>\n<meta property=\"article:modified_time\" content=\"2024-11-01T15:45:33+00:00\" \/>\n<meta property=\"og:image\" content=\"https:\/\/pharmadreams.shop\/wp-content\/uploads\/2024\/11\/nubiance-act5-soin-intense-30ml.png\" \/>\n\t<meta property=\"og:image:width\" content=\"500\" \/>\n\t<meta property=\"og:image:height\" content=\"500\" \/>\n\t<meta property=\"og:image:type\" content=\"image\/png\" \/>\n<meta name=\"twitter:card\" content=\"summary_large_image\" \/>\n<meta name=\"twitter:label1\" content=\"Dur\u00e9e de lecture estim\u00e9e\" \/>\n\t<meta name=\"twitter:data1\" content=\"1 minute\" \/>\n<script type=\"application\/ld+json\" class=\"yoast-schema-graph\">{\"@context\":\"https:\/\/schema.org\",\"@graph\":[{\"@type\":\"WebPage\",\"@id\":\"https:\/\/pharmadreams.shop\/index.php\/product\/nubiance-act5-soin-intense-anti-imperfections-30ml\/\",\"url\":\"https:\/\/pharmadreams.shop\/index.php\/product\/nubiance-act5-soin-intense-anti-imperfections-30ml\/\",\"name\":\"NUBIANCE ACT5 SOIN INTENSE ANTI-IMPERFECTIONS 30ML - pharmadreams\",\"isPartOf\":{\"@id\":\"https:\/\/pharmadreams.shop\/#website\"},\"primaryImageOfPage\":{\"@id\":\"https:\/\/pharmadreams.shop\/index.php\/product\/nubiance-act5-soin-intense-anti-imperfections-30ml\/#primaryimage\"},\"image\":{\"@id\":\"https:\/\/pharmadreams.shop\/index.php\/product\/nubiance-act5-soin-intense-anti-imperfections-30ml\/#primaryimage\"},\"thumbnailUrl\":\"https:\/\/pharmadreams.shop\/wp-content\/uploads\/2024\/11\/nubiance-act5-soin-intense-30ml.png\",\"datePublished\":\"2024-11-01T15:45:32+00:00\",\"dateModified\":\"2024-11-01T15:45:33+00:00\",\"breadcrumb\":{\"@id\":\"https:\/\/pharmadreams.shop\/index.php\/product\/nubiance-act5-soin-intense-anti-imperfections-30ml\/#breadcrumb\"},\"inLanguage\":\"fr-FR\",\"potentialAction\":[{\"@type\":\"ReadAction\",\"target\":[\"https:\/\/pharmadreams.shop\/index.php\/product\/nubiance-act5-soin-intense-anti-imperfections-30ml\/\"]}]},{\"@type\":\"ImageObject\",\"inLanguage\":\"fr-FR\",\"@id\":\"https:\/\/pharmadreams.shop\/index.php\/product\/nubiance-act5-soin-intense-anti-imperfections-30ml\/#primaryimage\",\"url\":\"https:\/\/pharmadreams.shop\/wp-content\/uploads\/2024\/11\/nubiance-act5-soin-intense-30ml.png\",\"contentUrl\":\"https:\/\/pharmadreams.shop\/wp-content\/uploads\/2024\/11\/nubiance-act5-soin-intense-30ml.png\",\"width\":500,\"height\":500},{\"@type\":\"BreadcrumbList\",\"@id\":\"https:\/\/pharmadreams.shop\/index.php\/product\/nubiance-act5-soin-intense-anti-imperfections-30ml\/#breadcrumb\",\"itemListElement\":[{\"@type\":\"ListItem\",\"position\":1,\"name\":\"Accueil\",\"item\":\"https:\/\/pharmadreams.shop\/\"},{\"@type\":\"ListItem\",\"position\":2,\"name\":\"Shop\",\"item\":\"https:\/\/pharmadreams.shop\/index.php\/shop\/\"},{\"@type\":\"ListItem\",\"position\":3,\"name\":\"NUBIANCE ACT5 SOIN INTENSE ANTI-IMPERFECTIONS 30ML\"}]},{\"@type\":\"WebSite\",\"@id\":\"https:\/\/pharmadreams.shop\/#website\",\"url\":\"https:\/\/pharmadreams.shop\/\",\"name\":\"pharmadreams\",\"description\":\"Parapharmacie en ligne\",\"potentialAction\":[{\"@type\":\"SearchAction\",\"target\":{\"@type\":\"EntryPoint\",\"urlTemplate\":\"https:\/\/pharmadreams.shop\/?s={search_term_string}\"},\"query-input\":\"required name=search_term_string\"}],\"inLanguage\":\"fr-FR\"}]}<\/script>\n<!-- \/ Yoast SEO plugin. -->","yoast_head_json":{"title":"NUBIANCE ACT5 SOIN INTENSE ANTI-IMPERFECTIONS 30ML - pharmadreams","robots":{"index":"index","follow":"follow","max-snippet":"max-snippet:-1","max-image-preview":"max-image-preview:large","max-video-preview":"max-video-preview:-1"},"canonical":"https:\/\/pharmadreams.shop\/index.php\/product\/nubiance-act5-soin-intense-anti-imperfections-30ml\/","og_locale":"fr_FR","og_type":"article","og_title":"NUBIANCE ACT5 SOIN INTENSE ANTI-IMPERFECTIONS 30ML - pharmadreams","og_description":"ACT-5 est un soin anti-imperfections qui n\u2019ass\u00e8che pas la peau et qui corrige les taches caus\u00e9es par les boutons d\u2019acn\u00e9 ! A base de bakuchiol et d\u2019hexylresorcinol, il purifie le s\u00e9bum et r\u00e9gule sa production afin de r\u00e9duire boutons et points noirs. Sa texture est l\u00e9g\u00e8re, agr\u00e9ablement parfum\u00e9e et convient aux peaux les plus sensibles. Alimentation, pollution, changement hormonal. Quel que soit le type de peau, l\u2019\u00e2ge ou le sexe, chacun peut \u00eatre confront\u00e9 \u00e0 l\u2019apparition de boutons d\u2019acn\u00e9. L\u00e9g\u00e8re, mod\u00e9r\u00e9e ou s\u00e9v\u00e8re, l\u2019acn\u00e9 se manifeste par des imperfections qui s\u2019inflamment en entra\u00eenant inconfort, g\u00eane et rougeurs au quotidien. Chez les peaux noires, mates et m\u00e9tiss\u00e9es, elles s'accompagnent fr\u00e9quemment de taches r\u00e9siduelles persistantes. ACT-5\u00ae est une combinaison exclusive de 3 actifs dermatologiques de r\u00e9f\u00e9rence. Il permet de r\u00e9guler la production d\u2019un s\u00e9bum de qualit\u00e9 et de pr\u00e9venir efficacement l'apparition des boutons et des points noirs.En utilisant ACT-5\u00ae, il est possible de restaurer la fonction de barri\u00e8re cutan\u00e9e, de pr\u00e9venir la prolif\u00e9ration bact\u00e9rienne et d'am\u00e9liorer la texture de la peau sans entra\u00eener de d\u00e9shydratation excessive. Ce soin pr\u00e9serve l'int\u00e9grit\u00e9 du s\u00e9bum (squal\u00e8ne) en le prot\u00e9geant contre l'oxydation, tout en r\u00e9duisant l'hyperpigmentation post-inflammatoire caus\u00e9e par les imperfections.","og_url":"https:\/\/pharmadreams.shop\/index.php\/product\/nubiance-act5-soin-intense-anti-imperfections-30ml\/","og_site_name":"pharmadreams","article_modified_time":"2024-11-01T15:45:33+00:00","og_image":[{"width":500,"height":500,"url":"https:\/\/pharmadreams.shop\/wp-content\/uploads\/2024\/11\/nubiance-act5-soin-intense-30ml.png","type":"image\/png"}],"twitter_card":"summary_large_image","twitter_misc":{"Dur\u00e9e de lecture estim\u00e9e":"1 minute"},"schema":{"@context":"https:\/\/schema.org","@graph":[{"@type":"WebPage","@id":"https:\/\/pharmadreams.shop\/index.php\/product\/nubiance-act5-soin-intense-anti-imperfections-30ml\/","url":"https:\/\/pharmadreams.shop\/index.php\/product\/nubiance-act5-soin-intense-anti-imperfections-30ml\/","name":"NUBIANCE ACT5 SOIN INTENSE ANTI-IMPERFECTIONS 30ML - pharmadreams","isPartOf":{"@id":"https:\/\/pharmadreams.shop\/#website"},"primaryImageOfPage":{"@id":"https:\/\/pharmadreams.shop\/index.php\/product\/nubiance-act5-soin-intense-anti-imperfections-30ml\/#primaryimage"},"image":{"@id":"https:\/\/pharmadreams.shop\/index.php\/product\/nubiance-act5-soin-intense-anti-imperfections-30ml\/#primaryimage"},"thumbnailUrl":"https:\/\/pharmadreams.shop\/wp-content\/uploads\/2024\/11\/nubiance-act5-soin-intense-30ml.png","datePublished":"2024-11-01T15:45:32+00:00","dateModified":"2024-11-01T15:45:33+00:00","breadcrumb":{"@id":"https:\/\/pharmadreams.shop\/index.php\/product\/nubiance-act5-soin-intense-anti-imperfections-30ml\/#breadcrumb"},"inLanguage":"fr-FR","potentialAction":[{"@type":"ReadAction","target":["https:\/\/pharmadreams.shop\/index.php\/product\/nubiance-act5-soin-intense-anti-imperfections-30ml\/"]}]},{"@type":"ImageObject","inLanguage":"fr-FR","@id":"https:\/\/pharmadreams.shop\/index.php\/product\/nubiance-act5-soin-intense-anti-imperfections-30ml\/#primaryimage","url":"https:\/\/pharmadreams.shop\/wp-content\/uploads\/2024\/11\/nubiance-act5-soin-intense-30ml.png","contentUrl":"https:\/\/pharmadreams.shop\/wp-content\/uploads\/2024\/11\/nubiance-act5-soin-intense-30ml.png","width":500,"height":500},{"@type":"BreadcrumbList","@id":"https:\/\/pharmadreams.shop\/index.php\/product\/nubiance-act5-soin-intense-anti-imperfections-30ml\/#breadcrumb","itemListElement":[{"@type":"ListItem","position":1,"name":"Accueil","item":"https:\/\/pharmadreams.shop\/"},{"@type":"ListItem","position":2,"name":"Shop","item":"https:\/\/pharmadreams.shop\/index.php\/shop\/"},{"@type":"ListItem","position":3,"name":"NUBIANCE ACT5 SOIN INTENSE ANTI-IMPERFECTIONS 30ML"}]},{"@type":"WebSite","@id":"https:\/\/pharmadreams.shop\/#website","url":"https:\/\/pharmadreams.shop\/","name":"pharmadreams","description":"Parapharmacie en ligne","potentialAction":[{"@type":"SearchAction","target":{"@type":"EntryPoint","urlTemplate":"https:\/\/pharmadreams.shop\/?s={search_term_string}"},"query-input":"required name=search_term_string"}],"inLanguage":"fr-FR"}]}},"_links":{"self":[{"href":"https:\/\/pharmadreams.shop\/index.php\/wp-json\/wp\/v2\/product\/19061","targetHints":{"allow":["GET"]}}],"collection":[{"href":"https:\/\/pharmadreams.shop\/index.php\/wp-json\/wp\/v2\/product"}],"about":[{"href":"https:\/\/pharmadreams.shop\/index.php\/wp-json\/wp\/v2\/types\/product"}],"replies":[{"embeddable":true,"href":"https:\/\/pharmadreams.shop\/index.php\/wp-json\/wp\/v2\/comments?post=19061"}],"version-history":[{"count":0,"href":"https:\/\/pharmadreams.shop\/index.php\/wp-json\/wp\/v2\/product\/19061\/revisions"}],"wp:featuredmedia":[{"embeddable":true,"href":"https:\/\/pharmadreams.shop\/index.php\/wp-json\/wp\/v2\/media\/19062"}],"wp:attachment":[{"href":"https:\/\/pharmadreams.shop\/index.php\/wp-json\/wp\/v2\/media?parent=19061"}],"wp:term":[{"taxonomy":"product_brand","embeddable":true,"href":"https:\/\/pharmadreams.shop\/index.php\/wp-json\/wp\/v2\/product_brand?post=19061"},{"taxonomy":"product_cat","embeddable":true,"href":"https:\/\/pharmadreams.shop\/index.php\/wp-json\/wp\/v2\/product_cat?post=19061"},{"taxonomy":"product_tag","embeddable":true,"href":"https:\/\/pharmadreams.shop\/index.php\/wp-json\/wp\/v2\/product_tag?post=19061"}],"curies":[{"name":"wp","href":"https:\/\/api.w.org\/{rel}","templated":true}]}}