{"id":19064,"date":"2024-11-01T16:49:20","date_gmt":"2024-11-01T15:49:20","guid":{"rendered":"https:\/\/pharmadreams.shop\/?post_type=product&#038;p=19064"},"modified":"2024-11-01T16:49:20","modified_gmt":"2024-11-01T15:49:20","slug":"nubiance-eye-re-7-contour-des-yeux-multi-correcteur-15ml","status":"publish","type":"product","link":"https:\/\/pharmadreams.shop\/index.php\/product\/nubiance-eye-re-7-contour-des-yeux-multi-correcteur-15ml\/","title":{"rendered":"NUBIANCE EYE RE-7 CONTOUR DES YEUX MULTI CORRECTEUR 15ML"},"content":{"rendered":"","protected":false},"excerpt":{"rendered":"<p style=\"font-weight: 400;\">C&rsquo;est bien connu, la peau du contour de l\u2019\u0153il est la plus fragile du visage&#8230; Manque de sommeil, \u00e9crans, exposition solaire, pollution, elle est tr\u00e8s souvent agress\u00e9e et r\u00e9pond par des signes qui ternissent et marquent le regard d\u2019autant plus chez les peaux nubiennes. Plus fine et plus fragile, la zone du contour de l&rsquo;oeil n\u00e9cessite un soin tout particulier pour att\u00e9nuer cernes, poches et rides.<\/p>\n<p style=\"font-weight: 400;\">EYE RE-7\u00ae est un concentr\u00e9 de 7 ingr\u00e9dients actifs r\u00e9unis pour am\u00e9liorer visiblement l\u2019aspect du contour de l\u2019\u0153il. Gr\u00e2ce \u00e0 sa formule exclusive dont l\u2019efficacit\u00e9 est prouv\u00e9e cliniquement, EYE RE-7\u00ae att\u00e9nue la pigmentation des cernes, d\u00e9congestionne les poches sous les yeux et lisse les rides pour un regard uniformis\u00e9, frais et lumineux. Sans parfum et l\u00e9g\u00e8rement teint\u00e9 (pour ne pas laisser de traces blanches), EYE RE-7\u00ae sera ton nouvel alli\u00e9 pour un regard \u00e9clatant et repulp\u00e9 !<\/p>\n<p style=\"font-weight: 400;\"><b><strong>Conseils d&rsquo;utilisation :<\/strong><\/b><\/p>\n<p style=\"font-weight: 400;\">Appliquer le matin et\/ou le soir, au niveau du cerne puis massez d\u00e9licatement par l\u00e9g\u00e8res pressions du doigt en partant du coin interne de l\u2019\u0153il vers l\u2019ext\u00e9rieur.<\/p>\n","protected":false},"featured_media":19065,"comment_status":"open","ping_status":"closed","template":"","meta":[],"product_brand":[],"product_cat":[100,120,20,270],"product_tag":[],"class_list":{"0":"post-19064","1":"product","2":"type-product","3":"status-publish","4":"has-post-thumbnail","6":"product_cat-anti-age","7":"product_cat-anti-rides","8":"product_cat-visage","9":"product_cat-yeux-sensibles","11":"first","12":"instock","13":"sale","14":"shipping-taxable","15":"purchasable","16":"product-type-simple"},"yoast_head":"<!-- This site is optimized with the Yoast SEO plugin v23.0 - https:\/\/yoast.com\/wordpress\/plugins\/seo\/ -->\n<title>NUBIANCE EYE RE-7 CONTOUR DES YEUX MULTI CORRECTEUR 15ML - pharmadreams<\/title>\n<meta name=\"robots\" content=\"index, follow, max-snippet:-1, max-image-preview:large, max-video-preview:-1\" \/>\n<link rel=\"canonical\" href=\"https:\/\/pharmadreams.shop\/index.php\/product\/nubiance-eye-re-7-contour-des-yeux-multi-correcteur-15ml\/\" \/>\n<meta property=\"og:locale\" content=\"fr_FR\" \/>\n<meta property=\"og:type\" content=\"article\" \/>\n<meta property=\"og:title\" content=\"NUBIANCE EYE RE-7 CONTOUR DES YEUX MULTI CORRECTEUR 15ML - pharmadreams\" \/>\n<meta property=\"og:description\" content=\"C&#039;est bien connu, la peau du contour de l\u2019\u0153il est la plus fragile du visage... Manque de sommeil, \u00e9crans, exposition solaire, pollution, elle est tr\u00e8s souvent agress\u00e9e et r\u00e9pond par des signes qui ternissent et marquent le regard d\u2019autant plus chez les peaux nubiennes. Plus fine et plus fragile, la zone du contour de l&#039;oeil n\u00e9cessite un soin tout particulier pour att\u00e9nuer cernes, poches et rides. EYE RE-7\u00ae est un concentr\u00e9 de 7 ingr\u00e9dients actifs r\u00e9unis pour am\u00e9liorer visiblement l\u2019aspect du contour de l\u2019\u0153il. Gr\u00e2ce \u00e0 sa formule exclusive dont l\u2019efficacit\u00e9 est prouv\u00e9e cliniquement, EYE RE-7\u00ae att\u00e9nue la pigmentation des cernes, d\u00e9congestionne les poches sous les yeux et lisse les rides pour un regard uniformis\u00e9, frais et lumineux. Sans parfum et l\u00e9g\u00e8rement teint\u00e9 (pour ne pas laisser de traces blanches), EYE RE-7\u00ae sera ton nouvel alli\u00e9 pour un regard \u00e9clatant et repulp\u00e9 ! Conseils d&#039;utilisation : Appliquer le matin et\/ou le soir, au niveau du cerne puis massez d\u00e9licatement par l\u00e9g\u00e8res pressions du doigt en partant du coin interne de l\u2019\u0153il vers l\u2019ext\u00e9rieur.\" \/>\n<meta property=\"og:url\" content=\"https:\/\/pharmadreams.shop\/index.php\/product\/nubiance-eye-re-7-contour-des-yeux-multi-correcteur-15ml\/\" \/>\n<meta property=\"og:site_name\" content=\"pharmadreams\" \/>\n<meta property=\"og:image\" content=\"https:\/\/pharmadreams.shop\/wp-content\/uploads\/2024\/11\/nubiance-eye-re-7-contour-des-yeux-multi-correcteur-15ml.jpg\" \/>\n\t<meta property=\"og:image:width\" content=\"500\" \/>\n\t<meta property=\"og:image:height\" content=\"500\" \/>\n\t<meta property=\"og:image:type\" content=\"image\/jpeg\" \/>\n<meta name=\"twitter:card\" content=\"summary_large_image\" \/>\n<meta name=\"twitter:label1\" content=\"Dur\u00e9e de lecture estim\u00e9e\" \/>\n\t<meta name=\"twitter:data1\" content=\"1 minute\" \/>\n<script type=\"application\/ld+json\" class=\"yoast-schema-graph\">{\"@context\":\"https:\/\/schema.org\",\"@graph\":[{\"@type\":\"WebPage\",\"@id\":\"https:\/\/pharmadreams.shop\/index.php\/product\/nubiance-eye-re-7-contour-des-yeux-multi-correcteur-15ml\/\",\"url\":\"https:\/\/pharmadreams.shop\/index.php\/product\/nubiance-eye-re-7-contour-des-yeux-multi-correcteur-15ml\/\",\"name\":\"NUBIANCE EYE RE-7 CONTOUR DES YEUX MULTI CORRECTEUR 15ML - pharmadreams\",\"isPartOf\":{\"@id\":\"https:\/\/pharmadreams.shop\/#website\"},\"primaryImageOfPage\":{\"@id\":\"https:\/\/pharmadreams.shop\/index.php\/product\/nubiance-eye-re-7-contour-des-yeux-multi-correcteur-15ml\/#primaryimage\"},\"image\":{\"@id\":\"https:\/\/pharmadreams.shop\/index.php\/product\/nubiance-eye-re-7-contour-des-yeux-multi-correcteur-15ml\/#primaryimage\"},\"thumbnailUrl\":\"https:\/\/pharmadreams.shop\/wp-content\/uploads\/2024\/11\/nubiance-eye-re-7-contour-des-yeux-multi-correcteur-15ml.jpg\",\"datePublished\":\"2024-11-01T15:49:20+00:00\",\"dateModified\":\"2024-11-01T15:49:20+00:00\",\"breadcrumb\":{\"@id\":\"https:\/\/pharmadreams.shop\/index.php\/product\/nubiance-eye-re-7-contour-des-yeux-multi-correcteur-15ml\/#breadcrumb\"},\"inLanguage\":\"fr-FR\",\"potentialAction\":[{\"@type\":\"ReadAction\",\"target\":[\"https:\/\/pharmadreams.shop\/index.php\/product\/nubiance-eye-re-7-contour-des-yeux-multi-correcteur-15ml\/\"]}]},{\"@type\":\"ImageObject\",\"inLanguage\":\"fr-FR\",\"@id\":\"https:\/\/pharmadreams.shop\/index.php\/product\/nubiance-eye-re-7-contour-des-yeux-multi-correcteur-15ml\/#primaryimage\",\"url\":\"https:\/\/pharmadreams.shop\/wp-content\/uploads\/2024\/11\/nubiance-eye-re-7-contour-des-yeux-multi-correcteur-15ml.jpg\",\"contentUrl\":\"https:\/\/pharmadreams.shop\/wp-content\/uploads\/2024\/11\/nubiance-eye-re-7-contour-des-yeux-multi-correcteur-15ml.jpg\",\"width\":500,\"height\":500},{\"@type\":\"BreadcrumbList\",\"@id\":\"https:\/\/pharmadreams.shop\/index.php\/product\/nubiance-eye-re-7-contour-des-yeux-multi-correcteur-15ml\/#breadcrumb\",\"itemListElement\":[{\"@type\":\"ListItem\",\"position\":1,\"name\":\"Accueil\",\"item\":\"https:\/\/pharmadreams.shop\/\"},{\"@type\":\"ListItem\",\"position\":2,\"name\":\"Shop\",\"item\":\"https:\/\/pharmadreams.shop\/index.php\/shop\/\"},{\"@type\":\"ListItem\",\"position\":3,\"name\":\"NUBIANCE EYE RE-7 CONTOUR DES YEUX MULTI CORRECTEUR 15ML\"}]},{\"@type\":\"WebSite\",\"@id\":\"https:\/\/pharmadreams.shop\/#website\",\"url\":\"https:\/\/pharmadreams.shop\/\",\"name\":\"pharmadreams\",\"description\":\"Parapharmacie en ligne\",\"potentialAction\":[{\"@type\":\"SearchAction\",\"target\":{\"@type\":\"EntryPoint\",\"urlTemplate\":\"https:\/\/pharmadreams.shop\/?s={search_term_string}\"},\"query-input\":\"required name=search_term_string\"}],\"inLanguage\":\"fr-FR\"}]}<\/script>\n<!-- \/ Yoast SEO plugin. -->","yoast_head_json":{"title":"NUBIANCE EYE RE-7 CONTOUR DES YEUX MULTI CORRECTEUR 15ML - pharmadreams","robots":{"index":"index","follow":"follow","max-snippet":"max-snippet:-1","max-image-preview":"max-image-preview:large","max-video-preview":"max-video-preview:-1"},"canonical":"https:\/\/pharmadreams.shop\/index.php\/product\/nubiance-eye-re-7-contour-des-yeux-multi-correcteur-15ml\/","og_locale":"fr_FR","og_type":"article","og_title":"NUBIANCE EYE RE-7 CONTOUR DES YEUX MULTI CORRECTEUR 15ML - pharmadreams","og_description":"C'est bien connu, la peau du contour de l\u2019\u0153il est la plus fragile du visage... Manque de sommeil, \u00e9crans, exposition solaire, pollution, elle est tr\u00e8s souvent agress\u00e9e et r\u00e9pond par des signes qui ternissent et marquent le regard d\u2019autant plus chez les peaux nubiennes. Plus fine et plus fragile, la zone du contour de l'oeil n\u00e9cessite un soin tout particulier pour att\u00e9nuer cernes, poches et rides. EYE RE-7\u00ae est un concentr\u00e9 de 7 ingr\u00e9dients actifs r\u00e9unis pour am\u00e9liorer visiblement l\u2019aspect du contour de l\u2019\u0153il. Gr\u00e2ce \u00e0 sa formule exclusive dont l\u2019efficacit\u00e9 est prouv\u00e9e cliniquement, EYE RE-7\u00ae att\u00e9nue la pigmentation des cernes, d\u00e9congestionne les poches sous les yeux et lisse les rides pour un regard uniformis\u00e9, frais et lumineux. Sans parfum et l\u00e9g\u00e8rement teint\u00e9 (pour ne pas laisser de traces blanches), EYE RE-7\u00ae sera ton nouvel alli\u00e9 pour un regard \u00e9clatant et repulp\u00e9 ! Conseils d'utilisation : Appliquer le matin et\/ou le soir, au niveau du cerne puis massez d\u00e9licatement par l\u00e9g\u00e8res pressions du doigt en partant du coin interne de l\u2019\u0153il vers l\u2019ext\u00e9rieur.","og_url":"https:\/\/pharmadreams.shop\/index.php\/product\/nubiance-eye-re-7-contour-des-yeux-multi-correcteur-15ml\/","og_site_name":"pharmadreams","og_image":[{"width":500,"height":500,"url":"https:\/\/pharmadreams.shop\/wp-content\/uploads\/2024\/11\/nubiance-eye-re-7-contour-des-yeux-multi-correcteur-15ml.jpg","type":"image\/jpeg"}],"twitter_card":"summary_large_image","twitter_misc":{"Dur\u00e9e de lecture estim\u00e9e":"1 minute"},"schema":{"@context":"https:\/\/schema.org","@graph":[{"@type":"WebPage","@id":"https:\/\/pharmadreams.shop\/index.php\/product\/nubiance-eye-re-7-contour-des-yeux-multi-correcteur-15ml\/","url":"https:\/\/pharmadreams.shop\/index.php\/product\/nubiance-eye-re-7-contour-des-yeux-multi-correcteur-15ml\/","name":"NUBIANCE EYE RE-7 CONTOUR DES YEUX MULTI CORRECTEUR 15ML - pharmadreams","isPartOf":{"@id":"https:\/\/pharmadreams.shop\/#website"},"primaryImageOfPage":{"@id":"https:\/\/pharmadreams.shop\/index.php\/product\/nubiance-eye-re-7-contour-des-yeux-multi-correcteur-15ml\/#primaryimage"},"image":{"@id":"https:\/\/pharmadreams.shop\/index.php\/product\/nubiance-eye-re-7-contour-des-yeux-multi-correcteur-15ml\/#primaryimage"},"thumbnailUrl":"https:\/\/pharmadreams.shop\/wp-content\/uploads\/2024\/11\/nubiance-eye-re-7-contour-des-yeux-multi-correcteur-15ml.jpg","datePublished":"2024-11-01T15:49:20+00:00","dateModified":"2024-11-01T15:49:20+00:00","breadcrumb":{"@id":"https:\/\/pharmadreams.shop\/index.php\/product\/nubiance-eye-re-7-contour-des-yeux-multi-correcteur-15ml\/#breadcrumb"},"inLanguage":"fr-FR","potentialAction":[{"@type":"ReadAction","target":["https:\/\/pharmadreams.shop\/index.php\/product\/nubiance-eye-re-7-contour-des-yeux-multi-correcteur-15ml\/"]}]},{"@type":"ImageObject","inLanguage":"fr-FR","@id":"https:\/\/pharmadreams.shop\/index.php\/product\/nubiance-eye-re-7-contour-des-yeux-multi-correcteur-15ml\/#primaryimage","url":"https:\/\/pharmadreams.shop\/wp-content\/uploads\/2024\/11\/nubiance-eye-re-7-contour-des-yeux-multi-correcteur-15ml.jpg","contentUrl":"https:\/\/pharmadreams.shop\/wp-content\/uploads\/2024\/11\/nubiance-eye-re-7-contour-des-yeux-multi-correcteur-15ml.jpg","width":500,"height":500},{"@type":"BreadcrumbList","@id":"https:\/\/pharmadreams.shop\/index.php\/product\/nubiance-eye-re-7-contour-des-yeux-multi-correcteur-15ml\/#breadcrumb","itemListElement":[{"@type":"ListItem","position":1,"name":"Accueil","item":"https:\/\/pharmadreams.shop\/"},{"@type":"ListItem","position":2,"name":"Shop","item":"https:\/\/pharmadreams.shop\/index.php\/shop\/"},{"@type":"ListItem","position":3,"name":"NUBIANCE EYE RE-7 CONTOUR DES YEUX MULTI CORRECTEUR 15ML"}]},{"@type":"WebSite","@id":"https:\/\/pharmadreams.shop\/#website","url":"https:\/\/pharmadreams.shop\/","name":"pharmadreams","description":"Parapharmacie en ligne","potentialAction":[{"@type":"SearchAction","target":{"@type":"EntryPoint","urlTemplate":"https:\/\/pharmadreams.shop\/?s={search_term_string}"},"query-input":"required name=search_term_string"}],"inLanguage":"fr-FR"}]}},"_links":{"self":[{"href":"https:\/\/pharmadreams.shop\/index.php\/wp-json\/wp\/v2\/product\/19064","targetHints":{"allow":["GET"]}}],"collection":[{"href":"https:\/\/pharmadreams.shop\/index.php\/wp-json\/wp\/v2\/product"}],"about":[{"href":"https:\/\/pharmadreams.shop\/index.php\/wp-json\/wp\/v2\/types\/product"}],"replies":[{"embeddable":true,"href":"https:\/\/pharmadreams.shop\/index.php\/wp-json\/wp\/v2\/comments?post=19064"}],"version-history":[{"count":0,"href":"https:\/\/pharmadreams.shop\/index.php\/wp-json\/wp\/v2\/product\/19064\/revisions"}],"wp:featuredmedia":[{"embeddable":true,"href":"https:\/\/pharmadreams.shop\/index.php\/wp-json\/wp\/v2\/media\/19065"}],"wp:attachment":[{"href":"https:\/\/pharmadreams.shop\/index.php\/wp-json\/wp\/v2\/media?parent=19064"}],"wp:term":[{"taxonomy":"product_brand","embeddable":true,"href":"https:\/\/pharmadreams.shop\/index.php\/wp-json\/wp\/v2\/product_brand?post=19064"},{"taxonomy":"product_cat","embeddable":true,"href":"https:\/\/pharmadreams.shop\/index.php\/wp-json\/wp\/v2\/product_cat?post=19064"},{"taxonomy":"product_tag","embeddable":true,"href":"https:\/\/pharmadreams.shop\/index.php\/wp-json\/wp\/v2\/product_tag?post=19064"}],"curies":[{"name":"wp","href":"https:\/\/api.w.org\/{rel}","templated":true}]}}