{"id":19067,"date":"2024-11-01T16:56:40","date_gmt":"2024-11-01T15:56:40","guid":{"rendered":"https:\/\/pharmadreams.shop\/?post_type=product&#038;p=19067"},"modified":"2024-11-01T16:56:40","modified_gmt":"2024-11-01T15:56:40","slug":"nubiance-axiclar-soin-anti-taches-pour-les-aisselles-deodorant-75ml","status":"publish","type":"product","link":"https:\/\/pharmadreams.shop\/index.php\/product\/nubiance-axiclar-soin-anti-taches-pour-les-aisselles-deodorant-75ml\/","title":{"rendered":"NUBIANCE AXICLAR SOIN ANTI-TACHES POUR LES AISSELLES &#038; DEODORANT 75ML"},"content":{"rendered":"","protected":false},"excerpt":{"rendered":"<p style=\"font-weight: 400;\">Rasage, \u00e9pilation, frottements, d\u00e9odorants inadapt\u00e9s \u00e0 votre peau&#8230; Tous ces \u00e9l\u00e9ments<b><strong>\u00a0peuvent d\u00e9clencher de l&rsquo;hyperpigmentation au niveau des aisselles et d&rsquo;autant plus chez lez peaux nubiennes.<\/strong><\/b>\u00a0Constamment agress\u00e9es, elles vous le font payer en devenant de plus en plus fonc\u00e9es !<\/p>\n<p style=\"font-weight: 400;\">Nubiance a d\u00e9velopp\u00e9 Axiclar\u00ae,\u00a0<b><strong>le premier soin unifiant pour les aisselles \u00e0 action d\u00e9odorante.<\/strong><\/b>\u00a0Formul\u00e9 sans alcool, sans sels d&rsquo;aluminium et respectueux de la flore cutan\u00e9e, Axiclar\u00ae poss\u00e8de une triple action :<b><strong>\u00a0il corrige les taches tout en hydratant durablement la peau et en captant les mauvaises odeurs.<\/strong><\/b><\/p>\n<p style=\"font-weight: 400;\">Subtilement parfum\u00e9, il convient \u00e0 tous d\u00e8s que les besoins s&rsquo;en font sentir. Sa texture fine p\u00e9n\u00e8tre rapidement la zone cibl\u00e9e gr\u00e2ce \u00e0 son applicateur 3 billes.<\/p>\n<p style=\"font-weight: 400;\">La carnation originelle de vos aisselles est retrouv\u00e9e,<b><strong>\u00a0la peau est unifi\u00e9e, plus douce, plus lisse et pleinement hydrat\u00e9e.<\/strong><\/b><\/p>\n","protected":false},"featured_media":19068,"comment_status":"open","ping_status":"closed","template":"","meta":[],"product_brand":[],"product_cat":[90,127],"product_tag":[],"class_list":{"0":"post-19067","1":"product","2":"type-product","3":"status-publish","4":"has-post-thumbnail","6":"product_cat-anti-tache","7":"product_cat-anti-transpirant","9":"first","10":"instock","11":"sale","12":"shipping-taxable","13":"purchasable","14":"product-type-simple"},"yoast_head":"<!-- This site is optimized with the Yoast SEO plugin v23.0 - https:\/\/yoast.com\/wordpress\/plugins\/seo\/ -->\n<title>NUBIANCE AXICLAR SOIN ANTI-TACHES POUR LES AISSELLES &amp; DEODORANT 75ML - pharmadreams<\/title>\n<meta name=\"robots\" content=\"index, follow, max-snippet:-1, max-image-preview:large, max-video-preview:-1\" \/>\n<link rel=\"canonical\" href=\"https:\/\/pharmadreams.shop\/index.php\/product\/nubiance-axiclar-soin-anti-taches-pour-les-aisselles-deodorant-75ml\/\" \/>\n<meta property=\"og:locale\" content=\"fr_FR\" \/>\n<meta property=\"og:type\" content=\"article\" \/>\n<meta property=\"og:title\" content=\"NUBIANCE AXICLAR SOIN ANTI-TACHES POUR LES AISSELLES &amp; DEODORANT 75ML - pharmadreams\" \/>\n<meta property=\"og:description\" content=\"Rasage, \u00e9pilation, frottements, d\u00e9odorants inadapt\u00e9s \u00e0 votre peau... Tous ces \u00e9l\u00e9ments\u00a0peuvent d\u00e9clencher de l&#039;hyperpigmentation au niveau des aisselles et d&#039;autant plus chez lez peaux nubiennes.\u00a0Constamment agress\u00e9es, elles vous le font payer en devenant de plus en plus fonc\u00e9es ! Nubiance a d\u00e9velopp\u00e9 Axiclar\u00ae,\u00a0le premier soin unifiant pour les aisselles \u00e0 action d\u00e9odorante.\u00a0Formul\u00e9 sans alcool, sans sels d&#039;aluminium et respectueux de la flore cutan\u00e9e, Axiclar\u00ae poss\u00e8de une triple action :\u00a0il corrige les taches tout en hydratant durablement la peau et en captant les mauvaises odeurs. Subtilement parfum\u00e9, il convient \u00e0 tous d\u00e8s que les besoins s&#039;en font sentir. Sa texture fine p\u00e9n\u00e8tre rapidement la zone cibl\u00e9e gr\u00e2ce \u00e0 son applicateur 3 billes. La carnation originelle de vos aisselles est retrouv\u00e9e,\u00a0la peau est unifi\u00e9e, plus douce, plus lisse et pleinement hydrat\u00e9e.\" \/>\n<meta property=\"og:url\" content=\"https:\/\/pharmadreams.shop\/index.php\/product\/nubiance-axiclar-soin-anti-taches-pour-les-aisselles-deodorant-75ml\/\" \/>\n<meta property=\"og:site_name\" content=\"pharmadreams\" \/>\n<meta property=\"og:image\" content=\"https:\/\/pharmadreams.shop\/wp-content\/uploads\/2024\/11\/nubiance-axiclar-soin-anti-taches-pour-les-aisselles-deodorant-75ml.webp\" \/>\n\t<meta property=\"og:image:width\" content=\"800\" \/>\n\t<meta property=\"og:image:height\" content=\"800\" \/>\n\t<meta property=\"og:image:type\" content=\"image\/webp\" \/>\n<meta name=\"twitter:card\" content=\"summary_large_image\" \/>\n<meta name=\"twitter:label1\" content=\"Dur\u00e9e de lecture estim\u00e9e\" \/>\n\t<meta name=\"twitter:data1\" content=\"1 minute\" \/>\n<script type=\"application\/ld+json\" class=\"yoast-schema-graph\">{\"@context\":\"https:\/\/schema.org\",\"@graph\":[{\"@type\":\"WebPage\",\"@id\":\"https:\/\/pharmadreams.shop\/index.php\/product\/nubiance-axiclar-soin-anti-taches-pour-les-aisselles-deodorant-75ml\/\",\"url\":\"https:\/\/pharmadreams.shop\/index.php\/product\/nubiance-axiclar-soin-anti-taches-pour-les-aisselles-deodorant-75ml\/\",\"name\":\"NUBIANCE AXICLAR SOIN ANTI-TACHES POUR LES AISSELLES & DEODORANT 75ML - pharmadreams\",\"isPartOf\":{\"@id\":\"https:\/\/pharmadreams.shop\/#website\"},\"primaryImageOfPage\":{\"@id\":\"https:\/\/pharmadreams.shop\/index.php\/product\/nubiance-axiclar-soin-anti-taches-pour-les-aisselles-deodorant-75ml\/#primaryimage\"},\"image\":{\"@id\":\"https:\/\/pharmadreams.shop\/index.php\/product\/nubiance-axiclar-soin-anti-taches-pour-les-aisselles-deodorant-75ml\/#primaryimage\"},\"thumbnailUrl\":\"https:\/\/pharmadreams.shop\/wp-content\/uploads\/2024\/11\/nubiance-axiclar-soin-anti-taches-pour-les-aisselles-deodorant-75ml.webp\",\"datePublished\":\"2024-11-01T15:56:40+00:00\",\"dateModified\":\"2024-11-01T15:56:40+00:00\",\"breadcrumb\":{\"@id\":\"https:\/\/pharmadreams.shop\/index.php\/product\/nubiance-axiclar-soin-anti-taches-pour-les-aisselles-deodorant-75ml\/#breadcrumb\"},\"inLanguage\":\"fr-FR\",\"potentialAction\":[{\"@type\":\"ReadAction\",\"target\":[\"https:\/\/pharmadreams.shop\/index.php\/product\/nubiance-axiclar-soin-anti-taches-pour-les-aisselles-deodorant-75ml\/\"]}]},{\"@type\":\"ImageObject\",\"inLanguage\":\"fr-FR\",\"@id\":\"https:\/\/pharmadreams.shop\/index.php\/product\/nubiance-axiclar-soin-anti-taches-pour-les-aisselles-deodorant-75ml\/#primaryimage\",\"url\":\"https:\/\/pharmadreams.shop\/wp-content\/uploads\/2024\/11\/nubiance-axiclar-soin-anti-taches-pour-les-aisselles-deodorant-75ml.webp\",\"contentUrl\":\"https:\/\/pharmadreams.shop\/wp-content\/uploads\/2024\/11\/nubiance-axiclar-soin-anti-taches-pour-les-aisselles-deodorant-75ml.webp\",\"width\":800,\"height\":800},{\"@type\":\"BreadcrumbList\",\"@id\":\"https:\/\/pharmadreams.shop\/index.php\/product\/nubiance-axiclar-soin-anti-taches-pour-les-aisselles-deodorant-75ml\/#breadcrumb\",\"itemListElement\":[{\"@type\":\"ListItem\",\"position\":1,\"name\":\"Accueil\",\"item\":\"https:\/\/pharmadreams.shop\/\"},{\"@type\":\"ListItem\",\"position\":2,\"name\":\"Shop\",\"item\":\"https:\/\/pharmadreams.shop\/index.php\/shop\/\"},{\"@type\":\"ListItem\",\"position\":3,\"name\":\"NUBIANCE AXICLAR SOIN ANTI-TACHES POUR LES AISSELLES &#038; DEODORANT 75ML\"}]},{\"@type\":\"WebSite\",\"@id\":\"https:\/\/pharmadreams.shop\/#website\",\"url\":\"https:\/\/pharmadreams.shop\/\",\"name\":\"pharmadreams\",\"description\":\"Parapharmacie en ligne\",\"potentialAction\":[{\"@type\":\"SearchAction\",\"target\":{\"@type\":\"EntryPoint\",\"urlTemplate\":\"https:\/\/pharmadreams.shop\/?s={search_term_string}\"},\"query-input\":\"required name=search_term_string\"}],\"inLanguage\":\"fr-FR\"}]}<\/script>\n<!-- \/ Yoast SEO plugin. -->","yoast_head_json":{"title":"NUBIANCE AXICLAR SOIN ANTI-TACHES POUR LES AISSELLES & DEODORANT 75ML - pharmadreams","robots":{"index":"index","follow":"follow","max-snippet":"max-snippet:-1","max-image-preview":"max-image-preview:large","max-video-preview":"max-video-preview:-1"},"canonical":"https:\/\/pharmadreams.shop\/index.php\/product\/nubiance-axiclar-soin-anti-taches-pour-les-aisselles-deodorant-75ml\/","og_locale":"fr_FR","og_type":"article","og_title":"NUBIANCE AXICLAR SOIN ANTI-TACHES POUR LES AISSELLES & DEODORANT 75ML - pharmadreams","og_description":"Rasage, \u00e9pilation, frottements, d\u00e9odorants inadapt\u00e9s \u00e0 votre peau... Tous ces \u00e9l\u00e9ments\u00a0peuvent d\u00e9clencher de l'hyperpigmentation au niveau des aisselles et d'autant plus chez lez peaux nubiennes.\u00a0Constamment agress\u00e9es, elles vous le font payer en devenant de plus en plus fonc\u00e9es ! Nubiance a d\u00e9velopp\u00e9 Axiclar\u00ae,\u00a0le premier soin unifiant pour les aisselles \u00e0 action d\u00e9odorante.\u00a0Formul\u00e9 sans alcool, sans sels d'aluminium et respectueux de la flore cutan\u00e9e, Axiclar\u00ae poss\u00e8de une triple action :\u00a0il corrige les taches tout en hydratant durablement la peau et en captant les mauvaises odeurs. Subtilement parfum\u00e9, il convient \u00e0 tous d\u00e8s que les besoins s'en font sentir. Sa texture fine p\u00e9n\u00e8tre rapidement la zone cibl\u00e9e gr\u00e2ce \u00e0 son applicateur 3 billes. La carnation originelle de vos aisselles est retrouv\u00e9e,\u00a0la peau est unifi\u00e9e, plus douce, plus lisse et pleinement hydrat\u00e9e.","og_url":"https:\/\/pharmadreams.shop\/index.php\/product\/nubiance-axiclar-soin-anti-taches-pour-les-aisselles-deodorant-75ml\/","og_site_name":"pharmadreams","og_image":[{"width":800,"height":800,"url":"https:\/\/pharmadreams.shop\/wp-content\/uploads\/2024\/11\/nubiance-axiclar-soin-anti-taches-pour-les-aisselles-deodorant-75ml.webp","type":"image\/webp"}],"twitter_card":"summary_large_image","twitter_misc":{"Dur\u00e9e de lecture estim\u00e9e":"1 minute"},"schema":{"@context":"https:\/\/schema.org","@graph":[{"@type":"WebPage","@id":"https:\/\/pharmadreams.shop\/index.php\/product\/nubiance-axiclar-soin-anti-taches-pour-les-aisselles-deodorant-75ml\/","url":"https:\/\/pharmadreams.shop\/index.php\/product\/nubiance-axiclar-soin-anti-taches-pour-les-aisselles-deodorant-75ml\/","name":"NUBIANCE AXICLAR SOIN ANTI-TACHES POUR LES AISSELLES & DEODORANT 75ML - pharmadreams","isPartOf":{"@id":"https:\/\/pharmadreams.shop\/#website"},"primaryImageOfPage":{"@id":"https:\/\/pharmadreams.shop\/index.php\/product\/nubiance-axiclar-soin-anti-taches-pour-les-aisselles-deodorant-75ml\/#primaryimage"},"image":{"@id":"https:\/\/pharmadreams.shop\/index.php\/product\/nubiance-axiclar-soin-anti-taches-pour-les-aisselles-deodorant-75ml\/#primaryimage"},"thumbnailUrl":"https:\/\/pharmadreams.shop\/wp-content\/uploads\/2024\/11\/nubiance-axiclar-soin-anti-taches-pour-les-aisselles-deodorant-75ml.webp","datePublished":"2024-11-01T15:56:40+00:00","dateModified":"2024-11-01T15:56:40+00:00","breadcrumb":{"@id":"https:\/\/pharmadreams.shop\/index.php\/product\/nubiance-axiclar-soin-anti-taches-pour-les-aisselles-deodorant-75ml\/#breadcrumb"},"inLanguage":"fr-FR","potentialAction":[{"@type":"ReadAction","target":["https:\/\/pharmadreams.shop\/index.php\/product\/nubiance-axiclar-soin-anti-taches-pour-les-aisselles-deodorant-75ml\/"]}]},{"@type":"ImageObject","inLanguage":"fr-FR","@id":"https:\/\/pharmadreams.shop\/index.php\/product\/nubiance-axiclar-soin-anti-taches-pour-les-aisselles-deodorant-75ml\/#primaryimage","url":"https:\/\/pharmadreams.shop\/wp-content\/uploads\/2024\/11\/nubiance-axiclar-soin-anti-taches-pour-les-aisselles-deodorant-75ml.webp","contentUrl":"https:\/\/pharmadreams.shop\/wp-content\/uploads\/2024\/11\/nubiance-axiclar-soin-anti-taches-pour-les-aisselles-deodorant-75ml.webp","width":800,"height":800},{"@type":"BreadcrumbList","@id":"https:\/\/pharmadreams.shop\/index.php\/product\/nubiance-axiclar-soin-anti-taches-pour-les-aisselles-deodorant-75ml\/#breadcrumb","itemListElement":[{"@type":"ListItem","position":1,"name":"Accueil","item":"https:\/\/pharmadreams.shop\/"},{"@type":"ListItem","position":2,"name":"Shop","item":"https:\/\/pharmadreams.shop\/index.php\/shop\/"},{"@type":"ListItem","position":3,"name":"NUBIANCE AXICLAR SOIN ANTI-TACHES POUR LES AISSELLES &#038; DEODORANT 75ML"}]},{"@type":"WebSite","@id":"https:\/\/pharmadreams.shop\/#website","url":"https:\/\/pharmadreams.shop\/","name":"pharmadreams","description":"Parapharmacie en ligne","potentialAction":[{"@type":"SearchAction","target":{"@type":"EntryPoint","urlTemplate":"https:\/\/pharmadreams.shop\/?s={search_term_string}"},"query-input":"required name=search_term_string"}],"inLanguage":"fr-FR"}]}},"_links":{"self":[{"href":"https:\/\/pharmadreams.shop\/index.php\/wp-json\/wp\/v2\/product\/19067","targetHints":{"allow":["GET"]}}],"collection":[{"href":"https:\/\/pharmadreams.shop\/index.php\/wp-json\/wp\/v2\/product"}],"about":[{"href":"https:\/\/pharmadreams.shop\/index.php\/wp-json\/wp\/v2\/types\/product"}],"replies":[{"embeddable":true,"href":"https:\/\/pharmadreams.shop\/index.php\/wp-json\/wp\/v2\/comments?post=19067"}],"version-history":[{"count":0,"href":"https:\/\/pharmadreams.shop\/index.php\/wp-json\/wp\/v2\/product\/19067\/revisions"}],"wp:featuredmedia":[{"embeddable":true,"href":"https:\/\/pharmadreams.shop\/index.php\/wp-json\/wp\/v2\/media\/19068"}],"wp:attachment":[{"href":"https:\/\/pharmadreams.shop\/index.php\/wp-json\/wp\/v2\/media?parent=19067"}],"wp:term":[{"taxonomy":"product_brand","embeddable":true,"href":"https:\/\/pharmadreams.shop\/index.php\/wp-json\/wp\/v2\/product_brand?post=19067"},{"taxonomy":"product_cat","embeddable":true,"href":"https:\/\/pharmadreams.shop\/index.php\/wp-json\/wp\/v2\/product_cat?post=19067"},{"taxonomy":"product_tag","embeddable":true,"href":"https:\/\/pharmadreams.shop\/index.php\/wp-json\/wp\/v2\/product_tag?post=19067"}],"curies":[{"name":"wp","href":"https:\/\/api.w.org\/{rel}","templated":true}]}}