{"id":19070,"date":"2024-11-01T17:00:11","date_gmt":"2024-11-01T16:00:11","guid":{"rendered":"https:\/\/pharmadreams.shop\/?post_type=product&#038;p=19070"},"modified":"2024-11-01T17:00:11","modified_gmt":"2024-11-01T16:00:11","slug":"nubiance-lait-corps-hydratant-correcteur-dhyperpigmentation-500ml","status":"publish","type":"product","link":"https:\/\/pharmadreams.shop\/index.php\/product\/nubiance-lait-corps-hydratant-correcteur-dhyperpigmentation-500ml\/","title":{"rendered":"NUBIANCE LAIT CORPS HYDRATANT CORRECTEUR D&rsquo;HYPERPIGMENTATION 500ML"},"content":{"rendered":"","protected":false},"excerpt":{"rendered":"<p>Le Lait Corps\u00a0HRB3\u00ae hydratant et unifiant est propos\u00e9 pour une application le matin\u00a0ou le soir. Il ne laisse aucun film gras ou collant et ne tache ni les draps ni les v\u00eatements. Ses actifs dos\u00e9s (Synovea\u00aeHR et Vitamine\u00a0B3) r\u00e9gulent les probl\u00e8mes de pigmentation d&rsquo;origines diverses et att\u00e9nue les taches de mani\u00e8re significative d\u00e8s la troisi\u00e8me\u00a0semaine d&rsquo;utilisation quotidienne. La peau est moins rugueuse, mieux hydrat\u00e9e et plus souple.<\/p>\n","protected":false},"featured_media":19071,"comment_status":"open","ping_status":"closed","template":"","meta":[],"product_brand":[],"product_cat":[28,78,98,159],"product_tag":[],"class_list":{"0":"post-19070","1":"product","2":"type-product","3":"status-publish","4":"has-post-thumbnail","6":"product_cat-corps","7":"product_cat-cremes","8":"product_cat-hydratation","9":"product_cat-lait-corporel","11":"first","12":"instock","13":"sale","14":"shipping-taxable","15":"purchasable","16":"product-type-simple"},"yoast_head":"<!-- This site is optimized with the Yoast SEO plugin v23.0 - https:\/\/yoast.com\/wordpress\/plugins\/seo\/ -->\n<title>NUBIANCE LAIT CORPS HYDRATANT CORRECTEUR D&#039;HYPERPIGMENTATION 500ML - pharmadreams<\/title>\n<meta name=\"robots\" content=\"index, follow, max-snippet:-1, max-image-preview:large, max-video-preview:-1\" \/>\n<link rel=\"canonical\" href=\"https:\/\/pharmadreams.shop\/index.php\/product\/nubiance-lait-corps-hydratant-correcteur-dhyperpigmentation-500ml\/\" \/>\n<meta property=\"og:locale\" content=\"fr_FR\" \/>\n<meta property=\"og:type\" content=\"article\" \/>\n<meta property=\"og:title\" content=\"NUBIANCE LAIT CORPS HYDRATANT CORRECTEUR D&#039;HYPERPIGMENTATION 500ML - pharmadreams\" \/>\n<meta property=\"og:description\" content=\"Le Lait Corps\u00a0HRB3\u00ae hydratant et unifiant est propos\u00e9 pour une application le matin\u00a0ou le soir. Il ne laisse aucun film gras ou collant et ne tache ni les draps ni les v\u00eatements. Ses actifs dos\u00e9s (Synovea\u00aeHR et Vitamine\u00a0B3) r\u00e9gulent les probl\u00e8mes de pigmentation d&#039;origines diverses et att\u00e9nue les taches de mani\u00e8re significative d\u00e8s la troisi\u00e8me\u00a0semaine d&#039;utilisation quotidienne. La peau est moins rugueuse, mieux hydrat\u00e9e et plus souple.\" \/>\n<meta property=\"og:url\" content=\"https:\/\/pharmadreams.shop\/index.php\/product\/nubiance-lait-corps-hydratant-correcteur-dhyperpigmentation-500ml\/\" \/>\n<meta property=\"og:site_name\" content=\"pharmadreams\" \/>\n<meta property=\"og:image\" content=\"https:\/\/pharmadreams.shop\/wp-content\/uploads\/2024\/11\/nubiance-lait-corps-hydratant-correcteur-d-hyperpigmentation-500ml.webp\" \/>\n\t<meta property=\"og:image:width\" content=\"500\" \/>\n\t<meta property=\"og:image:height\" content=\"500\" \/>\n\t<meta property=\"og:image:type\" content=\"image\/webp\" \/>\n<meta name=\"twitter:card\" content=\"summary_large_image\" \/>\n<meta name=\"twitter:label1\" content=\"Dur\u00e9e de lecture estim\u00e9e\" \/>\n\t<meta name=\"twitter:data1\" content=\"1 minute\" \/>\n<script type=\"application\/ld+json\" class=\"yoast-schema-graph\">{\"@context\":\"https:\/\/schema.org\",\"@graph\":[{\"@type\":\"WebPage\",\"@id\":\"https:\/\/pharmadreams.shop\/index.php\/product\/nubiance-lait-corps-hydratant-correcteur-dhyperpigmentation-500ml\/\",\"url\":\"https:\/\/pharmadreams.shop\/index.php\/product\/nubiance-lait-corps-hydratant-correcteur-dhyperpigmentation-500ml\/\",\"name\":\"NUBIANCE LAIT CORPS HYDRATANT CORRECTEUR D'HYPERPIGMENTATION 500ML - pharmadreams\",\"isPartOf\":{\"@id\":\"https:\/\/pharmadreams.shop\/#website\"},\"primaryImageOfPage\":{\"@id\":\"https:\/\/pharmadreams.shop\/index.php\/product\/nubiance-lait-corps-hydratant-correcteur-dhyperpigmentation-500ml\/#primaryimage\"},\"image\":{\"@id\":\"https:\/\/pharmadreams.shop\/index.php\/product\/nubiance-lait-corps-hydratant-correcteur-dhyperpigmentation-500ml\/#primaryimage\"},\"thumbnailUrl\":\"https:\/\/pharmadreams.shop\/wp-content\/uploads\/2024\/11\/nubiance-lait-corps-hydratant-correcteur-d-hyperpigmentation-500ml.webp\",\"datePublished\":\"2024-11-01T16:00:11+00:00\",\"dateModified\":\"2024-11-01T16:00:11+00:00\",\"breadcrumb\":{\"@id\":\"https:\/\/pharmadreams.shop\/index.php\/product\/nubiance-lait-corps-hydratant-correcteur-dhyperpigmentation-500ml\/#breadcrumb\"},\"inLanguage\":\"fr-FR\",\"potentialAction\":[{\"@type\":\"ReadAction\",\"target\":[\"https:\/\/pharmadreams.shop\/index.php\/product\/nubiance-lait-corps-hydratant-correcteur-dhyperpigmentation-500ml\/\"]}]},{\"@type\":\"ImageObject\",\"inLanguage\":\"fr-FR\",\"@id\":\"https:\/\/pharmadreams.shop\/index.php\/product\/nubiance-lait-corps-hydratant-correcteur-dhyperpigmentation-500ml\/#primaryimage\",\"url\":\"https:\/\/pharmadreams.shop\/wp-content\/uploads\/2024\/11\/nubiance-lait-corps-hydratant-correcteur-d-hyperpigmentation-500ml.webp\",\"contentUrl\":\"https:\/\/pharmadreams.shop\/wp-content\/uploads\/2024\/11\/nubiance-lait-corps-hydratant-correcteur-d-hyperpigmentation-500ml.webp\",\"width\":500,\"height\":500},{\"@type\":\"BreadcrumbList\",\"@id\":\"https:\/\/pharmadreams.shop\/index.php\/product\/nubiance-lait-corps-hydratant-correcteur-dhyperpigmentation-500ml\/#breadcrumb\",\"itemListElement\":[{\"@type\":\"ListItem\",\"position\":1,\"name\":\"Accueil\",\"item\":\"https:\/\/pharmadreams.shop\/\"},{\"@type\":\"ListItem\",\"position\":2,\"name\":\"Shop\",\"item\":\"https:\/\/pharmadreams.shop\/index.php\/shop\/\"},{\"@type\":\"ListItem\",\"position\":3,\"name\":\"NUBIANCE LAIT CORPS HYDRATANT CORRECTEUR D&#8217;HYPERPIGMENTATION 500ML\"}]},{\"@type\":\"WebSite\",\"@id\":\"https:\/\/pharmadreams.shop\/#website\",\"url\":\"https:\/\/pharmadreams.shop\/\",\"name\":\"pharmadreams\",\"description\":\"Parapharmacie en ligne\",\"potentialAction\":[{\"@type\":\"SearchAction\",\"target\":{\"@type\":\"EntryPoint\",\"urlTemplate\":\"https:\/\/pharmadreams.shop\/?s={search_term_string}\"},\"query-input\":\"required name=search_term_string\"}],\"inLanguage\":\"fr-FR\"}]}<\/script>\n<!-- \/ Yoast SEO plugin. -->","yoast_head_json":{"title":"NUBIANCE LAIT CORPS HYDRATANT CORRECTEUR D'HYPERPIGMENTATION 500ML - pharmadreams","robots":{"index":"index","follow":"follow","max-snippet":"max-snippet:-1","max-image-preview":"max-image-preview:large","max-video-preview":"max-video-preview:-1"},"canonical":"https:\/\/pharmadreams.shop\/index.php\/product\/nubiance-lait-corps-hydratant-correcteur-dhyperpigmentation-500ml\/","og_locale":"fr_FR","og_type":"article","og_title":"NUBIANCE LAIT CORPS HYDRATANT CORRECTEUR D'HYPERPIGMENTATION 500ML - pharmadreams","og_description":"Le Lait Corps\u00a0HRB3\u00ae hydratant et unifiant est propos\u00e9 pour une application le matin\u00a0ou le soir. Il ne laisse aucun film gras ou collant et ne tache ni les draps ni les v\u00eatements. Ses actifs dos\u00e9s (Synovea\u00aeHR et Vitamine\u00a0B3) r\u00e9gulent les probl\u00e8mes de pigmentation d'origines diverses et att\u00e9nue les taches de mani\u00e8re significative d\u00e8s la troisi\u00e8me\u00a0semaine d'utilisation quotidienne. La peau est moins rugueuse, mieux hydrat\u00e9e et plus souple.","og_url":"https:\/\/pharmadreams.shop\/index.php\/product\/nubiance-lait-corps-hydratant-correcteur-dhyperpigmentation-500ml\/","og_site_name":"pharmadreams","og_image":[{"width":500,"height":500,"url":"https:\/\/pharmadreams.shop\/wp-content\/uploads\/2024\/11\/nubiance-lait-corps-hydratant-correcteur-d-hyperpigmentation-500ml.webp","type":"image\/webp"}],"twitter_card":"summary_large_image","twitter_misc":{"Dur\u00e9e de lecture estim\u00e9e":"1 minute"},"schema":{"@context":"https:\/\/schema.org","@graph":[{"@type":"WebPage","@id":"https:\/\/pharmadreams.shop\/index.php\/product\/nubiance-lait-corps-hydratant-correcteur-dhyperpigmentation-500ml\/","url":"https:\/\/pharmadreams.shop\/index.php\/product\/nubiance-lait-corps-hydratant-correcteur-dhyperpigmentation-500ml\/","name":"NUBIANCE LAIT CORPS HYDRATANT CORRECTEUR D'HYPERPIGMENTATION 500ML - pharmadreams","isPartOf":{"@id":"https:\/\/pharmadreams.shop\/#website"},"primaryImageOfPage":{"@id":"https:\/\/pharmadreams.shop\/index.php\/product\/nubiance-lait-corps-hydratant-correcteur-dhyperpigmentation-500ml\/#primaryimage"},"image":{"@id":"https:\/\/pharmadreams.shop\/index.php\/product\/nubiance-lait-corps-hydratant-correcteur-dhyperpigmentation-500ml\/#primaryimage"},"thumbnailUrl":"https:\/\/pharmadreams.shop\/wp-content\/uploads\/2024\/11\/nubiance-lait-corps-hydratant-correcteur-d-hyperpigmentation-500ml.webp","datePublished":"2024-11-01T16:00:11+00:00","dateModified":"2024-11-01T16:00:11+00:00","breadcrumb":{"@id":"https:\/\/pharmadreams.shop\/index.php\/product\/nubiance-lait-corps-hydratant-correcteur-dhyperpigmentation-500ml\/#breadcrumb"},"inLanguage":"fr-FR","potentialAction":[{"@type":"ReadAction","target":["https:\/\/pharmadreams.shop\/index.php\/product\/nubiance-lait-corps-hydratant-correcteur-dhyperpigmentation-500ml\/"]}]},{"@type":"ImageObject","inLanguage":"fr-FR","@id":"https:\/\/pharmadreams.shop\/index.php\/product\/nubiance-lait-corps-hydratant-correcteur-dhyperpigmentation-500ml\/#primaryimage","url":"https:\/\/pharmadreams.shop\/wp-content\/uploads\/2024\/11\/nubiance-lait-corps-hydratant-correcteur-d-hyperpigmentation-500ml.webp","contentUrl":"https:\/\/pharmadreams.shop\/wp-content\/uploads\/2024\/11\/nubiance-lait-corps-hydratant-correcteur-d-hyperpigmentation-500ml.webp","width":500,"height":500},{"@type":"BreadcrumbList","@id":"https:\/\/pharmadreams.shop\/index.php\/product\/nubiance-lait-corps-hydratant-correcteur-dhyperpigmentation-500ml\/#breadcrumb","itemListElement":[{"@type":"ListItem","position":1,"name":"Accueil","item":"https:\/\/pharmadreams.shop\/"},{"@type":"ListItem","position":2,"name":"Shop","item":"https:\/\/pharmadreams.shop\/index.php\/shop\/"},{"@type":"ListItem","position":3,"name":"NUBIANCE LAIT CORPS HYDRATANT CORRECTEUR D&#8217;HYPERPIGMENTATION 500ML"}]},{"@type":"WebSite","@id":"https:\/\/pharmadreams.shop\/#website","url":"https:\/\/pharmadreams.shop\/","name":"pharmadreams","description":"Parapharmacie en ligne","potentialAction":[{"@type":"SearchAction","target":{"@type":"EntryPoint","urlTemplate":"https:\/\/pharmadreams.shop\/?s={search_term_string}"},"query-input":"required name=search_term_string"}],"inLanguage":"fr-FR"}]}},"_links":{"self":[{"href":"https:\/\/pharmadreams.shop\/index.php\/wp-json\/wp\/v2\/product\/19070","targetHints":{"allow":["GET"]}}],"collection":[{"href":"https:\/\/pharmadreams.shop\/index.php\/wp-json\/wp\/v2\/product"}],"about":[{"href":"https:\/\/pharmadreams.shop\/index.php\/wp-json\/wp\/v2\/types\/product"}],"replies":[{"embeddable":true,"href":"https:\/\/pharmadreams.shop\/index.php\/wp-json\/wp\/v2\/comments?post=19070"}],"version-history":[{"count":0,"href":"https:\/\/pharmadreams.shop\/index.php\/wp-json\/wp\/v2\/product\/19070\/revisions"}],"wp:featuredmedia":[{"embeddable":true,"href":"https:\/\/pharmadreams.shop\/index.php\/wp-json\/wp\/v2\/media\/19071"}],"wp:attachment":[{"href":"https:\/\/pharmadreams.shop\/index.php\/wp-json\/wp\/v2\/media?parent=19070"}],"wp:term":[{"taxonomy":"product_brand","embeddable":true,"href":"https:\/\/pharmadreams.shop\/index.php\/wp-json\/wp\/v2\/product_brand?post=19070"},{"taxonomy":"product_cat","embeddable":true,"href":"https:\/\/pharmadreams.shop\/index.php\/wp-json\/wp\/v2\/product_cat?post=19070"},{"taxonomy":"product_tag","embeddable":true,"href":"https:\/\/pharmadreams.shop\/index.php\/wp-json\/wp\/v2\/product_tag?post=19070"}],"curies":[{"name":"wp","href":"https:\/\/api.w.org\/{rel}","templated":true}]}}