{"id":19076,"date":"2024-11-01T17:56:28","date_gmt":"2024-11-01T16:56:28","guid":{"rendered":"https:\/\/pharmadreams.shop\/?post_type=product&#038;p=19076"},"modified":"2024-11-01T17:56:28","modified_gmt":"2024-11-01T16:56:28","slug":"uriage-xemose-pso-concentre-apasiant-150ml","status":"publish","type":"product","link":"https:\/\/pharmadreams.shop\/index.php\/product\/uriage-xemose-pso-concentre-apasiant-150ml\/","title":{"rendered":"URIAGE XEMOSE PSO CONCENTRE APASIANT 150ML"},"content":{"rendered":"","protected":false},"excerpt":{"rendered":"<p>Uriage X\u00e9mose PSO Concentr\u00e9 Apaisant est un soin visage et corps destin\u00e9 aux peaux \u00e0 tendance psoriasique. Favorise l&rsquo;\u00e9limination des plaques, calme les sensations de d\u00e9mangeaisons et renforce la barri\u00e8re cutan\u00e9e.<\/p>\n<p style=\"font-weight: 400;\"><b><strong>Conseils d&rsquo;utilisation :<\/strong><\/b><\/p>\n<p style=\"font-weight: 400;\">Appliquer 1 \u00e0 2 fois par jour sur les zones concern\u00e9es.<\/p>\n<p style=\"font-weight: 400;\">\u00c0 utiliser en association ou relais des traitements m\u00e9dicamenteux.<\/p>\n<p style=\"font-weight: 400;\">\u00c9viter le contact avec les yeux.<\/p>\n","protected":false},"featured_media":19077,"comment_status":"open","ping_status":"closed","template":"","meta":[],"product_brand":[],"product_cat":[20],"product_tag":[],"class_list":{"0":"post-19076","1":"product","2":"type-product","3":"status-publish","4":"has-post-thumbnail","6":"product_cat-visage","8":"first","9":"instock","10":"shipping-taxable","11":"purchasable","12":"product-type-simple"},"yoast_head":"<!-- This site is optimized with the Yoast SEO plugin v23.0 - https:\/\/yoast.com\/wordpress\/plugins\/seo\/ -->\n<title>URIAGE XEMOSE PSO CONCENTRE APASIANT 150ML - pharmadreams<\/title>\n<meta name=\"robots\" content=\"index, follow, max-snippet:-1, max-image-preview:large, max-video-preview:-1\" \/>\n<link rel=\"canonical\" href=\"https:\/\/pharmadreams.shop\/index.php\/product\/uriage-xemose-pso-concentre-apasiant-150ml\/\" \/>\n<meta property=\"og:locale\" content=\"fr_FR\" \/>\n<meta property=\"og:type\" content=\"article\" \/>\n<meta property=\"og:title\" content=\"URIAGE XEMOSE PSO CONCENTRE APASIANT 150ML - pharmadreams\" \/>\n<meta property=\"og:description\" content=\"Uriage X\u00e9mose PSO Concentr\u00e9 Apaisant est un soin visage et corps destin\u00e9 aux peaux \u00e0 tendance psoriasique. Favorise l&#039;\u00e9limination des plaques, calme les sensations de d\u00e9mangeaisons et renforce la barri\u00e8re cutan\u00e9e. Conseils d&#039;utilisation : Appliquer 1 \u00e0 2 fois par jour sur les zones concern\u00e9es. \u00c0 utiliser en association ou relais des traitements m\u00e9dicamenteux. \u00c9viter le contact avec les yeux.\" \/>\n<meta property=\"og:url\" content=\"https:\/\/pharmadreams.shop\/index.php\/product\/uriage-xemose-pso-concentre-apasiant-150ml\/\" \/>\n<meta property=\"og:site_name\" content=\"pharmadreams\" \/>\n<meta property=\"og:image\" content=\"https:\/\/pharmadreams.shop\/wp-content\/uploads\/2024\/11\/uriage-xemose-pso-concentre-apasiant-150ml.jpg\" \/>\n\t<meta property=\"og:image:width\" content=\"500\" \/>\n\t<meta property=\"og:image:height\" content=\"500\" \/>\n\t<meta property=\"og:image:type\" content=\"image\/jpeg\" \/>\n<meta name=\"twitter:card\" content=\"summary_large_image\" \/>\n<meta name=\"twitter:label1\" content=\"Dur\u00e9e de lecture estim\u00e9e\" \/>\n\t<meta name=\"twitter:data1\" content=\"1 minute\" \/>\n<script type=\"application\/ld+json\" class=\"yoast-schema-graph\">{\"@context\":\"https:\/\/schema.org\",\"@graph\":[{\"@type\":\"WebPage\",\"@id\":\"https:\/\/pharmadreams.shop\/index.php\/product\/uriage-xemose-pso-concentre-apasiant-150ml\/\",\"url\":\"https:\/\/pharmadreams.shop\/index.php\/product\/uriage-xemose-pso-concentre-apasiant-150ml\/\",\"name\":\"URIAGE XEMOSE PSO CONCENTRE APASIANT 150ML - pharmadreams\",\"isPartOf\":{\"@id\":\"https:\/\/pharmadreams.shop\/#website\"},\"primaryImageOfPage\":{\"@id\":\"https:\/\/pharmadreams.shop\/index.php\/product\/uriage-xemose-pso-concentre-apasiant-150ml\/#primaryimage\"},\"image\":{\"@id\":\"https:\/\/pharmadreams.shop\/index.php\/product\/uriage-xemose-pso-concentre-apasiant-150ml\/#primaryimage\"},\"thumbnailUrl\":\"https:\/\/pharmadreams.shop\/wp-content\/uploads\/2024\/11\/uriage-xemose-pso-concentre-apasiant-150ml.jpg\",\"datePublished\":\"2024-11-01T16:56:28+00:00\",\"dateModified\":\"2024-11-01T16:56:28+00:00\",\"breadcrumb\":{\"@id\":\"https:\/\/pharmadreams.shop\/index.php\/product\/uriage-xemose-pso-concentre-apasiant-150ml\/#breadcrumb\"},\"inLanguage\":\"fr-FR\",\"potentialAction\":[{\"@type\":\"ReadAction\",\"target\":[\"https:\/\/pharmadreams.shop\/index.php\/product\/uriage-xemose-pso-concentre-apasiant-150ml\/\"]}]},{\"@type\":\"ImageObject\",\"inLanguage\":\"fr-FR\",\"@id\":\"https:\/\/pharmadreams.shop\/index.php\/product\/uriage-xemose-pso-concentre-apasiant-150ml\/#primaryimage\",\"url\":\"https:\/\/pharmadreams.shop\/wp-content\/uploads\/2024\/11\/uriage-xemose-pso-concentre-apasiant-150ml.jpg\",\"contentUrl\":\"https:\/\/pharmadreams.shop\/wp-content\/uploads\/2024\/11\/uriage-xemose-pso-concentre-apasiant-150ml.jpg\",\"width\":500,\"height\":500},{\"@type\":\"BreadcrumbList\",\"@id\":\"https:\/\/pharmadreams.shop\/index.php\/product\/uriage-xemose-pso-concentre-apasiant-150ml\/#breadcrumb\",\"itemListElement\":[{\"@type\":\"ListItem\",\"position\":1,\"name\":\"Accueil\",\"item\":\"https:\/\/pharmadreams.shop\/\"},{\"@type\":\"ListItem\",\"position\":2,\"name\":\"Shop\",\"item\":\"https:\/\/pharmadreams.shop\/index.php\/shop\/\"},{\"@type\":\"ListItem\",\"position\":3,\"name\":\"URIAGE XEMOSE PSO CONCENTRE APASIANT 150ML\"}]},{\"@type\":\"WebSite\",\"@id\":\"https:\/\/pharmadreams.shop\/#website\",\"url\":\"https:\/\/pharmadreams.shop\/\",\"name\":\"pharmadreams\",\"description\":\"Parapharmacie en ligne\",\"potentialAction\":[{\"@type\":\"SearchAction\",\"target\":{\"@type\":\"EntryPoint\",\"urlTemplate\":\"https:\/\/pharmadreams.shop\/?s={search_term_string}\"},\"query-input\":\"required name=search_term_string\"}],\"inLanguage\":\"fr-FR\"}]}<\/script>\n<!-- \/ Yoast SEO plugin. -->","yoast_head_json":{"title":"URIAGE XEMOSE PSO CONCENTRE APASIANT 150ML - pharmadreams","robots":{"index":"index","follow":"follow","max-snippet":"max-snippet:-1","max-image-preview":"max-image-preview:large","max-video-preview":"max-video-preview:-1"},"canonical":"https:\/\/pharmadreams.shop\/index.php\/product\/uriage-xemose-pso-concentre-apasiant-150ml\/","og_locale":"fr_FR","og_type":"article","og_title":"URIAGE XEMOSE PSO CONCENTRE APASIANT 150ML - pharmadreams","og_description":"Uriage X\u00e9mose PSO Concentr\u00e9 Apaisant est un soin visage et corps destin\u00e9 aux peaux \u00e0 tendance psoriasique. Favorise l'\u00e9limination des plaques, calme les sensations de d\u00e9mangeaisons et renforce la barri\u00e8re cutan\u00e9e. Conseils d'utilisation : Appliquer 1 \u00e0 2 fois par jour sur les zones concern\u00e9es. \u00c0 utiliser en association ou relais des traitements m\u00e9dicamenteux. \u00c9viter le contact avec les yeux.","og_url":"https:\/\/pharmadreams.shop\/index.php\/product\/uriage-xemose-pso-concentre-apasiant-150ml\/","og_site_name":"pharmadreams","og_image":[{"width":500,"height":500,"url":"https:\/\/pharmadreams.shop\/wp-content\/uploads\/2024\/11\/uriage-xemose-pso-concentre-apasiant-150ml.jpg","type":"image\/jpeg"}],"twitter_card":"summary_large_image","twitter_misc":{"Dur\u00e9e de lecture estim\u00e9e":"1 minute"},"schema":{"@context":"https:\/\/schema.org","@graph":[{"@type":"WebPage","@id":"https:\/\/pharmadreams.shop\/index.php\/product\/uriage-xemose-pso-concentre-apasiant-150ml\/","url":"https:\/\/pharmadreams.shop\/index.php\/product\/uriage-xemose-pso-concentre-apasiant-150ml\/","name":"URIAGE XEMOSE PSO CONCENTRE APASIANT 150ML - pharmadreams","isPartOf":{"@id":"https:\/\/pharmadreams.shop\/#website"},"primaryImageOfPage":{"@id":"https:\/\/pharmadreams.shop\/index.php\/product\/uriage-xemose-pso-concentre-apasiant-150ml\/#primaryimage"},"image":{"@id":"https:\/\/pharmadreams.shop\/index.php\/product\/uriage-xemose-pso-concentre-apasiant-150ml\/#primaryimage"},"thumbnailUrl":"https:\/\/pharmadreams.shop\/wp-content\/uploads\/2024\/11\/uriage-xemose-pso-concentre-apasiant-150ml.jpg","datePublished":"2024-11-01T16:56:28+00:00","dateModified":"2024-11-01T16:56:28+00:00","breadcrumb":{"@id":"https:\/\/pharmadreams.shop\/index.php\/product\/uriage-xemose-pso-concentre-apasiant-150ml\/#breadcrumb"},"inLanguage":"fr-FR","potentialAction":[{"@type":"ReadAction","target":["https:\/\/pharmadreams.shop\/index.php\/product\/uriage-xemose-pso-concentre-apasiant-150ml\/"]}]},{"@type":"ImageObject","inLanguage":"fr-FR","@id":"https:\/\/pharmadreams.shop\/index.php\/product\/uriage-xemose-pso-concentre-apasiant-150ml\/#primaryimage","url":"https:\/\/pharmadreams.shop\/wp-content\/uploads\/2024\/11\/uriage-xemose-pso-concentre-apasiant-150ml.jpg","contentUrl":"https:\/\/pharmadreams.shop\/wp-content\/uploads\/2024\/11\/uriage-xemose-pso-concentre-apasiant-150ml.jpg","width":500,"height":500},{"@type":"BreadcrumbList","@id":"https:\/\/pharmadreams.shop\/index.php\/product\/uriage-xemose-pso-concentre-apasiant-150ml\/#breadcrumb","itemListElement":[{"@type":"ListItem","position":1,"name":"Accueil","item":"https:\/\/pharmadreams.shop\/"},{"@type":"ListItem","position":2,"name":"Shop","item":"https:\/\/pharmadreams.shop\/index.php\/shop\/"},{"@type":"ListItem","position":3,"name":"URIAGE XEMOSE PSO CONCENTRE APASIANT 150ML"}]},{"@type":"WebSite","@id":"https:\/\/pharmadreams.shop\/#website","url":"https:\/\/pharmadreams.shop\/","name":"pharmadreams","description":"Parapharmacie en ligne","potentialAction":[{"@type":"SearchAction","target":{"@type":"EntryPoint","urlTemplate":"https:\/\/pharmadreams.shop\/?s={search_term_string}"},"query-input":"required name=search_term_string"}],"inLanguage":"fr-FR"}]}},"_links":{"self":[{"href":"https:\/\/pharmadreams.shop\/index.php\/wp-json\/wp\/v2\/product\/19076","targetHints":{"allow":["GET"]}}],"collection":[{"href":"https:\/\/pharmadreams.shop\/index.php\/wp-json\/wp\/v2\/product"}],"about":[{"href":"https:\/\/pharmadreams.shop\/index.php\/wp-json\/wp\/v2\/types\/product"}],"replies":[{"embeddable":true,"href":"https:\/\/pharmadreams.shop\/index.php\/wp-json\/wp\/v2\/comments?post=19076"}],"version-history":[{"count":0,"href":"https:\/\/pharmadreams.shop\/index.php\/wp-json\/wp\/v2\/product\/19076\/revisions"}],"wp:featuredmedia":[{"embeddable":true,"href":"https:\/\/pharmadreams.shop\/index.php\/wp-json\/wp\/v2\/media\/19077"}],"wp:attachment":[{"href":"https:\/\/pharmadreams.shop\/index.php\/wp-json\/wp\/v2\/media?parent=19076"}],"wp:term":[{"taxonomy":"product_brand","embeddable":true,"href":"https:\/\/pharmadreams.shop\/index.php\/wp-json\/wp\/v2\/product_brand?post=19076"},{"taxonomy":"product_cat","embeddable":true,"href":"https:\/\/pharmadreams.shop\/index.php\/wp-json\/wp\/v2\/product_cat?post=19076"},{"taxonomy":"product_tag","embeddable":true,"href":"https:\/\/pharmadreams.shop\/index.php\/wp-json\/wp\/v2\/product_tag?post=19076"}],"curies":[{"name":"wp","href":"https:\/\/api.w.org\/{rel}","templated":true}]}}