{"id":19080,"date":"2024-11-06T15:32:24","date_gmt":"2024-11-06T14:32:24","guid":{"rendered":"https:\/\/pharmadreams.shop\/?post_type=product&#038;p=19080"},"modified":"2024-11-06T15:32:24","modified_gmt":"2024-11-06T14:32:24","slug":"uriage-xemose-baume-oleo-apaisant-200-ml","status":"publish","type":"product","link":"https:\/\/pharmadreams.shop\/index.php\/product\/uriage-xemose-baume-oleo-apaisant-200-ml\/","title":{"rendered":"URIAGE XEMOSE BAUME OLEO APAISANT 200 ML"},"content":{"rendered":"","protected":false},"excerpt":{"rendered":"<p>Le Baume Ol\u00e9o-Apaisant Xemose d\u2019URIAGE discount, le soin anti-grattage\u00a0 qui prot\u00e8ge et apaise les peaux extr\u00eamement s\u00e8ches qui d\u00e9mangent avec grattage du visage et du corps de toute la famille ((b\u00e9b\u00e9, enfant \u00e0 adulte).<\/p>\n<p><strong>Conseils d&rsquo;utilisation :<\/strong><\/p>\n<p>Fr\u00e9quence d&rsquo;utilisation : 1 \u00e0 2 fois par jour.<br \/>\nLe matin et\/ou le soir.<\/p>\n<p>Appliquez sur une peau bien propre et s\u00e8che.<br \/>\nFaites des mouvements circulaires et massez pour permettre au baume de p\u00e9n\u00e9trer<\/p>\n","protected":false},"featured_media":19081,"comment_status":"open","ping_status":"closed","template":"","meta":[],"product_brand":[],"product_cat":[28,79,20],"product_tag":[],"class_list":{"0":"post-19080","1":"product","2":"type-product","3":"status-publish","4":"has-post-thumbnail","6":"product_cat-corps","7":"product_cat-peaux-seches","8":"product_cat-visage","10":"first","11":"instock","12":"sale","13":"shipping-taxable","14":"purchasable","15":"product-type-simple"},"yoast_head":"<!-- This site is optimized with the Yoast SEO plugin v23.0 - https:\/\/yoast.com\/wordpress\/plugins\/seo\/ -->\n<title>URIAGE XEMOSE BAUME OLEO APAISANT 200 ML - pharmadreams<\/title>\n<meta name=\"robots\" content=\"index, follow, max-snippet:-1, max-image-preview:large, max-video-preview:-1\" \/>\n<link rel=\"canonical\" href=\"https:\/\/pharmadreams.shop\/index.php\/product\/uriage-xemose-baume-oleo-apaisant-200-ml\/\" \/>\n<meta property=\"og:locale\" content=\"fr_FR\" \/>\n<meta property=\"og:type\" content=\"article\" \/>\n<meta property=\"og:title\" content=\"URIAGE XEMOSE BAUME OLEO APAISANT 200 ML - pharmadreams\" \/>\n<meta property=\"og:description\" content=\"Le Baume Ol\u00e9o-Apaisant Xemose d\u2019URIAGE discount, le soin anti-grattage\u00a0 qui prot\u00e8ge et apaise les peaux extr\u00eamement s\u00e8ches qui d\u00e9mangent avec grattage du visage et du corps de toute la famille ((b\u00e9b\u00e9, enfant \u00e0 adulte).  Conseils d&#039;utilisation :  Fr\u00e9quence d&#039;utilisation : 1 \u00e0 2 fois par jour. Le matin et\/ou le soir.  Appliquez sur une peau bien propre et s\u00e8che. Faites des mouvements circulaires et massez pour permettre au baume de p\u00e9n\u00e9trer\" \/>\n<meta property=\"og:url\" content=\"https:\/\/pharmadreams.shop\/index.php\/product\/uriage-xemose-baume-oleo-apaisant-200-ml\/\" \/>\n<meta property=\"og:site_name\" content=\"pharmadreams\" \/>\n<meta property=\"og:image\" content=\"https:\/\/pharmadreams.shop\/wp-content\/uploads\/2024\/11\/uriage-xemose-baume-oleo-apaisant-200-ml-uriage.jpg\" \/>\n\t<meta property=\"og:image:width\" content=\"500\" \/>\n\t<meta property=\"og:image:height\" content=\"500\" \/>\n\t<meta property=\"og:image:type\" content=\"image\/jpeg\" \/>\n<meta name=\"twitter:card\" content=\"summary_large_image\" \/>\n<meta name=\"twitter:label1\" content=\"Dur\u00e9e de lecture estim\u00e9e\" \/>\n\t<meta name=\"twitter:data1\" content=\"1 minute\" \/>\n<script type=\"application\/ld+json\" class=\"yoast-schema-graph\">{\"@context\":\"https:\/\/schema.org\",\"@graph\":[{\"@type\":\"WebPage\",\"@id\":\"https:\/\/pharmadreams.shop\/index.php\/product\/uriage-xemose-baume-oleo-apaisant-200-ml\/\",\"url\":\"https:\/\/pharmadreams.shop\/index.php\/product\/uriage-xemose-baume-oleo-apaisant-200-ml\/\",\"name\":\"URIAGE XEMOSE BAUME OLEO APAISANT 200 ML - pharmadreams\",\"isPartOf\":{\"@id\":\"https:\/\/pharmadreams.shop\/#website\"},\"primaryImageOfPage\":{\"@id\":\"https:\/\/pharmadreams.shop\/index.php\/product\/uriage-xemose-baume-oleo-apaisant-200-ml\/#primaryimage\"},\"image\":{\"@id\":\"https:\/\/pharmadreams.shop\/index.php\/product\/uriage-xemose-baume-oleo-apaisant-200-ml\/#primaryimage\"},\"thumbnailUrl\":\"https:\/\/pharmadreams.shop\/wp-content\/uploads\/2024\/11\/uriage-xemose-baume-oleo-apaisant-200-ml-uriage.jpg\",\"datePublished\":\"2024-11-06T14:32:24+00:00\",\"dateModified\":\"2024-11-06T14:32:24+00:00\",\"breadcrumb\":{\"@id\":\"https:\/\/pharmadreams.shop\/index.php\/product\/uriage-xemose-baume-oleo-apaisant-200-ml\/#breadcrumb\"},\"inLanguage\":\"fr-FR\",\"potentialAction\":[{\"@type\":\"ReadAction\",\"target\":[\"https:\/\/pharmadreams.shop\/index.php\/product\/uriage-xemose-baume-oleo-apaisant-200-ml\/\"]}]},{\"@type\":\"ImageObject\",\"inLanguage\":\"fr-FR\",\"@id\":\"https:\/\/pharmadreams.shop\/index.php\/product\/uriage-xemose-baume-oleo-apaisant-200-ml\/#primaryimage\",\"url\":\"https:\/\/pharmadreams.shop\/wp-content\/uploads\/2024\/11\/uriage-xemose-baume-oleo-apaisant-200-ml-uriage.jpg\",\"contentUrl\":\"https:\/\/pharmadreams.shop\/wp-content\/uploads\/2024\/11\/uriage-xemose-baume-oleo-apaisant-200-ml-uriage.jpg\",\"width\":500,\"height\":500},{\"@type\":\"BreadcrumbList\",\"@id\":\"https:\/\/pharmadreams.shop\/index.php\/product\/uriage-xemose-baume-oleo-apaisant-200-ml\/#breadcrumb\",\"itemListElement\":[{\"@type\":\"ListItem\",\"position\":1,\"name\":\"Accueil\",\"item\":\"https:\/\/pharmadreams.shop\/\"},{\"@type\":\"ListItem\",\"position\":2,\"name\":\"Shop\",\"item\":\"https:\/\/pharmadreams.shop\/index.php\/shop\/\"},{\"@type\":\"ListItem\",\"position\":3,\"name\":\"URIAGE XEMOSE BAUME OLEO APAISANT 200 ML\"}]},{\"@type\":\"WebSite\",\"@id\":\"https:\/\/pharmadreams.shop\/#website\",\"url\":\"https:\/\/pharmadreams.shop\/\",\"name\":\"pharmadreams\",\"description\":\"Parapharmacie en ligne\",\"potentialAction\":[{\"@type\":\"SearchAction\",\"target\":{\"@type\":\"EntryPoint\",\"urlTemplate\":\"https:\/\/pharmadreams.shop\/?s={search_term_string}\"},\"query-input\":\"required name=search_term_string\"}],\"inLanguage\":\"fr-FR\"}]}<\/script>\n<!-- \/ Yoast SEO plugin. -->","yoast_head_json":{"title":"URIAGE XEMOSE BAUME OLEO APAISANT 200 ML - pharmadreams","robots":{"index":"index","follow":"follow","max-snippet":"max-snippet:-1","max-image-preview":"max-image-preview:large","max-video-preview":"max-video-preview:-1"},"canonical":"https:\/\/pharmadreams.shop\/index.php\/product\/uriage-xemose-baume-oleo-apaisant-200-ml\/","og_locale":"fr_FR","og_type":"article","og_title":"URIAGE XEMOSE BAUME OLEO APAISANT 200 ML - pharmadreams","og_description":"Le Baume Ol\u00e9o-Apaisant Xemose d\u2019URIAGE discount, le soin anti-grattage\u00a0 qui prot\u00e8ge et apaise les peaux extr\u00eamement s\u00e8ches qui d\u00e9mangent avec grattage du visage et du corps de toute la famille ((b\u00e9b\u00e9, enfant \u00e0 adulte).  Conseils d'utilisation :  Fr\u00e9quence d'utilisation : 1 \u00e0 2 fois par jour. Le matin et\/ou le soir.  Appliquez sur une peau bien propre et s\u00e8che. Faites des mouvements circulaires et massez pour permettre au baume de p\u00e9n\u00e9trer","og_url":"https:\/\/pharmadreams.shop\/index.php\/product\/uriage-xemose-baume-oleo-apaisant-200-ml\/","og_site_name":"pharmadreams","og_image":[{"width":500,"height":500,"url":"https:\/\/pharmadreams.shop\/wp-content\/uploads\/2024\/11\/uriage-xemose-baume-oleo-apaisant-200-ml-uriage.jpg","type":"image\/jpeg"}],"twitter_card":"summary_large_image","twitter_misc":{"Dur\u00e9e de lecture estim\u00e9e":"1 minute"},"schema":{"@context":"https:\/\/schema.org","@graph":[{"@type":"WebPage","@id":"https:\/\/pharmadreams.shop\/index.php\/product\/uriage-xemose-baume-oleo-apaisant-200-ml\/","url":"https:\/\/pharmadreams.shop\/index.php\/product\/uriage-xemose-baume-oleo-apaisant-200-ml\/","name":"URIAGE XEMOSE BAUME OLEO APAISANT 200 ML - pharmadreams","isPartOf":{"@id":"https:\/\/pharmadreams.shop\/#website"},"primaryImageOfPage":{"@id":"https:\/\/pharmadreams.shop\/index.php\/product\/uriage-xemose-baume-oleo-apaisant-200-ml\/#primaryimage"},"image":{"@id":"https:\/\/pharmadreams.shop\/index.php\/product\/uriage-xemose-baume-oleo-apaisant-200-ml\/#primaryimage"},"thumbnailUrl":"https:\/\/pharmadreams.shop\/wp-content\/uploads\/2024\/11\/uriage-xemose-baume-oleo-apaisant-200-ml-uriage.jpg","datePublished":"2024-11-06T14:32:24+00:00","dateModified":"2024-11-06T14:32:24+00:00","breadcrumb":{"@id":"https:\/\/pharmadreams.shop\/index.php\/product\/uriage-xemose-baume-oleo-apaisant-200-ml\/#breadcrumb"},"inLanguage":"fr-FR","potentialAction":[{"@type":"ReadAction","target":["https:\/\/pharmadreams.shop\/index.php\/product\/uriage-xemose-baume-oleo-apaisant-200-ml\/"]}]},{"@type":"ImageObject","inLanguage":"fr-FR","@id":"https:\/\/pharmadreams.shop\/index.php\/product\/uriage-xemose-baume-oleo-apaisant-200-ml\/#primaryimage","url":"https:\/\/pharmadreams.shop\/wp-content\/uploads\/2024\/11\/uriage-xemose-baume-oleo-apaisant-200-ml-uriage.jpg","contentUrl":"https:\/\/pharmadreams.shop\/wp-content\/uploads\/2024\/11\/uriage-xemose-baume-oleo-apaisant-200-ml-uriage.jpg","width":500,"height":500},{"@type":"BreadcrumbList","@id":"https:\/\/pharmadreams.shop\/index.php\/product\/uriage-xemose-baume-oleo-apaisant-200-ml\/#breadcrumb","itemListElement":[{"@type":"ListItem","position":1,"name":"Accueil","item":"https:\/\/pharmadreams.shop\/"},{"@type":"ListItem","position":2,"name":"Shop","item":"https:\/\/pharmadreams.shop\/index.php\/shop\/"},{"@type":"ListItem","position":3,"name":"URIAGE XEMOSE BAUME OLEO APAISANT 200 ML"}]},{"@type":"WebSite","@id":"https:\/\/pharmadreams.shop\/#website","url":"https:\/\/pharmadreams.shop\/","name":"pharmadreams","description":"Parapharmacie en ligne","potentialAction":[{"@type":"SearchAction","target":{"@type":"EntryPoint","urlTemplate":"https:\/\/pharmadreams.shop\/?s={search_term_string}"},"query-input":"required name=search_term_string"}],"inLanguage":"fr-FR"}]}},"_links":{"self":[{"href":"https:\/\/pharmadreams.shop\/index.php\/wp-json\/wp\/v2\/product\/19080","targetHints":{"allow":["GET"]}}],"collection":[{"href":"https:\/\/pharmadreams.shop\/index.php\/wp-json\/wp\/v2\/product"}],"about":[{"href":"https:\/\/pharmadreams.shop\/index.php\/wp-json\/wp\/v2\/types\/product"}],"replies":[{"embeddable":true,"href":"https:\/\/pharmadreams.shop\/index.php\/wp-json\/wp\/v2\/comments?post=19080"}],"version-history":[{"count":0,"href":"https:\/\/pharmadreams.shop\/index.php\/wp-json\/wp\/v2\/product\/19080\/revisions"}],"wp:featuredmedia":[{"embeddable":true,"href":"https:\/\/pharmadreams.shop\/index.php\/wp-json\/wp\/v2\/media\/19081"}],"wp:attachment":[{"href":"https:\/\/pharmadreams.shop\/index.php\/wp-json\/wp\/v2\/media?parent=19080"}],"wp:term":[{"taxonomy":"product_brand","embeddable":true,"href":"https:\/\/pharmadreams.shop\/index.php\/wp-json\/wp\/v2\/product_brand?post=19080"},{"taxonomy":"product_cat","embeddable":true,"href":"https:\/\/pharmadreams.shop\/index.php\/wp-json\/wp\/v2\/product_cat?post=19080"},{"taxonomy":"product_tag","embeddable":true,"href":"https:\/\/pharmadreams.shop\/index.php\/wp-json\/wp\/v2\/product_tag?post=19080"}],"curies":[{"name":"wp","href":"https:\/\/api.w.org\/{rel}","templated":true}]}}