{"id":19083,"date":"2024-11-06T15:41:06","date_gmt":"2024-11-06T14:41:06","guid":{"rendered":"https:\/\/pharmadreams.shop\/?post_type=product&#038;p=19083"},"modified":"2024-11-06T15:41:06","modified_gmt":"2024-11-06T14:41:06","slug":"uriage-xemose-brume-sos-anti-grattage-200ml-2","status":"publish","type":"product","link":"https:\/\/pharmadreams.shop\/index.php\/product\/uriage-xemose-brume-sos-anti-grattage-200ml-2\/","title":{"rendered":"URIAGE XEMOSE BRUME SOS ANTI-GRATTAGE 200ML"},"content":{"rendered":"","protected":false},"excerpt":{"rendered":"<p>La brume SOS anti-grattage d&rsquo;Uriage X\u00e9mose est destin\u00e9 aux personnes ayant une peau s\u00e8che \u00e0 tendance atopique. Elle convient pour les adultes, pour les nourrissons et les enfants. Elle s&rsquo;utilise aussi bien pour le corps que pour le visage. Cette brume a un effet apaisant en moins d&rsquo;une minute. Elle va \u00e9galement nourrir et prot\u00e9ger la peau.<\/p>\n<p><strong>Conseils d&rsquo;utilisation :<\/strong><\/p>\n<p>Utiliser d\u00e8s que n\u00e9cessaire. Appliquer en pla\u00e7ant le flacon \u00e0 20 cm de la peau.<\/p>\n<p>Ne pas vaporiser directement sur le visage. Eviter le contact avec les yeux.<\/p>\n<p>ATTENTION. R\u00e9cipient sous pression : peut \u00e9clater sous l&rsquo;effet de la chaleur. Tenir \u00e0 l&rsquo;\u00e9cart de la chaleur, des surfaces chaudes, des \u00e9tincelles, des flammes nues et de toute source d&rsquo;inflammation. Ne pas fumer. Ne pas perforer, ni br\u00fbler, m\u00eame apr\u00e8s usage. Prot\u00e9ger du rayonnement solaire. Ne pas exposer \u00e0 une temp\u00e9rature sup\u00e9rieure \u00e0 50\u00b0C\/122\u00b0F. Tenir hors de port\u00e9e des enfants.<\/p>\n","protected":false},"featured_media":19084,"comment_status":"open","ping_status":"closed","template":"","meta":[],"product_brand":[],"product_cat":[28,86,79,20],"product_tag":[],"class_list":{"0":"post-19083","1":"product","2":"type-product","3":"status-publish","4":"has-post-thumbnail","6":"product_cat-corps","7":"product_cat-peaux-sensibles-et-rougeurs","8":"product_cat-peaux-seches","9":"product_cat-visage","11":"first","12":"instock","13":"sale","14":"shipping-taxable","15":"purchasable","16":"product-type-simple"},"yoast_head":"<!-- This site is optimized with the Yoast SEO plugin v23.0 - https:\/\/yoast.com\/wordpress\/plugins\/seo\/ -->\n<title>URIAGE XEMOSE BRUME SOS ANTI-GRATTAGE 200ML - pharmadreams<\/title>\n<meta name=\"robots\" content=\"index, follow, max-snippet:-1, max-image-preview:large, max-video-preview:-1\" \/>\n<link rel=\"canonical\" href=\"https:\/\/pharmadreams.shop\/index.php\/product\/uriage-xemose-brume-sos-anti-grattage-200ml-2\/\" \/>\n<meta property=\"og:locale\" content=\"fr_FR\" \/>\n<meta property=\"og:type\" content=\"article\" \/>\n<meta property=\"og:title\" content=\"URIAGE XEMOSE BRUME SOS ANTI-GRATTAGE 200ML - pharmadreams\" \/>\n<meta property=\"og:description\" content=\"La brume SOS anti-grattage d&#039;Uriage X\u00e9mose est destin\u00e9 aux personnes ayant une peau s\u00e8che \u00e0 tendance atopique. Elle convient pour les adultes, pour les nourrissons et les enfants. Elle s&#039;utilise aussi bien pour le corps que pour le visage. Cette brume a un effet apaisant en moins d&#039;une minute. Elle va \u00e9galement nourrir et prot\u00e9ger la peau.  Conseils d&#039;utilisation :  Utiliser d\u00e8s que n\u00e9cessaire. Appliquer en pla\u00e7ant le flacon \u00e0 20 cm de la peau.  Ne pas vaporiser directement sur le visage. Eviter le contact avec les yeux.  ATTENTION. R\u00e9cipient sous pression : peut \u00e9clater sous l&#039;effet de la chaleur. Tenir \u00e0 l&#039;\u00e9cart de la chaleur, des surfaces chaudes, des \u00e9tincelles, des flammes nues et de toute source d&#039;inflammation. Ne pas fumer. Ne pas perforer, ni br\u00fbler, m\u00eame apr\u00e8s usage. Prot\u00e9ger du rayonnement solaire. Ne pas exposer \u00e0 une temp\u00e9rature sup\u00e9rieure \u00e0 50\u00b0C\/122\u00b0F. Tenir hors de port\u00e9e des enfants.\" \/>\n<meta property=\"og:url\" content=\"https:\/\/pharmadreams.shop\/index.php\/product\/uriage-xemose-brume-sos-anti-grattage-200ml-2\/\" \/>\n<meta property=\"og:site_name\" content=\"pharmadreams\" \/>\n<meta property=\"og:image\" content=\"https:\/\/pharmadreams.shop\/wp-content\/uploads\/2024\/11\/uriage-xemose-brume-sos-anti-grattage-200ml.jpg\" \/>\n\t<meta property=\"og:image:width\" content=\"500\" \/>\n\t<meta property=\"og:image:height\" content=\"500\" \/>\n\t<meta property=\"og:image:type\" content=\"image\/jpeg\" \/>\n<meta name=\"twitter:card\" content=\"summary_large_image\" \/>\n<meta name=\"twitter:label1\" content=\"Dur\u00e9e de lecture estim\u00e9e\" \/>\n\t<meta name=\"twitter:data1\" content=\"1 minute\" \/>\n<script type=\"application\/ld+json\" class=\"yoast-schema-graph\">{\"@context\":\"https:\/\/schema.org\",\"@graph\":[{\"@type\":\"WebPage\",\"@id\":\"https:\/\/pharmadreams.shop\/index.php\/product\/uriage-xemose-brume-sos-anti-grattage-200ml-2\/\",\"url\":\"https:\/\/pharmadreams.shop\/index.php\/product\/uriage-xemose-brume-sos-anti-grattage-200ml-2\/\",\"name\":\"URIAGE XEMOSE BRUME SOS ANTI-GRATTAGE 200ML - pharmadreams\",\"isPartOf\":{\"@id\":\"https:\/\/pharmadreams.shop\/#website\"},\"primaryImageOfPage\":{\"@id\":\"https:\/\/pharmadreams.shop\/index.php\/product\/uriage-xemose-brume-sos-anti-grattage-200ml-2\/#primaryimage\"},\"image\":{\"@id\":\"https:\/\/pharmadreams.shop\/index.php\/product\/uriage-xemose-brume-sos-anti-grattage-200ml-2\/#primaryimage\"},\"thumbnailUrl\":\"https:\/\/pharmadreams.shop\/wp-content\/uploads\/2024\/11\/uriage-xemose-brume-sos-anti-grattage-200ml.jpg\",\"datePublished\":\"2024-11-06T14:41:06+00:00\",\"dateModified\":\"2024-11-06T14:41:06+00:00\",\"breadcrumb\":{\"@id\":\"https:\/\/pharmadreams.shop\/index.php\/product\/uriage-xemose-brume-sos-anti-grattage-200ml-2\/#breadcrumb\"},\"inLanguage\":\"fr-FR\",\"potentialAction\":[{\"@type\":\"ReadAction\",\"target\":[\"https:\/\/pharmadreams.shop\/index.php\/product\/uriage-xemose-brume-sos-anti-grattage-200ml-2\/\"]}]},{\"@type\":\"ImageObject\",\"inLanguage\":\"fr-FR\",\"@id\":\"https:\/\/pharmadreams.shop\/index.php\/product\/uriage-xemose-brume-sos-anti-grattage-200ml-2\/#primaryimage\",\"url\":\"https:\/\/pharmadreams.shop\/wp-content\/uploads\/2024\/11\/uriage-xemose-brume-sos-anti-grattage-200ml.jpg\",\"contentUrl\":\"https:\/\/pharmadreams.shop\/wp-content\/uploads\/2024\/11\/uriage-xemose-brume-sos-anti-grattage-200ml.jpg\",\"width\":500,\"height\":500},{\"@type\":\"BreadcrumbList\",\"@id\":\"https:\/\/pharmadreams.shop\/index.php\/product\/uriage-xemose-brume-sos-anti-grattage-200ml-2\/#breadcrumb\",\"itemListElement\":[{\"@type\":\"ListItem\",\"position\":1,\"name\":\"Accueil\",\"item\":\"https:\/\/pharmadreams.shop\/\"},{\"@type\":\"ListItem\",\"position\":2,\"name\":\"Shop\",\"item\":\"https:\/\/pharmadreams.shop\/index.php\/shop\/\"},{\"@type\":\"ListItem\",\"position\":3,\"name\":\"URIAGE XEMOSE BRUME SOS ANTI-GRATTAGE 200ML\"}]},{\"@type\":\"WebSite\",\"@id\":\"https:\/\/pharmadreams.shop\/#website\",\"url\":\"https:\/\/pharmadreams.shop\/\",\"name\":\"pharmadreams\",\"description\":\"Parapharmacie en ligne\",\"potentialAction\":[{\"@type\":\"SearchAction\",\"target\":{\"@type\":\"EntryPoint\",\"urlTemplate\":\"https:\/\/pharmadreams.shop\/?s={search_term_string}\"},\"query-input\":\"required name=search_term_string\"}],\"inLanguage\":\"fr-FR\"}]}<\/script>\n<!-- \/ Yoast SEO plugin. -->","yoast_head_json":{"title":"URIAGE XEMOSE BRUME SOS ANTI-GRATTAGE 200ML - pharmadreams","robots":{"index":"index","follow":"follow","max-snippet":"max-snippet:-1","max-image-preview":"max-image-preview:large","max-video-preview":"max-video-preview:-1"},"canonical":"https:\/\/pharmadreams.shop\/index.php\/product\/uriage-xemose-brume-sos-anti-grattage-200ml-2\/","og_locale":"fr_FR","og_type":"article","og_title":"URIAGE XEMOSE BRUME SOS ANTI-GRATTAGE 200ML - pharmadreams","og_description":"La brume SOS anti-grattage d'Uriage X\u00e9mose est destin\u00e9 aux personnes ayant une peau s\u00e8che \u00e0 tendance atopique. Elle convient pour les adultes, pour les nourrissons et les enfants. Elle s'utilise aussi bien pour le corps que pour le visage. Cette brume a un effet apaisant en moins d'une minute. Elle va \u00e9galement nourrir et prot\u00e9ger la peau.  Conseils d'utilisation :  Utiliser d\u00e8s que n\u00e9cessaire. Appliquer en pla\u00e7ant le flacon \u00e0 20 cm de la peau.  Ne pas vaporiser directement sur le visage. Eviter le contact avec les yeux.  ATTENTION. R\u00e9cipient sous pression : peut \u00e9clater sous l'effet de la chaleur. Tenir \u00e0 l'\u00e9cart de la chaleur, des surfaces chaudes, des \u00e9tincelles, des flammes nues et de toute source d'inflammation. Ne pas fumer. Ne pas perforer, ni br\u00fbler, m\u00eame apr\u00e8s usage. Prot\u00e9ger du rayonnement solaire. Ne pas exposer \u00e0 une temp\u00e9rature sup\u00e9rieure \u00e0 50\u00b0C\/122\u00b0F. Tenir hors de port\u00e9e des enfants.","og_url":"https:\/\/pharmadreams.shop\/index.php\/product\/uriage-xemose-brume-sos-anti-grattage-200ml-2\/","og_site_name":"pharmadreams","og_image":[{"width":500,"height":500,"url":"https:\/\/pharmadreams.shop\/wp-content\/uploads\/2024\/11\/uriage-xemose-brume-sos-anti-grattage-200ml.jpg","type":"image\/jpeg"}],"twitter_card":"summary_large_image","twitter_misc":{"Dur\u00e9e de lecture estim\u00e9e":"1 minute"},"schema":{"@context":"https:\/\/schema.org","@graph":[{"@type":"WebPage","@id":"https:\/\/pharmadreams.shop\/index.php\/product\/uriage-xemose-brume-sos-anti-grattage-200ml-2\/","url":"https:\/\/pharmadreams.shop\/index.php\/product\/uriage-xemose-brume-sos-anti-grattage-200ml-2\/","name":"URIAGE XEMOSE BRUME SOS ANTI-GRATTAGE 200ML - pharmadreams","isPartOf":{"@id":"https:\/\/pharmadreams.shop\/#website"},"primaryImageOfPage":{"@id":"https:\/\/pharmadreams.shop\/index.php\/product\/uriage-xemose-brume-sos-anti-grattage-200ml-2\/#primaryimage"},"image":{"@id":"https:\/\/pharmadreams.shop\/index.php\/product\/uriage-xemose-brume-sos-anti-grattage-200ml-2\/#primaryimage"},"thumbnailUrl":"https:\/\/pharmadreams.shop\/wp-content\/uploads\/2024\/11\/uriage-xemose-brume-sos-anti-grattage-200ml.jpg","datePublished":"2024-11-06T14:41:06+00:00","dateModified":"2024-11-06T14:41:06+00:00","breadcrumb":{"@id":"https:\/\/pharmadreams.shop\/index.php\/product\/uriage-xemose-brume-sos-anti-grattage-200ml-2\/#breadcrumb"},"inLanguage":"fr-FR","potentialAction":[{"@type":"ReadAction","target":["https:\/\/pharmadreams.shop\/index.php\/product\/uriage-xemose-brume-sos-anti-grattage-200ml-2\/"]}]},{"@type":"ImageObject","inLanguage":"fr-FR","@id":"https:\/\/pharmadreams.shop\/index.php\/product\/uriage-xemose-brume-sos-anti-grattage-200ml-2\/#primaryimage","url":"https:\/\/pharmadreams.shop\/wp-content\/uploads\/2024\/11\/uriage-xemose-brume-sos-anti-grattage-200ml.jpg","contentUrl":"https:\/\/pharmadreams.shop\/wp-content\/uploads\/2024\/11\/uriage-xemose-brume-sos-anti-grattage-200ml.jpg","width":500,"height":500},{"@type":"BreadcrumbList","@id":"https:\/\/pharmadreams.shop\/index.php\/product\/uriage-xemose-brume-sos-anti-grattage-200ml-2\/#breadcrumb","itemListElement":[{"@type":"ListItem","position":1,"name":"Accueil","item":"https:\/\/pharmadreams.shop\/"},{"@type":"ListItem","position":2,"name":"Shop","item":"https:\/\/pharmadreams.shop\/index.php\/shop\/"},{"@type":"ListItem","position":3,"name":"URIAGE XEMOSE BRUME SOS ANTI-GRATTAGE 200ML"}]},{"@type":"WebSite","@id":"https:\/\/pharmadreams.shop\/#website","url":"https:\/\/pharmadreams.shop\/","name":"pharmadreams","description":"Parapharmacie en ligne","potentialAction":[{"@type":"SearchAction","target":{"@type":"EntryPoint","urlTemplate":"https:\/\/pharmadreams.shop\/?s={search_term_string}"},"query-input":"required name=search_term_string"}],"inLanguage":"fr-FR"}]}},"_links":{"self":[{"href":"https:\/\/pharmadreams.shop\/index.php\/wp-json\/wp\/v2\/product\/19083","targetHints":{"allow":["GET"]}}],"collection":[{"href":"https:\/\/pharmadreams.shop\/index.php\/wp-json\/wp\/v2\/product"}],"about":[{"href":"https:\/\/pharmadreams.shop\/index.php\/wp-json\/wp\/v2\/types\/product"}],"replies":[{"embeddable":true,"href":"https:\/\/pharmadreams.shop\/index.php\/wp-json\/wp\/v2\/comments?post=19083"}],"version-history":[{"count":0,"href":"https:\/\/pharmadreams.shop\/index.php\/wp-json\/wp\/v2\/product\/19083\/revisions"}],"wp:featuredmedia":[{"embeddable":true,"href":"https:\/\/pharmadreams.shop\/index.php\/wp-json\/wp\/v2\/media\/19084"}],"wp:attachment":[{"href":"https:\/\/pharmadreams.shop\/index.php\/wp-json\/wp\/v2\/media?parent=19083"}],"wp:term":[{"taxonomy":"product_brand","embeddable":true,"href":"https:\/\/pharmadreams.shop\/index.php\/wp-json\/wp\/v2\/product_brand?post=19083"},{"taxonomy":"product_cat","embeddable":true,"href":"https:\/\/pharmadreams.shop\/index.php\/wp-json\/wp\/v2\/product_cat?post=19083"},{"taxonomy":"product_tag","embeddable":true,"href":"https:\/\/pharmadreams.shop\/index.php\/wp-json\/wp\/v2\/product_tag?post=19083"}],"curies":[{"name":"wp","href":"https:\/\/api.w.org\/{rel}","templated":true}]}}