{"id":19089,"date":"2024-11-06T15:55:55","date_gmt":"2024-11-06T14:55:55","guid":{"rendered":"https:\/\/pharmadreams.shop\/?post_type=product&#038;p=19089"},"modified":"2024-11-06T15:55:55","modified_gmt":"2024-11-06T14:55:55","slug":"uriage-pruriced-gel-apaisant-100ml","status":"publish","type":"product","link":"https:\/\/pharmadreams.shop\/index.php\/product\/uriage-pruriced-gel-apaisant-100ml\/","title":{"rendered":"URIAGE PRURICED &#8211; GEL APAISANT 100ML"},"content":{"rendered":"","protected":false},"excerpt":{"rendered":"<p>Pruriced a \u00e9t\u00e9 formul\u00e9 autour de deux principes actifs (la calamine et le Glycocolle) associ\u00e9 \u00e0 l&rsquo;Eau Thermale d&rsquo;Uriage pour apaiser et soulager rapidement et efficacement les sensations de picotement et d&rsquo;inconfort cutan\u00e9.<\/p>\n<div class=\"title-border\">\n<h3 class=\"h2\">Conseils d&rsquo;utilisation<\/h3>\n<\/div>\n<div class=\"std\">\n<p>Appliquer chaque fois que n\u00e9cessaire sur la zone concern\u00e9e.<br \/>\nUne sensation d&rsquo;\u00e9chauffement passag\u00e8re peut \u00eatre ressentie sur des zones tr\u00e8s sensibles.<\/p>\n<p>Eviter le contact avec les yeux.<\/p>\n<\/div>\n","protected":false},"featured_media":19090,"comment_status":"open","ping_status":"closed","template":"","meta":[],"product_brand":[],"product_cat":[28,203],"product_tag":[],"class_list":{"0":"post-19089","1":"product","2":"type-product","3":"status-publish","4":"has-post-thumbnail","6":"product_cat-corps","7":"product_cat-gel-creme","9":"first","10":"instock","11":"sale","12":"shipping-taxable","13":"purchasable","14":"product-type-simple"},"yoast_head":"<!-- This site is optimized with the Yoast SEO plugin v23.0 - https:\/\/yoast.com\/wordpress\/plugins\/seo\/ -->\n<title>URIAGE PRURICED - GEL APAISANT 100ML - pharmadreams<\/title>\n<meta name=\"robots\" content=\"index, follow, max-snippet:-1, max-image-preview:large, max-video-preview:-1\" \/>\n<link rel=\"canonical\" href=\"https:\/\/pharmadreams.shop\/index.php\/product\/uriage-pruriced-gel-apaisant-100ml\/\" \/>\n<meta property=\"og:locale\" content=\"fr_FR\" \/>\n<meta property=\"og:type\" content=\"article\" \/>\n<meta property=\"og:title\" content=\"URIAGE PRURICED - GEL APAISANT 100ML - pharmadreams\" \/>\n<meta property=\"og:description\" content=\"Pruriced a \u00e9t\u00e9 formul\u00e9 autour de deux principes actifs (la calamine et le Glycocolle) associ\u00e9 \u00e0 l&#039;Eau Thermale d&#039;Uriage pour apaiser et soulager rapidement et efficacement les sensations de picotement et d&#039;inconfort cutan\u00e9.  Conseils d&#039;utilisation    Appliquer chaque fois que n\u00e9cessaire sur la zone concern\u00e9e. Une sensation d&#039;\u00e9chauffement passag\u00e8re peut \u00eatre ressentie sur des zones tr\u00e8s sensibles.  Eviter le contact avec les yeux.\" \/>\n<meta property=\"og:url\" content=\"https:\/\/pharmadreams.shop\/index.php\/product\/uriage-pruriced-gel-apaisant-100ml\/\" \/>\n<meta property=\"og:site_name\" content=\"pharmadreams\" \/>\n<meta property=\"og:image\" content=\"https:\/\/pharmadreams.shop\/wp-content\/uploads\/2024\/11\/uriage-pruriced-gel-tube-100ml-.jpg\" \/>\n\t<meta property=\"og:image:width\" content=\"500\" \/>\n\t<meta property=\"og:image:height\" content=\"500\" \/>\n\t<meta property=\"og:image:type\" content=\"image\/jpeg\" \/>\n<meta name=\"twitter:card\" content=\"summary_large_image\" \/>\n<meta name=\"twitter:label1\" content=\"Dur\u00e9e de lecture estim\u00e9e\" \/>\n\t<meta name=\"twitter:data1\" content=\"1 minute\" \/>\n<script type=\"application\/ld+json\" class=\"yoast-schema-graph\">{\"@context\":\"https:\/\/schema.org\",\"@graph\":[{\"@type\":\"WebPage\",\"@id\":\"https:\/\/pharmadreams.shop\/index.php\/product\/uriage-pruriced-gel-apaisant-100ml\/\",\"url\":\"https:\/\/pharmadreams.shop\/index.php\/product\/uriage-pruriced-gel-apaisant-100ml\/\",\"name\":\"URIAGE PRURICED - GEL APAISANT 100ML - pharmadreams\",\"isPartOf\":{\"@id\":\"https:\/\/pharmadreams.shop\/#website\"},\"primaryImageOfPage\":{\"@id\":\"https:\/\/pharmadreams.shop\/index.php\/product\/uriage-pruriced-gel-apaisant-100ml\/#primaryimage\"},\"image\":{\"@id\":\"https:\/\/pharmadreams.shop\/index.php\/product\/uriage-pruriced-gel-apaisant-100ml\/#primaryimage\"},\"thumbnailUrl\":\"https:\/\/pharmadreams.shop\/wp-content\/uploads\/2024\/11\/uriage-pruriced-gel-tube-100ml-.jpg\",\"datePublished\":\"2024-11-06T14:55:55+00:00\",\"dateModified\":\"2024-11-06T14:55:55+00:00\",\"breadcrumb\":{\"@id\":\"https:\/\/pharmadreams.shop\/index.php\/product\/uriage-pruriced-gel-apaisant-100ml\/#breadcrumb\"},\"inLanguage\":\"fr-FR\",\"potentialAction\":[{\"@type\":\"ReadAction\",\"target\":[\"https:\/\/pharmadreams.shop\/index.php\/product\/uriage-pruriced-gel-apaisant-100ml\/\"]}]},{\"@type\":\"ImageObject\",\"inLanguage\":\"fr-FR\",\"@id\":\"https:\/\/pharmadreams.shop\/index.php\/product\/uriage-pruriced-gel-apaisant-100ml\/#primaryimage\",\"url\":\"https:\/\/pharmadreams.shop\/wp-content\/uploads\/2024\/11\/uriage-pruriced-gel-tube-100ml-.jpg\",\"contentUrl\":\"https:\/\/pharmadreams.shop\/wp-content\/uploads\/2024\/11\/uriage-pruriced-gel-tube-100ml-.jpg\",\"width\":500,\"height\":500},{\"@type\":\"BreadcrumbList\",\"@id\":\"https:\/\/pharmadreams.shop\/index.php\/product\/uriage-pruriced-gel-apaisant-100ml\/#breadcrumb\",\"itemListElement\":[{\"@type\":\"ListItem\",\"position\":1,\"name\":\"Accueil\",\"item\":\"https:\/\/pharmadreams.shop\/\"},{\"@type\":\"ListItem\",\"position\":2,\"name\":\"Shop\",\"item\":\"https:\/\/pharmadreams.shop\/index.php\/shop\/\"},{\"@type\":\"ListItem\",\"position\":3,\"name\":\"URIAGE PRURICED &#8211; GEL APAISANT 100ML\"}]},{\"@type\":\"WebSite\",\"@id\":\"https:\/\/pharmadreams.shop\/#website\",\"url\":\"https:\/\/pharmadreams.shop\/\",\"name\":\"pharmadreams\",\"description\":\"Parapharmacie en ligne\",\"potentialAction\":[{\"@type\":\"SearchAction\",\"target\":{\"@type\":\"EntryPoint\",\"urlTemplate\":\"https:\/\/pharmadreams.shop\/?s={search_term_string}\"},\"query-input\":\"required name=search_term_string\"}],\"inLanguage\":\"fr-FR\"}]}<\/script>\n<!-- \/ Yoast SEO plugin. -->","yoast_head_json":{"title":"URIAGE PRURICED - GEL APAISANT 100ML - pharmadreams","robots":{"index":"index","follow":"follow","max-snippet":"max-snippet:-1","max-image-preview":"max-image-preview:large","max-video-preview":"max-video-preview:-1"},"canonical":"https:\/\/pharmadreams.shop\/index.php\/product\/uriage-pruriced-gel-apaisant-100ml\/","og_locale":"fr_FR","og_type":"article","og_title":"URIAGE PRURICED - GEL APAISANT 100ML - pharmadreams","og_description":"Pruriced a \u00e9t\u00e9 formul\u00e9 autour de deux principes actifs (la calamine et le Glycocolle) associ\u00e9 \u00e0 l'Eau Thermale d'Uriage pour apaiser et soulager rapidement et efficacement les sensations de picotement et d'inconfort cutan\u00e9.  Conseils d'utilisation    Appliquer chaque fois que n\u00e9cessaire sur la zone concern\u00e9e. Une sensation d'\u00e9chauffement passag\u00e8re peut \u00eatre ressentie sur des zones tr\u00e8s sensibles.  Eviter le contact avec les yeux.","og_url":"https:\/\/pharmadreams.shop\/index.php\/product\/uriage-pruriced-gel-apaisant-100ml\/","og_site_name":"pharmadreams","og_image":[{"width":500,"height":500,"url":"https:\/\/pharmadreams.shop\/wp-content\/uploads\/2024\/11\/uriage-pruriced-gel-tube-100ml-.jpg","type":"image\/jpeg"}],"twitter_card":"summary_large_image","twitter_misc":{"Dur\u00e9e de lecture estim\u00e9e":"1 minute"},"schema":{"@context":"https:\/\/schema.org","@graph":[{"@type":"WebPage","@id":"https:\/\/pharmadreams.shop\/index.php\/product\/uriage-pruriced-gel-apaisant-100ml\/","url":"https:\/\/pharmadreams.shop\/index.php\/product\/uriage-pruriced-gel-apaisant-100ml\/","name":"URIAGE PRURICED - GEL APAISANT 100ML - pharmadreams","isPartOf":{"@id":"https:\/\/pharmadreams.shop\/#website"},"primaryImageOfPage":{"@id":"https:\/\/pharmadreams.shop\/index.php\/product\/uriage-pruriced-gel-apaisant-100ml\/#primaryimage"},"image":{"@id":"https:\/\/pharmadreams.shop\/index.php\/product\/uriage-pruriced-gel-apaisant-100ml\/#primaryimage"},"thumbnailUrl":"https:\/\/pharmadreams.shop\/wp-content\/uploads\/2024\/11\/uriage-pruriced-gel-tube-100ml-.jpg","datePublished":"2024-11-06T14:55:55+00:00","dateModified":"2024-11-06T14:55:55+00:00","breadcrumb":{"@id":"https:\/\/pharmadreams.shop\/index.php\/product\/uriage-pruriced-gel-apaisant-100ml\/#breadcrumb"},"inLanguage":"fr-FR","potentialAction":[{"@type":"ReadAction","target":["https:\/\/pharmadreams.shop\/index.php\/product\/uriage-pruriced-gel-apaisant-100ml\/"]}]},{"@type":"ImageObject","inLanguage":"fr-FR","@id":"https:\/\/pharmadreams.shop\/index.php\/product\/uriage-pruriced-gel-apaisant-100ml\/#primaryimage","url":"https:\/\/pharmadreams.shop\/wp-content\/uploads\/2024\/11\/uriage-pruriced-gel-tube-100ml-.jpg","contentUrl":"https:\/\/pharmadreams.shop\/wp-content\/uploads\/2024\/11\/uriage-pruriced-gel-tube-100ml-.jpg","width":500,"height":500},{"@type":"BreadcrumbList","@id":"https:\/\/pharmadreams.shop\/index.php\/product\/uriage-pruriced-gel-apaisant-100ml\/#breadcrumb","itemListElement":[{"@type":"ListItem","position":1,"name":"Accueil","item":"https:\/\/pharmadreams.shop\/"},{"@type":"ListItem","position":2,"name":"Shop","item":"https:\/\/pharmadreams.shop\/index.php\/shop\/"},{"@type":"ListItem","position":3,"name":"URIAGE PRURICED &#8211; GEL APAISANT 100ML"}]},{"@type":"WebSite","@id":"https:\/\/pharmadreams.shop\/#website","url":"https:\/\/pharmadreams.shop\/","name":"pharmadreams","description":"Parapharmacie en ligne","potentialAction":[{"@type":"SearchAction","target":{"@type":"EntryPoint","urlTemplate":"https:\/\/pharmadreams.shop\/?s={search_term_string}"},"query-input":"required name=search_term_string"}],"inLanguage":"fr-FR"}]}},"_links":{"self":[{"href":"https:\/\/pharmadreams.shop\/index.php\/wp-json\/wp\/v2\/product\/19089","targetHints":{"allow":["GET"]}}],"collection":[{"href":"https:\/\/pharmadreams.shop\/index.php\/wp-json\/wp\/v2\/product"}],"about":[{"href":"https:\/\/pharmadreams.shop\/index.php\/wp-json\/wp\/v2\/types\/product"}],"replies":[{"embeddable":true,"href":"https:\/\/pharmadreams.shop\/index.php\/wp-json\/wp\/v2\/comments?post=19089"}],"version-history":[{"count":0,"href":"https:\/\/pharmadreams.shop\/index.php\/wp-json\/wp\/v2\/product\/19089\/revisions"}],"wp:featuredmedia":[{"embeddable":true,"href":"https:\/\/pharmadreams.shop\/index.php\/wp-json\/wp\/v2\/media\/19090"}],"wp:attachment":[{"href":"https:\/\/pharmadreams.shop\/index.php\/wp-json\/wp\/v2\/media?parent=19089"}],"wp:term":[{"taxonomy":"product_brand","embeddable":true,"href":"https:\/\/pharmadreams.shop\/index.php\/wp-json\/wp\/v2\/product_brand?post=19089"},{"taxonomy":"product_cat","embeddable":true,"href":"https:\/\/pharmadreams.shop\/index.php\/wp-json\/wp\/v2\/product_cat?post=19089"},{"taxonomy":"product_tag","embeddable":true,"href":"https:\/\/pharmadreams.shop\/index.php\/wp-json\/wp\/v2\/product_tag?post=19089"}],"curies":[{"name":"wp","href":"https:\/\/api.w.org\/{rel}","templated":true}]}}