{"id":19092,"date":"2024-11-06T16:06:55","date_gmt":"2024-11-06T15:06:55","guid":{"rendered":"https:\/\/pharmadreams.shop\/?post_type=product&#038;p=19092"},"modified":"2024-11-06T16:06:55","modified_gmt":"2024-11-06T15:06:55","slug":"uriage-keratosane-30-gel-creme-75-ml","status":"publish","type":"product","link":"https:\/\/pharmadreams.shop\/index.php\/product\/uriage-keratosane-30-gel-creme-75-ml\/","title":{"rendered":"URIAGE KERATOSANE 30 GEL CREME 75 ML"},"content":{"rendered":"","protected":false},"excerpt":{"rendered":"<p>Haute tol\u00e9rance, ce gel cr\u00e8me est un soin complet qui permet \u00e0 la peau de retrouver son aspect lisse, apais\u00e9, doux sans rugosit\u00e9. 1\/ Exfolie Sa concentration en Ur\u00e9e lui permet d\u2019avoir une puissante action k\u00e9ratolytique sur les zones rugueuses ou tr\u00e8s \u00e9paisses identifi\u00e9es.<\/p>\n<p style=\"font-weight: 400;\"><b><strong>Conseils d&rsquo;utilisation :<\/strong><\/b><\/p>\n<p style=\"font-weight: 400;\">Appliquer deux fois par jour ou plus selon les besoins sur les zones concern\u00e9es. Pr\u00e9caution d\u2019emploi : des sensations passag\u00e8res de picotements sont possibles sur les peaux les plus sensibles. Eviter le contact avec les yeux<\/p>\n","protected":false},"featured_media":19093,"comment_status":"open","ping_status":"closed","template":"","meta":[],"product_brand":[],"product_cat":[28,203,20],"product_tag":[],"class_list":{"0":"post-19092","1":"product","2":"type-product","3":"status-publish","4":"has-post-thumbnail","6":"product_cat-corps","7":"product_cat-gel-creme","8":"product_cat-visage","10":"first","11":"instock","12":"sale","13":"shipping-taxable","14":"purchasable","15":"product-type-simple"},"yoast_head":"<!-- This site is optimized with the Yoast SEO plugin v23.0 - https:\/\/yoast.com\/wordpress\/plugins\/seo\/ -->\n<title>URIAGE KERATOSANE 30 GEL CREME 75 ML - pharmadreams<\/title>\n<meta name=\"robots\" content=\"index, follow, max-snippet:-1, max-image-preview:large, max-video-preview:-1\" \/>\n<link rel=\"canonical\" href=\"https:\/\/pharmadreams.shop\/index.php\/product\/uriage-keratosane-30-gel-creme-75-ml\/\" \/>\n<meta property=\"og:locale\" content=\"fr_FR\" \/>\n<meta property=\"og:type\" content=\"article\" \/>\n<meta property=\"og:title\" content=\"URIAGE KERATOSANE 30 GEL CREME 75 ML - pharmadreams\" \/>\n<meta property=\"og:description\" content=\"Haute tol\u00e9rance, ce gel cr\u00e8me est un soin complet qui permet \u00e0 la peau de retrouver son aspect lisse, apais\u00e9, doux sans rugosit\u00e9. 1\/ Exfolie Sa concentration en Ur\u00e9e lui permet d\u2019avoir une puissante action k\u00e9ratolytique sur les zones rugueuses ou tr\u00e8s \u00e9paisses identifi\u00e9es. Conseils d&#039;utilisation : Appliquer deux fois par jour ou plus selon les besoins sur les zones concern\u00e9es. Pr\u00e9caution d\u2019emploi : des sensations passag\u00e8res de picotements sont possibles sur les peaux les plus sensibles. Eviter le contact avec les yeux\" \/>\n<meta property=\"og:url\" content=\"https:\/\/pharmadreams.shop\/index.php\/product\/uriage-keratosane-30-gel-creme-75-ml\/\" \/>\n<meta property=\"og:site_name\" content=\"pharmadreams\" \/>\n<meta property=\"og:image\" content=\"https:\/\/pharmadreams.shop\/wp-content\/uploads\/2024\/11\/uriage-keratosane-30-gel-creme-75ml-3661434000836.jpg\" \/>\n\t<meta property=\"og:image:width\" content=\"1200\" \/>\n\t<meta property=\"og:image:height\" content=\"1200\" \/>\n\t<meta property=\"og:image:type\" content=\"image\/jpeg\" \/>\n<meta name=\"twitter:card\" content=\"summary_large_image\" \/>\n<meta name=\"twitter:label1\" content=\"Dur\u00e9e de lecture estim\u00e9e\" \/>\n\t<meta name=\"twitter:data1\" content=\"1 minute\" \/>\n<script type=\"application\/ld+json\" class=\"yoast-schema-graph\">{\"@context\":\"https:\/\/schema.org\",\"@graph\":[{\"@type\":\"WebPage\",\"@id\":\"https:\/\/pharmadreams.shop\/index.php\/product\/uriage-keratosane-30-gel-creme-75-ml\/\",\"url\":\"https:\/\/pharmadreams.shop\/index.php\/product\/uriage-keratosane-30-gel-creme-75-ml\/\",\"name\":\"URIAGE KERATOSANE 30 GEL CREME 75 ML - pharmadreams\",\"isPartOf\":{\"@id\":\"https:\/\/pharmadreams.shop\/#website\"},\"primaryImageOfPage\":{\"@id\":\"https:\/\/pharmadreams.shop\/index.php\/product\/uriage-keratosane-30-gel-creme-75-ml\/#primaryimage\"},\"image\":{\"@id\":\"https:\/\/pharmadreams.shop\/index.php\/product\/uriage-keratosane-30-gel-creme-75-ml\/#primaryimage\"},\"thumbnailUrl\":\"https:\/\/pharmadreams.shop\/wp-content\/uploads\/2024\/11\/uriage-keratosane-30-gel-creme-75ml-3661434000836.jpg\",\"datePublished\":\"2024-11-06T15:06:55+00:00\",\"dateModified\":\"2024-11-06T15:06:55+00:00\",\"breadcrumb\":{\"@id\":\"https:\/\/pharmadreams.shop\/index.php\/product\/uriage-keratosane-30-gel-creme-75-ml\/#breadcrumb\"},\"inLanguage\":\"fr-FR\",\"potentialAction\":[{\"@type\":\"ReadAction\",\"target\":[\"https:\/\/pharmadreams.shop\/index.php\/product\/uriage-keratosane-30-gel-creme-75-ml\/\"]}]},{\"@type\":\"ImageObject\",\"inLanguage\":\"fr-FR\",\"@id\":\"https:\/\/pharmadreams.shop\/index.php\/product\/uriage-keratosane-30-gel-creme-75-ml\/#primaryimage\",\"url\":\"https:\/\/pharmadreams.shop\/wp-content\/uploads\/2024\/11\/uriage-keratosane-30-gel-creme-75ml-3661434000836.jpg\",\"contentUrl\":\"https:\/\/pharmadreams.shop\/wp-content\/uploads\/2024\/11\/uriage-keratosane-30-gel-creme-75ml-3661434000836.jpg\",\"width\":1200,\"height\":1200},{\"@type\":\"BreadcrumbList\",\"@id\":\"https:\/\/pharmadreams.shop\/index.php\/product\/uriage-keratosane-30-gel-creme-75-ml\/#breadcrumb\",\"itemListElement\":[{\"@type\":\"ListItem\",\"position\":1,\"name\":\"Accueil\",\"item\":\"https:\/\/pharmadreams.shop\/\"},{\"@type\":\"ListItem\",\"position\":2,\"name\":\"Shop\",\"item\":\"https:\/\/pharmadreams.shop\/index.php\/shop\/\"},{\"@type\":\"ListItem\",\"position\":3,\"name\":\"URIAGE KERATOSANE 30 GEL CREME 75 ML\"}]},{\"@type\":\"WebSite\",\"@id\":\"https:\/\/pharmadreams.shop\/#website\",\"url\":\"https:\/\/pharmadreams.shop\/\",\"name\":\"pharmadreams\",\"description\":\"Parapharmacie en ligne\",\"potentialAction\":[{\"@type\":\"SearchAction\",\"target\":{\"@type\":\"EntryPoint\",\"urlTemplate\":\"https:\/\/pharmadreams.shop\/?s={search_term_string}\"},\"query-input\":\"required name=search_term_string\"}],\"inLanguage\":\"fr-FR\"}]}<\/script>\n<!-- \/ Yoast SEO plugin. -->","yoast_head_json":{"title":"URIAGE KERATOSANE 30 GEL CREME 75 ML - pharmadreams","robots":{"index":"index","follow":"follow","max-snippet":"max-snippet:-1","max-image-preview":"max-image-preview:large","max-video-preview":"max-video-preview:-1"},"canonical":"https:\/\/pharmadreams.shop\/index.php\/product\/uriage-keratosane-30-gel-creme-75-ml\/","og_locale":"fr_FR","og_type":"article","og_title":"URIAGE KERATOSANE 30 GEL CREME 75 ML - pharmadreams","og_description":"Haute tol\u00e9rance, ce gel cr\u00e8me est un soin complet qui permet \u00e0 la peau de retrouver son aspect lisse, apais\u00e9, doux sans rugosit\u00e9. 1\/ Exfolie Sa concentration en Ur\u00e9e lui permet d\u2019avoir une puissante action k\u00e9ratolytique sur les zones rugueuses ou tr\u00e8s \u00e9paisses identifi\u00e9es. Conseils d'utilisation : Appliquer deux fois par jour ou plus selon les besoins sur les zones concern\u00e9es. Pr\u00e9caution d\u2019emploi : des sensations passag\u00e8res de picotements sont possibles sur les peaux les plus sensibles. Eviter le contact avec les yeux","og_url":"https:\/\/pharmadreams.shop\/index.php\/product\/uriage-keratosane-30-gel-creme-75-ml\/","og_site_name":"pharmadreams","og_image":[{"width":1200,"height":1200,"url":"https:\/\/pharmadreams.shop\/wp-content\/uploads\/2024\/11\/uriage-keratosane-30-gel-creme-75ml-3661434000836.jpg","type":"image\/jpeg"}],"twitter_card":"summary_large_image","twitter_misc":{"Dur\u00e9e de lecture estim\u00e9e":"1 minute"},"schema":{"@context":"https:\/\/schema.org","@graph":[{"@type":"WebPage","@id":"https:\/\/pharmadreams.shop\/index.php\/product\/uriage-keratosane-30-gel-creme-75-ml\/","url":"https:\/\/pharmadreams.shop\/index.php\/product\/uriage-keratosane-30-gel-creme-75-ml\/","name":"URIAGE KERATOSANE 30 GEL CREME 75 ML - pharmadreams","isPartOf":{"@id":"https:\/\/pharmadreams.shop\/#website"},"primaryImageOfPage":{"@id":"https:\/\/pharmadreams.shop\/index.php\/product\/uriage-keratosane-30-gel-creme-75-ml\/#primaryimage"},"image":{"@id":"https:\/\/pharmadreams.shop\/index.php\/product\/uriage-keratosane-30-gel-creme-75-ml\/#primaryimage"},"thumbnailUrl":"https:\/\/pharmadreams.shop\/wp-content\/uploads\/2024\/11\/uriage-keratosane-30-gel-creme-75ml-3661434000836.jpg","datePublished":"2024-11-06T15:06:55+00:00","dateModified":"2024-11-06T15:06:55+00:00","breadcrumb":{"@id":"https:\/\/pharmadreams.shop\/index.php\/product\/uriage-keratosane-30-gel-creme-75-ml\/#breadcrumb"},"inLanguage":"fr-FR","potentialAction":[{"@type":"ReadAction","target":["https:\/\/pharmadreams.shop\/index.php\/product\/uriage-keratosane-30-gel-creme-75-ml\/"]}]},{"@type":"ImageObject","inLanguage":"fr-FR","@id":"https:\/\/pharmadreams.shop\/index.php\/product\/uriage-keratosane-30-gel-creme-75-ml\/#primaryimage","url":"https:\/\/pharmadreams.shop\/wp-content\/uploads\/2024\/11\/uriage-keratosane-30-gel-creme-75ml-3661434000836.jpg","contentUrl":"https:\/\/pharmadreams.shop\/wp-content\/uploads\/2024\/11\/uriage-keratosane-30-gel-creme-75ml-3661434000836.jpg","width":1200,"height":1200},{"@type":"BreadcrumbList","@id":"https:\/\/pharmadreams.shop\/index.php\/product\/uriage-keratosane-30-gel-creme-75-ml\/#breadcrumb","itemListElement":[{"@type":"ListItem","position":1,"name":"Accueil","item":"https:\/\/pharmadreams.shop\/"},{"@type":"ListItem","position":2,"name":"Shop","item":"https:\/\/pharmadreams.shop\/index.php\/shop\/"},{"@type":"ListItem","position":3,"name":"URIAGE KERATOSANE 30 GEL CREME 75 ML"}]},{"@type":"WebSite","@id":"https:\/\/pharmadreams.shop\/#website","url":"https:\/\/pharmadreams.shop\/","name":"pharmadreams","description":"Parapharmacie en ligne","potentialAction":[{"@type":"SearchAction","target":{"@type":"EntryPoint","urlTemplate":"https:\/\/pharmadreams.shop\/?s={search_term_string}"},"query-input":"required name=search_term_string"}],"inLanguage":"fr-FR"}]}},"_links":{"self":[{"href":"https:\/\/pharmadreams.shop\/index.php\/wp-json\/wp\/v2\/product\/19092","targetHints":{"allow":["GET"]}}],"collection":[{"href":"https:\/\/pharmadreams.shop\/index.php\/wp-json\/wp\/v2\/product"}],"about":[{"href":"https:\/\/pharmadreams.shop\/index.php\/wp-json\/wp\/v2\/types\/product"}],"replies":[{"embeddable":true,"href":"https:\/\/pharmadreams.shop\/index.php\/wp-json\/wp\/v2\/comments?post=19092"}],"version-history":[{"count":0,"href":"https:\/\/pharmadreams.shop\/index.php\/wp-json\/wp\/v2\/product\/19092\/revisions"}],"wp:featuredmedia":[{"embeddable":true,"href":"https:\/\/pharmadreams.shop\/index.php\/wp-json\/wp\/v2\/media\/19093"}],"wp:attachment":[{"href":"https:\/\/pharmadreams.shop\/index.php\/wp-json\/wp\/v2\/media?parent=19092"}],"wp:term":[{"taxonomy":"product_brand","embeddable":true,"href":"https:\/\/pharmadreams.shop\/index.php\/wp-json\/wp\/v2\/product_brand?post=19092"},{"taxonomy":"product_cat","embeddable":true,"href":"https:\/\/pharmadreams.shop\/index.php\/wp-json\/wp\/v2\/product_cat?post=19092"},{"taxonomy":"product_tag","embeddable":true,"href":"https:\/\/pharmadreams.shop\/index.php\/wp-json\/wp\/v2\/product_tag?post=19092"}],"curies":[{"name":"wp","href":"https:\/\/api.w.org\/{rel}","templated":true}]}}