{"id":19095,"date":"2024-11-06T16:11:46","date_gmt":"2024-11-06T15:11:46","guid":{"rendered":"https:\/\/pharmadreams.shop\/?post_type=product&#038;p=19095"},"modified":"2024-11-06T16:11:47","modified_gmt":"2024-11-06T15:11:47","slug":"uriage-bariederm-cica-daily-serum-30ml","status":"publish","type":"product","link":"https:\/\/pharmadreams.shop\/index.php\/product\/uriage-bariederm-cica-daily-serum-30ml\/","title":{"rendered":"URIAGE BARIEDERM CICA DAILY SERUM 30ML"},"content":{"rendered":"","protected":false},"excerpt":{"rendered":"<p>Uriage Bari\u00e9derm Cica Daily S\u00e9rum 30 ml est un s\u00e9rum dermatologique haute tol\u00e9rance qui renforce, prot\u00e8ge et r\u00e9pare les peaux agress\u00e9es et fragilis\u00e9es quotidiennement.<br \/>\nIl agit contre le teint terne, l&rsquo;inconfort, les signes de fatigue, ridules et petites imperfections ou rougeurs gr\u00e2ce au 10,5% Complexe Thermal-Biotic<\/p>\n<p>Appliquer 1 \u00e0 2 pipettes matin et soir sur l&rsquo;ensemble du visage, avant votre cr\u00e8me, sur une peau parfaitement nettoy\u00e9e et s\u00e9ch\u00e9e.<\/p>\n<p>\u00c9viter le contact avec les yeux.<\/p>\n<p>Indication : Visage. Peaux fragiles.<\/p>\n","protected":false},"featured_media":19096,"comment_status":"open","ping_status":"closed","template":"","meta":[],"product_brand":[],"product_cat":[94,20],"product_tag":[],"class_list":{"0":"post-19095","1":"product","2":"type-product","3":"status-publish","4":"has-post-thumbnail","6":"product_cat-serum","7":"product_cat-visage","9":"first","10":"instock","11":"sale","12":"shipping-taxable","13":"purchasable","14":"product-type-simple"},"yoast_head":"<!-- This site is optimized with the Yoast SEO plugin v23.0 - https:\/\/yoast.com\/wordpress\/plugins\/seo\/ -->\n<title>URIAGE BARIEDERM CICA DAILY SERUM 30ML - pharmadreams<\/title>\n<meta name=\"robots\" content=\"index, follow, max-snippet:-1, max-image-preview:large, max-video-preview:-1\" \/>\n<link rel=\"canonical\" href=\"https:\/\/pharmadreams.shop\/index.php\/product\/uriage-bariederm-cica-daily-serum-30ml\/\" \/>\n<meta property=\"og:locale\" content=\"fr_FR\" \/>\n<meta property=\"og:type\" content=\"article\" \/>\n<meta property=\"og:title\" content=\"URIAGE BARIEDERM CICA DAILY SERUM 30ML - pharmadreams\" \/>\n<meta property=\"og:description\" content=\"Uriage Bari\u00e9derm Cica Daily S\u00e9rum 30 ml est un s\u00e9rum dermatologique haute tol\u00e9rance qui renforce, prot\u00e8ge et r\u00e9pare les peaux agress\u00e9es et fragilis\u00e9es quotidiennement. Il agit contre le teint terne, l&#039;inconfort, les signes de fatigue, ridules et petites imperfections ou rougeurs gr\u00e2ce au 10,5% Complexe Thermal-Biotic  Appliquer 1 \u00e0 2 pipettes matin et soir sur l&#039;ensemble du visage, avant votre cr\u00e8me, sur une peau parfaitement nettoy\u00e9e et s\u00e9ch\u00e9e.  \u00c9viter le contact avec les yeux.  Indication : Visage. Peaux fragiles.\" \/>\n<meta property=\"og:url\" content=\"https:\/\/pharmadreams.shop\/index.php\/product\/uriage-bariederm-cica-daily-serum-30ml\/\" \/>\n<meta property=\"og:site_name\" content=\"pharmadreams\" \/>\n<meta property=\"article:modified_time\" content=\"2024-11-06T15:11:47+00:00\" \/>\n<meta property=\"og:image\" content=\"https:\/\/pharmadreams.shop\/wp-content\/uploads\/2024\/11\/uriage-bariederm-cica-daily-serum-30-ml.jpg\" \/>\n\t<meta property=\"og:image:width\" content=\"500\" \/>\n\t<meta property=\"og:image:height\" content=\"500\" \/>\n\t<meta property=\"og:image:type\" content=\"image\/jpeg\" \/>\n<meta name=\"twitter:card\" content=\"summary_large_image\" \/>\n<meta name=\"twitter:label1\" content=\"Dur\u00e9e de lecture estim\u00e9e\" \/>\n\t<meta name=\"twitter:data1\" content=\"1 minute\" \/>\n<script type=\"application\/ld+json\" class=\"yoast-schema-graph\">{\"@context\":\"https:\/\/schema.org\",\"@graph\":[{\"@type\":\"WebPage\",\"@id\":\"https:\/\/pharmadreams.shop\/index.php\/product\/uriage-bariederm-cica-daily-serum-30ml\/\",\"url\":\"https:\/\/pharmadreams.shop\/index.php\/product\/uriage-bariederm-cica-daily-serum-30ml\/\",\"name\":\"URIAGE BARIEDERM CICA DAILY SERUM 30ML - pharmadreams\",\"isPartOf\":{\"@id\":\"https:\/\/pharmadreams.shop\/#website\"},\"primaryImageOfPage\":{\"@id\":\"https:\/\/pharmadreams.shop\/index.php\/product\/uriage-bariederm-cica-daily-serum-30ml\/#primaryimage\"},\"image\":{\"@id\":\"https:\/\/pharmadreams.shop\/index.php\/product\/uriage-bariederm-cica-daily-serum-30ml\/#primaryimage\"},\"thumbnailUrl\":\"https:\/\/pharmadreams.shop\/wp-content\/uploads\/2024\/11\/uriage-bariederm-cica-daily-serum-30-ml.jpg\",\"datePublished\":\"2024-11-06T15:11:46+00:00\",\"dateModified\":\"2024-11-06T15:11:47+00:00\",\"breadcrumb\":{\"@id\":\"https:\/\/pharmadreams.shop\/index.php\/product\/uriage-bariederm-cica-daily-serum-30ml\/#breadcrumb\"},\"inLanguage\":\"fr-FR\",\"potentialAction\":[{\"@type\":\"ReadAction\",\"target\":[\"https:\/\/pharmadreams.shop\/index.php\/product\/uriage-bariederm-cica-daily-serum-30ml\/\"]}]},{\"@type\":\"ImageObject\",\"inLanguage\":\"fr-FR\",\"@id\":\"https:\/\/pharmadreams.shop\/index.php\/product\/uriage-bariederm-cica-daily-serum-30ml\/#primaryimage\",\"url\":\"https:\/\/pharmadreams.shop\/wp-content\/uploads\/2024\/11\/uriage-bariederm-cica-daily-serum-30-ml.jpg\",\"contentUrl\":\"https:\/\/pharmadreams.shop\/wp-content\/uploads\/2024\/11\/uriage-bariederm-cica-daily-serum-30-ml.jpg\",\"width\":500,\"height\":500},{\"@type\":\"BreadcrumbList\",\"@id\":\"https:\/\/pharmadreams.shop\/index.php\/product\/uriage-bariederm-cica-daily-serum-30ml\/#breadcrumb\",\"itemListElement\":[{\"@type\":\"ListItem\",\"position\":1,\"name\":\"Accueil\",\"item\":\"https:\/\/pharmadreams.shop\/\"},{\"@type\":\"ListItem\",\"position\":2,\"name\":\"Shop\",\"item\":\"https:\/\/pharmadreams.shop\/index.php\/shop\/\"},{\"@type\":\"ListItem\",\"position\":3,\"name\":\"URIAGE BARIEDERM CICA DAILY SERUM 30ML\"}]},{\"@type\":\"WebSite\",\"@id\":\"https:\/\/pharmadreams.shop\/#website\",\"url\":\"https:\/\/pharmadreams.shop\/\",\"name\":\"pharmadreams\",\"description\":\"Parapharmacie en ligne\",\"potentialAction\":[{\"@type\":\"SearchAction\",\"target\":{\"@type\":\"EntryPoint\",\"urlTemplate\":\"https:\/\/pharmadreams.shop\/?s={search_term_string}\"},\"query-input\":\"required name=search_term_string\"}],\"inLanguage\":\"fr-FR\"}]}<\/script>\n<!-- \/ Yoast SEO plugin. -->","yoast_head_json":{"title":"URIAGE BARIEDERM CICA DAILY SERUM 30ML - pharmadreams","robots":{"index":"index","follow":"follow","max-snippet":"max-snippet:-1","max-image-preview":"max-image-preview:large","max-video-preview":"max-video-preview:-1"},"canonical":"https:\/\/pharmadreams.shop\/index.php\/product\/uriage-bariederm-cica-daily-serum-30ml\/","og_locale":"fr_FR","og_type":"article","og_title":"URIAGE BARIEDERM CICA DAILY SERUM 30ML - pharmadreams","og_description":"Uriage Bari\u00e9derm Cica Daily S\u00e9rum 30 ml est un s\u00e9rum dermatologique haute tol\u00e9rance qui renforce, prot\u00e8ge et r\u00e9pare les peaux agress\u00e9es et fragilis\u00e9es quotidiennement. Il agit contre le teint terne, l'inconfort, les signes de fatigue, ridules et petites imperfections ou rougeurs gr\u00e2ce au 10,5% Complexe Thermal-Biotic  Appliquer 1 \u00e0 2 pipettes matin et soir sur l'ensemble du visage, avant votre cr\u00e8me, sur une peau parfaitement nettoy\u00e9e et s\u00e9ch\u00e9e.  \u00c9viter le contact avec les yeux.  Indication : Visage. Peaux fragiles.","og_url":"https:\/\/pharmadreams.shop\/index.php\/product\/uriage-bariederm-cica-daily-serum-30ml\/","og_site_name":"pharmadreams","article_modified_time":"2024-11-06T15:11:47+00:00","og_image":[{"width":500,"height":500,"url":"https:\/\/pharmadreams.shop\/wp-content\/uploads\/2024\/11\/uriage-bariederm-cica-daily-serum-30-ml.jpg","type":"image\/jpeg"}],"twitter_card":"summary_large_image","twitter_misc":{"Dur\u00e9e de lecture estim\u00e9e":"1 minute"},"schema":{"@context":"https:\/\/schema.org","@graph":[{"@type":"WebPage","@id":"https:\/\/pharmadreams.shop\/index.php\/product\/uriage-bariederm-cica-daily-serum-30ml\/","url":"https:\/\/pharmadreams.shop\/index.php\/product\/uriage-bariederm-cica-daily-serum-30ml\/","name":"URIAGE BARIEDERM CICA DAILY SERUM 30ML - pharmadreams","isPartOf":{"@id":"https:\/\/pharmadreams.shop\/#website"},"primaryImageOfPage":{"@id":"https:\/\/pharmadreams.shop\/index.php\/product\/uriage-bariederm-cica-daily-serum-30ml\/#primaryimage"},"image":{"@id":"https:\/\/pharmadreams.shop\/index.php\/product\/uriage-bariederm-cica-daily-serum-30ml\/#primaryimage"},"thumbnailUrl":"https:\/\/pharmadreams.shop\/wp-content\/uploads\/2024\/11\/uriage-bariederm-cica-daily-serum-30-ml.jpg","datePublished":"2024-11-06T15:11:46+00:00","dateModified":"2024-11-06T15:11:47+00:00","breadcrumb":{"@id":"https:\/\/pharmadreams.shop\/index.php\/product\/uriage-bariederm-cica-daily-serum-30ml\/#breadcrumb"},"inLanguage":"fr-FR","potentialAction":[{"@type":"ReadAction","target":["https:\/\/pharmadreams.shop\/index.php\/product\/uriage-bariederm-cica-daily-serum-30ml\/"]}]},{"@type":"ImageObject","inLanguage":"fr-FR","@id":"https:\/\/pharmadreams.shop\/index.php\/product\/uriage-bariederm-cica-daily-serum-30ml\/#primaryimage","url":"https:\/\/pharmadreams.shop\/wp-content\/uploads\/2024\/11\/uriage-bariederm-cica-daily-serum-30-ml.jpg","contentUrl":"https:\/\/pharmadreams.shop\/wp-content\/uploads\/2024\/11\/uriage-bariederm-cica-daily-serum-30-ml.jpg","width":500,"height":500},{"@type":"BreadcrumbList","@id":"https:\/\/pharmadreams.shop\/index.php\/product\/uriage-bariederm-cica-daily-serum-30ml\/#breadcrumb","itemListElement":[{"@type":"ListItem","position":1,"name":"Accueil","item":"https:\/\/pharmadreams.shop\/"},{"@type":"ListItem","position":2,"name":"Shop","item":"https:\/\/pharmadreams.shop\/index.php\/shop\/"},{"@type":"ListItem","position":3,"name":"URIAGE BARIEDERM CICA DAILY SERUM 30ML"}]},{"@type":"WebSite","@id":"https:\/\/pharmadreams.shop\/#website","url":"https:\/\/pharmadreams.shop\/","name":"pharmadreams","description":"Parapharmacie en ligne","potentialAction":[{"@type":"SearchAction","target":{"@type":"EntryPoint","urlTemplate":"https:\/\/pharmadreams.shop\/?s={search_term_string}"},"query-input":"required name=search_term_string"}],"inLanguage":"fr-FR"}]}},"_links":{"self":[{"href":"https:\/\/pharmadreams.shop\/index.php\/wp-json\/wp\/v2\/product\/19095","targetHints":{"allow":["GET"]}}],"collection":[{"href":"https:\/\/pharmadreams.shop\/index.php\/wp-json\/wp\/v2\/product"}],"about":[{"href":"https:\/\/pharmadreams.shop\/index.php\/wp-json\/wp\/v2\/types\/product"}],"replies":[{"embeddable":true,"href":"https:\/\/pharmadreams.shop\/index.php\/wp-json\/wp\/v2\/comments?post=19095"}],"version-history":[{"count":0,"href":"https:\/\/pharmadreams.shop\/index.php\/wp-json\/wp\/v2\/product\/19095\/revisions"}],"wp:featuredmedia":[{"embeddable":true,"href":"https:\/\/pharmadreams.shop\/index.php\/wp-json\/wp\/v2\/media\/19096"}],"wp:attachment":[{"href":"https:\/\/pharmadreams.shop\/index.php\/wp-json\/wp\/v2\/media?parent=19095"}],"wp:term":[{"taxonomy":"product_brand","embeddable":true,"href":"https:\/\/pharmadreams.shop\/index.php\/wp-json\/wp\/v2\/product_brand?post=19095"},{"taxonomy":"product_cat","embeddable":true,"href":"https:\/\/pharmadreams.shop\/index.php\/wp-json\/wp\/v2\/product_cat?post=19095"},{"taxonomy":"product_tag","embeddable":true,"href":"https:\/\/pharmadreams.shop\/index.php\/wp-json\/wp\/v2\/product_tag?post=19095"}],"curies":[{"name":"wp","href":"https:\/\/api.w.org\/{rel}","templated":true}]}}