{"id":19098,"date":"2024-11-06T16:17:51","date_gmt":"2024-11-06T15:17:51","guid":{"rendered":"https:\/\/pharmadreams.shop\/?post_type=product&#038;p=19098"},"modified":"2024-11-06T16:17:51","modified_gmt":"2024-11-06T15:17:51","slug":"uriage-xemose-huile-lavante-apaisante-peaux-tres-seches-a-tendance-atopique-200ml","status":"publish","type":"product","link":"https:\/\/pharmadreams.shop\/index.php\/product\/uriage-xemose-huile-lavante-apaisante-peaux-tres-seches-a-tendance-atopique-200ml\/","title":{"rendered":"URIAGE XEMOSE HUILE LAVANTE APAISANTE PEAUX TRES SECHES A TENDANCE ATOPIQUE 200ML"},"content":{"rendered":"","protected":false},"excerpt":{"rendered":"<p>Nettoie et hydrate la peau et lui apporte tous les effets apaisants et protecteurs de l&rsquo;eau thermale d&rsquo;uriage et du cerasterol-2f.<br \/>\nElle pr\u00e9serve la peau des effets dess\u00e9chants de l&rsquo;eau, apaise les sensations d&rsquo;inconfort et r\u00e9duit l&rsquo;incitation au grattage.<br \/>\nElle laisse un film doux et protecteur.<br \/>\nPour la douche ou le bain.<\/p>\n","protected":false},"featured_media":19099,"comment_status":"open","ping_status":"closed","template":"","meta":[],"product_brand":[],"product_cat":[28,166,304,79,325,20],"product_tag":[],"class_list":{"0":"post-19098","1":"product","2":"type-product","3":"status-publish","4":"has-post-thumbnail","6":"product_cat-corps","7":"product_cat-huile-bain-douche","8":"product_cat-nettoyant-visage","9":"product_cat-peaux-seches","10":"product_cat-soin-lavant","11":"product_cat-visage","13":"first","14":"instock","15":"shipping-taxable","16":"purchasable","17":"product-type-simple"},"yoast_head":"<!-- This site is optimized with the Yoast SEO plugin v23.0 - https:\/\/yoast.com\/wordpress\/plugins\/seo\/ -->\n<title>URIAGE XEMOSE HUILE LAVANTE APAISANTE PEAUX TRES SECHES A TENDANCE ATOPIQUE 200ML - pharmadreams<\/title>\n<meta name=\"robots\" content=\"index, follow, max-snippet:-1, max-image-preview:large, max-video-preview:-1\" \/>\n<link rel=\"canonical\" href=\"https:\/\/pharmadreams.shop\/index.php\/product\/uriage-xemose-huile-lavante-apaisante-peaux-tres-seches-a-tendance-atopique-200ml\/\" \/>\n<meta property=\"og:locale\" content=\"fr_FR\" \/>\n<meta property=\"og:type\" content=\"article\" \/>\n<meta property=\"og:title\" content=\"URIAGE XEMOSE HUILE LAVANTE APAISANTE PEAUX TRES SECHES A TENDANCE ATOPIQUE 200ML - pharmadreams\" \/>\n<meta property=\"og:description\" content=\"Nettoie et hydrate la peau et lui apporte tous les effets apaisants et protecteurs de l&#039;eau thermale d&#039;uriage et du cerasterol-2f. Elle pr\u00e9serve la peau des effets dess\u00e9chants de l&#039;eau, apaise les sensations d&#039;inconfort et r\u00e9duit l&#039;incitation au grattage. Elle laisse un film doux et protecteur. Pour la douche ou le bain.\" \/>\n<meta property=\"og:url\" content=\"https:\/\/pharmadreams.shop\/index.php\/product\/uriage-xemose-huile-lavante-apaisante-peaux-tres-seches-a-tendance-atopique-200ml\/\" \/>\n<meta property=\"og:site_name\" content=\"pharmadreams\" \/>\n<meta property=\"og:image\" content=\"https:\/\/pharmadreams.shop\/wp-content\/uploads\/2024\/11\/uriage-xemose-huile-lavante-apaisante-peaux-tres-seches-a-tendance-atopique-200ml-.jpg\" \/>\n\t<meta property=\"og:image:width\" content=\"500\" \/>\n\t<meta property=\"og:image:height\" content=\"500\" \/>\n\t<meta property=\"og:image:type\" content=\"image\/jpeg\" \/>\n<meta name=\"twitter:card\" content=\"summary_large_image\" \/>\n<meta name=\"twitter:label1\" content=\"Dur\u00e9e de lecture estim\u00e9e\" \/>\n\t<meta name=\"twitter:data1\" content=\"1 minute\" \/>\n<script type=\"application\/ld+json\" class=\"yoast-schema-graph\">{\"@context\":\"https:\/\/schema.org\",\"@graph\":[{\"@type\":\"WebPage\",\"@id\":\"https:\/\/pharmadreams.shop\/index.php\/product\/uriage-xemose-huile-lavante-apaisante-peaux-tres-seches-a-tendance-atopique-200ml\/\",\"url\":\"https:\/\/pharmadreams.shop\/index.php\/product\/uriage-xemose-huile-lavante-apaisante-peaux-tres-seches-a-tendance-atopique-200ml\/\",\"name\":\"URIAGE XEMOSE HUILE LAVANTE APAISANTE PEAUX TRES SECHES A TENDANCE ATOPIQUE 200ML - pharmadreams\",\"isPartOf\":{\"@id\":\"https:\/\/pharmadreams.shop\/#website\"},\"primaryImageOfPage\":{\"@id\":\"https:\/\/pharmadreams.shop\/index.php\/product\/uriage-xemose-huile-lavante-apaisante-peaux-tres-seches-a-tendance-atopique-200ml\/#primaryimage\"},\"image\":{\"@id\":\"https:\/\/pharmadreams.shop\/index.php\/product\/uriage-xemose-huile-lavante-apaisante-peaux-tres-seches-a-tendance-atopique-200ml\/#primaryimage\"},\"thumbnailUrl\":\"https:\/\/pharmadreams.shop\/wp-content\/uploads\/2024\/11\/uriage-xemose-huile-lavante-apaisante-peaux-tres-seches-a-tendance-atopique-200ml-.jpg\",\"datePublished\":\"2024-11-06T15:17:51+00:00\",\"dateModified\":\"2024-11-06T15:17:51+00:00\",\"breadcrumb\":{\"@id\":\"https:\/\/pharmadreams.shop\/index.php\/product\/uriage-xemose-huile-lavante-apaisante-peaux-tres-seches-a-tendance-atopique-200ml\/#breadcrumb\"},\"inLanguage\":\"fr-FR\",\"potentialAction\":[{\"@type\":\"ReadAction\",\"target\":[\"https:\/\/pharmadreams.shop\/index.php\/product\/uriage-xemose-huile-lavante-apaisante-peaux-tres-seches-a-tendance-atopique-200ml\/\"]}]},{\"@type\":\"ImageObject\",\"inLanguage\":\"fr-FR\",\"@id\":\"https:\/\/pharmadreams.shop\/index.php\/product\/uriage-xemose-huile-lavante-apaisante-peaux-tres-seches-a-tendance-atopique-200ml\/#primaryimage\",\"url\":\"https:\/\/pharmadreams.shop\/wp-content\/uploads\/2024\/11\/uriage-xemose-huile-lavante-apaisante-peaux-tres-seches-a-tendance-atopique-200ml-.jpg\",\"contentUrl\":\"https:\/\/pharmadreams.shop\/wp-content\/uploads\/2024\/11\/uriage-xemose-huile-lavante-apaisante-peaux-tres-seches-a-tendance-atopique-200ml-.jpg\",\"width\":500,\"height\":500},{\"@type\":\"BreadcrumbList\",\"@id\":\"https:\/\/pharmadreams.shop\/index.php\/product\/uriage-xemose-huile-lavante-apaisante-peaux-tres-seches-a-tendance-atopique-200ml\/#breadcrumb\",\"itemListElement\":[{\"@type\":\"ListItem\",\"position\":1,\"name\":\"Accueil\",\"item\":\"https:\/\/pharmadreams.shop\/\"},{\"@type\":\"ListItem\",\"position\":2,\"name\":\"Shop\",\"item\":\"https:\/\/pharmadreams.shop\/index.php\/shop\/\"},{\"@type\":\"ListItem\",\"position\":3,\"name\":\"URIAGE XEMOSE HUILE LAVANTE APAISANTE PEAUX TRES SECHES A TENDANCE ATOPIQUE 200ML\"}]},{\"@type\":\"WebSite\",\"@id\":\"https:\/\/pharmadreams.shop\/#website\",\"url\":\"https:\/\/pharmadreams.shop\/\",\"name\":\"pharmadreams\",\"description\":\"Parapharmacie en ligne\",\"potentialAction\":[{\"@type\":\"SearchAction\",\"target\":{\"@type\":\"EntryPoint\",\"urlTemplate\":\"https:\/\/pharmadreams.shop\/?s={search_term_string}\"},\"query-input\":\"required name=search_term_string\"}],\"inLanguage\":\"fr-FR\"}]}<\/script>\n<!-- \/ Yoast SEO plugin. -->","yoast_head_json":{"title":"URIAGE XEMOSE HUILE LAVANTE APAISANTE PEAUX TRES SECHES A TENDANCE ATOPIQUE 200ML - pharmadreams","robots":{"index":"index","follow":"follow","max-snippet":"max-snippet:-1","max-image-preview":"max-image-preview:large","max-video-preview":"max-video-preview:-1"},"canonical":"https:\/\/pharmadreams.shop\/index.php\/product\/uriage-xemose-huile-lavante-apaisante-peaux-tres-seches-a-tendance-atopique-200ml\/","og_locale":"fr_FR","og_type":"article","og_title":"URIAGE XEMOSE HUILE LAVANTE APAISANTE PEAUX TRES SECHES A TENDANCE ATOPIQUE 200ML - pharmadreams","og_description":"Nettoie et hydrate la peau et lui apporte tous les effets apaisants et protecteurs de l'eau thermale d'uriage et du cerasterol-2f. Elle pr\u00e9serve la peau des effets dess\u00e9chants de l'eau, apaise les sensations d'inconfort et r\u00e9duit l'incitation au grattage. Elle laisse un film doux et protecteur. Pour la douche ou le bain.","og_url":"https:\/\/pharmadreams.shop\/index.php\/product\/uriage-xemose-huile-lavante-apaisante-peaux-tres-seches-a-tendance-atopique-200ml\/","og_site_name":"pharmadreams","og_image":[{"width":500,"height":500,"url":"https:\/\/pharmadreams.shop\/wp-content\/uploads\/2024\/11\/uriage-xemose-huile-lavante-apaisante-peaux-tres-seches-a-tendance-atopique-200ml-.jpg","type":"image\/jpeg"}],"twitter_card":"summary_large_image","twitter_misc":{"Dur\u00e9e de lecture estim\u00e9e":"1 minute"},"schema":{"@context":"https:\/\/schema.org","@graph":[{"@type":"WebPage","@id":"https:\/\/pharmadreams.shop\/index.php\/product\/uriage-xemose-huile-lavante-apaisante-peaux-tres-seches-a-tendance-atopique-200ml\/","url":"https:\/\/pharmadreams.shop\/index.php\/product\/uriage-xemose-huile-lavante-apaisante-peaux-tres-seches-a-tendance-atopique-200ml\/","name":"URIAGE XEMOSE HUILE LAVANTE APAISANTE PEAUX TRES SECHES A TENDANCE ATOPIQUE 200ML - pharmadreams","isPartOf":{"@id":"https:\/\/pharmadreams.shop\/#website"},"primaryImageOfPage":{"@id":"https:\/\/pharmadreams.shop\/index.php\/product\/uriage-xemose-huile-lavante-apaisante-peaux-tres-seches-a-tendance-atopique-200ml\/#primaryimage"},"image":{"@id":"https:\/\/pharmadreams.shop\/index.php\/product\/uriage-xemose-huile-lavante-apaisante-peaux-tres-seches-a-tendance-atopique-200ml\/#primaryimage"},"thumbnailUrl":"https:\/\/pharmadreams.shop\/wp-content\/uploads\/2024\/11\/uriage-xemose-huile-lavante-apaisante-peaux-tres-seches-a-tendance-atopique-200ml-.jpg","datePublished":"2024-11-06T15:17:51+00:00","dateModified":"2024-11-06T15:17:51+00:00","breadcrumb":{"@id":"https:\/\/pharmadreams.shop\/index.php\/product\/uriage-xemose-huile-lavante-apaisante-peaux-tres-seches-a-tendance-atopique-200ml\/#breadcrumb"},"inLanguage":"fr-FR","potentialAction":[{"@type":"ReadAction","target":["https:\/\/pharmadreams.shop\/index.php\/product\/uriage-xemose-huile-lavante-apaisante-peaux-tres-seches-a-tendance-atopique-200ml\/"]}]},{"@type":"ImageObject","inLanguage":"fr-FR","@id":"https:\/\/pharmadreams.shop\/index.php\/product\/uriage-xemose-huile-lavante-apaisante-peaux-tres-seches-a-tendance-atopique-200ml\/#primaryimage","url":"https:\/\/pharmadreams.shop\/wp-content\/uploads\/2024\/11\/uriage-xemose-huile-lavante-apaisante-peaux-tres-seches-a-tendance-atopique-200ml-.jpg","contentUrl":"https:\/\/pharmadreams.shop\/wp-content\/uploads\/2024\/11\/uriage-xemose-huile-lavante-apaisante-peaux-tres-seches-a-tendance-atopique-200ml-.jpg","width":500,"height":500},{"@type":"BreadcrumbList","@id":"https:\/\/pharmadreams.shop\/index.php\/product\/uriage-xemose-huile-lavante-apaisante-peaux-tres-seches-a-tendance-atopique-200ml\/#breadcrumb","itemListElement":[{"@type":"ListItem","position":1,"name":"Accueil","item":"https:\/\/pharmadreams.shop\/"},{"@type":"ListItem","position":2,"name":"Shop","item":"https:\/\/pharmadreams.shop\/index.php\/shop\/"},{"@type":"ListItem","position":3,"name":"URIAGE XEMOSE HUILE LAVANTE APAISANTE PEAUX TRES SECHES A TENDANCE ATOPIQUE 200ML"}]},{"@type":"WebSite","@id":"https:\/\/pharmadreams.shop\/#website","url":"https:\/\/pharmadreams.shop\/","name":"pharmadreams","description":"Parapharmacie en ligne","potentialAction":[{"@type":"SearchAction","target":{"@type":"EntryPoint","urlTemplate":"https:\/\/pharmadreams.shop\/?s={search_term_string}"},"query-input":"required name=search_term_string"}],"inLanguage":"fr-FR"}]}},"_links":{"self":[{"href":"https:\/\/pharmadreams.shop\/index.php\/wp-json\/wp\/v2\/product\/19098","targetHints":{"allow":["GET"]}}],"collection":[{"href":"https:\/\/pharmadreams.shop\/index.php\/wp-json\/wp\/v2\/product"}],"about":[{"href":"https:\/\/pharmadreams.shop\/index.php\/wp-json\/wp\/v2\/types\/product"}],"replies":[{"embeddable":true,"href":"https:\/\/pharmadreams.shop\/index.php\/wp-json\/wp\/v2\/comments?post=19098"}],"version-history":[{"count":0,"href":"https:\/\/pharmadreams.shop\/index.php\/wp-json\/wp\/v2\/product\/19098\/revisions"}],"wp:featuredmedia":[{"embeddable":true,"href":"https:\/\/pharmadreams.shop\/index.php\/wp-json\/wp\/v2\/media\/19099"}],"wp:attachment":[{"href":"https:\/\/pharmadreams.shop\/index.php\/wp-json\/wp\/v2\/media?parent=19098"}],"wp:term":[{"taxonomy":"product_brand","embeddable":true,"href":"https:\/\/pharmadreams.shop\/index.php\/wp-json\/wp\/v2\/product_brand?post=19098"},{"taxonomy":"product_cat","embeddable":true,"href":"https:\/\/pharmadreams.shop\/index.php\/wp-json\/wp\/v2\/product_cat?post=19098"},{"taxonomy":"product_tag","embeddable":true,"href":"https:\/\/pharmadreams.shop\/index.php\/wp-json\/wp\/v2\/product_tag?post=19098"}],"curies":[{"name":"wp","href":"https:\/\/api.w.org\/{rel}","templated":true}]}}