{"id":19101,"date":"2024-11-06T16:20:57","date_gmt":"2024-11-06T15:20:57","guid":{"rendered":"https:\/\/pharmadreams.shop\/?post_type=product&#038;p=19101"},"modified":"2024-11-06T16:20:57","modified_gmt":"2024-11-06T15:20:57","slug":"uriage-xemose-huile-lavante-apaisante-500ml","status":"publish","type":"product","link":"https:\/\/pharmadreams.shop\/index.php\/product\/uriage-xemose-huile-lavante-apaisante-500ml\/","title":{"rendered":"URIAGE XEMOSE HUILE LAVANTE APAISANTE 500ML"},"content":{"rendered":"","protected":false},"excerpt":{"rendered":"<p>Cette huile lavante prot\u00e8ge contre le dess\u00e8chement cutan\u00e9 et apaise les sensations de d\u00e9mangeaisons. Sa mousse fine et extra-douce apporte un confort imm\u00e9diat et durable pour les peaux s\u00e8ches \u00e0 tr\u00e8s s\u00e8ches.<br \/>\nGr\u00e2ce \u00e0 sa haute concentration en glyc\u00e9rine, l\u2019huile X\u00e9mose laisse un film protecteur non gras qui prot\u00e8ge la peau des agressions ext\u00e9rieures.<\/p>\n<p class=\"page-product-heading\"><strong>CONSEILS D&rsquo;UTILISATION :<\/strong><\/p>\n<div class=\"rte\">\n<p>Appliquer et faire mousser sur une peau mouill\u00e9e, rincer et s\u00e9cher d\u00e9licatement<\/p>\n<\/div>\n","protected":false},"featured_media":19102,"comment_status":"open","ping_status":"closed","template":"","meta":[],"product_brand":[],"product_cat":[28,166,79,20],"product_tag":[],"class_list":{"0":"post-19101","1":"product","2":"type-product","3":"status-publish","4":"has-post-thumbnail","6":"product_cat-corps","7":"product_cat-huile-bain-douche","8":"product_cat-peaux-seches","9":"product_cat-visage","11":"first","12":"instock","13":"sale","14":"shipping-taxable","15":"purchasable","16":"product-type-simple"},"yoast_head":"<!-- This site is optimized with the Yoast SEO plugin v23.0 - https:\/\/yoast.com\/wordpress\/plugins\/seo\/ -->\n<title>URIAGE XEMOSE HUILE LAVANTE APAISANTE 500ML - pharmadreams<\/title>\n<meta name=\"robots\" content=\"index, follow, max-snippet:-1, max-image-preview:large, max-video-preview:-1\" \/>\n<link rel=\"canonical\" href=\"https:\/\/pharmadreams.shop\/index.php\/product\/uriage-xemose-huile-lavante-apaisante-500ml\/\" \/>\n<meta property=\"og:locale\" content=\"fr_FR\" \/>\n<meta property=\"og:type\" content=\"article\" \/>\n<meta property=\"og:title\" content=\"URIAGE XEMOSE HUILE LAVANTE APAISANTE 500ML - pharmadreams\" \/>\n<meta property=\"og:description\" content=\"Cette huile lavante prot\u00e8ge contre le dess\u00e8chement cutan\u00e9 et apaise les sensations de d\u00e9mangeaisons. Sa mousse fine et extra-douce apporte un confort imm\u00e9diat et durable pour les peaux s\u00e8ches \u00e0 tr\u00e8s s\u00e8ches. Gr\u00e2ce \u00e0 sa haute concentration en glyc\u00e9rine, l\u2019huile X\u00e9mose laisse un film protecteur non gras qui prot\u00e8ge la peau des agressions ext\u00e9rieures. CONSEILS D&#039;UTILISATION :    Appliquer et faire mousser sur une peau mouill\u00e9e, rincer et s\u00e9cher d\u00e9licatement\" \/>\n<meta property=\"og:url\" content=\"https:\/\/pharmadreams.shop\/index.php\/product\/uriage-xemose-huile-lavante-apaisante-500ml\/\" \/>\n<meta property=\"og:site_name\" content=\"pharmadreams\" \/>\n<meta property=\"og:image\" content=\"https:\/\/pharmadreams.shop\/wp-content\/uploads\/2024\/11\/uriage-xemose-huile-lavante-apaisante-500ml.jpg\" \/>\n\t<meta property=\"og:image:width\" content=\"500\" \/>\n\t<meta property=\"og:image:height\" content=\"500\" \/>\n\t<meta property=\"og:image:type\" content=\"image\/jpeg\" \/>\n<meta name=\"twitter:card\" content=\"summary_large_image\" \/>\n<meta name=\"twitter:label1\" content=\"Dur\u00e9e de lecture estim\u00e9e\" \/>\n\t<meta name=\"twitter:data1\" content=\"1 minute\" \/>\n<script type=\"application\/ld+json\" class=\"yoast-schema-graph\">{\"@context\":\"https:\/\/schema.org\",\"@graph\":[{\"@type\":\"WebPage\",\"@id\":\"https:\/\/pharmadreams.shop\/index.php\/product\/uriage-xemose-huile-lavante-apaisante-500ml\/\",\"url\":\"https:\/\/pharmadreams.shop\/index.php\/product\/uriage-xemose-huile-lavante-apaisante-500ml\/\",\"name\":\"URIAGE XEMOSE HUILE LAVANTE APAISANTE 500ML - pharmadreams\",\"isPartOf\":{\"@id\":\"https:\/\/pharmadreams.shop\/#website\"},\"primaryImageOfPage\":{\"@id\":\"https:\/\/pharmadreams.shop\/index.php\/product\/uriage-xemose-huile-lavante-apaisante-500ml\/#primaryimage\"},\"image\":{\"@id\":\"https:\/\/pharmadreams.shop\/index.php\/product\/uriage-xemose-huile-lavante-apaisante-500ml\/#primaryimage\"},\"thumbnailUrl\":\"https:\/\/pharmadreams.shop\/wp-content\/uploads\/2024\/11\/uriage-xemose-huile-lavante-apaisante-500ml.jpg\",\"datePublished\":\"2024-11-06T15:20:57+00:00\",\"dateModified\":\"2024-11-06T15:20:57+00:00\",\"breadcrumb\":{\"@id\":\"https:\/\/pharmadreams.shop\/index.php\/product\/uriage-xemose-huile-lavante-apaisante-500ml\/#breadcrumb\"},\"inLanguage\":\"fr-FR\",\"potentialAction\":[{\"@type\":\"ReadAction\",\"target\":[\"https:\/\/pharmadreams.shop\/index.php\/product\/uriage-xemose-huile-lavante-apaisante-500ml\/\"]}]},{\"@type\":\"ImageObject\",\"inLanguage\":\"fr-FR\",\"@id\":\"https:\/\/pharmadreams.shop\/index.php\/product\/uriage-xemose-huile-lavante-apaisante-500ml\/#primaryimage\",\"url\":\"https:\/\/pharmadreams.shop\/wp-content\/uploads\/2024\/11\/uriage-xemose-huile-lavante-apaisante-500ml.jpg\",\"contentUrl\":\"https:\/\/pharmadreams.shop\/wp-content\/uploads\/2024\/11\/uriage-xemose-huile-lavante-apaisante-500ml.jpg\",\"width\":500,\"height\":500},{\"@type\":\"BreadcrumbList\",\"@id\":\"https:\/\/pharmadreams.shop\/index.php\/product\/uriage-xemose-huile-lavante-apaisante-500ml\/#breadcrumb\",\"itemListElement\":[{\"@type\":\"ListItem\",\"position\":1,\"name\":\"Accueil\",\"item\":\"https:\/\/pharmadreams.shop\/\"},{\"@type\":\"ListItem\",\"position\":2,\"name\":\"Shop\",\"item\":\"https:\/\/pharmadreams.shop\/index.php\/shop\/\"},{\"@type\":\"ListItem\",\"position\":3,\"name\":\"URIAGE XEMOSE HUILE LAVANTE APAISANTE 500ML\"}]},{\"@type\":\"WebSite\",\"@id\":\"https:\/\/pharmadreams.shop\/#website\",\"url\":\"https:\/\/pharmadreams.shop\/\",\"name\":\"pharmadreams\",\"description\":\"Parapharmacie en ligne\",\"potentialAction\":[{\"@type\":\"SearchAction\",\"target\":{\"@type\":\"EntryPoint\",\"urlTemplate\":\"https:\/\/pharmadreams.shop\/?s={search_term_string}\"},\"query-input\":\"required name=search_term_string\"}],\"inLanguage\":\"fr-FR\"}]}<\/script>\n<!-- \/ Yoast SEO plugin. -->","yoast_head_json":{"title":"URIAGE XEMOSE HUILE LAVANTE APAISANTE 500ML - pharmadreams","robots":{"index":"index","follow":"follow","max-snippet":"max-snippet:-1","max-image-preview":"max-image-preview:large","max-video-preview":"max-video-preview:-1"},"canonical":"https:\/\/pharmadreams.shop\/index.php\/product\/uriage-xemose-huile-lavante-apaisante-500ml\/","og_locale":"fr_FR","og_type":"article","og_title":"URIAGE XEMOSE HUILE LAVANTE APAISANTE 500ML - pharmadreams","og_description":"Cette huile lavante prot\u00e8ge contre le dess\u00e8chement cutan\u00e9 et apaise les sensations de d\u00e9mangeaisons. Sa mousse fine et extra-douce apporte un confort imm\u00e9diat et durable pour les peaux s\u00e8ches \u00e0 tr\u00e8s s\u00e8ches. Gr\u00e2ce \u00e0 sa haute concentration en glyc\u00e9rine, l\u2019huile X\u00e9mose laisse un film protecteur non gras qui prot\u00e8ge la peau des agressions ext\u00e9rieures. CONSEILS D'UTILISATION :    Appliquer et faire mousser sur une peau mouill\u00e9e, rincer et s\u00e9cher d\u00e9licatement","og_url":"https:\/\/pharmadreams.shop\/index.php\/product\/uriage-xemose-huile-lavante-apaisante-500ml\/","og_site_name":"pharmadreams","og_image":[{"width":500,"height":500,"url":"https:\/\/pharmadreams.shop\/wp-content\/uploads\/2024\/11\/uriage-xemose-huile-lavante-apaisante-500ml.jpg","type":"image\/jpeg"}],"twitter_card":"summary_large_image","twitter_misc":{"Dur\u00e9e de lecture estim\u00e9e":"1 minute"},"schema":{"@context":"https:\/\/schema.org","@graph":[{"@type":"WebPage","@id":"https:\/\/pharmadreams.shop\/index.php\/product\/uriage-xemose-huile-lavante-apaisante-500ml\/","url":"https:\/\/pharmadreams.shop\/index.php\/product\/uriage-xemose-huile-lavante-apaisante-500ml\/","name":"URIAGE XEMOSE HUILE LAVANTE APAISANTE 500ML - pharmadreams","isPartOf":{"@id":"https:\/\/pharmadreams.shop\/#website"},"primaryImageOfPage":{"@id":"https:\/\/pharmadreams.shop\/index.php\/product\/uriage-xemose-huile-lavante-apaisante-500ml\/#primaryimage"},"image":{"@id":"https:\/\/pharmadreams.shop\/index.php\/product\/uriage-xemose-huile-lavante-apaisante-500ml\/#primaryimage"},"thumbnailUrl":"https:\/\/pharmadreams.shop\/wp-content\/uploads\/2024\/11\/uriage-xemose-huile-lavante-apaisante-500ml.jpg","datePublished":"2024-11-06T15:20:57+00:00","dateModified":"2024-11-06T15:20:57+00:00","breadcrumb":{"@id":"https:\/\/pharmadreams.shop\/index.php\/product\/uriage-xemose-huile-lavante-apaisante-500ml\/#breadcrumb"},"inLanguage":"fr-FR","potentialAction":[{"@type":"ReadAction","target":["https:\/\/pharmadreams.shop\/index.php\/product\/uriage-xemose-huile-lavante-apaisante-500ml\/"]}]},{"@type":"ImageObject","inLanguage":"fr-FR","@id":"https:\/\/pharmadreams.shop\/index.php\/product\/uriage-xemose-huile-lavante-apaisante-500ml\/#primaryimage","url":"https:\/\/pharmadreams.shop\/wp-content\/uploads\/2024\/11\/uriage-xemose-huile-lavante-apaisante-500ml.jpg","contentUrl":"https:\/\/pharmadreams.shop\/wp-content\/uploads\/2024\/11\/uriage-xemose-huile-lavante-apaisante-500ml.jpg","width":500,"height":500},{"@type":"BreadcrumbList","@id":"https:\/\/pharmadreams.shop\/index.php\/product\/uriage-xemose-huile-lavante-apaisante-500ml\/#breadcrumb","itemListElement":[{"@type":"ListItem","position":1,"name":"Accueil","item":"https:\/\/pharmadreams.shop\/"},{"@type":"ListItem","position":2,"name":"Shop","item":"https:\/\/pharmadreams.shop\/index.php\/shop\/"},{"@type":"ListItem","position":3,"name":"URIAGE XEMOSE HUILE LAVANTE APAISANTE 500ML"}]},{"@type":"WebSite","@id":"https:\/\/pharmadreams.shop\/#website","url":"https:\/\/pharmadreams.shop\/","name":"pharmadreams","description":"Parapharmacie en ligne","potentialAction":[{"@type":"SearchAction","target":{"@type":"EntryPoint","urlTemplate":"https:\/\/pharmadreams.shop\/?s={search_term_string}"},"query-input":"required name=search_term_string"}],"inLanguage":"fr-FR"}]}},"_links":{"self":[{"href":"https:\/\/pharmadreams.shop\/index.php\/wp-json\/wp\/v2\/product\/19101","targetHints":{"allow":["GET"]}}],"collection":[{"href":"https:\/\/pharmadreams.shop\/index.php\/wp-json\/wp\/v2\/product"}],"about":[{"href":"https:\/\/pharmadreams.shop\/index.php\/wp-json\/wp\/v2\/types\/product"}],"replies":[{"embeddable":true,"href":"https:\/\/pharmadreams.shop\/index.php\/wp-json\/wp\/v2\/comments?post=19101"}],"version-history":[{"count":0,"href":"https:\/\/pharmadreams.shop\/index.php\/wp-json\/wp\/v2\/product\/19101\/revisions"}],"wp:featuredmedia":[{"embeddable":true,"href":"https:\/\/pharmadreams.shop\/index.php\/wp-json\/wp\/v2\/media\/19102"}],"wp:attachment":[{"href":"https:\/\/pharmadreams.shop\/index.php\/wp-json\/wp\/v2\/media?parent=19101"}],"wp:term":[{"taxonomy":"product_brand","embeddable":true,"href":"https:\/\/pharmadreams.shop\/index.php\/wp-json\/wp\/v2\/product_brand?post=19101"},{"taxonomy":"product_cat","embeddable":true,"href":"https:\/\/pharmadreams.shop\/index.php\/wp-json\/wp\/v2\/product_cat?post=19101"},{"taxonomy":"product_tag","embeddable":true,"href":"https:\/\/pharmadreams.shop\/index.php\/wp-json\/wp\/v2\/product_tag?post=19101"}],"curies":[{"name":"wp","href":"https:\/\/api.w.org\/{rel}","templated":true}]}}