{"id":19110,"date":"2024-11-06T16:44:11","date_gmt":"2024-11-06T15:44:11","guid":{"rendered":"https:\/\/pharmadreams.shop\/?post_type=product&#038;p=19110"},"modified":"2024-11-06T16:44:11","modified_gmt":"2024-11-06T15:44:11","slug":"uriage-bariederm-cica-gel-nettoyant-200ml","status":"publish","type":"product","link":"https:\/\/pharmadreams.shop\/index.php\/product\/uriage-bariederm-cica-gel-nettoyant-200ml\/","title":{"rendered":"URIAGE BARIEDERM CICA GEL NETTOYANT 200ML"},"content":{"rendered":"","protected":false},"excerpt":{"rendered":"<p>Le Cica gel nettoyant Bari\u00e9derm d&rsquo;URIAGE est un soin pour le visage et le corps qui convient particuli\u00e8rement aux peaux fragilis\u00e9es et irrit\u00e9es.<\/p>\n<p>En effet, il les nettoie en douceur sans les irriter davantage. Ce soin purifie la peau, et l&rsquo;apaise.<\/p>\n<p>Ce gel nettoyant au Cu-Zn est hypoallerg\u00e9nique. Il ne contient ni parfums, ni savons.<\/p>\n<p><strong>Conseils d&rsquo;utilisation :<\/strong><\/p>\n<p>Faites mousser sur peau humide puis rincez. Evitez le contact avec les yeux.<\/p>\n","protected":false},"featured_media":19111,"comment_status":"open","ping_status":"closed","template":"","meta":[],"product_brand":[],"product_cat":[96,20],"product_tag":[],"class_list":{"0":"post-19110","1":"product","2":"type-product","3":"status-publish","4":"has-post-thumbnail","6":"product_cat-gel-nottoyant","7":"product_cat-visage","9":"first","10":"instock","11":"shipping-taxable","12":"purchasable","13":"product-type-simple"},"yoast_head":"<!-- This site is optimized with the Yoast SEO plugin v23.0 - https:\/\/yoast.com\/wordpress\/plugins\/seo\/ -->\n<title>URIAGE BARIEDERM CICA GEL NETTOYANT 200ML - pharmadreams<\/title>\n<meta name=\"robots\" content=\"index, follow, max-snippet:-1, max-image-preview:large, max-video-preview:-1\" \/>\n<link rel=\"canonical\" href=\"https:\/\/pharmadreams.shop\/index.php\/product\/uriage-bariederm-cica-gel-nettoyant-200ml\/\" \/>\n<meta property=\"og:locale\" content=\"fr_FR\" \/>\n<meta property=\"og:type\" content=\"article\" \/>\n<meta property=\"og:title\" content=\"URIAGE BARIEDERM CICA GEL NETTOYANT 200ML - pharmadreams\" \/>\n<meta property=\"og:description\" content=\"Le Cica gel nettoyant Bari\u00e9derm d&#039;URIAGE est un soin pour le visage et le corps qui convient particuli\u00e8rement aux peaux fragilis\u00e9es et irrit\u00e9es.  En effet, il les nettoie en douceur sans les irriter davantage. Ce soin purifie la peau, et l&#039;apaise.  Ce gel nettoyant au Cu-Zn est hypoallerg\u00e9nique. Il ne contient ni parfums, ni savons.  Conseils d&#039;utilisation :  Faites mousser sur peau humide puis rincez. Evitez le contact avec les yeux.\" \/>\n<meta property=\"og:url\" content=\"https:\/\/pharmadreams.shop\/index.php\/product\/uriage-bariederm-cica-gel-nettoyant-200ml\/\" \/>\n<meta property=\"og:site_name\" content=\"pharmadreams\" \/>\n<meta property=\"og:image\" content=\"https:\/\/pharmadreams.shop\/wp-content\/uploads\/2024\/11\/uriage-bariederm-cica-gel-nettoyant-200ml.webp\" \/>\n\t<meta property=\"og:image:width\" content=\"500\" \/>\n\t<meta property=\"og:image:height\" content=\"500\" \/>\n\t<meta property=\"og:image:type\" content=\"image\/webp\" \/>\n<meta name=\"twitter:card\" content=\"summary_large_image\" \/>\n<meta name=\"twitter:label1\" content=\"Dur\u00e9e de lecture estim\u00e9e\" \/>\n\t<meta name=\"twitter:data1\" content=\"1 minute\" \/>\n<script type=\"application\/ld+json\" class=\"yoast-schema-graph\">{\"@context\":\"https:\/\/schema.org\",\"@graph\":[{\"@type\":\"WebPage\",\"@id\":\"https:\/\/pharmadreams.shop\/index.php\/product\/uriage-bariederm-cica-gel-nettoyant-200ml\/\",\"url\":\"https:\/\/pharmadreams.shop\/index.php\/product\/uriage-bariederm-cica-gel-nettoyant-200ml\/\",\"name\":\"URIAGE BARIEDERM CICA GEL NETTOYANT 200ML - pharmadreams\",\"isPartOf\":{\"@id\":\"https:\/\/pharmadreams.shop\/#website\"},\"primaryImageOfPage\":{\"@id\":\"https:\/\/pharmadreams.shop\/index.php\/product\/uriage-bariederm-cica-gel-nettoyant-200ml\/#primaryimage\"},\"image\":{\"@id\":\"https:\/\/pharmadreams.shop\/index.php\/product\/uriage-bariederm-cica-gel-nettoyant-200ml\/#primaryimage\"},\"thumbnailUrl\":\"https:\/\/pharmadreams.shop\/wp-content\/uploads\/2024\/11\/uriage-bariederm-cica-gel-nettoyant-200ml.webp\",\"datePublished\":\"2024-11-06T15:44:11+00:00\",\"dateModified\":\"2024-11-06T15:44:11+00:00\",\"breadcrumb\":{\"@id\":\"https:\/\/pharmadreams.shop\/index.php\/product\/uriage-bariederm-cica-gel-nettoyant-200ml\/#breadcrumb\"},\"inLanguage\":\"fr-FR\",\"potentialAction\":[{\"@type\":\"ReadAction\",\"target\":[\"https:\/\/pharmadreams.shop\/index.php\/product\/uriage-bariederm-cica-gel-nettoyant-200ml\/\"]}]},{\"@type\":\"ImageObject\",\"inLanguage\":\"fr-FR\",\"@id\":\"https:\/\/pharmadreams.shop\/index.php\/product\/uriage-bariederm-cica-gel-nettoyant-200ml\/#primaryimage\",\"url\":\"https:\/\/pharmadreams.shop\/wp-content\/uploads\/2024\/11\/uriage-bariederm-cica-gel-nettoyant-200ml.webp\",\"contentUrl\":\"https:\/\/pharmadreams.shop\/wp-content\/uploads\/2024\/11\/uriage-bariederm-cica-gel-nettoyant-200ml.webp\",\"width\":500,\"height\":500},{\"@type\":\"BreadcrumbList\",\"@id\":\"https:\/\/pharmadreams.shop\/index.php\/product\/uriage-bariederm-cica-gel-nettoyant-200ml\/#breadcrumb\",\"itemListElement\":[{\"@type\":\"ListItem\",\"position\":1,\"name\":\"Accueil\",\"item\":\"https:\/\/pharmadreams.shop\/\"},{\"@type\":\"ListItem\",\"position\":2,\"name\":\"Shop\",\"item\":\"https:\/\/pharmadreams.shop\/index.php\/shop\/\"},{\"@type\":\"ListItem\",\"position\":3,\"name\":\"URIAGE BARIEDERM CICA GEL NETTOYANT 200ML\"}]},{\"@type\":\"WebSite\",\"@id\":\"https:\/\/pharmadreams.shop\/#website\",\"url\":\"https:\/\/pharmadreams.shop\/\",\"name\":\"pharmadreams\",\"description\":\"Parapharmacie en ligne\",\"potentialAction\":[{\"@type\":\"SearchAction\",\"target\":{\"@type\":\"EntryPoint\",\"urlTemplate\":\"https:\/\/pharmadreams.shop\/?s={search_term_string}\"},\"query-input\":\"required name=search_term_string\"}],\"inLanguage\":\"fr-FR\"}]}<\/script>\n<!-- \/ Yoast SEO plugin. -->","yoast_head_json":{"title":"URIAGE BARIEDERM CICA GEL NETTOYANT 200ML - pharmadreams","robots":{"index":"index","follow":"follow","max-snippet":"max-snippet:-1","max-image-preview":"max-image-preview:large","max-video-preview":"max-video-preview:-1"},"canonical":"https:\/\/pharmadreams.shop\/index.php\/product\/uriage-bariederm-cica-gel-nettoyant-200ml\/","og_locale":"fr_FR","og_type":"article","og_title":"URIAGE BARIEDERM CICA GEL NETTOYANT 200ML - pharmadreams","og_description":"Le Cica gel nettoyant Bari\u00e9derm d'URIAGE est un soin pour le visage et le corps qui convient particuli\u00e8rement aux peaux fragilis\u00e9es et irrit\u00e9es.  En effet, il les nettoie en douceur sans les irriter davantage. Ce soin purifie la peau, et l'apaise.  Ce gel nettoyant au Cu-Zn est hypoallerg\u00e9nique. Il ne contient ni parfums, ni savons.  Conseils d'utilisation :  Faites mousser sur peau humide puis rincez. Evitez le contact avec les yeux.","og_url":"https:\/\/pharmadreams.shop\/index.php\/product\/uriage-bariederm-cica-gel-nettoyant-200ml\/","og_site_name":"pharmadreams","og_image":[{"width":500,"height":500,"url":"https:\/\/pharmadreams.shop\/wp-content\/uploads\/2024\/11\/uriage-bariederm-cica-gel-nettoyant-200ml.webp","type":"image\/webp"}],"twitter_card":"summary_large_image","twitter_misc":{"Dur\u00e9e de lecture estim\u00e9e":"1 minute"},"schema":{"@context":"https:\/\/schema.org","@graph":[{"@type":"WebPage","@id":"https:\/\/pharmadreams.shop\/index.php\/product\/uriage-bariederm-cica-gel-nettoyant-200ml\/","url":"https:\/\/pharmadreams.shop\/index.php\/product\/uriage-bariederm-cica-gel-nettoyant-200ml\/","name":"URIAGE BARIEDERM CICA GEL NETTOYANT 200ML - pharmadreams","isPartOf":{"@id":"https:\/\/pharmadreams.shop\/#website"},"primaryImageOfPage":{"@id":"https:\/\/pharmadreams.shop\/index.php\/product\/uriage-bariederm-cica-gel-nettoyant-200ml\/#primaryimage"},"image":{"@id":"https:\/\/pharmadreams.shop\/index.php\/product\/uriage-bariederm-cica-gel-nettoyant-200ml\/#primaryimage"},"thumbnailUrl":"https:\/\/pharmadreams.shop\/wp-content\/uploads\/2024\/11\/uriage-bariederm-cica-gel-nettoyant-200ml.webp","datePublished":"2024-11-06T15:44:11+00:00","dateModified":"2024-11-06T15:44:11+00:00","breadcrumb":{"@id":"https:\/\/pharmadreams.shop\/index.php\/product\/uriage-bariederm-cica-gel-nettoyant-200ml\/#breadcrumb"},"inLanguage":"fr-FR","potentialAction":[{"@type":"ReadAction","target":["https:\/\/pharmadreams.shop\/index.php\/product\/uriage-bariederm-cica-gel-nettoyant-200ml\/"]}]},{"@type":"ImageObject","inLanguage":"fr-FR","@id":"https:\/\/pharmadreams.shop\/index.php\/product\/uriage-bariederm-cica-gel-nettoyant-200ml\/#primaryimage","url":"https:\/\/pharmadreams.shop\/wp-content\/uploads\/2024\/11\/uriage-bariederm-cica-gel-nettoyant-200ml.webp","contentUrl":"https:\/\/pharmadreams.shop\/wp-content\/uploads\/2024\/11\/uriage-bariederm-cica-gel-nettoyant-200ml.webp","width":500,"height":500},{"@type":"BreadcrumbList","@id":"https:\/\/pharmadreams.shop\/index.php\/product\/uriage-bariederm-cica-gel-nettoyant-200ml\/#breadcrumb","itemListElement":[{"@type":"ListItem","position":1,"name":"Accueil","item":"https:\/\/pharmadreams.shop\/"},{"@type":"ListItem","position":2,"name":"Shop","item":"https:\/\/pharmadreams.shop\/index.php\/shop\/"},{"@type":"ListItem","position":3,"name":"URIAGE BARIEDERM CICA GEL NETTOYANT 200ML"}]},{"@type":"WebSite","@id":"https:\/\/pharmadreams.shop\/#website","url":"https:\/\/pharmadreams.shop\/","name":"pharmadreams","description":"Parapharmacie en ligne","potentialAction":[{"@type":"SearchAction","target":{"@type":"EntryPoint","urlTemplate":"https:\/\/pharmadreams.shop\/?s={search_term_string}"},"query-input":"required name=search_term_string"}],"inLanguage":"fr-FR"}]}},"_links":{"self":[{"href":"https:\/\/pharmadreams.shop\/index.php\/wp-json\/wp\/v2\/product\/19110","targetHints":{"allow":["GET"]}}],"collection":[{"href":"https:\/\/pharmadreams.shop\/index.php\/wp-json\/wp\/v2\/product"}],"about":[{"href":"https:\/\/pharmadreams.shop\/index.php\/wp-json\/wp\/v2\/types\/product"}],"replies":[{"embeddable":true,"href":"https:\/\/pharmadreams.shop\/index.php\/wp-json\/wp\/v2\/comments?post=19110"}],"version-history":[{"count":0,"href":"https:\/\/pharmadreams.shop\/index.php\/wp-json\/wp\/v2\/product\/19110\/revisions"}],"wp:featuredmedia":[{"embeddable":true,"href":"https:\/\/pharmadreams.shop\/index.php\/wp-json\/wp\/v2\/media\/19111"}],"wp:attachment":[{"href":"https:\/\/pharmadreams.shop\/index.php\/wp-json\/wp\/v2\/media?parent=19110"}],"wp:term":[{"taxonomy":"product_brand","embeddable":true,"href":"https:\/\/pharmadreams.shop\/index.php\/wp-json\/wp\/v2\/product_brand?post=19110"},{"taxonomy":"product_cat","embeddable":true,"href":"https:\/\/pharmadreams.shop\/index.php\/wp-json\/wp\/v2\/product_cat?post=19110"},{"taxonomy":"product_tag","embeddable":true,"href":"https:\/\/pharmadreams.shop\/index.php\/wp-json\/wp\/v2\/product_tag?post=19110"}],"curies":[{"name":"wp","href":"https:\/\/api.w.org\/{rel}","templated":true}]}}