{"id":19113,"date":"2024-11-06T16:48:24","date_gmt":"2024-11-06T15:48:24","guid":{"rendered":"https:\/\/pharmadreams.shop\/?post_type=product&#038;p=19113"},"modified":"2024-11-06T16:48:24","modified_gmt":"2024-11-06T15:48:24","slug":"uriage-bariederm-creme-isolante-reparatrice-75ml","status":"publish","type":"product","link":"https:\/\/pharmadreams.shop\/index.php\/product\/uriage-bariederm-creme-isolante-reparatrice-75ml\/","title":{"rendered":"URIAGE BARIEDERM CREME ISOLANTE REPARATRICE 75ML"},"content":{"rendered":"","protected":false},"excerpt":{"rendered":"<p>Cette cr\u00e8me convient aux peaux agress\u00e9es et irrit\u00e9es soumises aux frottements ou aux agressions de la vie quotidienne. Visage, mains et corps.<\/p>\n<p><strong>Conseils d&rsquo;utilisation :<\/strong><\/p>\n<p>Appliquer aussi souvent que n\u00e9cessaire sur la zone cutan\u00e9e destin\u00e9e \u00e0 \u00eatre isol\u00e9e, prot\u00e9g\u00e9e ou r\u00e9par\u00e9e.<\/p>\n","protected":false},"featured_media":19114,"comment_status":"open","ping_status":"closed","template":"","meta":[],"product_brand":[],"product_cat":[28,101,194,20],"product_tag":[],"class_list":{"0":"post-19113","1":"product","2":"type-product","3":"status-publish","4":"has-post-thumbnail","6":"product_cat-corps","7":"product_cat-mains","8":"product_cat-peaux-sensibles","9":"product_cat-visage","11":"first","12":"instock","13":"shipping-taxable","14":"purchasable","15":"product-type-simple"},"yoast_head":"<!-- This site is optimized with the Yoast SEO plugin v23.0 - https:\/\/yoast.com\/wordpress\/plugins\/seo\/ -->\n<title>URIAGE BARIEDERM CREME ISOLANTE REPARATRICE 75ML - pharmadreams<\/title>\n<meta name=\"robots\" content=\"index, follow, max-snippet:-1, max-image-preview:large, max-video-preview:-1\" \/>\n<link rel=\"canonical\" href=\"https:\/\/pharmadreams.shop\/index.php\/product\/uriage-bariederm-creme-isolante-reparatrice-75ml\/\" \/>\n<meta property=\"og:locale\" content=\"fr_FR\" \/>\n<meta property=\"og:type\" content=\"article\" \/>\n<meta property=\"og:title\" content=\"URIAGE BARIEDERM CREME ISOLANTE REPARATRICE 75ML - pharmadreams\" \/>\n<meta property=\"og:description\" content=\"Cette cr\u00e8me convient aux peaux agress\u00e9es et irrit\u00e9es soumises aux frottements ou aux agressions de la vie quotidienne. Visage, mains et corps.  Conseils d&#039;utilisation :  Appliquer aussi souvent que n\u00e9cessaire sur la zone cutan\u00e9e destin\u00e9e \u00e0 \u00eatre isol\u00e9e, prot\u00e9g\u00e9e ou r\u00e9par\u00e9e.\" \/>\n<meta property=\"og:url\" content=\"https:\/\/pharmadreams.shop\/index.php\/product\/uriage-bariederm-creme-isolante-reparatrice-75ml\/\" \/>\n<meta property=\"og:site_name\" content=\"pharmadreams\" \/>\n<meta property=\"og:image\" content=\"https:\/\/pharmadreams.shop\/wp-content\/uploads\/2024\/11\/uriage-bariederm-creme-isolante-reparatrice-75ml.webp\" \/>\n\t<meta property=\"og:image:width\" content=\"500\" \/>\n\t<meta property=\"og:image:height\" content=\"500\" \/>\n\t<meta property=\"og:image:type\" content=\"image\/webp\" \/>\n<meta name=\"twitter:card\" content=\"summary_large_image\" \/>\n<meta name=\"twitter:label1\" content=\"Dur\u00e9e de lecture estim\u00e9e\" \/>\n\t<meta name=\"twitter:data1\" content=\"1 minute\" \/>\n<script type=\"application\/ld+json\" class=\"yoast-schema-graph\">{\"@context\":\"https:\/\/schema.org\",\"@graph\":[{\"@type\":\"WebPage\",\"@id\":\"https:\/\/pharmadreams.shop\/index.php\/product\/uriage-bariederm-creme-isolante-reparatrice-75ml\/\",\"url\":\"https:\/\/pharmadreams.shop\/index.php\/product\/uriage-bariederm-creme-isolante-reparatrice-75ml\/\",\"name\":\"URIAGE BARIEDERM CREME ISOLANTE REPARATRICE 75ML - pharmadreams\",\"isPartOf\":{\"@id\":\"https:\/\/pharmadreams.shop\/#website\"},\"primaryImageOfPage\":{\"@id\":\"https:\/\/pharmadreams.shop\/index.php\/product\/uriage-bariederm-creme-isolante-reparatrice-75ml\/#primaryimage\"},\"image\":{\"@id\":\"https:\/\/pharmadreams.shop\/index.php\/product\/uriage-bariederm-creme-isolante-reparatrice-75ml\/#primaryimage\"},\"thumbnailUrl\":\"https:\/\/pharmadreams.shop\/wp-content\/uploads\/2024\/11\/uriage-bariederm-creme-isolante-reparatrice-75ml.webp\",\"datePublished\":\"2024-11-06T15:48:24+00:00\",\"dateModified\":\"2024-11-06T15:48:24+00:00\",\"breadcrumb\":{\"@id\":\"https:\/\/pharmadreams.shop\/index.php\/product\/uriage-bariederm-creme-isolante-reparatrice-75ml\/#breadcrumb\"},\"inLanguage\":\"fr-FR\",\"potentialAction\":[{\"@type\":\"ReadAction\",\"target\":[\"https:\/\/pharmadreams.shop\/index.php\/product\/uriage-bariederm-creme-isolante-reparatrice-75ml\/\"]}]},{\"@type\":\"ImageObject\",\"inLanguage\":\"fr-FR\",\"@id\":\"https:\/\/pharmadreams.shop\/index.php\/product\/uriage-bariederm-creme-isolante-reparatrice-75ml\/#primaryimage\",\"url\":\"https:\/\/pharmadreams.shop\/wp-content\/uploads\/2024\/11\/uriage-bariederm-creme-isolante-reparatrice-75ml.webp\",\"contentUrl\":\"https:\/\/pharmadreams.shop\/wp-content\/uploads\/2024\/11\/uriage-bariederm-creme-isolante-reparatrice-75ml.webp\",\"width\":500,\"height\":500},{\"@type\":\"BreadcrumbList\",\"@id\":\"https:\/\/pharmadreams.shop\/index.php\/product\/uriage-bariederm-creme-isolante-reparatrice-75ml\/#breadcrumb\",\"itemListElement\":[{\"@type\":\"ListItem\",\"position\":1,\"name\":\"Accueil\",\"item\":\"https:\/\/pharmadreams.shop\/\"},{\"@type\":\"ListItem\",\"position\":2,\"name\":\"Shop\",\"item\":\"https:\/\/pharmadreams.shop\/index.php\/shop\/\"},{\"@type\":\"ListItem\",\"position\":3,\"name\":\"URIAGE BARIEDERM CREME ISOLANTE REPARATRICE 75ML\"}]},{\"@type\":\"WebSite\",\"@id\":\"https:\/\/pharmadreams.shop\/#website\",\"url\":\"https:\/\/pharmadreams.shop\/\",\"name\":\"pharmadreams\",\"description\":\"Parapharmacie en ligne\",\"potentialAction\":[{\"@type\":\"SearchAction\",\"target\":{\"@type\":\"EntryPoint\",\"urlTemplate\":\"https:\/\/pharmadreams.shop\/?s={search_term_string}\"},\"query-input\":\"required name=search_term_string\"}],\"inLanguage\":\"fr-FR\"}]}<\/script>\n<!-- \/ Yoast SEO plugin. -->","yoast_head_json":{"title":"URIAGE BARIEDERM CREME ISOLANTE REPARATRICE 75ML - pharmadreams","robots":{"index":"index","follow":"follow","max-snippet":"max-snippet:-1","max-image-preview":"max-image-preview:large","max-video-preview":"max-video-preview:-1"},"canonical":"https:\/\/pharmadreams.shop\/index.php\/product\/uriage-bariederm-creme-isolante-reparatrice-75ml\/","og_locale":"fr_FR","og_type":"article","og_title":"URIAGE BARIEDERM CREME ISOLANTE REPARATRICE 75ML - pharmadreams","og_description":"Cette cr\u00e8me convient aux peaux agress\u00e9es et irrit\u00e9es soumises aux frottements ou aux agressions de la vie quotidienne. Visage, mains et corps.  Conseils d'utilisation :  Appliquer aussi souvent que n\u00e9cessaire sur la zone cutan\u00e9e destin\u00e9e \u00e0 \u00eatre isol\u00e9e, prot\u00e9g\u00e9e ou r\u00e9par\u00e9e.","og_url":"https:\/\/pharmadreams.shop\/index.php\/product\/uriage-bariederm-creme-isolante-reparatrice-75ml\/","og_site_name":"pharmadreams","og_image":[{"width":500,"height":500,"url":"https:\/\/pharmadreams.shop\/wp-content\/uploads\/2024\/11\/uriage-bariederm-creme-isolante-reparatrice-75ml.webp","type":"image\/webp"}],"twitter_card":"summary_large_image","twitter_misc":{"Dur\u00e9e de lecture estim\u00e9e":"1 minute"},"schema":{"@context":"https:\/\/schema.org","@graph":[{"@type":"WebPage","@id":"https:\/\/pharmadreams.shop\/index.php\/product\/uriage-bariederm-creme-isolante-reparatrice-75ml\/","url":"https:\/\/pharmadreams.shop\/index.php\/product\/uriage-bariederm-creme-isolante-reparatrice-75ml\/","name":"URIAGE BARIEDERM CREME ISOLANTE REPARATRICE 75ML - pharmadreams","isPartOf":{"@id":"https:\/\/pharmadreams.shop\/#website"},"primaryImageOfPage":{"@id":"https:\/\/pharmadreams.shop\/index.php\/product\/uriage-bariederm-creme-isolante-reparatrice-75ml\/#primaryimage"},"image":{"@id":"https:\/\/pharmadreams.shop\/index.php\/product\/uriage-bariederm-creme-isolante-reparatrice-75ml\/#primaryimage"},"thumbnailUrl":"https:\/\/pharmadreams.shop\/wp-content\/uploads\/2024\/11\/uriage-bariederm-creme-isolante-reparatrice-75ml.webp","datePublished":"2024-11-06T15:48:24+00:00","dateModified":"2024-11-06T15:48:24+00:00","breadcrumb":{"@id":"https:\/\/pharmadreams.shop\/index.php\/product\/uriage-bariederm-creme-isolante-reparatrice-75ml\/#breadcrumb"},"inLanguage":"fr-FR","potentialAction":[{"@type":"ReadAction","target":["https:\/\/pharmadreams.shop\/index.php\/product\/uriage-bariederm-creme-isolante-reparatrice-75ml\/"]}]},{"@type":"ImageObject","inLanguage":"fr-FR","@id":"https:\/\/pharmadreams.shop\/index.php\/product\/uriage-bariederm-creme-isolante-reparatrice-75ml\/#primaryimage","url":"https:\/\/pharmadreams.shop\/wp-content\/uploads\/2024\/11\/uriage-bariederm-creme-isolante-reparatrice-75ml.webp","contentUrl":"https:\/\/pharmadreams.shop\/wp-content\/uploads\/2024\/11\/uriage-bariederm-creme-isolante-reparatrice-75ml.webp","width":500,"height":500},{"@type":"BreadcrumbList","@id":"https:\/\/pharmadreams.shop\/index.php\/product\/uriage-bariederm-creme-isolante-reparatrice-75ml\/#breadcrumb","itemListElement":[{"@type":"ListItem","position":1,"name":"Accueil","item":"https:\/\/pharmadreams.shop\/"},{"@type":"ListItem","position":2,"name":"Shop","item":"https:\/\/pharmadreams.shop\/index.php\/shop\/"},{"@type":"ListItem","position":3,"name":"URIAGE BARIEDERM CREME ISOLANTE REPARATRICE 75ML"}]},{"@type":"WebSite","@id":"https:\/\/pharmadreams.shop\/#website","url":"https:\/\/pharmadreams.shop\/","name":"pharmadreams","description":"Parapharmacie en ligne","potentialAction":[{"@type":"SearchAction","target":{"@type":"EntryPoint","urlTemplate":"https:\/\/pharmadreams.shop\/?s={search_term_string}"},"query-input":"required name=search_term_string"}],"inLanguage":"fr-FR"}]}},"_links":{"self":[{"href":"https:\/\/pharmadreams.shop\/index.php\/wp-json\/wp\/v2\/product\/19113","targetHints":{"allow":["GET"]}}],"collection":[{"href":"https:\/\/pharmadreams.shop\/index.php\/wp-json\/wp\/v2\/product"}],"about":[{"href":"https:\/\/pharmadreams.shop\/index.php\/wp-json\/wp\/v2\/types\/product"}],"replies":[{"embeddable":true,"href":"https:\/\/pharmadreams.shop\/index.php\/wp-json\/wp\/v2\/comments?post=19113"}],"version-history":[{"count":0,"href":"https:\/\/pharmadreams.shop\/index.php\/wp-json\/wp\/v2\/product\/19113\/revisions"}],"wp:featuredmedia":[{"embeddable":true,"href":"https:\/\/pharmadreams.shop\/index.php\/wp-json\/wp\/v2\/media\/19114"}],"wp:attachment":[{"href":"https:\/\/pharmadreams.shop\/index.php\/wp-json\/wp\/v2\/media?parent=19113"}],"wp:term":[{"taxonomy":"product_brand","embeddable":true,"href":"https:\/\/pharmadreams.shop\/index.php\/wp-json\/wp\/v2\/product_brand?post=19113"},{"taxonomy":"product_cat","embeddable":true,"href":"https:\/\/pharmadreams.shop\/index.php\/wp-json\/wp\/v2\/product_cat?post=19113"},{"taxonomy":"product_tag","embeddable":true,"href":"https:\/\/pharmadreams.shop\/index.php\/wp-json\/wp\/v2\/product_tag?post=19113"}],"curies":[{"name":"wp","href":"https:\/\/api.w.org\/{rel}","templated":true}]}}