{"id":19125,"date":"2024-11-06T17:08:55","date_gmt":"2024-11-06T16:08:55","guid":{"rendered":"https:\/\/pharmadreams.shop\/?post_type=product&#038;p=19125"},"modified":"2024-11-06T17:08:55","modified_gmt":"2024-11-06T16:08:55","slug":"uriage-keratosane-30-gel-creme-40ml","status":"publish","type":"product","link":"https:\/\/pharmadreams.shop\/index.php\/product\/uriage-keratosane-30-gel-creme-40ml\/","title":{"rendered":"URIAGE KERATOSANE 30 GEL CREME 40ML"},"content":{"rendered":"","protected":false},"excerpt":{"rendered":"<p>Ce gel cr\u00e8me est un soin complet qui permet \u00e0 la peau de retrouver son aspect lisse, apais\u00e9, doux sans rugosit\u00e9.<br \/>\nSa concentration en Ur\u00e9e lui permet d\u2019avoir une puissante action k\u00e9ratolytique sur les zones rugeuses ou tr\u00e8s \u00e9paisses identifi\u00e9es.<\/p>\n<div class=\"title-border\">\n<p class=\"h2\"><strong>Conseils d&rsquo;utilisation:<\/strong><\/p>\n<\/div>\n<div class=\"std\">Appliquer deux fois par jour ou plus selon les besoins sur les zones concern\u00e9es.Pr\u00e9caution d\u2019emploi : des sensations passag\u00e8res de picotements sont possibles sur les peaux les plus sensibles.<br \/>\nEviter le contact avec les yeux<em>.<\/em><\/div>\n","protected":false},"featured_media":19126,"comment_status":"open","ping_status":"closed","template":"","meta":[],"product_brand":[],"product_cat":[28,194,80,20],"product_tag":[],"class_list":{"0":"post-19125","1":"product","2":"type-product","3":"status-publish","4":"has-post-thumbnail","6":"product_cat-corps","7":"product_cat-peaux-sensibles","8":"product_cat-soins","9":"product_cat-visage","11":"first","12":"instock","13":"sale","14":"shipping-taxable","15":"purchasable","16":"product-type-simple"},"yoast_head":"<!-- This site is optimized with the Yoast SEO plugin v23.0 - https:\/\/yoast.com\/wordpress\/plugins\/seo\/ -->\n<title>URIAGE KERATOSANE 30 GEL CREME 40ML - pharmadreams<\/title>\n<meta name=\"robots\" content=\"index, follow, max-snippet:-1, max-image-preview:large, max-video-preview:-1\" \/>\n<link rel=\"canonical\" href=\"https:\/\/pharmadreams.shop\/index.php\/product\/uriage-keratosane-30-gel-creme-40ml\/\" \/>\n<meta property=\"og:locale\" content=\"fr_FR\" \/>\n<meta property=\"og:type\" content=\"article\" \/>\n<meta property=\"og:title\" content=\"URIAGE KERATOSANE 30 GEL CREME 40ML - pharmadreams\" \/>\n<meta property=\"og:description\" content=\"Ce gel cr\u00e8me est un soin complet qui permet \u00e0 la peau de retrouver son aspect lisse, apais\u00e9, doux sans rugosit\u00e9. Sa concentration en Ur\u00e9e lui permet d\u2019avoir une puissante action k\u00e9ratolytique sur les zones rugeuses ou tr\u00e8s \u00e9paisses identifi\u00e9es.  Conseils d&#039;utilisation:   Appliquer deux fois par jour ou plus selon les besoins sur les zones concern\u00e9es.Pr\u00e9caution d\u2019emploi : des sensations passag\u00e8res de picotements sont possibles sur les peaux les plus sensibles. Eviter le contact avec les yeux.\" \/>\n<meta property=\"og:url\" content=\"https:\/\/pharmadreams.shop\/index.php\/product\/uriage-keratosane-30-gel-creme-40ml\/\" \/>\n<meta property=\"og:site_name\" content=\"pharmadreams\" \/>\n<meta property=\"og:image\" content=\"https:\/\/pharmadreams.shop\/wp-content\/uploads\/2024\/11\/uriage-keratosane-30-gel-creme-40ml-.png\" \/>\n\t<meta property=\"og:image:width\" content=\"500\" \/>\n\t<meta property=\"og:image:height\" content=\"500\" \/>\n\t<meta property=\"og:image:type\" content=\"image\/png\" \/>\n<meta name=\"twitter:card\" content=\"summary_large_image\" \/>\n<meta name=\"twitter:label1\" content=\"Dur\u00e9e de lecture estim\u00e9e\" \/>\n\t<meta name=\"twitter:data1\" content=\"1 minute\" \/>\n<script type=\"application\/ld+json\" class=\"yoast-schema-graph\">{\"@context\":\"https:\/\/schema.org\",\"@graph\":[{\"@type\":\"WebPage\",\"@id\":\"https:\/\/pharmadreams.shop\/index.php\/product\/uriage-keratosane-30-gel-creme-40ml\/\",\"url\":\"https:\/\/pharmadreams.shop\/index.php\/product\/uriage-keratosane-30-gel-creme-40ml\/\",\"name\":\"URIAGE KERATOSANE 30 GEL CREME 40ML - pharmadreams\",\"isPartOf\":{\"@id\":\"https:\/\/pharmadreams.shop\/#website\"},\"primaryImageOfPage\":{\"@id\":\"https:\/\/pharmadreams.shop\/index.php\/product\/uriage-keratosane-30-gel-creme-40ml\/#primaryimage\"},\"image\":{\"@id\":\"https:\/\/pharmadreams.shop\/index.php\/product\/uriage-keratosane-30-gel-creme-40ml\/#primaryimage\"},\"thumbnailUrl\":\"https:\/\/pharmadreams.shop\/wp-content\/uploads\/2024\/11\/uriage-keratosane-30-gel-creme-40ml-.png\",\"datePublished\":\"2024-11-06T16:08:55+00:00\",\"dateModified\":\"2024-11-06T16:08:55+00:00\",\"breadcrumb\":{\"@id\":\"https:\/\/pharmadreams.shop\/index.php\/product\/uriage-keratosane-30-gel-creme-40ml\/#breadcrumb\"},\"inLanguage\":\"fr-FR\",\"potentialAction\":[{\"@type\":\"ReadAction\",\"target\":[\"https:\/\/pharmadreams.shop\/index.php\/product\/uriage-keratosane-30-gel-creme-40ml\/\"]}]},{\"@type\":\"ImageObject\",\"inLanguage\":\"fr-FR\",\"@id\":\"https:\/\/pharmadreams.shop\/index.php\/product\/uriage-keratosane-30-gel-creme-40ml\/#primaryimage\",\"url\":\"https:\/\/pharmadreams.shop\/wp-content\/uploads\/2024\/11\/uriage-keratosane-30-gel-creme-40ml-.png\",\"contentUrl\":\"https:\/\/pharmadreams.shop\/wp-content\/uploads\/2024\/11\/uriage-keratosane-30-gel-creme-40ml-.png\",\"width\":500,\"height\":500},{\"@type\":\"BreadcrumbList\",\"@id\":\"https:\/\/pharmadreams.shop\/index.php\/product\/uriage-keratosane-30-gel-creme-40ml\/#breadcrumb\",\"itemListElement\":[{\"@type\":\"ListItem\",\"position\":1,\"name\":\"Accueil\",\"item\":\"https:\/\/pharmadreams.shop\/\"},{\"@type\":\"ListItem\",\"position\":2,\"name\":\"Shop\",\"item\":\"https:\/\/pharmadreams.shop\/index.php\/shop\/\"},{\"@type\":\"ListItem\",\"position\":3,\"name\":\"URIAGE KERATOSANE 30 GEL CREME 40ML\"}]},{\"@type\":\"WebSite\",\"@id\":\"https:\/\/pharmadreams.shop\/#website\",\"url\":\"https:\/\/pharmadreams.shop\/\",\"name\":\"pharmadreams\",\"description\":\"Parapharmacie en ligne\",\"potentialAction\":[{\"@type\":\"SearchAction\",\"target\":{\"@type\":\"EntryPoint\",\"urlTemplate\":\"https:\/\/pharmadreams.shop\/?s={search_term_string}\"},\"query-input\":\"required name=search_term_string\"}],\"inLanguage\":\"fr-FR\"}]}<\/script>\n<!-- \/ Yoast SEO plugin. -->","yoast_head_json":{"title":"URIAGE KERATOSANE 30 GEL CREME 40ML - pharmadreams","robots":{"index":"index","follow":"follow","max-snippet":"max-snippet:-1","max-image-preview":"max-image-preview:large","max-video-preview":"max-video-preview:-1"},"canonical":"https:\/\/pharmadreams.shop\/index.php\/product\/uriage-keratosane-30-gel-creme-40ml\/","og_locale":"fr_FR","og_type":"article","og_title":"URIAGE KERATOSANE 30 GEL CREME 40ML - pharmadreams","og_description":"Ce gel cr\u00e8me est un soin complet qui permet \u00e0 la peau de retrouver son aspect lisse, apais\u00e9, doux sans rugosit\u00e9. Sa concentration en Ur\u00e9e lui permet d\u2019avoir une puissante action k\u00e9ratolytique sur les zones rugeuses ou tr\u00e8s \u00e9paisses identifi\u00e9es.  Conseils d'utilisation:   Appliquer deux fois par jour ou plus selon les besoins sur les zones concern\u00e9es.Pr\u00e9caution d\u2019emploi : des sensations passag\u00e8res de picotements sont possibles sur les peaux les plus sensibles. Eviter le contact avec les yeux.","og_url":"https:\/\/pharmadreams.shop\/index.php\/product\/uriage-keratosane-30-gel-creme-40ml\/","og_site_name":"pharmadreams","og_image":[{"width":500,"height":500,"url":"https:\/\/pharmadreams.shop\/wp-content\/uploads\/2024\/11\/uriage-keratosane-30-gel-creme-40ml-.png","type":"image\/png"}],"twitter_card":"summary_large_image","twitter_misc":{"Dur\u00e9e de lecture estim\u00e9e":"1 minute"},"schema":{"@context":"https:\/\/schema.org","@graph":[{"@type":"WebPage","@id":"https:\/\/pharmadreams.shop\/index.php\/product\/uriage-keratosane-30-gel-creme-40ml\/","url":"https:\/\/pharmadreams.shop\/index.php\/product\/uriage-keratosane-30-gel-creme-40ml\/","name":"URIAGE KERATOSANE 30 GEL CREME 40ML - pharmadreams","isPartOf":{"@id":"https:\/\/pharmadreams.shop\/#website"},"primaryImageOfPage":{"@id":"https:\/\/pharmadreams.shop\/index.php\/product\/uriage-keratosane-30-gel-creme-40ml\/#primaryimage"},"image":{"@id":"https:\/\/pharmadreams.shop\/index.php\/product\/uriage-keratosane-30-gel-creme-40ml\/#primaryimage"},"thumbnailUrl":"https:\/\/pharmadreams.shop\/wp-content\/uploads\/2024\/11\/uriage-keratosane-30-gel-creme-40ml-.png","datePublished":"2024-11-06T16:08:55+00:00","dateModified":"2024-11-06T16:08:55+00:00","breadcrumb":{"@id":"https:\/\/pharmadreams.shop\/index.php\/product\/uriage-keratosane-30-gel-creme-40ml\/#breadcrumb"},"inLanguage":"fr-FR","potentialAction":[{"@type":"ReadAction","target":["https:\/\/pharmadreams.shop\/index.php\/product\/uriage-keratosane-30-gel-creme-40ml\/"]}]},{"@type":"ImageObject","inLanguage":"fr-FR","@id":"https:\/\/pharmadreams.shop\/index.php\/product\/uriage-keratosane-30-gel-creme-40ml\/#primaryimage","url":"https:\/\/pharmadreams.shop\/wp-content\/uploads\/2024\/11\/uriage-keratosane-30-gel-creme-40ml-.png","contentUrl":"https:\/\/pharmadreams.shop\/wp-content\/uploads\/2024\/11\/uriage-keratosane-30-gel-creme-40ml-.png","width":500,"height":500},{"@type":"BreadcrumbList","@id":"https:\/\/pharmadreams.shop\/index.php\/product\/uriage-keratosane-30-gel-creme-40ml\/#breadcrumb","itemListElement":[{"@type":"ListItem","position":1,"name":"Accueil","item":"https:\/\/pharmadreams.shop\/"},{"@type":"ListItem","position":2,"name":"Shop","item":"https:\/\/pharmadreams.shop\/index.php\/shop\/"},{"@type":"ListItem","position":3,"name":"URIAGE KERATOSANE 30 GEL CREME 40ML"}]},{"@type":"WebSite","@id":"https:\/\/pharmadreams.shop\/#website","url":"https:\/\/pharmadreams.shop\/","name":"pharmadreams","description":"Parapharmacie en ligne","potentialAction":[{"@type":"SearchAction","target":{"@type":"EntryPoint","urlTemplate":"https:\/\/pharmadreams.shop\/?s={search_term_string}"},"query-input":"required name=search_term_string"}],"inLanguage":"fr-FR"}]}},"_links":{"self":[{"href":"https:\/\/pharmadreams.shop\/index.php\/wp-json\/wp\/v2\/product\/19125","targetHints":{"allow":["GET"]}}],"collection":[{"href":"https:\/\/pharmadreams.shop\/index.php\/wp-json\/wp\/v2\/product"}],"about":[{"href":"https:\/\/pharmadreams.shop\/index.php\/wp-json\/wp\/v2\/types\/product"}],"replies":[{"embeddable":true,"href":"https:\/\/pharmadreams.shop\/index.php\/wp-json\/wp\/v2\/comments?post=19125"}],"version-history":[{"count":0,"href":"https:\/\/pharmadreams.shop\/index.php\/wp-json\/wp\/v2\/product\/19125\/revisions"}],"wp:featuredmedia":[{"embeddable":true,"href":"https:\/\/pharmadreams.shop\/index.php\/wp-json\/wp\/v2\/media\/19126"}],"wp:attachment":[{"href":"https:\/\/pharmadreams.shop\/index.php\/wp-json\/wp\/v2\/media?parent=19125"}],"wp:term":[{"taxonomy":"product_brand","embeddable":true,"href":"https:\/\/pharmadreams.shop\/index.php\/wp-json\/wp\/v2\/product_brand?post=19125"},{"taxonomy":"product_cat","embeddable":true,"href":"https:\/\/pharmadreams.shop\/index.php\/wp-json\/wp\/v2\/product_cat?post=19125"},{"taxonomy":"product_tag","embeddable":true,"href":"https:\/\/pharmadreams.shop\/index.php\/wp-json\/wp\/v2\/product_tag?post=19125"}],"curies":[{"name":"wp","href":"https:\/\/api.w.org\/{rel}","templated":true}]}}