{"id":19128,"date":"2024-11-07T15:06:44","date_gmt":"2024-11-07T14:06:44","guid":{"rendered":"https:\/\/pharmadreams.shop\/?post_type=product&#038;p=19128"},"modified":"2024-11-07T15:06:44","modified_gmt":"2024-11-07T14:06:44","slug":"uriage-bariederm-cica-daily-gel-creme-40-ml","status":"publish","type":"product","link":"https:\/\/pharmadreams.shop\/index.php\/product\/uriage-bariederm-cica-daily-gel-creme-40-ml\/","title":{"rendered":"URIAGE BARIEDERM CICA DAILY GEL-CREME 40 ML"},"content":{"rendered":"","protected":false},"excerpt":{"rendered":"<p>Uriage Bari\u00e9derm Cica Daily Gel-Cr\u00e8me 40 ml est un soin visage hydratant protecteur et r\u00e9parateur destin\u00e9 aux peaux agress\u00e9es et fragilis\u00e9es quotidiennement.<br \/>\nIl agit contre le teint terne, l&rsquo;inconfort, les signes de fatigue, ridules et petites imperfections ou rougeurs gr\u00e2ce au 10,5% Complexe Thermal-Biotic.<\/p>\n<p><strong>Conseil d&rsquo;utilisation:<\/strong><\/p>\n<p>Appliquer une noisette matin et soir sur l&rsquo;ensemble du visage, id\u00e9alement apr\u00e8s le s\u00e9rum, sur une peau parfaitement nettoy\u00e9e et s\u00e9ch\u00e9e.<\/p>\n<p>\u00c9viter le contact avec les yeux.<\/p>\n<p>Indication : Visage. Peaux fragiles.<\/p>\n<p>&nbsp;<\/p>\n","protected":false},"featured_media":19129,"comment_status":"open","ping_status":"closed","template":"","meta":[],"product_brand":[],"product_cat":[284,20],"product_tag":[],"class_list":{"0":"post-19128","1":"product","2":"type-product","3":"status-publish","4":"has-post-thumbnail","6":"product_cat-creme-peeling","7":"product_cat-visage","9":"first","10":"instock","11":"sale","12":"shipping-taxable","13":"purchasable","14":"product-type-simple"},"yoast_head":"<!-- This site is optimized with the Yoast SEO plugin v23.0 - https:\/\/yoast.com\/wordpress\/plugins\/seo\/ -->\n<title>URIAGE BARIEDERM CICA DAILY GEL-CREME 40 ML - pharmadreams<\/title>\n<meta name=\"robots\" content=\"index, follow, max-snippet:-1, max-image-preview:large, max-video-preview:-1\" \/>\n<link rel=\"canonical\" href=\"https:\/\/pharmadreams.shop\/index.php\/product\/uriage-bariederm-cica-daily-gel-creme-40-ml\/\" \/>\n<meta property=\"og:locale\" content=\"fr_FR\" \/>\n<meta property=\"og:type\" content=\"article\" \/>\n<meta property=\"og:title\" content=\"URIAGE BARIEDERM CICA DAILY GEL-CREME 40 ML - pharmadreams\" \/>\n<meta property=\"og:description\" content=\"Uriage Bari\u00e9derm Cica Daily Gel-Cr\u00e8me 40 ml est un soin visage hydratant protecteur et r\u00e9parateur destin\u00e9 aux peaux agress\u00e9es et fragilis\u00e9es quotidiennement. Il agit contre le teint terne, l&#039;inconfort, les signes de fatigue, ridules et petites imperfections ou rougeurs gr\u00e2ce au 10,5% Complexe Thermal-Biotic.  Conseil d&#039;utilisation:  Appliquer une noisette matin et soir sur l&#039;ensemble du visage, id\u00e9alement apr\u00e8s le s\u00e9rum, sur une peau parfaitement nettoy\u00e9e et s\u00e9ch\u00e9e.  \u00c9viter le contact avec les yeux.  Indication : Visage. Peaux fragiles.  &nbsp;\" \/>\n<meta property=\"og:url\" content=\"https:\/\/pharmadreams.shop\/index.php\/product\/uriage-bariederm-cica-daily-gel-creme-40-ml\/\" \/>\n<meta property=\"og:site_name\" content=\"pharmadreams\" \/>\n<meta property=\"og:image\" content=\"https:\/\/pharmadreams.shop\/wp-content\/uploads\/2024\/11\/uriage-bariederm-cica-daily-gel-creme-40-ml.jpg\" \/>\n\t<meta property=\"og:image:width\" content=\"800\" \/>\n\t<meta property=\"og:image:height\" content=\"800\" \/>\n\t<meta property=\"og:image:type\" content=\"image\/jpeg\" \/>\n<meta name=\"twitter:card\" content=\"summary_large_image\" \/>\n<meta name=\"twitter:label1\" content=\"Dur\u00e9e de lecture estim\u00e9e\" \/>\n\t<meta name=\"twitter:data1\" content=\"1 minute\" \/>\n<script type=\"application\/ld+json\" class=\"yoast-schema-graph\">{\"@context\":\"https:\/\/schema.org\",\"@graph\":[{\"@type\":\"WebPage\",\"@id\":\"https:\/\/pharmadreams.shop\/index.php\/product\/uriage-bariederm-cica-daily-gel-creme-40-ml\/\",\"url\":\"https:\/\/pharmadreams.shop\/index.php\/product\/uriage-bariederm-cica-daily-gel-creme-40-ml\/\",\"name\":\"URIAGE BARIEDERM CICA DAILY GEL-CREME 40 ML - pharmadreams\",\"isPartOf\":{\"@id\":\"https:\/\/pharmadreams.shop\/#website\"},\"primaryImageOfPage\":{\"@id\":\"https:\/\/pharmadreams.shop\/index.php\/product\/uriage-bariederm-cica-daily-gel-creme-40-ml\/#primaryimage\"},\"image\":{\"@id\":\"https:\/\/pharmadreams.shop\/index.php\/product\/uriage-bariederm-cica-daily-gel-creme-40-ml\/#primaryimage\"},\"thumbnailUrl\":\"https:\/\/pharmadreams.shop\/wp-content\/uploads\/2024\/11\/uriage-bariederm-cica-daily-gel-creme-40-ml.jpg\",\"datePublished\":\"2024-11-07T14:06:44+00:00\",\"dateModified\":\"2024-11-07T14:06:44+00:00\",\"breadcrumb\":{\"@id\":\"https:\/\/pharmadreams.shop\/index.php\/product\/uriage-bariederm-cica-daily-gel-creme-40-ml\/#breadcrumb\"},\"inLanguage\":\"fr-FR\",\"potentialAction\":[{\"@type\":\"ReadAction\",\"target\":[\"https:\/\/pharmadreams.shop\/index.php\/product\/uriage-bariederm-cica-daily-gel-creme-40-ml\/\"]}]},{\"@type\":\"ImageObject\",\"inLanguage\":\"fr-FR\",\"@id\":\"https:\/\/pharmadreams.shop\/index.php\/product\/uriage-bariederm-cica-daily-gel-creme-40-ml\/#primaryimage\",\"url\":\"https:\/\/pharmadreams.shop\/wp-content\/uploads\/2024\/11\/uriage-bariederm-cica-daily-gel-creme-40-ml.jpg\",\"contentUrl\":\"https:\/\/pharmadreams.shop\/wp-content\/uploads\/2024\/11\/uriage-bariederm-cica-daily-gel-creme-40-ml.jpg\",\"width\":800,\"height\":800},{\"@type\":\"BreadcrumbList\",\"@id\":\"https:\/\/pharmadreams.shop\/index.php\/product\/uriage-bariederm-cica-daily-gel-creme-40-ml\/#breadcrumb\",\"itemListElement\":[{\"@type\":\"ListItem\",\"position\":1,\"name\":\"Accueil\",\"item\":\"https:\/\/pharmadreams.shop\/\"},{\"@type\":\"ListItem\",\"position\":2,\"name\":\"Shop\",\"item\":\"https:\/\/pharmadreams.shop\/index.php\/shop\/\"},{\"@type\":\"ListItem\",\"position\":3,\"name\":\"URIAGE BARIEDERM CICA DAILY GEL-CREME 40 ML\"}]},{\"@type\":\"WebSite\",\"@id\":\"https:\/\/pharmadreams.shop\/#website\",\"url\":\"https:\/\/pharmadreams.shop\/\",\"name\":\"pharmadreams\",\"description\":\"Parapharmacie en ligne\",\"potentialAction\":[{\"@type\":\"SearchAction\",\"target\":{\"@type\":\"EntryPoint\",\"urlTemplate\":\"https:\/\/pharmadreams.shop\/?s={search_term_string}\"},\"query-input\":\"required name=search_term_string\"}],\"inLanguage\":\"fr-FR\"}]}<\/script>\n<!-- \/ Yoast SEO plugin. -->","yoast_head_json":{"title":"URIAGE BARIEDERM CICA DAILY GEL-CREME 40 ML - pharmadreams","robots":{"index":"index","follow":"follow","max-snippet":"max-snippet:-1","max-image-preview":"max-image-preview:large","max-video-preview":"max-video-preview:-1"},"canonical":"https:\/\/pharmadreams.shop\/index.php\/product\/uriage-bariederm-cica-daily-gel-creme-40-ml\/","og_locale":"fr_FR","og_type":"article","og_title":"URIAGE BARIEDERM CICA DAILY GEL-CREME 40 ML - pharmadreams","og_description":"Uriage Bari\u00e9derm Cica Daily Gel-Cr\u00e8me 40 ml est un soin visage hydratant protecteur et r\u00e9parateur destin\u00e9 aux peaux agress\u00e9es et fragilis\u00e9es quotidiennement. Il agit contre le teint terne, l'inconfort, les signes de fatigue, ridules et petites imperfections ou rougeurs gr\u00e2ce au 10,5% Complexe Thermal-Biotic.  Conseil d'utilisation:  Appliquer une noisette matin et soir sur l'ensemble du visage, id\u00e9alement apr\u00e8s le s\u00e9rum, sur une peau parfaitement nettoy\u00e9e et s\u00e9ch\u00e9e.  \u00c9viter le contact avec les yeux.  Indication : Visage. Peaux fragiles.  &nbsp;","og_url":"https:\/\/pharmadreams.shop\/index.php\/product\/uriage-bariederm-cica-daily-gel-creme-40-ml\/","og_site_name":"pharmadreams","og_image":[{"width":800,"height":800,"url":"https:\/\/pharmadreams.shop\/wp-content\/uploads\/2024\/11\/uriage-bariederm-cica-daily-gel-creme-40-ml.jpg","type":"image\/jpeg"}],"twitter_card":"summary_large_image","twitter_misc":{"Dur\u00e9e de lecture estim\u00e9e":"1 minute"},"schema":{"@context":"https:\/\/schema.org","@graph":[{"@type":"WebPage","@id":"https:\/\/pharmadreams.shop\/index.php\/product\/uriage-bariederm-cica-daily-gel-creme-40-ml\/","url":"https:\/\/pharmadreams.shop\/index.php\/product\/uriage-bariederm-cica-daily-gel-creme-40-ml\/","name":"URIAGE BARIEDERM CICA DAILY GEL-CREME 40 ML - pharmadreams","isPartOf":{"@id":"https:\/\/pharmadreams.shop\/#website"},"primaryImageOfPage":{"@id":"https:\/\/pharmadreams.shop\/index.php\/product\/uriage-bariederm-cica-daily-gel-creme-40-ml\/#primaryimage"},"image":{"@id":"https:\/\/pharmadreams.shop\/index.php\/product\/uriage-bariederm-cica-daily-gel-creme-40-ml\/#primaryimage"},"thumbnailUrl":"https:\/\/pharmadreams.shop\/wp-content\/uploads\/2024\/11\/uriage-bariederm-cica-daily-gel-creme-40-ml.jpg","datePublished":"2024-11-07T14:06:44+00:00","dateModified":"2024-11-07T14:06:44+00:00","breadcrumb":{"@id":"https:\/\/pharmadreams.shop\/index.php\/product\/uriage-bariederm-cica-daily-gel-creme-40-ml\/#breadcrumb"},"inLanguage":"fr-FR","potentialAction":[{"@type":"ReadAction","target":["https:\/\/pharmadreams.shop\/index.php\/product\/uriage-bariederm-cica-daily-gel-creme-40-ml\/"]}]},{"@type":"ImageObject","inLanguage":"fr-FR","@id":"https:\/\/pharmadreams.shop\/index.php\/product\/uriage-bariederm-cica-daily-gel-creme-40-ml\/#primaryimage","url":"https:\/\/pharmadreams.shop\/wp-content\/uploads\/2024\/11\/uriage-bariederm-cica-daily-gel-creme-40-ml.jpg","contentUrl":"https:\/\/pharmadreams.shop\/wp-content\/uploads\/2024\/11\/uriage-bariederm-cica-daily-gel-creme-40-ml.jpg","width":800,"height":800},{"@type":"BreadcrumbList","@id":"https:\/\/pharmadreams.shop\/index.php\/product\/uriage-bariederm-cica-daily-gel-creme-40-ml\/#breadcrumb","itemListElement":[{"@type":"ListItem","position":1,"name":"Accueil","item":"https:\/\/pharmadreams.shop\/"},{"@type":"ListItem","position":2,"name":"Shop","item":"https:\/\/pharmadreams.shop\/index.php\/shop\/"},{"@type":"ListItem","position":3,"name":"URIAGE BARIEDERM CICA DAILY GEL-CREME 40 ML"}]},{"@type":"WebSite","@id":"https:\/\/pharmadreams.shop\/#website","url":"https:\/\/pharmadreams.shop\/","name":"pharmadreams","description":"Parapharmacie en ligne","potentialAction":[{"@type":"SearchAction","target":{"@type":"EntryPoint","urlTemplate":"https:\/\/pharmadreams.shop\/?s={search_term_string}"},"query-input":"required name=search_term_string"}],"inLanguage":"fr-FR"}]}},"_links":{"self":[{"href":"https:\/\/pharmadreams.shop\/index.php\/wp-json\/wp\/v2\/product\/19128","targetHints":{"allow":["GET"]}}],"collection":[{"href":"https:\/\/pharmadreams.shop\/index.php\/wp-json\/wp\/v2\/product"}],"about":[{"href":"https:\/\/pharmadreams.shop\/index.php\/wp-json\/wp\/v2\/types\/product"}],"replies":[{"embeddable":true,"href":"https:\/\/pharmadreams.shop\/index.php\/wp-json\/wp\/v2\/comments?post=19128"}],"version-history":[{"count":0,"href":"https:\/\/pharmadreams.shop\/index.php\/wp-json\/wp\/v2\/product\/19128\/revisions"}],"wp:featuredmedia":[{"embeddable":true,"href":"https:\/\/pharmadreams.shop\/index.php\/wp-json\/wp\/v2\/media\/19129"}],"wp:attachment":[{"href":"https:\/\/pharmadreams.shop\/index.php\/wp-json\/wp\/v2\/media?parent=19128"}],"wp:term":[{"taxonomy":"product_brand","embeddable":true,"href":"https:\/\/pharmadreams.shop\/index.php\/wp-json\/wp\/v2\/product_brand?post=19128"},{"taxonomy":"product_cat","embeddable":true,"href":"https:\/\/pharmadreams.shop\/index.php\/wp-json\/wp\/v2\/product_cat?post=19128"},{"taxonomy":"product_tag","embeddable":true,"href":"https:\/\/pharmadreams.shop\/index.php\/wp-json\/wp\/v2\/product_tag?post=19128"}],"curies":[{"name":"wp","href":"https:\/\/api.w.org\/{rel}","templated":true}]}}