{"id":19131,"date":"2024-11-07T15:11:28","date_gmt":"2024-11-07T14:11:28","guid":{"rendered":"https:\/\/pharmadreams.shop\/?post_type=product&#038;p=19131"},"modified":"2024-11-07T15:11:28","modified_gmt":"2024-11-07T14:11:28","slug":"uriage-age-lift-serum-intensif-lissant-fermete-30ml","status":"publish","type":"product","link":"https:\/\/pharmadreams.shop\/index.php\/product\/uriage-age-lift-serum-intensif-lissant-fermete-30ml\/","title":{"rendered":"URIAGE AGE LIFT SERUM INTENSIF LISSANT FERMETE 30ML"},"content":{"rendered":"","protected":false},"excerpt":{"rendered":"<p style=\"font-weight: 400;\">Le s\u00e9rum intensif Lissant Fermet\u00e9 Age Lift d&rsquo;Uriage agit sur les signes de l\u2019\u00e2ge gr\u00e2ce \u00e0 sa formule \u00e0 base de r\u00e9tinol, d&rsquo;acide hyaluronique et d&rsquo;AHA. Au fil des utilisations, votre peau est plus lisse et plus ferme. Vos contours de visage sont mieux d\u00e9finis et vous avez meilleure mine.<\/p>\n<p style=\"font-weight: 400;\">CORRECTION RIDES + FERMET\u05a4\u00c9<\/p>\n<p style=\"font-weight: 400;\">Sa formule enrichie en actifs anti-\u00e2ge [r\u00e9tinol** + acide hyaluronique] diminue l&rsquo;apparence des ridules et des rides, lutte contre la perte de tonicit\u00e9 et le manque de fermet\u00e9.<\/p>\n<p style=\"font-weight: 400;\">PROTECTION ANTI-\u00c2GE<\/p>\n<p style=\"font-weight: 400;\">La peau est prot\u00e9g\u00e9e des m\u00e9faits de la pollution et des effets n\u00e9fastes de la lumi\u00e8re bleue gr\u00e2ce \u00e0 la technologie Barri\u00e8re Lumi\u00e8re Bleue***.<\/p>\n<p style=\"font-weight: 400;\">BOOSTER FERMET\u00c9<\/p>\n<p style=\"font-weight: 400;\">La synergie du r\u00e9tinol et des AHAs booste l\u2019\u00e9lasticit\u00e9 et am\u00e9liore la texture de peau.<\/p>\n<p style=\"font-weight: 400;\">HAUTE TOLERANCE<\/p>\n<p style=\"font-weight: 400;\">L\u2019Eau Thermale d\u2019Uriage adoucit et apaise toutes les peaux, m\u00eame sensible.<\/p>\n<p style=\"font-weight: 400;\"><b><strong>Conseils d\u2019utilisation\u00a0:<\/strong><\/b><\/p>\n<p style=\"font-weight: 400;\">Appliquez le matin et\/ou le soir sur votre peau nettoy\u00e9e et s\u00e9ch\u00e9e avant votre cr\u00e8me.<\/p>\n<p style=\"font-weight: 400;\">\u00c9vitez le contact avec les yeux.<\/p>\n<p style=\"font-weight: 400;\">Ne pas appliquer chez la femme enceinte.<\/p>\n<p style=\"font-weight: 400;\">En cas de picotements, il est recommand\u00e9 d\u2019espacer les applications.<\/p>\n","protected":false},"featured_media":19132,"comment_status":"open","ping_status":"closed","template":"","meta":[],"product_brand":[],"product_cat":[100,120,94,20],"product_tag":[],"class_list":{"0":"post-19131","1":"product","2":"type-product","3":"status-publish","4":"has-post-thumbnail","6":"product_cat-anti-age","7":"product_cat-anti-rides","8":"product_cat-serum","9":"product_cat-visage","11":"first","12":"instock","13":"sale","14":"shipping-taxable","15":"purchasable","16":"product-type-simple"},"yoast_head":"<!-- This site is optimized with the Yoast SEO plugin v23.0 - https:\/\/yoast.com\/wordpress\/plugins\/seo\/ -->\n<title>URIAGE AGE LIFT SERUM INTENSIF LISSANT FERMETE 30ML - pharmadreams<\/title>\n<meta name=\"robots\" content=\"index, follow, max-snippet:-1, max-image-preview:large, max-video-preview:-1\" \/>\n<link rel=\"canonical\" href=\"https:\/\/pharmadreams.shop\/index.php\/product\/uriage-age-lift-serum-intensif-lissant-fermete-30ml\/\" \/>\n<meta property=\"og:locale\" content=\"fr_FR\" \/>\n<meta property=\"og:type\" content=\"article\" \/>\n<meta property=\"og:title\" content=\"URIAGE AGE LIFT SERUM INTENSIF LISSANT FERMETE 30ML - pharmadreams\" \/>\n<meta property=\"og:description\" content=\"Le s\u00e9rum intensif Lissant Fermet\u00e9 Age Lift d&#039;Uriage agit sur les signes de l\u2019\u00e2ge gr\u00e2ce \u00e0 sa formule \u00e0 base de r\u00e9tinol, d&#039;acide hyaluronique et d&#039;AHA. Au fil des utilisations, votre peau est plus lisse et plus ferme. Vos contours de visage sont mieux d\u00e9finis et vous avez meilleure mine. CORRECTION RIDES + FERMET\u05a4\u00c9 Sa formule enrichie en actifs anti-\u00e2ge [r\u00e9tinol** + acide hyaluronique] diminue l&#039;apparence des ridules et des rides, lutte contre la perte de tonicit\u00e9 et le manque de fermet\u00e9. PROTECTION ANTI-\u00c2GE La peau est prot\u00e9g\u00e9e des m\u00e9faits de la pollution et des effets n\u00e9fastes de la lumi\u00e8re bleue gr\u00e2ce \u00e0 la technologie Barri\u00e8re Lumi\u00e8re Bleue***. BOOSTER FERMET\u00c9 La synergie du r\u00e9tinol et des AHAs booste l\u2019\u00e9lasticit\u00e9 et am\u00e9liore la texture de peau. HAUTE TOLERANCE L\u2019Eau Thermale d\u2019Uriage adoucit et apaise toutes les peaux, m\u00eame sensible. Conseils d\u2019utilisation\u00a0: Appliquez le matin et\/ou le soir sur votre peau nettoy\u00e9e et s\u00e9ch\u00e9e avant votre cr\u00e8me. \u00c9vitez le contact avec les yeux. Ne pas appliquer chez la femme enceinte. En cas de picotements, il est recommand\u00e9 d\u2019espacer les applications.\" \/>\n<meta property=\"og:url\" content=\"https:\/\/pharmadreams.shop\/index.php\/product\/uriage-age-lift-serum-intensif-lissant-fermete-30ml\/\" \/>\n<meta property=\"og:site_name\" content=\"pharmadreams\" \/>\n<meta property=\"og:image\" content=\"https:\/\/pharmadreams.shop\/wp-content\/uploads\/2024\/11\/uriage-age-lift-serum-intensif-lissant-fermete-30ml.jpg\" \/>\n\t<meta property=\"og:image:width\" content=\"500\" \/>\n\t<meta property=\"og:image:height\" content=\"500\" \/>\n\t<meta property=\"og:image:type\" content=\"image\/jpeg\" \/>\n<meta name=\"twitter:card\" content=\"summary_large_image\" \/>\n<meta name=\"twitter:label1\" content=\"Dur\u00e9e de lecture estim\u00e9e\" \/>\n\t<meta name=\"twitter:data1\" content=\"1 minute\" \/>\n<script type=\"application\/ld+json\" class=\"yoast-schema-graph\">{\"@context\":\"https:\/\/schema.org\",\"@graph\":[{\"@type\":\"WebPage\",\"@id\":\"https:\/\/pharmadreams.shop\/index.php\/product\/uriage-age-lift-serum-intensif-lissant-fermete-30ml\/\",\"url\":\"https:\/\/pharmadreams.shop\/index.php\/product\/uriage-age-lift-serum-intensif-lissant-fermete-30ml\/\",\"name\":\"URIAGE AGE LIFT SERUM INTENSIF LISSANT FERMETE 30ML - pharmadreams\",\"isPartOf\":{\"@id\":\"https:\/\/pharmadreams.shop\/#website\"},\"primaryImageOfPage\":{\"@id\":\"https:\/\/pharmadreams.shop\/index.php\/product\/uriage-age-lift-serum-intensif-lissant-fermete-30ml\/#primaryimage\"},\"image\":{\"@id\":\"https:\/\/pharmadreams.shop\/index.php\/product\/uriage-age-lift-serum-intensif-lissant-fermete-30ml\/#primaryimage\"},\"thumbnailUrl\":\"https:\/\/pharmadreams.shop\/wp-content\/uploads\/2024\/11\/uriage-age-lift-serum-intensif-lissant-fermete-30ml.jpg\",\"datePublished\":\"2024-11-07T14:11:28+00:00\",\"dateModified\":\"2024-11-07T14:11:28+00:00\",\"breadcrumb\":{\"@id\":\"https:\/\/pharmadreams.shop\/index.php\/product\/uriage-age-lift-serum-intensif-lissant-fermete-30ml\/#breadcrumb\"},\"inLanguage\":\"fr-FR\",\"potentialAction\":[{\"@type\":\"ReadAction\",\"target\":[\"https:\/\/pharmadreams.shop\/index.php\/product\/uriage-age-lift-serum-intensif-lissant-fermete-30ml\/\"]}]},{\"@type\":\"ImageObject\",\"inLanguage\":\"fr-FR\",\"@id\":\"https:\/\/pharmadreams.shop\/index.php\/product\/uriage-age-lift-serum-intensif-lissant-fermete-30ml\/#primaryimage\",\"url\":\"https:\/\/pharmadreams.shop\/wp-content\/uploads\/2024\/11\/uriage-age-lift-serum-intensif-lissant-fermete-30ml.jpg\",\"contentUrl\":\"https:\/\/pharmadreams.shop\/wp-content\/uploads\/2024\/11\/uriage-age-lift-serum-intensif-lissant-fermete-30ml.jpg\",\"width\":500,\"height\":500},{\"@type\":\"BreadcrumbList\",\"@id\":\"https:\/\/pharmadreams.shop\/index.php\/product\/uriage-age-lift-serum-intensif-lissant-fermete-30ml\/#breadcrumb\",\"itemListElement\":[{\"@type\":\"ListItem\",\"position\":1,\"name\":\"Accueil\",\"item\":\"https:\/\/pharmadreams.shop\/\"},{\"@type\":\"ListItem\",\"position\":2,\"name\":\"Shop\",\"item\":\"https:\/\/pharmadreams.shop\/index.php\/shop\/\"},{\"@type\":\"ListItem\",\"position\":3,\"name\":\"URIAGE AGE LIFT SERUM INTENSIF LISSANT FERMETE 30ML\"}]},{\"@type\":\"WebSite\",\"@id\":\"https:\/\/pharmadreams.shop\/#website\",\"url\":\"https:\/\/pharmadreams.shop\/\",\"name\":\"pharmadreams\",\"description\":\"Parapharmacie en ligne\",\"potentialAction\":[{\"@type\":\"SearchAction\",\"target\":{\"@type\":\"EntryPoint\",\"urlTemplate\":\"https:\/\/pharmadreams.shop\/?s={search_term_string}\"},\"query-input\":\"required name=search_term_string\"}],\"inLanguage\":\"fr-FR\"}]}<\/script>\n<!-- \/ Yoast SEO plugin. -->","yoast_head_json":{"title":"URIAGE AGE LIFT SERUM INTENSIF LISSANT FERMETE 30ML - pharmadreams","robots":{"index":"index","follow":"follow","max-snippet":"max-snippet:-1","max-image-preview":"max-image-preview:large","max-video-preview":"max-video-preview:-1"},"canonical":"https:\/\/pharmadreams.shop\/index.php\/product\/uriage-age-lift-serum-intensif-lissant-fermete-30ml\/","og_locale":"fr_FR","og_type":"article","og_title":"URIAGE AGE LIFT SERUM INTENSIF LISSANT FERMETE 30ML - pharmadreams","og_description":"Le s\u00e9rum intensif Lissant Fermet\u00e9 Age Lift d'Uriage agit sur les signes de l\u2019\u00e2ge gr\u00e2ce \u00e0 sa formule \u00e0 base de r\u00e9tinol, d'acide hyaluronique et d'AHA. Au fil des utilisations, votre peau est plus lisse et plus ferme. Vos contours de visage sont mieux d\u00e9finis et vous avez meilleure mine. CORRECTION RIDES + FERMET\u05a4\u00c9 Sa formule enrichie en actifs anti-\u00e2ge [r\u00e9tinol** + acide hyaluronique] diminue l'apparence des ridules et des rides, lutte contre la perte de tonicit\u00e9 et le manque de fermet\u00e9. PROTECTION ANTI-\u00c2GE La peau est prot\u00e9g\u00e9e des m\u00e9faits de la pollution et des effets n\u00e9fastes de la lumi\u00e8re bleue gr\u00e2ce \u00e0 la technologie Barri\u00e8re Lumi\u00e8re Bleue***. BOOSTER FERMET\u00c9 La synergie du r\u00e9tinol et des AHAs booste l\u2019\u00e9lasticit\u00e9 et am\u00e9liore la texture de peau. HAUTE TOLERANCE L\u2019Eau Thermale d\u2019Uriage adoucit et apaise toutes les peaux, m\u00eame sensible. Conseils d\u2019utilisation\u00a0: Appliquez le matin et\/ou le soir sur votre peau nettoy\u00e9e et s\u00e9ch\u00e9e avant votre cr\u00e8me. \u00c9vitez le contact avec les yeux. Ne pas appliquer chez la femme enceinte. En cas de picotements, il est recommand\u00e9 d\u2019espacer les applications.","og_url":"https:\/\/pharmadreams.shop\/index.php\/product\/uriage-age-lift-serum-intensif-lissant-fermete-30ml\/","og_site_name":"pharmadreams","og_image":[{"width":500,"height":500,"url":"https:\/\/pharmadreams.shop\/wp-content\/uploads\/2024\/11\/uriage-age-lift-serum-intensif-lissant-fermete-30ml.jpg","type":"image\/jpeg"}],"twitter_card":"summary_large_image","twitter_misc":{"Dur\u00e9e de lecture estim\u00e9e":"1 minute"},"schema":{"@context":"https:\/\/schema.org","@graph":[{"@type":"WebPage","@id":"https:\/\/pharmadreams.shop\/index.php\/product\/uriage-age-lift-serum-intensif-lissant-fermete-30ml\/","url":"https:\/\/pharmadreams.shop\/index.php\/product\/uriage-age-lift-serum-intensif-lissant-fermete-30ml\/","name":"URIAGE AGE LIFT SERUM INTENSIF LISSANT FERMETE 30ML - pharmadreams","isPartOf":{"@id":"https:\/\/pharmadreams.shop\/#website"},"primaryImageOfPage":{"@id":"https:\/\/pharmadreams.shop\/index.php\/product\/uriage-age-lift-serum-intensif-lissant-fermete-30ml\/#primaryimage"},"image":{"@id":"https:\/\/pharmadreams.shop\/index.php\/product\/uriage-age-lift-serum-intensif-lissant-fermete-30ml\/#primaryimage"},"thumbnailUrl":"https:\/\/pharmadreams.shop\/wp-content\/uploads\/2024\/11\/uriage-age-lift-serum-intensif-lissant-fermete-30ml.jpg","datePublished":"2024-11-07T14:11:28+00:00","dateModified":"2024-11-07T14:11:28+00:00","breadcrumb":{"@id":"https:\/\/pharmadreams.shop\/index.php\/product\/uriage-age-lift-serum-intensif-lissant-fermete-30ml\/#breadcrumb"},"inLanguage":"fr-FR","potentialAction":[{"@type":"ReadAction","target":["https:\/\/pharmadreams.shop\/index.php\/product\/uriage-age-lift-serum-intensif-lissant-fermete-30ml\/"]}]},{"@type":"ImageObject","inLanguage":"fr-FR","@id":"https:\/\/pharmadreams.shop\/index.php\/product\/uriage-age-lift-serum-intensif-lissant-fermete-30ml\/#primaryimage","url":"https:\/\/pharmadreams.shop\/wp-content\/uploads\/2024\/11\/uriage-age-lift-serum-intensif-lissant-fermete-30ml.jpg","contentUrl":"https:\/\/pharmadreams.shop\/wp-content\/uploads\/2024\/11\/uriage-age-lift-serum-intensif-lissant-fermete-30ml.jpg","width":500,"height":500},{"@type":"BreadcrumbList","@id":"https:\/\/pharmadreams.shop\/index.php\/product\/uriage-age-lift-serum-intensif-lissant-fermete-30ml\/#breadcrumb","itemListElement":[{"@type":"ListItem","position":1,"name":"Accueil","item":"https:\/\/pharmadreams.shop\/"},{"@type":"ListItem","position":2,"name":"Shop","item":"https:\/\/pharmadreams.shop\/index.php\/shop\/"},{"@type":"ListItem","position":3,"name":"URIAGE AGE LIFT SERUM INTENSIF LISSANT FERMETE 30ML"}]},{"@type":"WebSite","@id":"https:\/\/pharmadreams.shop\/#website","url":"https:\/\/pharmadreams.shop\/","name":"pharmadreams","description":"Parapharmacie en ligne","potentialAction":[{"@type":"SearchAction","target":{"@type":"EntryPoint","urlTemplate":"https:\/\/pharmadreams.shop\/?s={search_term_string}"},"query-input":"required name=search_term_string"}],"inLanguage":"fr-FR"}]}},"_links":{"self":[{"href":"https:\/\/pharmadreams.shop\/index.php\/wp-json\/wp\/v2\/product\/19131","targetHints":{"allow":["GET"]}}],"collection":[{"href":"https:\/\/pharmadreams.shop\/index.php\/wp-json\/wp\/v2\/product"}],"about":[{"href":"https:\/\/pharmadreams.shop\/index.php\/wp-json\/wp\/v2\/types\/product"}],"replies":[{"embeddable":true,"href":"https:\/\/pharmadreams.shop\/index.php\/wp-json\/wp\/v2\/comments?post=19131"}],"version-history":[{"count":0,"href":"https:\/\/pharmadreams.shop\/index.php\/wp-json\/wp\/v2\/product\/19131\/revisions"}],"wp:featuredmedia":[{"embeddable":true,"href":"https:\/\/pharmadreams.shop\/index.php\/wp-json\/wp\/v2\/media\/19132"}],"wp:attachment":[{"href":"https:\/\/pharmadreams.shop\/index.php\/wp-json\/wp\/v2\/media?parent=19131"}],"wp:term":[{"taxonomy":"product_brand","embeddable":true,"href":"https:\/\/pharmadreams.shop\/index.php\/wp-json\/wp\/v2\/product_brand?post=19131"},{"taxonomy":"product_cat","embeddable":true,"href":"https:\/\/pharmadreams.shop\/index.php\/wp-json\/wp\/v2\/product_cat?post=19131"},{"taxonomy":"product_tag","embeddable":true,"href":"https:\/\/pharmadreams.shop\/index.php\/wp-json\/wp\/v2\/product_tag?post=19131"}],"curies":[{"name":"wp","href":"https:\/\/api.w.org\/{rel}","templated":true}]}}