{"id":19134,"date":"2024-11-07T15:15:51","date_gmt":"2024-11-07T14:15:51","guid":{"rendered":"https:\/\/pharmadreams.shop\/?post_type=product&#038;p=19134"},"modified":"2024-11-07T15:15:51","modified_gmt":"2024-11-07T14:15:51","slug":"uriage-eau-micellaire-thermale-peaux-normales-a-seches-250ml","status":"publish","type":"product","link":"https:\/\/pharmadreams.shop\/index.php\/product\/uriage-eau-micellaire-thermale-peaux-normales-a-seches-250ml\/","title":{"rendered":"URIAGE EAU MICELLAIRE THERMALE PEAUX NORMALES A SECHES 250ML"},"content":{"rendered":"","protected":false},"excerpt":{"rendered":"<p>Les Eaux Micellaires Thermales d\u2019Uriage sont parfaitement adapt\u00e9es au d\u00e9maquillage de toutes les peaux gr\u00e2ce aux propri\u00e9t\u00e9s uniques de l\u2019Eau Thermale d\u2019Uriage. Leurs tensioactifs non ioniques doux, constitutifs des micelles, agissent comme des aimants capturant efficacement le maquillage et les impuret\u00e9s.<\/p>\n<p>D\u00e9maquille et nettoie<\/p>\n<p>Cette eau micellaire aux tensioactifs non ioniques doux \u00e9limine en douceur maquillage et impuret\u00e9s.<\/p>\n<p>Hydrate<\/p>\n<p>Enrichi en extrait de Cranberry, ce produit hydrate la peau la laissant lisse et souple.<\/p>\n<p>Pr\u00e9serve du dess\u00e8chement<\/p>\n<p>Enrichie en Eau Thermale d\u2019Uriage hydratante.<\/p>\n","protected":false},"featured_media":19135,"comment_status":"open","ping_status":"closed","template":"","meta":[],"product_brand":[],"product_cat":[108,226,79,20],"product_tag":[],"class_list":{"0":"post-19134","1":"product","2":"type-product","3":"status-publish","4":"has-post-thumbnail","6":"product_cat-eau-micellaire","7":"product_cat-peaux-normales","8":"product_cat-peaux-seches","9":"product_cat-visage","11":"first","12":"instock","13":"shipping-taxable","14":"purchasable","15":"product-type-simple"},"yoast_head":"<!-- This site is optimized with the Yoast SEO plugin v23.0 - https:\/\/yoast.com\/wordpress\/plugins\/seo\/ -->\n<title>URIAGE EAU MICELLAIRE THERMALE PEAUX NORMALES A SECHES 250ML - pharmadreams<\/title>\n<meta name=\"robots\" content=\"index, follow, max-snippet:-1, max-image-preview:large, max-video-preview:-1\" \/>\n<link rel=\"canonical\" href=\"https:\/\/pharmadreams.shop\/index.php\/product\/uriage-eau-micellaire-thermale-peaux-normales-a-seches-250ml\/\" \/>\n<meta property=\"og:locale\" content=\"fr_FR\" \/>\n<meta property=\"og:type\" content=\"article\" \/>\n<meta property=\"og:title\" content=\"URIAGE EAU MICELLAIRE THERMALE PEAUX NORMALES A SECHES 250ML - pharmadreams\" \/>\n<meta property=\"og:description\" content=\"Les Eaux Micellaires Thermales d\u2019Uriage sont parfaitement adapt\u00e9es au d\u00e9maquillage de toutes les peaux gr\u00e2ce aux propri\u00e9t\u00e9s uniques de l\u2019Eau Thermale d\u2019Uriage. Leurs tensioactifs non ioniques doux, constitutifs des micelles, agissent comme des aimants capturant efficacement le maquillage et les impuret\u00e9s.  D\u00e9maquille et nettoie  Cette eau micellaire aux tensioactifs non ioniques doux \u00e9limine en douceur maquillage et impuret\u00e9s.  Hydrate  Enrichi en extrait de Cranberry, ce produit hydrate la peau la laissant lisse et souple.  Pr\u00e9serve du dess\u00e8chement  Enrichie en Eau Thermale d\u2019Uriage hydratante.\" \/>\n<meta property=\"og:url\" content=\"https:\/\/pharmadreams.shop\/index.php\/product\/uriage-eau-micellaire-thermale-peaux-normales-a-seches-250ml\/\" \/>\n<meta property=\"og:site_name\" content=\"pharmadreams\" \/>\n<meta property=\"og:image\" content=\"https:\/\/pharmadreams.shop\/wp-content\/uploads\/2024\/11\/uriage-eau-micellaire-thermale-peaux-normales-a-seches-250ml.jpg\" \/>\n\t<meta property=\"og:image:width\" content=\"500\" \/>\n\t<meta property=\"og:image:height\" content=\"500\" \/>\n\t<meta property=\"og:image:type\" content=\"image\/jpeg\" \/>\n<meta name=\"twitter:card\" content=\"summary_large_image\" \/>\n<meta name=\"twitter:label1\" content=\"Dur\u00e9e de lecture estim\u00e9e\" \/>\n\t<meta name=\"twitter:data1\" content=\"1 minute\" \/>\n<script type=\"application\/ld+json\" class=\"yoast-schema-graph\">{\"@context\":\"https:\/\/schema.org\",\"@graph\":[{\"@type\":\"WebPage\",\"@id\":\"https:\/\/pharmadreams.shop\/index.php\/product\/uriage-eau-micellaire-thermale-peaux-normales-a-seches-250ml\/\",\"url\":\"https:\/\/pharmadreams.shop\/index.php\/product\/uriage-eau-micellaire-thermale-peaux-normales-a-seches-250ml\/\",\"name\":\"URIAGE EAU MICELLAIRE THERMALE PEAUX NORMALES A SECHES 250ML - pharmadreams\",\"isPartOf\":{\"@id\":\"https:\/\/pharmadreams.shop\/#website\"},\"primaryImageOfPage\":{\"@id\":\"https:\/\/pharmadreams.shop\/index.php\/product\/uriage-eau-micellaire-thermale-peaux-normales-a-seches-250ml\/#primaryimage\"},\"image\":{\"@id\":\"https:\/\/pharmadreams.shop\/index.php\/product\/uriage-eau-micellaire-thermale-peaux-normales-a-seches-250ml\/#primaryimage\"},\"thumbnailUrl\":\"https:\/\/pharmadreams.shop\/wp-content\/uploads\/2024\/11\/uriage-eau-micellaire-thermale-peaux-normales-a-seches-250ml.jpg\",\"datePublished\":\"2024-11-07T14:15:51+00:00\",\"dateModified\":\"2024-11-07T14:15:51+00:00\",\"breadcrumb\":{\"@id\":\"https:\/\/pharmadreams.shop\/index.php\/product\/uriage-eau-micellaire-thermale-peaux-normales-a-seches-250ml\/#breadcrumb\"},\"inLanguage\":\"fr-FR\",\"potentialAction\":[{\"@type\":\"ReadAction\",\"target\":[\"https:\/\/pharmadreams.shop\/index.php\/product\/uriage-eau-micellaire-thermale-peaux-normales-a-seches-250ml\/\"]}]},{\"@type\":\"ImageObject\",\"inLanguage\":\"fr-FR\",\"@id\":\"https:\/\/pharmadreams.shop\/index.php\/product\/uriage-eau-micellaire-thermale-peaux-normales-a-seches-250ml\/#primaryimage\",\"url\":\"https:\/\/pharmadreams.shop\/wp-content\/uploads\/2024\/11\/uriage-eau-micellaire-thermale-peaux-normales-a-seches-250ml.jpg\",\"contentUrl\":\"https:\/\/pharmadreams.shop\/wp-content\/uploads\/2024\/11\/uriage-eau-micellaire-thermale-peaux-normales-a-seches-250ml.jpg\",\"width\":500,\"height\":500},{\"@type\":\"BreadcrumbList\",\"@id\":\"https:\/\/pharmadreams.shop\/index.php\/product\/uriage-eau-micellaire-thermale-peaux-normales-a-seches-250ml\/#breadcrumb\",\"itemListElement\":[{\"@type\":\"ListItem\",\"position\":1,\"name\":\"Accueil\",\"item\":\"https:\/\/pharmadreams.shop\/\"},{\"@type\":\"ListItem\",\"position\":2,\"name\":\"Shop\",\"item\":\"https:\/\/pharmadreams.shop\/index.php\/shop\/\"},{\"@type\":\"ListItem\",\"position\":3,\"name\":\"URIAGE EAU MICELLAIRE THERMALE PEAUX NORMALES A SECHES 250ML\"}]},{\"@type\":\"WebSite\",\"@id\":\"https:\/\/pharmadreams.shop\/#website\",\"url\":\"https:\/\/pharmadreams.shop\/\",\"name\":\"pharmadreams\",\"description\":\"Parapharmacie en ligne\",\"potentialAction\":[{\"@type\":\"SearchAction\",\"target\":{\"@type\":\"EntryPoint\",\"urlTemplate\":\"https:\/\/pharmadreams.shop\/?s={search_term_string}\"},\"query-input\":\"required name=search_term_string\"}],\"inLanguage\":\"fr-FR\"}]}<\/script>\n<!-- \/ Yoast SEO plugin. -->","yoast_head_json":{"title":"URIAGE EAU MICELLAIRE THERMALE PEAUX NORMALES A SECHES 250ML - pharmadreams","robots":{"index":"index","follow":"follow","max-snippet":"max-snippet:-1","max-image-preview":"max-image-preview:large","max-video-preview":"max-video-preview:-1"},"canonical":"https:\/\/pharmadreams.shop\/index.php\/product\/uriage-eau-micellaire-thermale-peaux-normales-a-seches-250ml\/","og_locale":"fr_FR","og_type":"article","og_title":"URIAGE EAU MICELLAIRE THERMALE PEAUX NORMALES A SECHES 250ML - pharmadreams","og_description":"Les Eaux Micellaires Thermales d\u2019Uriage sont parfaitement adapt\u00e9es au d\u00e9maquillage de toutes les peaux gr\u00e2ce aux propri\u00e9t\u00e9s uniques de l\u2019Eau Thermale d\u2019Uriage. Leurs tensioactifs non ioniques doux, constitutifs des micelles, agissent comme des aimants capturant efficacement le maquillage et les impuret\u00e9s.  D\u00e9maquille et nettoie  Cette eau micellaire aux tensioactifs non ioniques doux \u00e9limine en douceur maquillage et impuret\u00e9s.  Hydrate  Enrichi en extrait de Cranberry, ce produit hydrate la peau la laissant lisse et souple.  Pr\u00e9serve du dess\u00e8chement  Enrichie en Eau Thermale d\u2019Uriage hydratante.","og_url":"https:\/\/pharmadreams.shop\/index.php\/product\/uriage-eau-micellaire-thermale-peaux-normales-a-seches-250ml\/","og_site_name":"pharmadreams","og_image":[{"width":500,"height":500,"url":"https:\/\/pharmadreams.shop\/wp-content\/uploads\/2024\/11\/uriage-eau-micellaire-thermale-peaux-normales-a-seches-250ml.jpg","type":"image\/jpeg"}],"twitter_card":"summary_large_image","twitter_misc":{"Dur\u00e9e de lecture estim\u00e9e":"1 minute"},"schema":{"@context":"https:\/\/schema.org","@graph":[{"@type":"WebPage","@id":"https:\/\/pharmadreams.shop\/index.php\/product\/uriage-eau-micellaire-thermale-peaux-normales-a-seches-250ml\/","url":"https:\/\/pharmadreams.shop\/index.php\/product\/uriage-eau-micellaire-thermale-peaux-normales-a-seches-250ml\/","name":"URIAGE EAU MICELLAIRE THERMALE PEAUX NORMALES A SECHES 250ML - pharmadreams","isPartOf":{"@id":"https:\/\/pharmadreams.shop\/#website"},"primaryImageOfPage":{"@id":"https:\/\/pharmadreams.shop\/index.php\/product\/uriage-eau-micellaire-thermale-peaux-normales-a-seches-250ml\/#primaryimage"},"image":{"@id":"https:\/\/pharmadreams.shop\/index.php\/product\/uriage-eau-micellaire-thermale-peaux-normales-a-seches-250ml\/#primaryimage"},"thumbnailUrl":"https:\/\/pharmadreams.shop\/wp-content\/uploads\/2024\/11\/uriage-eau-micellaire-thermale-peaux-normales-a-seches-250ml.jpg","datePublished":"2024-11-07T14:15:51+00:00","dateModified":"2024-11-07T14:15:51+00:00","breadcrumb":{"@id":"https:\/\/pharmadreams.shop\/index.php\/product\/uriage-eau-micellaire-thermale-peaux-normales-a-seches-250ml\/#breadcrumb"},"inLanguage":"fr-FR","potentialAction":[{"@type":"ReadAction","target":["https:\/\/pharmadreams.shop\/index.php\/product\/uriage-eau-micellaire-thermale-peaux-normales-a-seches-250ml\/"]}]},{"@type":"ImageObject","inLanguage":"fr-FR","@id":"https:\/\/pharmadreams.shop\/index.php\/product\/uriage-eau-micellaire-thermale-peaux-normales-a-seches-250ml\/#primaryimage","url":"https:\/\/pharmadreams.shop\/wp-content\/uploads\/2024\/11\/uriage-eau-micellaire-thermale-peaux-normales-a-seches-250ml.jpg","contentUrl":"https:\/\/pharmadreams.shop\/wp-content\/uploads\/2024\/11\/uriage-eau-micellaire-thermale-peaux-normales-a-seches-250ml.jpg","width":500,"height":500},{"@type":"BreadcrumbList","@id":"https:\/\/pharmadreams.shop\/index.php\/product\/uriage-eau-micellaire-thermale-peaux-normales-a-seches-250ml\/#breadcrumb","itemListElement":[{"@type":"ListItem","position":1,"name":"Accueil","item":"https:\/\/pharmadreams.shop\/"},{"@type":"ListItem","position":2,"name":"Shop","item":"https:\/\/pharmadreams.shop\/index.php\/shop\/"},{"@type":"ListItem","position":3,"name":"URIAGE EAU MICELLAIRE THERMALE PEAUX NORMALES A SECHES 250ML"}]},{"@type":"WebSite","@id":"https:\/\/pharmadreams.shop\/#website","url":"https:\/\/pharmadreams.shop\/","name":"pharmadreams","description":"Parapharmacie en ligne","potentialAction":[{"@type":"SearchAction","target":{"@type":"EntryPoint","urlTemplate":"https:\/\/pharmadreams.shop\/?s={search_term_string}"},"query-input":"required name=search_term_string"}],"inLanguage":"fr-FR"}]}},"_links":{"self":[{"href":"https:\/\/pharmadreams.shop\/index.php\/wp-json\/wp\/v2\/product\/19134","targetHints":{"allow":["GET"]}}],"collection":[{"href":"https:\/\/pharmadreams.shop\/index.php\/wp-json\/wp\/v2\/product"}],"about":[{"href":"https:\/\/pharmadreams.shop\/index.php\/wp-json\/wp\/v2\/types\/product"}],"replies":[{"embeddable":true,"href":"https:\/\/pharmadreams.shop\/index.php\/wp-json\/wp\/v2\/comments?post=19134"}],"version-history":[{"count":0,"href":"https:\/\/pharmadreams.shop\/index.php\/wp-json\/wp\/v2\/product\/19134\/revisions"}],"wp:featuredmedia":[{"embeddable":true,"href":"https:\/\/pharmadreams.shop\/index.php\/wp-json\/wp\/v2\/media\/19135"}],"wp:attachment":[{"href":"https:\/\/pharmadreams.shop\/index.php\/wp-json\/wp\/v2\/media?parent=19134"}],"wp:term":[{"taxonomy":"product_brand","embeddable":true,"href":"https:\/\/pharmadreams.shop\/index.php\/wp-json\/wp\/v2\/product_brand?post=19134"},{"taxonomy":"product_cat","embeddable":true,"href":"https:\/\/pharmadreams.shop\/index.php\/wp-json\/wp\/v2\/product_cat?post=19134"},{"taxonomy":"product_tag","embeddable":true,"href":"https:\/\/pharmadreams.shop\/index.php\/wp-json\/wp\/v2\/product_tag?post=19134"}],"curies":[{"name":"wp","href":"https:\/\/api.w.org\/{rel}","templated":true}]}}