{"id":19140,"date":"2024-11-07T15:31:41","date_gmt":"2024-11-07T14:31:41","guid":{"rendered":"https:\/\/pharmadreams.shop\/?post_type=product&#038;p=19140"},"modified":"2024-11-07T15:31:42","modified_gmt":"2024-11-07T14:31:42","slug":"uriage-age-lift-creme-jour-lissante-fermete-40ml","status":"publish","type":"product","link":"https:\/\/pharmadreams.shop\/index.php\/product\/uriage-age-lift-creme-jour-lissante-fermete-40ml\/","title":{"rendered":"URIAGE AGE LIFT CREME JOUR LISSANTE FERMETE 40ML"},"content":{"rendered":"","protected":false},"excerpt":{"rendered":"<p>La Cr\u00e8me Jour Lissante Fermet\u00e9 Age Lift d&rsquo;Uriage agit sur les rides, la perte de fermet\u00e9 et la brillance gr\u00e2ce \u00e0 sa formule \u00e0 base de r\u00e9tinol, d&rsquo;acide hyaluronique, d&rsquo;extraits de beurre de karit\u00e9.<\/p>\n<p style=\"font-weight: 400;\"><b><strong>Conseils d\u2019utilisation :<\/strong><\/b><\/p>\n<p style=\"font-weight: 400;\">Appliquez votre soin chaque matin sur peau nettoy\u00e9e et s\u00e9ch\u00e9e.<\/p>\n","protected":false},"featured_media":19141,"comment_status":"open","ping_status":"closed","template":"","meta":[],"product_brand":[],"product_cat":[100,78,20],"product_tag":[],"class_list":{"0":"post-19140","1":"product","2":"type-product","3":"status-publish","4":"has-post-thumbnail","6":"product_cat-anti-age","7":"product_cat-cremes","8":"product_cat-visage","10":"first","11":"instock","12":"sale","13":"shipping-taxable","14":"purchasable","15":"product-type-simple"},"yoast_head":"<!-- This site is optimized with the Yoast SEO plugin v23.0 - https:\/\/yoast.com\/wordpress\/plugins\/seo\/ -->\n<title>URIAGE AGE LIFT CREME JOUR LISSANTE FERMETE 40ML - pharmadreams<\/title>\n<meta name=\"robots\" content=\"index, follow, max-snippet:-1, max-image-preview:large, max-video-preview:-1\" \/>\n<link rel=\"canonical\" href=\"https:\/\/pharmadreams.shop\/index.php\/product\/uriage-age-lift-creme-jour-lissante-fermete-40ml\/\" \/>\n<meta property=\"og:locale\" content=\"fr_FR\" \/>\n<meta property=\"og:type\" content=\"article\" \/>\n<meta property=\"og:title\" content=\"URIAGE AGE LIFT CREME JOUR LISSANTE FERMETE 40ML - pharmadreams\" \/>\n<meta property=\"og:description\" content=\"La Cr\u00e8me Jour Lissante Fermet\u00e9 Age Lift d&#039;Uriage agit sur les rides, la perte de fermet\u00e9 et la brillance gr\u00e2ce \u00e0 sa formule \u00e0 base de r\u00e9tinol, d&#039;acide hyaluronique, d&#039;extraits de beurre de karit\u00e9. Conseils d\u2019utilisation : Appliquez votre soin chaque matin sur peau nettoy\u00e9e et s\u00e9ch\u00e9e.\" \/>\n<meta property=\"og:url\" content=\"https:\/\/pharmadreams.shop\/index.php\/product\/uriage-age-lift-creme-jour-lissante-fermete-40ml\/\" \/>\n<meta property=\"og:site_name\" content=\"pharmadreams\" \/>\n<meta property=\"article:modified_time\" content=\"2024-11-07T14:31:42+00:00\" \/>\n<meta property=\"og:image\" content=\"https:\/\/pharmadreams.shop\/wp-content\/uploads\/2024\/11\/uriage-age-lift-creme-jour-lissante-fermete-40ml.jpg\" \/>\n\t<meta property=\"og:image:width\" content=\"600\" \/>\n\t<meta property=\"og:image:height\" content=\"600\" \/>\n\t<meta property=\"og:image:type\" content=\"image\/jpeg\" \/>\n<meta name=\"twitter:card\" content=\"summary_large_image\" \/>\n<meta name=\"twitter:label1\" content=\"Dur\u00e9e de lecture estim\u00e9e\" \/>\n\t<meta name=\"twitter:data1\" content=\"1 minute\" \/>\n<script type=\"application\/ld+json\" class=\"yoast-schema-graph\">{\"@context\":\"https:\/\/schema.org\",\"@graph\":[{\"@type\":\"WebPage\",\"@id\":\"https:\/\/pharmadreams.shop\/index.php\/product\/uriage-age-lift-creme-jour-lissante-fermete-40ml\/\",\"url\":\"https:\/\/pharmadreams.shop\/index.php\/product\/uriage-age-lift-creme-jour-lissante-fermete-40ml\/\",\"name\":\"URIAGE AGE LIFT CREME JOUR LISSANTE FERMETE 40ML - pharmadreams\",\"isPartOf\":{\"@id\":\"https:\/\/pharmadreams.shop\/#website\"},\"primaryImageOfPage\":{\"@id\":\"https:\/\/pharmadreams.shop\/index.php\/product\/uriage-age-lift-creme-jour-lissante-fermete-40ml\/#primaryimage\"},\"image\":{\"@id\":\"https:\/\/pharmadreams.shop\/index.php\/product\/uriage-age-lift-creme-jour-lissante-fermete-40ml\/#primaryimage\"},\"thumbnailUrl\":\"https:\/\/pharmadreams.shop\/wp-content\/uploads\/2024\/11\/uriage-age-lift-creme-jour-lissante-fermete-40ml.jpg\",\"datePublished\":\"2024-11-07T14:31:41+00:00\",\"dateModified\":\"2024-11-07T14:31:42+00:00\",\"breadcrumb\":{\"@id\":\"https:\/\/pharmadreams.shop\/index.php\/product\/uriage-age-lift-creme-jour-lissante-fermete-40ml\/#breadcrumb\"},\"inLanguage\":\"fr-FR\",\"potentialAction\":[{\"@type\":\"ReadAction\",\"target\":[\"https:\/\/pharmadreams.shop\/index.php\/product\/uriage-age-lift-creme-jour-lissante-fermete-40ml\/\"]}]},{\"@type\":\"ImageObject\",\"inLanguage\":\"fr-FR\",\"@id\":\"https:\/\/pharmadreams.shop\/index.php\/product\/uriage-age-lift-creme-jour-lissante-fermete-40ml\/#primaryimage\",\"url\":\"https:\/\/pharmadreams.shop\/wp-content\/uploads\/2024\/11\/uriage-age-lift-creme-jour-lissante-fermete-40ml.jpg\",\"contentUrl\":\"https:\/\/pharmadreams.shop\/wp-content\/uploads\/2024\/11\/uriage-age-lift-creme-jour-lissante-fermete-40ml.jpg\",\"width\":600,\"height\":600},{\"@type\":\"BreadcrumbList\",\"@id\":\"https:\/\/pharmadreams.shop\/index.php\/product\/uriage-age-lift-creme-jour-lissante-fermete-40ml\/#breadcrumb\",\"itemListElement\":[{\"@type\":\"ListItem\",\"position\":1,\"name\":\"Accueil\",\"item\":\"https:\/\/pharmadreams.shop\/\"},{\"@type\":\"ListItem\",\"position\":2,\"name\":\"Shop\",\"item\":\"https:\/\/pharmadreams.shop\/index.php\/shop\/\"},{\"@type\":\"ListItem\",\"position\":3,\"name\":\"URIAGE AGE LIFT CREME JOUR LISSANTE FERMETE 40ML\"}]},{\"@type\":\"WebSite\",\"@id\":\"https:\/\/pharmadreams.shop\/#website\",\"url\":\"https:\/\/pharmadreams.shop\/\",\"name\":\"pharmadreams\",\"description\":\"Parapharmacie en ligne\",\"potentialAction\":[{\"@type\":\"SearchAction\",\"target\":{\"@type\":\"EntryPoint\",\"urlTemplate\":\"https:\/\/pharmadreams.shop\/?s={search_term_string}\"},\"query-input\":\"required name=search_term_string\"}],\"inLanguage\":\"fr-FR\"}]}<\/script>\n<!-- \/ Yoast SEO plugin. -->","yoast_head_json":{"title":"URIAGE AGE LIFT CREME JOUR LISSANTE FERMETE 40ML - pharmadreams","robots":{"index":"index","follow":"follow","max-snippet":"max-snippet:-1","max-image-preview":"max-image-preview:large","max-video-preview":"max-video-preview:-1"},"canonical":"https:\/\/pharmadreams.shop\/index.php\/product\/uriage-age-lift-creme-jour-lissante-fermete-40ml\/","og_locale":"fr_FR","og_type":"article","og_title":"URIAGE AGE LIFT CREME JOUR LISSANTE FERMETE 40ML - pharmadreams","og_description":"La Cr\u00e8me Jour Lissante Fermet\u00e9 Age Lift d'Uriage agit sur les rides, la perte de fermet\u00e9 et la brillance gr\u00e2ce \u00e0 sa formule \u00e0 base de r\u00e9tinol, d'acide hyaluronique, d'extraits de beurre de karit\u00e9. Conseils d\u2019utilisation : Appliquez votre soin chaque matin sur peau nettoy\u00e9e et s\u00e9ch\u00e9e.","og_url":"https:\/\/pharmadreams.shop\/index.php\/product\/uriage-age-lift-creme-jour-lissante-fermete-40ml\/","og_site_name":"pharmadreams","article_modified_time":"2024-11-07T14:31:42+00:00","og_image":[{"width":600,"height":600,"url":"https:\/\/pharmadreams.shop\/wp-content\/uploads\/2024\/11\/uriage-age-lift-creme-jour-lissante-fermete-40ml.jpg","type":"image\/jpeg"}],"twitter_card":"summary_large_image","twitter_misc":{"Dur\u00e9e de lecture estim\u00e9e":"1 minute"},"schema":{"@context":"https:\/\/schema.org","@graph":[{"@type":"WebPage","@id":"https:\/\/pharmadreams.shop\/index.php\/product\/uriage-age-lift-creme-jour-lissante-fermete-40ml\/","url":"https:\/\/pharmadreams.shop\/index.php\/product\/uriage-age-lift-creme-jour-lissante-fermete-40ml\/","name":"URIAGE AGE LIFT CREME JOUR LISSANTE FERMETE 40ML - pharmadreams","isPartOf":{"@id":"https:\/\/pharmadreams.shop\/#website"},"primaryImageOfPage":{"@id":"https:\/\/pharmadreams.shop\/index.php\/product\/uriage-age-lift-creme-jour-lissante-fermete-40ml\/#primaryimage"},"image":{"@id":"https:\/\/pharmadreams.shop\/index.php\/product\/uriage-age-lift-creme-jour-lissante-fermete-40ml\/#primaryimage"},"thumbnailUrl":"https:\/\/pharmadreams.shop\/wp-content\/uploads\/2024\/11\/uriage-age-lift-creme-jour-lissante-fermete-40ml.jpg","datePublished":"2024-11-07T14:31:41+00:00","dateModified":"2024-11-07T14:31:42+00:00","breadcrumb":{"@id":"https:\/\/pharmadreams.shop\/index.php\/product\/uriage-age-lift-creme-jour-lissante-fermete-40ml\/#breadcrumb"},"inLanguage":"fr-FR","potentialAction":[{"@type":"ReadAction","target":["https:\/\/pharmadreams.shop\/index.php\/product\/uriage-age-lift-creme-jour-lissante-fermete-40ml\/"]}]},{"@type":"ImageObject","inLanguage":"fr-FR","@id":"https:\/\/pharmadreams.shop\/index.php\/product\/uriage-age-lift-creme-jour-lissante-fermete-40ml\/#primaryimage","url":"https:\/\/pharmadreams.shop\/wp-content\/uploads\/2024\/11\/uriage-age-lift-creme-jour-lissante-fermete-40ml.jpg","contentUrl":"https:\/\/pharmadreams.shop\/wp-content\/uploads\/2024\/11\/uriage-age-lift-creme-jour-lissante-fermete-40ml.jpg","width":600,"height":600},{"@type":"BreadcrumbList","@id":"https:\/\/pharmadreams.shop\/index.php\/product\/uriage-age-lift-creme-jour-lissante-fermete-40ml\/#breadcrumb","itemListElement":[{"@type":"ListItem","position":1,"name":"Accueil","item":"https:\/\/pharmadreams.shop\/"},{"@type":"ListItem","position":2,"name":"Shop","item":"https:\/\/pharmadreams.shop\/index.php\/shop\/"},{"@type":"ListItem","position":3,"name":"URIAGE AGE LIFT CREME JOUR LISSANTE FERMETE 40ML"}]},{"@type":"WebSite","@id":"https:\/\/pharmadreams.shop\/#website","url":"https:\/\/pharmadreams.shop\/","name":"pharmadreams","description":"Parapharmacie en ligne","potentialAction":[{"@type":"SearchAction","target":{"@type":"EntryPoint","urlTemplate":"https:\/\/pharmadreams.shop\/?s={search_term_string}"},"query-input":"required name=search_term_string"}],"inLanguage":"fr-FR"}]}},"_links":{"self":[{"href":"https:\/\/pharmadreams.shop\/index.php\/wp-json\/wp\/v2\/product\/19140","targetHints":{"allow":["GET"]}}],"collection":[{"href":"https:\/\/pharmadreams.shop\/index.php\/wp-json\/wp\/v2\/product"}],"about":[{"href":"https:\/\/pharmadreams.shop\/index.php\/wp-json\/wp\/v2\/types\/product"}],"replies":[{"embeddable":true,"href":"https:\/\/pharmadreams.shop\/index.php\/wp-json\/wp\/v2\/comments?post=19140"}],"version-history":[{"count":0,"href":"https:\/\/pharmadreams.shop\/index.php\/wp-json\/wp\/v2\/product\/19140\/revisions"}],"wp:featuredmedia":[{"embeddable":true,"href":"https:\/\/pharmadreams.shop\/index.php\/wp-json\/wp\/v2\/media\/19141"}],"wp:attachment":[{"href":"https:\/\/pharmadreams.shop\/index.php\/wp-json\/wp\/v2\/media?parent=19140"}],"wp:term":[{"taxonomy":"product_brand","embeddable":true,"href":"https:\/\/pharmadreams.shop\/index.php\/wp-json\/wp\/v2\/product_brand?post=19140"},{"taxonomy":"product_cat","embeddable":true,"href":"https:\/\/pharmadreams.shop\/index.php\/wp-json\/wp\/v2\/product_cat?post=19140"},{"taxonomy":"product_tag","embeddable":true,"href":"https:\/\/pharmadreams.shop\/index.php\/wp-json\/wp\/v2\/product_tag?post=19140"}],"curies":[{"name":"wp","href":"https:\/\/api.w.org\/{rel}","templated":true}]}}