{"id":19143,"date":"2024-11-07T15:37:28","date_gmt":"2024-11-07T14:37:28","guid":{"rendered":"https:\/\/pharmadreams.shop\/?post_type=product&#038;p=19143"},"modified":"2024-11-07T15:37:28","modified_gmt":"2024-11-07T14:37:28","slug":"uriage-age-lift-soin-lissant-contour-des-yeux-15ml","status":"publish","type":"product","link":"https:\/\/pharmadreams.shop\/index.php\/product\/uriage-age-lift-soin-lissant-contour-des-yeux-15ml\/","title":{"rendered":"URIAGE AGE LIFT SOIN LISSANT CONTOUR DES YEUX 15ML"},"content":{"rendered":"","protected":false},"excerpt":{"rendered":"<p>Innovation AGE LIFT, la gamme dermatologique de soins liftants qui lisse et raffermit toutes les peaux, m\u00eame sensibles [3X moins de rides, 3X plus de fermet\u00e9] *. Ce soin lissant regard fondant agit simultan\u00e9ment sur les rides, la fermet\u00e9 du contour de l\u2019\u0153il et sur les agressions quotidiennes que subit la peau : lumi\u00e8re bleue, UV, pollution, stress, fatigue. La peau du contour de l&rsquo;\u0153il est liss\u00e9e et hydrat\u00e9e. L&rsquo;apparence des rides, poches, cernes est att\u00e9nu\u00e9e et le regard est plus repos\u00e9.<\/p>\n<p style=\"font-weight: 400;\"><b><strong>Conseils d&rsquo;utilisation :<\/strong><\/b><\/p>\n<p style=\"font-weight: 400;\">Appliquer le contour des yeux anti-\u00e2ge le matin et\/ou soir, par l\u00e9gers massages.<\/p>\n<p style=\"font-weight: 400;\">Pour toutes peaux, m\u00eame sensibles. Test\u00e9 ophtalmologiquement<\/p>\n","protected":false},"featured_media":19144,"comment_status":"open","ping_status":"closed","template":"","meta":[],"product_brand":[],"product_cat":[100,120,270],"product_tag":[],"class_list":{"0":"post-19143","1":"product","2":"type-product","3":"status-publish","4":"has-post-thumbnail","6":"product_cat-anti-age","7":"product_cat-anti-rides","8":"product_cat-yeux-sensibles","10":"first","11":"instock","12":"sale","13":"shipping-taxable","14":"purchasable","15":"product-type-simple"},"yoast_head":"<!-- This site is optimized with the Yoast SEO plugin v23.0 - https:\/\/yoast.com\/wordpress\/plugins\/seo\/ -->\n<title>URIAGE AGE LIFT SOIN LISSANT CONTOUR DES YEUX 15ML - pharmadreams<\/title>\n<meta name=\"robots\" content=\"index, follow, max-snippet:-1, max-image-preview:large, max-video-preview:-1\" \/>\n<link rel=\"canonical\" href=\"https:\/\/pharmadreams.shop\/index.php\/product\/uriage-age-lift-soin-lissant-contour-des-yeux-15ml\/\" \/>\n<meta property=\"og:locale\" content=\"fr_FR\" \/>\n<meta property=\"og:type\" content=\"article\" \/>\n<meta property=\"og:title\" content=\"URIAGE AGE LIFT SOIN LISSANT CONTOUR DES YEUX 15ML - pharmadreams\" \/>\n<meta property=\"og:description\" content=\"Innovation AGE LIFT, la gamme dermatologique de soins liftants qui lisse et raffermit toutes les peaux, m\u00eame sensibles [3X moins de rides, 3X plus de fermet\u00e9] *. Ce soin lissant regard fondant agit simultan\u00e9ment sur les rides, la fermet\u00e9 du contour de l\u2019\u0153il et sur les agressions quotidiennes que subit la peau : lumi\u00e8re bleue, UV, pollution, stress, fatigue. La peau du contour de l&#039;\u0153il est liss\u00e9e et hydrat\u00e9e. L&#039;apparence des rides, poches, cernes est att\u00e9nu\u00e9e et le regard est plus repos\u00e9. Conseils d&#039;utilisation : Appliquer le contour des yeux anti-\u00e2ge le matin et\/ou soir, par l\u00e9gers massages. Pour toutes peaux, m\u00eame sensibles. Test\u00e9 ophtalmologiquement\" \/>\n<meta property=\"og:url\" content=\"https:\/\/pharmadreams.shop\/index.php\/product\/uriage-age-lift-soin-lissant-contour-des-yeux-15ml\/\" \/>\n<meta property=\"og:site_name\" content=\"pharmadreams\" \/>\n<meta property=\"og:image\" content=\"https:\/\/pharmadreams.shop\/wp-content\/uploads\/2024\/11\/soins-anti-age-et-anti-rides-uriage-uriage-age-lift-soin-lissant-regard-15ml.jpg\" \/>\n\t<meta property=\"og:image:width\" content=\"1100\" \/>\n\t<meta property=\"og:image:height\" content=\"1100\" \/>\n\t<meta property=\"og:image:type\" content=\"image\/jpeg\" \/>\n<meta name=\"twitter:card\" content=\"summary_large_image\" \/>\n<meta name=\"twitter:label1\" content=\"Dur\u00e9e de lecture estim\u00e9e\" \/>\n\t<meta name=\"twitter:data1\" content=\"1 minute\" \/>\n<script type=\"application\/ld+json\" class=\"yoast-schema-graph\">{\"@context\":\"https:\/\/schema.org\",\"@graph\":[{\"@type\":\"WebPage\",\"@id\":\"https:\/\/pharmadreams.shop\/index.php\/product\/uriage-age-lift-soin-lissant-contour-des-yeux-15ml\/\",\"url\":\"https:\/\/pharmadreams.shop\/index.php\/product\/uriage-age-lift-soin-lissant-contour-des-yeux-15ml\/\",\"name\":\"URIAGE AGE LIFT SOIN LISSANT CONTOUR DES YEUX 15ML - pharmadreams\",\"isPartOf\":{\"@id\":\"https:\/\/pharmadreams.shop\/#website\"},\"primaryImageOfPage\":{\"@id\":\"https:\/\/pharmadreams.shop\/index.php\/product\/uriage-age-lift-soin-lissant-contour-des-yeux-15ml\/#primaryimage\"},\"image\":{\"@id\":\"https:\/\/pharmadreams.shop\/index.php\/product\/uriage-age-lift-soin-lissant-contour-des-yeux-15ml\/#primaryimage\"},\"thumbnailUrl\":\"https:\/\/pharmadreams.shop\/wp-content\/uploads\/2024\/11\/soins-anti-age-et-anti-rides-uriage-uriage-age-lift-soin-lissant-regard-15ml.jpg\",\"datePublished\":\"2024-11-07T14:37:28+00:00\",\"dateModified\":\"2024-11-07T14:37:28+00:00\",\"breadcrumb\":{\"@id\":\"https:\/\/pharmadreams.shop\/index.php\/product\/uriage-age-lift-soin-lissant-contour-des-yeux-15ml\/#breadcrumb\"},\"inLanguage\":\"fr-FR\",\"potentialAction\":[{\"@type\":\"ReadAction\",\"target\":[\"https:\/\/pharmadreams.shop\/index.php\/product\/uriage-age-lift-soin-lissant-contour-des-yeux-15ml\/\"]}]},{\"@type\":\"ImageObject\",\"inLanguage\":\"fr-FR\",\"@id\":\"https:\/\/pharmadreams.shop\/index.php\/product\/uriage-age-lift-soin-lissant-contour-des-yeux-15ml\/#primaryimage\",\"url\":\"https:\/\/pharmadreams.shop\/wp-content\/uploads\/2024\/11\/soins-anti-age-et-anti-rides-uriage-uriage-age-lift-soin-lissant-regard-15ml.jpg\",\"contentUrl\":\"https:\/\/pharmadreams.shop\/wp-content\/uploads\/2024\/11\/soins-anti-age-et-anti-rides-uriage-uriage-age-lift-soin-lissant-regard-15ml.jpg\",\"width\":1100,\"height\":1100},{\"@type\":\"BreadcrumbList\",\"@id\":\"https:\/\/pharmadreams.shop\/index.php\/product\/uriage-age-lift-soin-lissant-contour-des-yeux-15ml\/#breadcrumb\",\"itemListElement\":[{\"@type\":\"ListItem\",\"position\":1,\"name\":\"Accueil\",\"item\":\"https:\/\/pharmadreams.shop\/\"},{\"@type\":\"ListItem\",\"position\":2,\"name\":\"Shop\",\"item\":\"https:\/\/pharmadreams.shop\/index.php\/shop\/\"},{\"@type\":\"ListItem\",\"position\":3,\"name\":\"URIAGE AGE LIFT SOIN LISSANT CONTOUR DES YEUX 15ML\"}]},{\"@type\":\"WebSite\",\"@id\":\"https:\/\/pharmadreams.shop\/#website\",\"url\":\"https:\/\/pharmadreams.shop\/\",\"name\":\"pharmadreams\",\"description\":\"Parapharmacie en ligne\",\"potentialAction\":[{\"@type\":\"SearchAction\",\"target\":{\"@type\":\"EntryPoint\",\"urlTemplate\":\"https:\/\/pharmadreams.shop\/?s={search_term_string}\"},\"query-input\":\"required name=search_term_string\"}],\"inLanguage\":\"fr-FR\"}]}<\/script>\n<!-- \/ Yoast SEO plugin. -->","yoast_head_json":{"title":"URIAGE AGE LIFT SOIN LISSANT CONTOUR DES YEUX 15ML - pharmadreams","robots":{"index":"index","follow":"follow","max-snippet":"max-snippet:-1","max-image-preview":"max-image-preview:large","max-video-preview":"max-video-preview:-1"},"canonical":"https:\/\/pharmadreams.shop\/index.php\/product\/uriage-age-lift-soin-lissant-contour-des-yeux-15ml\/","og_locale":"fr_FR","og_type":"article","og_title":"URIAGE AGE LIFT SOIN LISSANT CONTOUR DES YEUX 15ML - pharmadreams","og_description":"Innovation AGE LIFT, la gamme dermatologique de soins liftants qui lisse et raffermit toutes les peaux, m\u00eame sensibles [3X moins de rides, 3X plus de fermet\u00e9] *. Ce soin lissant regard fondant agit simultan\u00e9ment sur les rides, la fermet\u00e9 du contour de l\u2019\u0153il et sur les agressions quotidiennes que subit la peau : lumi\u00e8re bleue, UV, pollution, stress, fatigue. La peau du contour de l'\u0153il est liss\u00e9e et hydrat\u00e9e. L'apparence des rides, poches, cernes est att\u00e9nu\u00e9e et le regard est plus repos\u00e9. Conseils d'utilisation : Appliquer le contour des yeux anti-\u00e2ge le matin et\/ou soir, par l\u00e9gers massages. Pour toutes peaux, m\u00eame sensibles. Test\u00e9 ophtalmologiquement","og_url":"https:\/\/pharmadreams.shop\/index.php\/product\/uriage-age-lift-soin-lissant-contour-des-yeux-15ml\/","og_site_name":"pharmadreams","og_image":[{"width":1100,"height":1100,"url":"https:\/\/pharmadreams.shop\/wp-content\/uploads\/2024\/11\/soins-anti-age-et-anti-rides-uriage-uriage-age-lift-soin-lissant-regard-15ml.jpg","type":"image\/jpeg"}],"twitter_card":"summary_large_image","twitter_misc":{"Dur\u00e9e de lecture estim\u00e9e":"1 minute"},"schema":{"@context":"https:\/\/schema.org","@graph":[{"@type":"WebPage","@id":"https:\/\/pharmadreams.shop\/index.php\/product\/uriage-age-lift-soin-lissant-contour-des-yeux-15ml\/","url":"https:\/\/pharmadreams.shop\/index.php\/product\/uriage-age-lift-soin-lissant-contour-des-yeux-15ml\/","name":"URIAGE AGE LIFT SOIN LISSANT CONTOUR DES YEUX 15ML - pharmadreams","isPartOf":{"@id":"https:\/\/pharmadreams.shop\/#website"},"primaryImageOfPage":{"@id":"https:\/\/pharmadreams.shop\/index.php\/product\/uriage-age-lift-soin-lissant-contour-des-yeux-15ml\/#primaryimage"},"image":{"@id":"https:\/\/pharmadreams.shop\/index.php\/product\/uriage-age-lift-soin-lissant-contour-des-yeux-15ml\/#primaryimage"},"thumbnailUrl":"https:\/\/pharmadreams.shop\/wp-content\/uploads\/2024\/11\/soins-anti-age-et-anti-rides-uriage-uriage-age-lift-soin-lissant-regard-15ml.jpg","datePublished":"2024-11-07T14:37:28+00:00","dateModified":"2024-11-07T14:37:28+00:00","breadcrumb":{"@id":"https:\/\/pharmadreams.shop\/index.php\/product\/uriage-age-lift-soin-lissant-contour-des-yeux-15ml\/#breadcrumb"},"inLanguage":"fr-FR","potentialAction":[{"@type":"ReadAction","target":["https:\/\/pharmadreams.shop\/index.php\/product\/uriage-age-lift-soin-lissant-contour-des-yeux-15ml\/"]}]},{"@type":"ImageObject","inLanguage":"fr-FR","@id":"https:\/\/pharmadreams.shop\/index.php\/product\/uriage-age-lift-soin-lissant-contour-des-yeux-15ml\/#primaryimage","url":"https:\/\/pharmadreams.shop\/wp-content\/uploads\/2024\/11\/soins-anti-age-et-anti-rides-uriage-uriage-age-lift-soin-lissant-regard-15ml.jpg","contentUrl":"https:\/\/pharmadreams.shop\/wp-content\/uploads\/2024\/11\/soins-anti-age-et-anti-rides-uriage-uriage-age-lift-soin-lissant-regard-15ml.jpg","width":1100,"height":1100},{"@type":"BreadcrumbList","@id":"https:\/\/pharmadreams.shop\/index.php\/product\/uriage-age-lift-soin-lissant-contour-des-yeux-15ml\/#breadcrumb","itemListElement":[{"@type":"ListItem","position":1,"name":"Accueil","item":"https:\/\/pharmadreams.shop\/"},{"@type":"ListItem","position":2,"name":"Shop","item":"https:\/\/pharmadreams.shop\/index.php\/shop\/"},{"@type":"ListItem","position":3,"name":"URIAGE AGE LIFT SOIN LISSANT CONTOUR DES YEUX 15ML"}]},{"@type":"WebSite","@id":"https:\/\/pharmadreams.shop\/#website","url":"https:\/\/pharmadreams.shop\/","name":"pharmadreams","description":"Parapharmacie en ligne","potentialAction":[{"@type":"SearchAction","target":{"@type":"EntryPoint","urlTemplate":"https:\/\/pharmadreams.shop\/?s={search_term_string}"},"query-input":"required name=search_term_string"}],"inLanguage":"fr-FR"}]}},"_links":{"self":[{"href":"https:\/\/pharmadreams.shop\/index.php\/wp-json\/wp\/v2\/product\/19143","targetHints":{"allow":["GET"]}}],"collection":[{"href":"https:\/\/pharmadreams.shop\/index.php\/wp-json\/wp\/v2\/product"}],"about":[{"href":"https:\/\/pharmadreams.shop\/index.php\/wp-json\/wp\/v2\/types\/product"}],"replies":[{"embeddable":true,"href":"https:\/\/pharmadreams.shop\/index.php\/wp-json\/wp\/v2\/comments?post=19143"}],"version-history":[{"count":0,"href":"https:\/\/pharmadreams.shop\/index.php\/wp-json\/wp\/v2\/product\/19143\/revisions"}],"wp:featuredmedia":[{"embeddable":true,"href":"https:\/\/pharmadreams.shop\/index.php\/wp-json\/wp\/v2\/media\/19144"}],"wp:attachment":[{"href":"https:\/\/pharmadreams.shop\/index.php\/wp-json\/wp\/v2\/media?parent=19143"}],"wp:term":[{"taxonomy":"product_brand","embeddable":true,"href":"https:\/\/pharmadreams.shop\/index.php\/wp-json\/wp\/v2\/product_brand?post=19143"},{"taxonomy":"product_cat","embeddable":true,"href":"https:\/\/pharmadreams.shop\/index.php\/wp-json\/wp\/v2\/product_cat?post=19143"},{"taxonomy":"product_tag","embeddable":true,"href":"https:\/\/pharmadreams.shop\/index.php\/wp-json\/wp\/v2\/product_tag?post=19143"}],"curies":[{"name":"wp","href":"https:\/\/api.w.org\/{rel}","templated":true}]}}