{"id":19146,"date":"2024-11-07T15:53:56","date_gmt":"2024-11-07T14:53:56","guid":{"rendered":"https:\/\/pharmadreams.shop\/?post_type=product&#038;p=19146"},"modified":"2024-11-07T15:53:56","modified_gmt":"2024-11-07T14:53:56","slug":"uriage-bariesun-fluide-anti-taches-spf-50-40-ml","status":"publish","type":"product","link":"https:\/\/pharmadreams.shop\/index.php\/product\/uriage-bariesun-fluide-anti-taches-spf-50-40-ml\/","title":{"rendered":"Uriage Bariesun Fluide Anti-Taches Spf 50+ 40 ml"},"content":{"rendered":"","protected":false},"excerpt":{"rendered":"<p>Uriage Bari\u00e9sun Fluide Anti-Taches Tr\u00e8s Haute Protection SPF50+ 40 ml est un fluide anti-taches SPF50+ r\u00e9sistant \u00e0 l&rsquo;eau, de tr\u00e8s haute protection UVB-UVA-Lumi\u00e8re bleue pour les peaux sensibles. Il aide \u00e0 pr\u00e9venir le photo-vieillissement caus\u00e9 par les UV et la lumi\u00e8re bleue. Le fini est invisible, non collant, non com\u00e9dog\u00e8ne et non parfum\u00e9.<\/p>\n<p style=\"font-weight: 400;\"><b><strong>Conseils d&rsquo;utilisation :<\/strong><\/b><\/p>\n<p style=\"font-weight: 400;\">Appliquer une dose suffisante de produit avant l&rsquo;exposition, par exemple l&rsquo;\u00e9quivalent d&rsquo;une cuill\u00e8re \u00e0 caf\u00e9 pour le visage et le cou. La r\u00e9duction de cette quantit\u00e9 diminue le niveau de protection. Renouveler fr\u00e9quemment l&rsquo;application, surtout apr\u00e8s avoir transpir\u00e9, nag\u00e9 ou s&rsquo;\u00eatre essuy\u00e9. M\u00eame bien prot\u00e9g\u00e9, r\u00e9duire au maximum l&rsquo;exposition.<\/p>\n<p style=\"font-weight: 400;\">Ne pas exposer les b\u00e9b\u00e9s et les jeunes enfants directement au soleil.<\/p>\n<p style=\"font-weight: 400;\">\u00c9viter le contact avec les yeux.<\/p>\n<p style=\"font-weight: 400;\">Indication : Fluide anti-taches pour les peaux sensibles.<\/p>\n","protected":false},"featured_media":19147,"comment_status":"open","ping_status":"closed","template":"","meta":[],"product_brand":[],"product_cat":[90,231,20],"product_tag":[],"class_list":{"0":"post-19146","1":"product","2":"type-product","3":"status-publish","4":"has-post-thumbnail","6":"product_cat-anti-tache","7":"product_cat-ecran-solaire","8":"product_cat-visage","10":"first","11":"instock","12":"shipping-taxable","13":"purchasable","14":"product-type-simple"},"yoast_head":"<!-- This site is optimized with the Yoast SEO plugin v23.0 - https:\/\/yoast.com\/wordpress\/plugins\/seo\/ -->\n<title>Uriage Bariesun Fluide Anti-Taches Spf 50+ 40 ml - pharmadreams<\/title>\n<meta name=\"robots\" content=\"index, follow, max-snippet:-1, max-image-preview:large, max-video-preview:-1\" \/>\n<link rel=\"canonical\" href=\"https:\/\/pharmadreams.shop\/index.php\/product\/uriage-bariesun-fluide-anti-taches-spf-50-40-ml\/\" \/>\n<meta property=\"og:locale\" content=\"fr_FR\" \/>\n<meta property=\"og:type\" content=\"article\" \/>\n<meta property=\"og:title\" content=\"Uriage Bariesun Fluide Anti-Taches Spf 50+ 40 ml - pharmadreams\" \/>\n<meta property=\"og:description\" content=\"Uriage Bari\u00e9sun Fluide Anti-Taches Tr\u00e8s Haute Protection SPF50+ 40 ml est un fluide anti-taches SPF50+ r\u00e9sistant \u00e0 l&#039;eau, de tr\u00e8s haute protection UVB-UVA-Lumi\u00e8re bleue pour les peaux sensibles. Il aide \u00e0 pr\u00e9venir le photo-vieillissement caus\u00e9 par les UV et la lumi\u00e8re bleue. Le fini est invisible, non collant, non com\u00e9dog\u00e8ne et non parfum\u00e9. Conseils d&#039;utilisation : Appliquer une dose suffisante de produit avant l&#039;exposition, par exemple l&#039;\u00e9quivalent d&#039;une cuill\u00e8re \u00e0 caf\u00e9 pour le visage et le cou. La r\u00e9duction de cette quantit\u00e9 diminue le niveau de protection. Renouveler fr\u00e9quemment l&#039;application, surtout apr\u00e8s avoir transpir\u00e9, nag\u00e9 ou s&#039;\u00eatre essuy\u00e9. M\u00eame bien prot\u00e9g\u00e9, r\u00e9duire au maximum l&#039;exposition. Ne pas exposer les b\u00e9b\u00e9s et les jeunes enfants directement au soleil. \u00c9viter le contact avec les yeux. Indication : Fluide anti-taches pour les peaux sensibles.\" \/>\n<meta property=\"og:url\" content=\"https:\/\/pharmadreams.shop\/index.php\/product\/uriage-bariesun-fluide-anti-taches-spf-50-40-ml\/\" \/>\n<meta property=\"og:site_name\" content=\"pharmadreams\" \/>\n<meta property=\"og:image\" content=\"https:\/\/pharmadreams.shop\/wp-content\/uploads\/2024\/11\/bariesun-spf-50-fluide-anti-taches-40-ml-.jpg\" \/>\n\t<meta property=\"og:image:width\" content=\"800\" \/>\n\t<meta property=\"og:image:height\" content=\"800\" \/>\n\t<meta property=\"og:image:type\" content=\"image\/jpeg\" \/>\n<meta name=\"twitter:card\" content=\"summary_large_image\" \/>\n<meta name=\"twitter:label1\" content=\"Dur\u00e9e de lecture estim\u00e9e\" \/>\n\t<meta name=\"twitter:data1\" content=\"1 minute\" \/>\n<script type=\"application\/ld+json\" class=\"yoast-schema-graph\">{\"@context\":\"https:\/\/schema.org\",\"@graph\":[{\"@type\":\"WebPage\",\"@id\":\"https:\/\/pharmadreams.shop\/index.php\/product\/uriage-bariesun-fluide-anti-taches-spf-50-40-ml\/\",\"url\":\"https:\/\/pharmadreams.shop\/index.php\/product\/uriage-bariesun-fluide-anti-taches-spf-50-40-ml\/\",\"name\":\"Uriage Bariesun Fluide Anti-Taches Spf 50+ 40 ml - pharmadreams\",\"isPartOf\":{\"@id\":\"https:\/\/pharmadreams.shop\/#website\"},\"primaryImageOfPage\":{\"@id\":\"https:\/\/pharmadreams.shop\/index.php\/product\/uriage-bariesun-fluide-anti-taches-spf-50-40-ml\/#primaryimage\"},\"image\":{\"@id\":\"https:\/\/pharmadreams.shop\/index.php\/product\/uriage-bariesun-fluide-anti-taches-spf-50-40-ml\/#primaryimage\"},\"thumbnailUrl\":\"https:\/\/pharmadreams.shop\/wp-content\/uploads\/2024\/11\/bariesun-spf-50-fluide-anti-taches-40-ml-.jpg\",\"datePublished\":\"2024-11-07T14:53:56+00:00\",\"dateModified\":\"2024-11-07T14:53:56+00:00\",\"breadcrumb\":{\"@id\":\"https:\/\/pharmadreams.shop\/index.php\/product\/uriage-bariesun-fluide-anti-taches-spf-50-40-ml\/#breadcrumb\"},\"inLanguage\":\"fr-FR\",\"potentialAction\":[{\"@type\":\"ReadAction\",\"target\":[\"https:\/\/pharmadreams.shop\/index.php\/product\/uriage-bariesun-fluide-anti-taches-spf-50-40-ml\/\"]}]},{\"@type\":\"ImageObject\",\"inLanguage\":\"fr-FR\",\"@id\":\"https:\/\/pharmadreams.shop\/index.php\/product\/uriage-bariesun-fluide-anti-taches-spf-50-40-ml\/#primaryimage\",\"url\":\"https:\/\/pharmadreams.shop\/wp-content\/uploads\/2024\/11\/bariesun-spf-50-fluide-anti-taches-40-ml-.jpg\",\"contentUrl\":\"https:\/\/pharmadreams.shop\/wp-content\/uploads\/2024\/11\/bariesun-spf-50-fluide-anti-taches-40-ml-.jpg\",\"width\":800,\"height\":800},{\"@type\":\"BreadcrumbList\",\"@id\":\"https:\/\/pharmadreams.shop\/index.php\/product\/uriage-bariesun-fluide-anti-taches-spf-50-40-ml\/#breadcrumb\",\"itemListElement\":[{\"@type\":\"ListItem\",\"position\":1,\"name\":\"Accueil\",\"item\":\"https:\/\/pharmadreams.shop\/\"},{\"@type\":\"ListItem\",\"position\":2,\"name\":\"Shop\",\"item\":\"https:\/\/pharmadreams.shop\/index.php\/shop\/\"},{\"@type\":\"ListItem\",\"position\":3,\"name\":\"Uriage Bariesun Fluide Anti-Taches Spf 50+ 40 ml\"}]},{\"@type\":\"WebSite\",\"@id\":\"https:\/\/pharmadreams.shop\/#website\",\"url\":\"https:\/\/pharmadreams.shop\/\",\"name\":\"pharmadreams\",\"description\":\"Parapharmacie en ligne\",\"potentialAction\":[{\"@type\":\"SearchAction\",\"target\":{\"@type\":\"EntryPoint\",\"urlTemplate\":\"https:\/\/pharmadreams.shop\/?s={search_term_string}\"},\"query-input\":\"required name=search_term_string\"}],\"inLanguage\":\"fr-FR\"}]}<\/script>\n<!-- \/ Yoast SEO plugin. -->","yoast_head_json":{"title":"Uriage Bariesun Fluide Anti-Taches Spf 50+ 40 ml - pharmadreams","robots":{"index":"index","follow":"follow","max-snippet":"max-snippet:-1","max-image-preview":"max-image-preview:large","max-video-preview":"max-video-preview:-1"},"canonical":"https:\/\/pharmadreams.shop\/index.php\/product\/uriage-bariesun-fluide-anti-taches-spf-50-40-ml\/","og_locale":"fr_FR","og_type":"article","og_title":"Uriage Bariesun Fluide Anti-Taches Spf 50+ 40 ml - pharmadreams","og_description":"Uriage Bari\u00e9sun Fluide Anti-Taches Tr\u00e8s Haute Protection SPF50+ 40 ml est un fluide anti-taches SPF50+ r\u00e9sistant \u00e0 l'eau, de tr\u00e8s haute protection UVB-UVA-Lumi\u00e8re bleue pour les peaux sensibles. Il aide \u00e0 pr\u00e9venir le photo-vieillissement caus\u00e9 par les UV et la lumi\u00e8re bleue. Le fini est invisible, non collant, non com\u00e9dog\u00e8ne et non parfum\u00e9. Conseils d'utilisation : Appliquer une dose suffisante de produit avant l'exposition, par exemple l'\u00e9quivalent d'une cuill\u00e8re \u00e0 caf\u00e9 pour le visage et le cou. La r\u00e9duction de cette quantit\u00e9 diminue le niveau de protection. Renouveler fr\u00e9quemment l'application, surtout apr\u00e8s avoir transpir\u00e9, nag\u00e9 ou s'\u00eatre essuy\u00e9. M\u00eame bien prot\u00e9g\u00e9, r\u00e9duire au maximum l'exposition. Ne pas exposer les b\u00e9b\u00e9s et les jeunes enfants directement au soleil. \u00c9viter le contact avec les yeux. Indication : Fluide anti-taches pour les peaux sensibles.","og_url":"https:\/\/pharmadreams.shop\/index.php\/product\/uriage-bariesun-fluide-anti-taches-spf-50-40-ml\/","og_site_name":"pharmadreams","og_image":[{"width":800,"height":800,"url":"https:\/\/pharmadreams.shop\/wp-content\/uploads\/2024\/11\/bariesun-spf-50-fluide-anti-taches-40-ml-.jpg","type":"image\/jpeg"}],"twitter_card":"summary_large_image","twitter_misc":{"Dur\u00e9e de lecture estim\u00e9e":"1 minute"},"schema":{"@context":"https:\/\/schema.org","@graph":[{"@type":"WebPage","@id":"https:\/\/pharmadreams.shop\/index.php\/product\/uriage-bariesun-fluide-anti-taches-spf-50-40-ml\/","url":"https:\/\/pharmadreams.shop\/index.php\/product\/uriage-bariesun-fluide-anti-taches-spf-50-40-ml\/","name":"Uriage Bariesun Fluide Anti-Taches Spf 50+ 40 ml - pharmadreams","isPartOf":{"@id":"https:\/\/pharmadreams.shop\/#website"},"primaryImageOfPage":{"@id":"https:\/\/pharmadreams.shop\/index.php\/product\/uriage-bariesun-fluide-anti-taches-spf-50-40-ml\/#primaryimage"},"image":{"@id":"https:\/\/pharmadreams.shop\/index.php\/product\/uriage-bariesun-fluide-anti-taches-spf-50-40-ml\/#primaryimage"},"thumbnailUrl":"https:\/\/pharmadreams.shop\/wp-content\/uploads\/2024\/11\/bariesun-spf-50-fluide-anti-taches-40-ml-.jpg","datePublished":"2024-11-07T14:53:56+00:00","dateModified":"2024-11-07T14:53:56+00:00","breadcrumb":{"@id":"https:\/\/pharmadreams.shop\/index.php\/product\/uriage-bariesun-fluide-anti-taches-spf-50-40-ml\/#breadcrumb"},"inLanguage":"fr-FR","potentialAction":[{"@type":"ReadAction","target":["https:\/\/pharmadreams.shop\/index.php\/product\/uriage-bariesun-fluide-anti-taches-spf-50-40-ml\/"]}]},{"@type":"ImageObject","inLanguage":"fr-FR","@id":"https:\/\/pharmadreams.shop\/index.php\/product\/uriage-bariesun-fluide-anti-taches-spf-50-40-ml\/#primaryimage","url":"https:\/\/pharmadreams.shop\/wp-content\/uploads\/2024\/11\/bariesun-spf-50-fluide-anti-taches-40-ml-.jpg","contentUrl":"https:\/\/pharmadreams.shop\/wp-content\/uploads\/2024\/11\/bariesun-spf-50-fluide-anti-taches-40-ml-.jpg","width":800,"height":800},{"@type":"BreadcrumbList","@id":"https:\/\/pharmadreams.shop\/index.php\/product\/uriage-bariesun-fluide-anti-taches-spf-50-40-ml\/#breadcrumb","itemListElement":[{"@type":"ListItem","position":1,"name":"Accueil","item":"https:\/\/pharmadreams.shop\/"},{"@type":"ListItem","position":2,"name":"Shop","item":"https:\/\/pharmadreams.shop\/index.php\/shop\/"},{"@type":"ListItem","position":3,"name":"Uriage Bariesun Fluide Anti-Taches Spf 50+ 40 ml"}]},{"@type":"WebSite","@id":"https:\/\/pharmadreams.shop\/#website","url":"https:\/\/pharmadreams.shop\/","name":"pharmadreams","description":"Parapharmacie en ligne","potentialAction":[{"@type":"SearchAction","target":{"@type":"EntryPoint","urlTemplate":"https:\/\/pharmadreams.shop\/?s={search_term_string}"},"query-input":"required name=search_term_string"}],"inLanguage":"fr-FR"}]}},"_links":{"self":[{"href":"https:\/\/pharmadreams.shop\/index.php\/wp-json\/wp\/v2\/product\/19146","targetHints":{"allow":["GET"]}}],"collection":[{"href":"https:\/\/pharmadreams.shop\/index.php\/wp-json\/wp\/v2\/product"}],"about":[{"href":"https:\/\/pharmadreams.shop\/index.php\/wp-json\/wp\/v2\/types\/product"}],"replies":[{"embeddable":true,"href":"https:\/\/pharmadreams.shop\/index.php\/wp-json\/wp\/v2\/comments?post=19146"}],"version-history":[{"count":0,"href":"https:\/\/pharmadreams.shop\/index.php\/wp-json\/wp\/v2\/product\/19146\/revisions"}],"wp:featuredmedia":[{"embeddable":true,"href":"https:\/\/pharmadreams.shop\/index.php\/wp-json\/wp\/v2\/media\/19147"}],"wp:attachment":[{"href":"https:\/\/pharmadreams.shop\/index.php\/wp-json\/wp\/v2\/media?parent=19146"}],"wp:term":[{"taxonomy":"product_brand","embeddable":true,"href":"https:\/\/pharmadreams.shop\/index.php\/wp-json\/wp\/v2\/product_brand?post=19146"},{"taxonomy":"product_cat","embeddable":true,"href":"https:\/\/pharmadreams.shop\/index.php\/wp-json\/wp\/v2\/product_cat?post=19146"},{"taxonomy":"product_tag","embeddable":true,"href":"https:\/\/pharmadreams.shop\/index.php\/wp-json\/wp\/v2\/product_tag?post=19146"}],"curies":[{"name":"wp","href":"https:\/\/api.w.org\/{rel}","templated":true}]}}