{"id":19152,"date":"2024-11-07T16:07:32","date_gmt":"2024-11-07T15:07:32","guid":{"rendered":"https:\/\/pharmadreams.shop\/?post_type=product&#038;p=19152"},"modified":"2024-11-07T16:07:32","modified_gmt":"2024-11-07T15:07:32","slug":"uriage-bariesun-100-fluide-extreme-spf50-50ml","status":"publish","type":"product","link":"https:\/\/pharmadreams.shop\/index.php\/product\/uriage-bariesun-100-fluide-extreme-spf50-50ml\/","title":{"rendered":"URIAGE BARIESUN 100 FLUIDE EXTREME SPF50+ 50ML"},"content":{"rendered":"","protected":false},"excerpt":{"rendered":"<p>Uriage Bari\u00e9sun 100 Fluide Protecteur Extr\u00eame SPF 50+ 50 ml est un soin qui apporte une tr\u00e8s haute protection aux peaux pr\u00e9sentant un risque \u00e9lev\u00e9 face aux UV (phototypes tr\u00e8s clairs). Son innovation consiste en une photoprotection optimis\u00e9e associ\u00e9e \u00e0 une texture l\u00e9g\u00e8re ultra-confortable. Celle-ci permet d&rsquo;ailleurs une application et un \u00e9talement faciles avec un fini sec et invisible ainsi qu&rsquo; une tr\u00e8s haute tol\u00e9rance<\/p>\n<p><strong>Conseil d&rsquo;utilisation :<\/strong><\/p>\n<p>Appliquez en couche g\u00e9n\u00e9reuse sur le visage et le corps, en insistant sur les zones expos\u00e9es. Renouvelez l\u2019application toutes les deux heures, en cas de sudation importante ou apr\u00e8s la baignade.<\/p>\n","protected":false},"featured_media":19153,"comment_status":"open","ping_status":"closed","template":"","meta":[],"product_brand":[],"product_cat":[231,20],"product_tag":[],"class_list":{"0":"post-19152","1":"product","2":"type-product","3":"status-publish","4":"has-post-thumbnail","6":"product_cat-ecran-solaire","7":"product_cat-visage","9":"first","10":"instock","11":"shipping-taxable","12":"purchasable","13":"product-type-simple"},"yoast_head":"<!-- This site is optimized with the Yoast SEO plugin v23.0 - https:\/\/yoast.com\/wordpress\/plugins\/seo\/ -->\n<title>URIAGE BARIESUN 100 FLUIDE EXTREME SPF50+ 50ML - pharmadreams<\/title>\n<meta name=\"robots\" content=\"index, follow, max-snippet:-1, max-image-preview:large, max-video-preview:-1\" \/>\n<link rel=\"canonical\" href=\"https:\/\/pharmadreams.shop\/index.php\/product\/uriage-bariesun-100-fluide-extreme-spf50-50ml\/\" \/>\n<meta property=\"og:locale\" content=\"fr_FR\" \/>\n<meta property=\"og:type\" content=\"article\" \/>\n<meta property=\"og:title\" content=\"URIAGE BARIESUN 100 FLUIDE EXTREME SPF50+ 50ML - pharmadreams\" \/>\n<meta property=\"og:description\" content=\"Uriage Bari\u00e9sun 100 Fluide Protecteur Extr\u00eame SPF 50+ 50 ml est un soin qui apporte une tr\u00e8s haute protection aux peaux pr\u00e9sentant un risque \u00e9lev\u00e9 face aux UV (phototypes tr\u00e8s clairs). Son innovation consiste en une photoprotection optimis\u00e9e associ\u00e9e \u00e0 une texture l\u00e9g\u00e8re ultra-confortable. Celle-ci permet d&#039;ailleurs une application et un \u00e9talement faciles avec un fini sec et invisible ainsi qu&#039; une tr\u00e8s haute tol\u00e9rance  Conseil d&#039;utilisation :  Appliquez en couche g\u00e9n\u00e9reuse sur le visage et le corps, en insistant sur les zones expos\u00e9es. Renouvelez l\u2019application toutes les deux heures, en cas de sudation importante ou apr\u00e8s la baignade.\" \/>\n<meta property=\"og:url\" content=\"https:\/\/pharmadreams.shop\/index.php\/product\/uriage-bariesun-100-fluide-extreme-spf50-50ml\/\" \/>\n<meta property=\"og:site_name\" content=\"pharmadreams\" \/>\n<meta property=\"og:image\" content=\"https:\/\/pharmadreams.shop\/wp-content\/uploads\/2024\/11\/URIAGE-BARIESUN-100-FLUIDE-EXTREME-SPF50-50ML.webp\" \/>\n\t<meta property=\"og:image:width\" content=\"500\" \/>\n\t<meta property=\"og:image:height\" content=\"500\" \/>\n\t<meta property=\"og:image:type\" content=\"image\/webp\" \/>\n<meta name=\"twitter:card\" content=\"summary_large_image\" \/>\n<meta name=\"twitter:label1\" content=\"Dur\u00e9e de lecture estim\u00e9e\" \/>\n\t<meta name=\"twitter:data1\" content=\"1 minute\" \/>\n<script type=\"application\/ld+json\" class=\"yoast-schema-graph\">{\"@context\":\"https:\/\/schema.org\",\"@graph\":[{\"@type\":\"WebPage\",\"@id\":\"https:\/\/pharmadreams.shop\/index.php\/product\/uriage-bariesun-100-fluide-extreme-spf50-50ml\/\",\"url\":\"https:\/\/pharmadreams.shop\/index.php\/product\/uriage-bariesun-100-fluide-extreme-spf50-50ml\/\",\"name\":\"URIAGE BARIESUN 100 FLUIDE EXTREME SPF50+ 50ML - pharmadreams\",\"isPartOf\":{\"@id\":\"https:\/\/pharmadreams.shop\/#website\"},\"primaryImageOfPage\":{\"@id\":\"https:\/\/pharmadreams.shop\/index.php\/product\/uriage-bariesun-100-fluide-extreme-spf50-50ml\/#primaryimage\"},\"image\":{\"@id\":\"https:\/\/pharmadreams.shop\/index.php\/product\/uriage-bariesun-100-fluide-extreme-spf50-50ml\/#primaryimage\"},\"thumbnailUrl\":\"https:\/\/pharmadreams.shop\/wp-content\/uploads\/2024\/11\/URIAGE-BARIESUN-100-FLUIDE-EXTREME-SPF50-50ML.webp\",\"datePublished\":\"2024-11-07T15:07:32+00:00\",\"dateModified\":\"2024-11-07T15:07:32+00:00\",\"breadcrumb\":{\"@id\":\"https:\/\/pharmadreams.shop\/index.php\/product\/uriage-bariesun-100-fluide-extreme-spf50-50ml\/#breadcrumb\"},\"inLanguage\":\"fr-FR\",\"potentialAction\":[{\"@type\":\"ReadAction\",\"target\":[\"https:\/\/pharmadreams.shop\/index.php\/product\/uriage-bariesun-100-fluide-extreme-spf50-50ml\/\"]}]},{\"@type\":\"ImageObject\",\"inLanguage\":\"fr-FR\",\"@id\":\"https:\/\/pharmadreams.shop\/index.php\/product\/uriage-bariesun-100-fluide-extreme-spf50-50ml\/#primaryimage\",\"url\":\"https:\/\/pharmadreams.shop\/wp-content\/uploads\/2024\/11\/URIAGE-BARIESUN-100-FLUIDE-EXTREME-SPF50-50ML.webp\",\"contentUrl\":\"https:\/\/pharmadreams.shop\/wp-content\/uploads\/2024\/11\/URIAGE-BARIESUN-100-FLUIDE-EXTREME-SPF50-50ML.webp\",\"width\":500,\"height\":500},{\"@type\":\"BreadcrumbList\",\"@id\":\"https:\/\/pharmadreams.shop\/index.php\/product\/uriage-bariesun-100-fluide-extreme-spf50-50ml\/#breadcrumb\",\"itemListElement\":[{\"@type\":\"ListItem\",\"position\":1,\"name\":\"Accueil\",\"item\":\"https:\/\/pharmadreams.shop\/\"},{\"@type\":\"ListItem\",\"position\":2,\"name\":\"Shop\",\"item\":\"https:\/\/pharmadreams.shop\/index.php\/shop\/\"},{\"@type\":\"ListItem\",\"position\":3,\"name\":\"URIAGE BARIESUN 100 FLUIDE EXTREME SPF50+ 50ML\"}]},{\"@type\":\"WebSite\",\"@id\":\"https:\/\/pharmadreams.shop\/#website\",\"url\":\"https:\/\/pharmadreams.shop\/\",\"name\":\"pharmadreams\",\"description\":\"Parapharmacie en ligne\",\"potentialAction\":[{\"@type\":\"SearchAction\",\"target\":{\"@type\":\"EntryPoint\",\"urlTemplate\":\"https:\/\/pharmadreams.shop\/?s={search_term_string}\"},\"query-input\":\"required name=search_term_string\"}],\"inLanguage\":\"fr-FR\"}]}<\/script>\n<!-- \/ Yoast SEO plugin. -->","yoast_head_json":{"title":"URIAGE BARIESUN 100 FLUIDE EXTREME SPF50+ 50ML - pharmadreams","robots":{"index":"index","follow":"follow","max-snippet":"max-snippet:-1","max-image-preview":"max-image-preview:large","max-video-preview":"max-video-preview:-1"},"canonical":"https:\/\/pharmadreams.shop\/index.php\/product\/uriage-bariesun-100-fluide-extreme-spf50-50ml\/","og_locale":"fr_FR","og_type":"article","og_title":"URIAGE BARIESUN 100 FLUIDE EXTREME SPF50+ 50ML - pharmadreams","og_description":"Uriage Bari\u00e9sun 100 Fluide Protecteur Extr\u00eame SPF 50+ 50 ml est un soin qui apporte une tr\u00e8s haute protection aux peaux pr\u00e9sentant un risque \u00e9lev\u00e9 face aux UV (phototypes tr\u00e8s clairs). Son innovation consiste en une photoprotection optimis\u00e9e associ\u00e9e \u00e0 une texture l\u00e9g\u00e8re ultra-confortable. Celle-ci permet d'ailleurs une application et un \u00e9talement faciles avec un fini sec et invisible ainsi qu' une tr\u00e8s haute tol\u00e9rance  Conseil d'utilisation :  Appliquez en couche g\u00e9n\u00e9reuse sur le visage et le corps, en insistant sur les zones expos\u00e9es. Renouvelez l\u2019application toutes les deux heures, en cas de sudation importante ou apr\u00e8s la baignade.","og_url":"https:\/\/pharmadreams.shop\/index.php\/product\/uriage-bariesun-100-fluide-extreme-spf50-50ml\/","og_site_name":"pharmadreams","og_image":[{"width":500,"height":500,"url":"https:\/\/pharmadreams.shop\/wp-content\/uploads\/2024\/11\/URIAGE-BARIESUN-100-FLUIDE-EXTREME-SPF50-50ML.webp","type":"image\/webp"}],"twitter_card":"summary_large_image","twitter_misc":{"Dur\u00e9e de lecture estim\u00e9e":"1 minute"},"schema":{"@context":"https:\/\/schema.org","@graph":[{"@type":"WebPage","@id":"https:\/\/pharmadreams.shop\/index.php\/product\/uriage-bariesun-100-fluide-extreme-spf50-50ml\/","url":"https:\/\/pharmadreams.shop\/index.php\/product\/uriage-bariesun-100-fluide-extreme-spf50-50ml\/","name":"URIAGE BARIESUN 100 FLUIDE EXTREME SPF50+ 50ML - pharmadreams","isPartOf":{"@id":"https:\/\/pharmadreams.shop\/#website"},"primaryImageOfPage":{"@id":"https:\/\/pharmadreams.shop\/index.php\/product\/uriage-bariesun-100-fluide-extreme-spf50-50ml\/#primaryimage"},"image":{"@id":"https:\/\/pharmadreams.shop\/index.php\/product\/uriage-bariesun-100-fluide-extreme-spf50-50ml\/#primaryimage"},"thumbnailUrl":"https:\/\/pharmadreams.shop\/wp-content\/uploads\/2024\/11\/URIAGE-BARIESUN-100-FLUIDE-EXTREME-SPF50-50ML.webp","datePublished":"2024-11-07T15:07:32+00:00","dateModified":"2024-11-07T15:07:32+00:00","breadcrumb":{"@id":"https:\/\/pharmadreams.shop\/index.php\/product\/uriage-bariesun-100-fluide-extreme-spf50-50ml\/#breadcrumb"},"inLanguage":"fr-FR","potentialAction":[{"@type":"ReadAction","target":["https:\/\/pharmadreams.shop\/index.php\/product\/uriage-bariesun-100-fluide-extreme-spf50-50ml\/"]}]},{"@type":"ImageObject","inLanguage":"fr-FR","@id":"https:\/\/pharmadreams.shop\/index.php\/product\/uriage-bariesun-100-fluide-extreme-spf50-50ml\/#primaryimage","url":"https:\/\/pharmadreams.shop\/wp-content\/uploads\/2024\/11\/URIAGE-BARIESUN-100-FLUIDE-EXTREME-SPF50-50ML.webp","contentUrl":"https:\/\/pharmadreams.shop\/wp-content\/uploads\/2024\/11\/URIAGE-BARIESUN-100-FLUIDE-EXTREME-SPF50-50ML.webp","width":500,"height":500},{"@type":"BreadcrumbList","@id":"https:\/\/pharmadreams.shop\/index.php\/product\/uriage-bariesun-100-fluide-extreme-spf50-50ml\/#breadcrumb","itemListElement":[{"@type":"ListItem","position":1,"name":"Accueil","item":"https:\/\/pharmadreams.shop\/"},{"@type":"ListItem","position":2,"name":"Shop","item":"https:\/\/pharmadreams.shop\/index.php\/shop\/"},{"@type":"ListItem","position":3,"name":"URIAGE BARIESUN 100 FLUIDE EXTREME SPF50+ 50ML"}]},{"@type":"WebSite","@id":"https:\/\/pharmadreams.shop\/#website","url":"https:\/\/pharmadreams.shop\/","name":"pharmadreams","description":"Parapharmacie en ligne","potentialAction":[{"@type":"SearchAction","target":{"@type":"EntryPoint","urlTemplate":"https:\/\/pharmadreams.shop\/?s={search_term_string}"},"query-input":"required name=search_term_string"}],"inLanguage":"fr-FR"}]}},"_links":{"self":[{"href":"https:\/\/pharmadreams.shop\/index.php\/wp-json\/wp\/v2\/product\/19152","targetHints":{"allow":["GET"]}}],"collection":[{"href":"https:\/\/pharmadreams.shop\/index.php\/wp-json\/wp\/v2\/product"}],"about":[{"href":"https:\/\/pharmadreams.shop\/index.php\/wp-json\/wp\/v2\/types\/product"}],"replies":[{"embeddable":true,"href":"https:\/\/pharmadreams.shop\/index.php\/wp-json\/wp\/v2\/comments?post=19152"}],"version-history":[{"count":0,"href":"https:\/\/pharmadreams.shop\/index.php\/wp-json\/wp\/v2\/product\/19152\/revisions"}],"wp:featuredmedia":[{"embeddable":true,"href":"https:\/\/pharmadreams.shop\/index.php\/wp-json\/wp\/v2\/media\/19153"}],"wp:attachment":[{"href":"https:\/\/pharmadreams.shop\/index.php\/wp-json\/wp\/v2\/media?parent=19152"}],"wp:term":[{"taxonomy":"product_brand","embeddable":true,"href":"https:\/\/pharmadreams.shop\/index.php\/wp-json\/wp\/v2\/product_brand?post=19152"},{"taxonomy":"product_cat","embeddable":true,"href":"https:\/\/pharmadreams.shop\/index.php\/wp-json\/wp\/v2\/product_cat?post=19152"},{"taxonomy":"product_tag","embeddable":true,"href":"https:\/\/pharmadreams.shop\/index.php\/wp-json\/wp\/v2\/product_tag?post=19152"}],"curies":[{"name":"wp","href":"https:\/\/api.w.org\/{rel}","templated":true}]}}