{"id":19155,"date":"2024-11-07T16:12:10","date_gmt":"2024-11-07T15:12:10","guid":{"rendered":"https:\/\/pharmadreams.shop\/?post_type=product&#038;p=19155"},"modified":"2024-11-07T16:12:10","modified_gmt":"2024-11-07T15:12:10","slug":"uriage-bariesun-creme-solaire-teintee-doree-spf-50-50ml","status":"publish","type":"product","link":"https:\/\/pharmadreams.shop\/index.php\/product\/uriage-bariesun-creme-solaire-teintee-doree-spf-50-50ml\/","title":{"rendered":"URIAGE BARIESUN CREME SOLAIRE TEINTEE DOREE SPF 50 +, 50ML"},"content":{"rendered":"","protected":false},"excerpt":{"rendered":"<p>Avec la Cr\u00e8me Teint\u00e9e dor\u00e9e SPF50+ Bari\u00e9sun d&rsquo;URIAGE, r\u00e9conciliez le h\u00e2le et la protection, dans le plus grand confort pour les peaux sensibles.<br \/>\nHypoallerg\u00e9nique et non com\u00e9dog\u00e8ne, ce protecteur solaire constitue une tr\u00e8s haute protection contre les UVA, les UVB et les radicaux libres.<br \/>\nFormul\u00e9 \u00e0 base d&rsquo;aquaspongines et d&rsquo;eau thermale d&rsquo;Uriage, il r\u00e9hydrate les peaux dess\u00e9ch\u00e9es par une longue exposition solaire.<\/p>\n<p>Sa texture fluide et l\u00e9g\u00e8re laisse un fini non-gras et agr\u00e9ablement parfum\u00e9.<\/p>\n","protected":false},"featured_media":19156,"comment_status":"open","ping_status":"closed","template":"","meta":[],"product_brand":[],"product_cat":[231,194,20],"product_tag":[],"class_list":{"0":"post-19155","1":"product","2":"type-product","3":"status-publish","4":"has-post-thumbnail","6":"product_cat-ecran-solaire","7":"product_cat-peaux-sensibles","8":"product_cat-visage","10":"first","11":"instock","12":"shipping-taxable","13":"purchasable","14":"product-type-simple"},"yoast_head":"<!-- This site is optimized with the Yoast SEO plugin v23.0 - https:\/\/yoast.com\/wordpress\/plugins\/seo\/ -->\n<title>URIAGE BARIESUN CREME SOLAIRE TEINTEE DOREE SPF 50 +, 50ML - pharmadreams<\/title>\n<meta name=\"robots\" content=\"index, follow, max-snippet:-1, max-image-preview:large, max-video-preview:-1\" \/>\n<link rel=\"canonical\" href=\"https:\/\/pharmadreams.shop\/index.php\/product\/uriage-bariesun-creme-solaire-teintee-doree-spf-50-50ml\/\" \/>\n<meta property=\"og:locale\" content=\"fr_FR\" \/>\n<meta property=\"og:type\" content=\"article\" \/>\n<meta property=\"og:title\" content=\"URIAGE BARIESUN CREME SOLAIRE TEINTEE DOREE SPF 50 +, 50ML - pharmadreams\" \/>\n<meta property=\"og:description\" content=\"Avec la Cr\u00e8me Teint\u00e9e dor\u00e9e SPF50+ Bari\u00e9sun d&#039;URIAGE, r\u00e9conciliez le h\u00e2le et la protection, dans le plus grand confort pour les peaux sensibles. Hypoallerg\u00e9nique et non com\u00e9dog\u00e8ne, ce protecteur solaire constitue une tr\u00e8s haute protection contre les UVA, les UVB et les radicaux libres. Formul\u00e9 \u00e0 base d&#039;aquaspongines et d&#039;eau thermale d&#039;Uriage, il r\u00e9hydrate les peaux dess\u00e9ch\u00e9es par une longue exposition solaire.  Sa texture fluide et l\u00e9g\u00e8re laisse un fini non-gras et agr\u00e9ablement parfum\u00e9.\" \/>\n<meta property=\"og:url\" content=\"https:\/\/pharmadreams.shop\/index.php\/product\/uriage-bariesun-creme-solaire-teintee-doree-spf-50-50ml\/\" \/>\n<meta property=\"og:site_name\" content=\"pharmadreams\" \/>\n<meta property=\"og:image\" content=\"https:\/\/pharmadreams.shop\/wp-content\/uploads\/2024\/11\/uriage-bariesun-creme-solaire-teintee-doree-spf-50-50ml-.jpg\" \/>\n\t<meta property=\"og:image:width\" content=\"500\" \/>\n\t<meta property=\"og:image:height\" content=\"500\" \/>\n\t<meta property=\"og:image:type\" content=\"image\/jpeg\" \/>\n<meta name=\"twitter:card\" content=\"summary_large_image\" \/>\n<meta name=\"twitter:label1\" content=\"Dur\u00e9e de lecture estim\u00e9e\" \/>\n\t<meta name=\"twitter:data1\" content=\"1 minute\" \/>\n<script type=\"application\/ld+json\" class=\"yoast-schema-graph\">{\"@context\":\"https:\/\/schema.org\",\"@graph\":[{\"@type\":\"WebPage\",\"@id\":\"https:\/\/pharmadreams.shop\/index.php\/product\/uriage-bariesun-creme-solaire-teintee-doree-spf-50-50ml\/\",\"url\":\"https:\/\/pharmadreams.shop\/index.php\/product\/uriage-bariesun-creme-solaire-teintee-doree-spf-50-50ml\/\",\"name\":\"URIAGE BARIESUN CREME SOLAIRE TEINTEE DOREE SPF 50 +, 50ML - pharmadreams\",\"isPartOf\":{\"@id\":\"https:\/\/pharmadreams.shop\/#website\"},\"primaryImageOfPage\":{\"@id\":\"https:\/\/pharmadreams.shop\/index.php\/product\/uriage-bariesun-creme-solaire-teintee-doree-spf-50-50ml\/#primaryimage\"},\"image\":{\"@id\":\"https:\/\/pharmadreams.shop\/index.php\/product\/uriage-bariesun-creme-solaire-teintee-doree-spf-50-50ml\/#primaryimage\"},\"thumbnailUrl\":\"https:\/\/pharmadreams.shop\/wp-content\/uploads\/2024\/11\/uriage-bariesun-creme-solaire-teintee-doree-spf-50-50ml-.jpg\",\"datePublished\":\"2024-11-07T15:12:10+00:00\",\"dateModified\":\"2024-11-07T15:12:10+00:00\",\"breadcrumb\":{\"@id\":\"https:\/\/pharmadreams.shop\/index.php\/product\/uriage-bariesun-creme-solaire-teintee-doree-spf-50-50ml\/#breadcrumb\"},\"inLanguage\":\"fr-FR\",\"potentialAction\":[{\"@type\":\"ReadAction\",\"target\":[\"https:\/\/pharmadreams.shop\/index.php\/product\/uriage-bariesun-creme-solaire-teintee-doree-spf-50-50ml\/\"]}]},{\"@type\":\"ImageObject\",\"inLanguage\":\"fr-FR\",\"@id\":\"https:\/\/pharmadreams.shop\/index.php\/product\/uriage-bariesun-creme-solaire-teintee-doree-spf-50-50ml\/#primaryimage\",\"url\":\"https:\/\/pharmadreams.shop\/wp-content\/uploads\/2024\/11\/uriage-bariesun-creme-solaire-teintee-doree-spf-50-50ml-.jpg\",\"contentUrl\":\"https:\/\/pharmadreams.shop\/wp-content\/uploads\/2024\/11\/uriage-bariesun-creme-solaire-teintee-doree-spf-50-50ml-.jpg\",\"width\":500,\"height\":500},{\"@type\":\"BreadcrumbList\",\"@id\":\"https:\/\/pharmadreams.shop\/index.php\/product\/uriage-bariesun-creme-solaire-teintee-doree-spf-50-50ml\/#breadcrumb\",\"itemListElement\":[{\"@type\":\"ListItem\",\"position\":1,\"name\":\"Accueil\",\"item\":\"https:\/\/pharmadreams.shop\/\"},{\"@type\":\"ListItem\",\"position\":2,\"name\":\"Shop\",\"item\":\"https:\/\/pharmadreams.shop\/index.php\/shop\/\"},{\"@type\":\"ListItem\",\"position\":3,\"name\":\"URIAGE BARIESUN CREME SOLAIRE TEINTEE DOREE SPF 50 +, 50ML\"}]},{\"@type\":\"WebSite\",\"@id\":\"https:\/\/pharmadreams.shop\/#website\",\"url\":\"https:\/\/pharmadreams.shop\/\",\"name\":\"pharmadreams\",\"description\":\"Parapharmacie en ligne\",\"potentialAction\":[{\"@type\":\"SearchAction\",\"target\":{\"@type\":\"EntryPoint\",\"urlTemplate\":\"https:\/\/pharmadreams.shop\/?s={search_term_string}\"},\"query-input\":\"required name=search_term_string\"}],\"inLanguage\":\"fr-FR\"}]}<\/script>\n<!-- \/ Yoast SEO plugin. -->","yoast_head_json":{"title":"URIAGE BARIESUN CREME SOLAIRE TEINTEE DOREE SPF 50 +, 50ML - pharmadreams","robots":{"index":"index","follow":"follow","max-snippet":"max-snippet:-1","max-image-preview":"max-image-preview:large","max-video-preview":"max-video-preview:-1"},"canonical":"https:\/\/pharmadreams.shop\/index.php\/product\/uriage-bariesun-creme-solaire-teintee-doree-spf-50-50ml\/","og_locale":"fr_FR","og_type":"article","og_title":"URIAGE BARIESUN CREME SOLAIRE TEINTEE DOREE SPF 50 +, 50ML - pharmadreams","og_description":"Avec la Cr\u00e8me Teint\u00e9e dor\u00e9e SPF50+ Bari\u00e9sun d'URIAGE, r\u00e9conciliez le h\u00e2le et la protection, dans le plus grand confort pour les peaux sensibles. Hypoallerg\u00e9nique et non com\u00e9dog\u00e8ne, ce protecteur solaire constitue une tr\u00e8s haute protection contre les UVA, les UVB et les radicaux libres. Formul\u00e9 \u00e0 base d'aquaspongines et d'eau thermale d'Uriage, il r\u00e9hydrate les peaux dess\u00e9ch\u00e9es par une longue exposition solaire.  Sa texture fluide et l\u00e9g\u00e8re laisse un fini non-gras et agr\u00e9ablement parfum\u00e9.","og_url":"https:\/\/pharmadreams.shop\/index.php\/product\/uriage-bariesun-creme-solaire-teintee-doree-spf-50-50ml\/","og_site_name":"pharmadreams","og_image":[{"width":500,"height":500,"url":"https:\/\/pharmadreams.shop\/wp-content\/uploads\/2024\/11\/uriage-bariesun-creme-solaire-teintee-doree-spf-50-50ml-.jpg","type":"image\/jpeg"}],"twitter_card":"summary_large_image","twitter_misc":{"Dur\u00e9e de lecture estim\u00e9e":"1 minute"},"schema":{"@context":"https:\/\/schema.org","@graph":[{"@type":"WebPage","@id":"https:\/\/pharmadreams.shop\/index.php\/product\/uriage-bariesun-creme-solaire-teintee-doree-spf-50-50ml\/","url":"https:\/\/pharmadreams.shop\/index.php\/product\/uriage-bariesun-creme-solaire-teintee-doree-spf-50-50ml\/","name":"URIAGE BARIESUN CREME SOLAIRE TEINTEE DOREE SPF 50 +, 50ML - pharmadreams","isPartOf":{"@id":"https:\/\/pharmadreams.shop\/#website"},"primaryImageOfPage":{"@id":"https:\/\/pharmadreams.shop\/index.php\/product\/uriage-bariesun-creme-solaire-teintee-doree-spf-50-50ml\/#primaryimage"},"image":{"@id":"https:\/\/pharmadreams.shop\/index.php\/product\/uriage-bariesun-creme-solaire-teintee-doree-spf-50-50ml\/#primaryimage"},"thumbnailUrl":"https:\/\/pharmadreams.shop\/wp-content\/uploads\/2024\/11\/uriage-bariesun-creme-solaire-teintee-doree-spf-50-50ml-.jpg","datePublished":"2024-11-07T15:12:10+00:00","dateModified":"2024-11-07T15:12:10+00:00","breadcrumb":{"@id":"https:\/\/pharmadreams.shop\/index.php\/product\/uriage-bariesun-creme-solaire-teintee-doree-spf-50-50ml\/#breadcrumb"},"inLanguage":"fr-FR","potentialAction":[{"@type":"ReadAction","target":["https:\/\/pharmadreams.shop\/index.php\/product\/uriage-bariesun-creme-solaire-teintee-doree-spf-50-50ml\/"]}]},{"@type":"ImageObject","inLanguage":"fr-FR","@id":"https:\/\/pharmadreams.shop\/index.php\/product\/uriage-bariesun-creme-solaire-teintee-doree-spf-50-50ml\/#primaryimage","url":"https:\/\/pharmadreams.shop\/wp-content\/uploads\/2024\/11\/uriage-bariesun-creme-solaire-teintee-doree-spf-50-50ml-.jpg","contentUrl":"https:\/\/pharmadreams.shop\/wp-content\/uploads\/2024\/11\/uriage-bariesun-creme-solaire-teintee-doree-spf-50-50ml-.jpg","width":500,"height":500},{"@type":"BreadcrumbList","@id":"https:\/\/pharmadreams.shop\/index.php\/product\/uriage-bariesun-creme-solaire-teintee-doree-spf-50-50ml\/#breadcrumb","itemListElement":[{"@type":"ListItem","position":1,"name":"Accueil","item":"https:\/\/pharmadreams.shop\/"},{"@type":"ListItem","position":2,"name":"Shop","item":"https:\/\/pharmadreams.shop\/index.php\/shop\/"},{"@type":"ListItem","position":3,"name":"URIAGE BARIESUN CREME SOLAIRE TEINTEE DOREE SPF 50 +, 50ML"}]},{"@type":"WebSite","@id":"https:\/\/pharmadreams.shop\/#website","url":"https:\/\/pharmadreams.shop\/","name":"pharmadreams","description":"Parapharmacie en ligne","potentialAction":[{"@type":"SearchAction","target":{"@type":"EntryPoint","urlTemplate":"https:\/\/pharmadreams.shop\/?s={search_term_string}"},"query-input":"required name=search_term_string"}],"inLanguage":"fr-FR"}]}},"_links":{"self":[{"href":"https:\/\/pharmadreams.shop\/index.php\/wp-json\/wp\/v2\/product\/19155","targetHints":{"allow":["GET"]}}],"collection":[{"href":"https:\/\/pharmadreams.shop\/index.php\/wp-json\/wp\/v2\/product"}],"about":[{"href":"https:\/\/pharmadreams.shop\/index.php\/wp-json\/wp\/v2\/types\/product"}],"replies":[{"embeddable":true,"href":"https:\/\/pharmadreams.shop\/index.php\/wp-json\/wp\/v2\/comments?post=19155"}],"version-history":[{"count":0,"href":"https:\/\/pharmadreams.shop\/index.php\/wp-json\/wp\/v2\/product\/19155\/revisions"}],"wp:featuredmedia":[{"embeddable":true,"href":"https:\/\/pharmadreams.shop\/index.php\/wp-json\/wp\/v2\/media\/19156"}],"wp:attachment":[{"href":"https:\/\/pharmadreams.shop\/index.php\/wp-json\/wp\/v2\/media?parent=19155"}],"wp:term":[{"taxonomy":"product_brand","embeddable":true,"href":"https:\/\/pharmadreams.shop\/index.php\/wp-json\/wp\/v2\/product_brand?post=19155"},{"taxonomy":"product_cat","embeddable":true,"href":"https:\/\/pharmadreams.shop\/index.php\/wp-json\/wp\/v2\/product_cat?post=19155"},{"taxonomy":"product_tag","embeddable":true,"href":"https:\/\/pharmadreams.shop\/index.php\/wp-json\/wp\/v2\/product_tag?post=19155"}],"curies":[{"name":"wp","href":"https:\/\/api.w.org\/{rel}","templated":true}]}}