{"id":19162,"date":"2024-11-07T16:39:02","date_gmt":"2024-11-07T15:39:02","guid":{"rendered":"https:\/\/pharmadreams.shop\/?post_type=product&#038;p=19162"},"modified":"2024-11-07T16:39:02","modified_gmt":"2024-11-07T15:39:02","slug":"uriage-bariesun-lait-enfants-spf-50-100ml","status":"publish","type":"product","link":"https:\/\/pharmadreams.shop\/index.php\/product\/uriage-bariesun-lait-enfants-spf-50-100ml\/","title":{"rendered":"URIAGE BARIESUN LAIT ENFANTS SPF 50+ 100ML"},"content":{"rendered":"","protected":false},"excerpt":{"rendered":"<p>Bari\u00e9sun Enfants Lait SPF 50+ apporte une protection compl\u00e8te contre les UVA, les UVB, les radicaux libres et pr\u00e9vient du dess\u00e8chement cutan\u00e9.<\/p>\n<div class=\"specifications\">Sa texture l\u00e9g\u00e8re et non grasse garantit un plaisir d&rsquo;utilisation renouvel\u00e9 \u00e0 chaque application. Ce lait convient aussi bien au visage qu&rsquo;au corps. Formule tr\u00e8s haute s\u00e9curit\u00e9, photostable, sans paraben. M\u00eame bien prot\u00e9g\u00e9s, ne pas exposer les b\u00e9b\u00e9s et les jeunes enfants directement au soleil.<\/div>\n<p><strong>Conseil d&rsquo;utilisation:<\/strong><\/p>\n<div class=\"specifications\">\n<p>Appliquer une dose suffisante pour couvrir la zone expos\u00e9e, par exemple l&rsquo;\u00e9quivalent d&rsquo;une cuill\u00e8re \u00e0 caf\u00e9 pour le visage et le cou. La r\u00e9duction de cette quantit\u00e9 diminue le niveau de protection. Renouveler l&rsquo;application fr\u00e9quemment, surtout apr\u00e8s avoir transpir\u00e9, nag\u00e9 ou s&rsquo;\u00eatre essuy\u00e9. M\u00eame bien prot\u00e9g\u00e9, r\u00e9duire au maximum l&rsquo;exposition. Formule sans parfum<\/p>\n<\/div>\n","protected":false},"featured_media":19163,"comment_status":"open","ping_status":"closed","template":"","meta":[],"product_brand":[],"product_cat":[28,365,233,20],"product_tag":[],"class_list":{"0":"post-19162","1":"product","2":"type-product","3":"status-publish","4":"has-post-thumbnail","6":"product_cat-corps","7":"product_cat-maman-et-bebe","8":"product_cat-protection-solaire","9":"product_cat-visage","11":"first","12":"instock","13":"shipping-taxable","14":"purchasable","15":"product-type-simple"},"yoast_head":"<!-- This site is optimized with the Yoast SEO plugin v23.0 - https:\/\/yoast.com\/wordpress\/plugins\/seo\/ -->\n<title>URIAGE BARIESUN LAIT ENFANTS SPF 50+ 100ML - pharmadreams<\/title>\n<meta name=\"robots\" content=\"index, follow, max-snippet:-1, max-image-preview:large, max-video-preview:-1\" \/>\n<link rel=\"canonical\" href=\"https:\/\/pharmadreams.shop\/index.php\/product\/uriage-bariesun-lait-enfants-spf-50-100ml\/\" \/>\n<meta property=\"og:locale\" content=\"fr_FR\" \/>\n<meta property=\"og:type\" content=\"article\" \/>\n<meta property=\"og:title\" content=\"URIAGE BARIESUN LAIT ENFANTS SPF 50+ 100ML - pharmadreams\" \/>\n<meta property=\"og:description\" content=\"Bari\u00e9sun Enfants Lait SPF 50+ apporte une protection compl\u00e8te contre les UVA, les UVB, les radicaux libres et pr\u00e9vient du dess\u00e8chement cutan\u00e9. Sa texture l\u00e9g\u00e8re et non grasse garantit un plaisir d&#039;utilisation renouvel\u00e9 \u00e0 chaque application. Ce lait convient aussi bien au visage qu&#039;au corps. Formule tr\u00e8s haute s\u00e9curit\u00e9, photostable, sans paraben. M\u00eame bien prot\u00e9g\u00e9s, ne pas exposer les b\u00e9b\u00e9s et les jeunes enfants directement au soleil. Conseil d&#039;utilisation:   Appliquer une dose suffisante pour couvrir la zone expos\u00e9e, par exemple l&#039;\u00e9quivalent d&#039;une cuill\u00e8re \u00e0 caf\u00e9 pour le visage et le cou. La r\u00e9duction de cette quantit\u00e9 diminue le niveau de protection. Renouveler l&#039;application fr\u00e9quemment, surtout apr\u00e8s avoir transpir\u00e9, nag\u00e9 ou s&#039;\u00eatre essuy\u00e9. M\u00eame bien prot\u00e9g\u00e9, r\u00e9duire au maximum l&#039;exposition. Formule sans parfum\" \/>\n<meta property=\"og:url\" content=\"https:\/\/pharmadreams.shop\/index.php\/product\/uriage-bariesun-lait-enfants-spf-50-100ml\/\" \/>\n<meta property=\"og:site_name\" content=\"pharmadreams\" \/>\n<meta property=\"og:image\" content=\"https:\/\/pharmadreams.shop\/wp-content\/uploads\/2024\/11\/product_show_bariesun-lait-enfant-spf-50.png\" \/>\n\t<meta property=\"og:image:width\" content=\"130\" \/>\n\t<meta property=\"og:image:height\" content=\"277\" \/>\n\t<meta property=\"og:image:type\" content=\"image\/png\" \/>\n<meta name=\"twitter:card\" content=\"summary_large_image\" \/>\n<meta name=\"twitter:label1\" content=\"Dur\u00e9e de lecture estim\u00e9e\" \/>\n\t<meta name=\"twitter:data1\" content=\"1 minute\" \/>\n<script type=\"application\/ld+json\" class=\"yoast-schema-graph\">{\"@context\":\"https:\/\/schema.org\",\"@graph\":[{\"@type\":\"WebPage\",\"@id\":\"https:\/\/pharmadreams.shop\/index.php\/product\/uriage-bariesun-lait-enfants-spf-50-100ml\/\",\"url\":\"https:\/\/pharmadreams.shop\/index.php\/product\/uriage-bariesun-lait-enfants-spf-50-100ml\/\",\"name\":\"URIAGE BARIESUN LAIT ENFANTS SPF 50+ 100ML - pharmadreams\",\"isPartOf\":{\"@id\":\"https:\/\/pharmadreams.shop\/#website\"},\"primaryImageOfPage\":{\"@id\":\"https:\/\/pharmadreams.shop\/index.php\/product\/uriage-bariesun-lait-enfants-spf-50-100ml\/#primaryimage\"},\"image\":{\"@id\":\"https:\/\/pharmadreams.shop\/index.php\/product\/uriage-bariesun-lait-enfants-spf-50-100ml\/#primaryimage\"},\"thumbnailUrl\":\"https:\/\/pharmadreams.shop\/wp-content\/uploads\/2024\/11\/product_show_bariesun-lait-enfant-spf-50.png\",\"datePublished\":\"2024-11-07T15:39:02+00:00\",\"dateModified\":\"2024-11-07T15:39:02+00:00\",\"breadcrumb\":{\"@id\":\"https:\/\/pharmadreams.shop\/index.php\/product\/uriage-bariesun-lait-enfants-spf-50-100ml\/#breadcrumb\"},\"inLanguage\":\"fr-FR\",\"potentialAction\":[{\"@type\":\"ReadAction\",\"target\":[\"https:\/\/pharmadreams.shop\/index.php\/product\/uriage-bariesun-lait-enfants-spf-50-100ml\/\"]}]},{\"@type\":\"ImageObject\",\"inLanguage\":\"fr-FR\",\"@id\":\"https:\/\/pharmadreams.shop\/index.php\/product\/uriage-bariesun-lait-enfants-spf-50-100ml\/#primaryimage\",\"url\":\"https:\/\/pharmadreams.shop\/wp-content\/uploads\/2024\/11\/product_show_bariesun-lait-enfant-spf-50.png\",\"contentUrl\":\"https:\/\/pharmadreams.shop\/wp-content\/uploads\/2024\/11\/product_show_bariesun-lait-enfant-spf-50.png\",\"width\":130,\"height\":277},{\"@type\":\"BreadcrumbList\",\"@id\":\"https:\/\/pharmadreams.shop\/index.php\/product\/uriage-bariesun-lait-enfants-spf-50-100ml\/#breadcrumb\",\"itemListElement\":[{\"@type\":\"ListItem\",\"position\":1,\"name\":\"Accueil\",\"item\":\"https:\/\/pharmadreams.shop\/\"},{\"@type\":\"ListItem\",\"position\":2,\"name\":\"Shop\",\"item\":\"https:\/\/pharmadreams.shop\/index.php\/shop\/\"},{\"@type\":\"ListItem\",\"position\":3,\"name\":\"URIAGE BARIESUN LAIT ENFANTS SPF 50+ 100ML\"}]},{\"@type\":\"WebSite\",\"@id\":\"https:\/\/pharmadreams.shop\/#website\",\"url\":\"https:\/\/pharmadreams.shop\/\",\"name\":\"pharmadreams\",\"description\":\"Parapharmacie en ligne\",\"potentialAction\":[{\"@type\":\"SearchAction\",\"target\":{\"@type\":\"EntryPoint\",\"urlTemplate\":\"https:\/\/pharmadreams.shop\/?s={search_term_string}\"},\"query-input\":\"required name=search_term_string\"}],\"inLanguage\":\"fr-FR\"}]}<\/script>\n<!-- \/ Yoast SEO plugin. -->","yoast_head_json":{"title":"URIAGE BARIESUN LAIT ENFANTS SPF 50+ 100ML - pharmadreams","robots":{"index":"index","follow":"follow","max-snippet":"max-snippet:-1","max-image-preview":"max-image-preview:large","max-video-preview":"max-video-preview:-1"},"canonical":"https:\/\/pharmadreams.shop\/index.php\/product\/uriage-bariesun-lait-enfants-spf-50-100ml\/","og_locale":"fr_FR","og_type":"article","og_title":"URIAGE BARIESUN LAIT ENFANTS SPF 50+ 100ML - pharmadreams","og_description":"Bari\u00e9sun Enfants Lait SPF 50+ apporte une protection compl\u00e8te contre les UVA, les UVB, les radicaux libres et pr\u00e9vient du dess\u00e8chement cutan\u00e9. Sa texture l\u00e9g\u00e8re et non grasse garantit un plaisir d'utilisation renouvel\u00e9 \u00e0 chaque application. Ce lait convient aussi bien au visage qu'au corps. Formule tr\u00e8s haute s\u00e9curit\u00e9, photostable, sans paraben. M\u00eame bien prot\u00e9g\u00e9s, ne pas exposer les b\u00e9b\u00e9s et les jeunes enfants directement au soleil. Conseil d'utilisation:   Appliquer une dose suffisante pour couvrir la zone expos\u00e9e, par exemple l'\u00e9quivalent d'une cuill\u00e8re \u00e0 caf\u00e9 pour le visage et le cou. La r\u00e9duction de cette quantit\u00e9 diminue le niveau de protection. Renouveler l'application fr\u00e9quemment, surtout apr\u00e8s avoir transpir\u00e9, nag\u00e9 ou s'\u00eatre essuy\u00e9. M\u00eame bien prot\u00e9g\u00e9, r\u00e9duire au maximum l'exposition. Formule sans parfum","og_url":"https:\/\/pharmadreams.shop\/index.php\/product\/uriage-bariesun-lait-enfants-spf-50-100ml\/","og_site_name":"pharmadreams","og_image":[{"width":130,"height":277,"url":"https:\/\/pharmadreams.shop\/wp-content\/uploads\/2024\/11\/product_show_bariesun-lait-enfant-spf-50.png","type":"image\/png"}],"twitter_card":"summary_large_image","twitter_misc":{"Dur\u00e9e de lecture estim\u00e9e":"1 minute"},"schema":{"@context":"https:\/\/schema.org","@graph":[{"@type":"WebPage","@id":"https:\/\/pharmadreams.shop\/index.php\/product\/uriage-bariesun-lait-enfants-spf-50-100ml\/","url":"https:\/\/pharmadreams.shop\/index.php\/product\/uriage-bariesun-lait-enfants-spf-50-100ml\/","name":"URIAGE BARIESUN LAIT ENFANTS SPF 50+ 100ML - pharmadreams","isPartOf":{"@id":"https:\/\/pharmadreams.shop\/#website"},"primaryImageOfPage":{"@id":"https:\/\/pharmadreams.shop\/index.php\/product\/uriage-bariesun-lait-enfants-spf-50-100ml\/#primaryimage"},"image":{"@id":"https:\/\/pharmadreams.shop\/index.php\/product\/uriage-bariesun-lait-enfants-spf-50-100ml\/#primaryimage"},"thumbnailUrl":"https:\/\/pharmadreams.shop\/wp-content\/uploads\/2024\/11\/product_show_bariesun-lait-enfant-spf-50.png","datePublished":"2024-11-07T15:39:02+00:00","dateModified":"2024-11-07T15:39:02+00:00","breadcrumb":{"@id":"https:\/\/pharmadreams.shop\/index.php\/product\/uriage-bariesun-lait-enfants-spf-50-100ml\/#breadcrumb"},"inLanguage":"fr-FR","potentialAction":[{"@type":"ReadAction","target":["https:\/\/pharmadreams.shop\/index.php\/product\/uriage-bariesun-lait-enfants-spf-50-100ml\/"]}]},{"@type":"ImageObject","inLanguage":"fr-FR","@id":"https:\/\/pharmadreams.shop\/index.php\/product\/uriage-bariesun-lait-enfants-spf-50-100ml\/#primaryimage","url":"https:\/\/pharmadreams.shop\/wp-content\/uploads\/2024\/11\/product_show_bariesun-lait-enfant-spf-50.png","contentUrl":"https:\/\/pharmadreams.shop\/wp-content\/uploads\/2024\/11\/product_show_bariesun-lait-enfant-spf-50.png","width":130,"height":277},{"@type":"BreadcrumbList","@id":"https:\/\/pharmadreams.shop\/index.php\/product\/uriage-bariesun-lait-enfants-spf-50-100ml\/#breadcrumb","itemListElement":[{"@type":"ListItem","position":1,"name":"Accueil","item":"https:\/\/pharmadreams.shop\/"},{"@type":"ListItem","position":2,"name":"Shop","item":"https:\/\/pharmadreams.shop\/index.php\/shop\/"},{"@type":"ListItem","position":3,"name":"URIAGE BARIESUN LAIT ENFANTS SPF 50+ 100ML"}]},{"@type":"WebSite","@id":"https:\/\/pharmadreams.shop\/#website","url":"https:\/\/pharmadreams.shop\/","name":"pharmadreams","description":"Parapharmacie en ligne","potentialAction":[{"@type":"SearchAction","target":{"@type":"EntryPoint","urlTemplate":"https:\/\/pharmadreams.shop\/?s={search_term_string}"},"query-input":"required name=search_term_string"}],"inLanguage":"fr-FR"}]}},"_links":{"self":[{"href":"https:\/\/pharmadreams.shop\/index.php\/wp-json\/wp\/v2\/product\/19162","targetHints":{"allow":["GET"]}}],"collection":[{"href":"https:\/\/pharmadreams.shop\/index.php\/wp-json\/wp\/v2\/product"}],"about":[{"href":"https:\/\/pharmadreams.shop\/index.php\/wp-json\/wp\/v2\/types\/product"}],"replies":[{"embeddable":true,"href":"https:\/\/pharmadreams.shop\/index.php\/wp-json\/wp\/v2\/comments?post=19162"}],"version-history":[{"count":0,"href":"https:\/\/pharmadreams.shop\/index.php\/wp-json\/wp\/v2\/product\/19162\/revisions"}],"wp:featuredmedia":[{"embeddable":true,"href":"https:\/\/pharmadreams.shop\/index.php\/wp-json\/wp\/v2\/media\/19163"}],"wp:attachment":[{"href":"https:\/\/pharmadreams.shop\/index.php\/wp-json\/wp\/v2\/media?parent=19162"}],"wp:term":[{"taxonomy":"product_brand","embeddable":true,"href":"https:\/\/pharmadreams.shop\/index.php\/wp-json\/wp\/v2\/product_brand?post=19162"},{"taxonomy":"product_cat","embeddable":true,"href":"https:\/\/pharmadreams.shop\/index.php\/wp-json\/wp\/v2\/product_cat?post=19162"},{"taxonomy":"product_tag","embeddable":true,"href":"https:\/\/pharmadreams.shop\/index.php\/wp-json\/wp\/v2\/product_tag?post=19162"}],"curies":[{"name":"wp","href":"https:\/\/api.w.org\/{rel}","templated":true}]}}