{"id":19177,"date":"2024-11-07T17:20:33","date_gmt":"2024-11-07T16:20:33","guid":{"rendered":"https:\/\/pharmadreams.shop\/?post_type=product&#038;p=19177"},"modified":"2024-11-07T17:20:33","modified_gmt":"2024-11-07T16:20:33","slug":"uriage-ds-hair-shampooing-anti-pelliculaire-200ml","status":"publish","type":"product","link":"https:\/\/pharmadreams.shop\/index.php\/product\/uriage-ds-hair-shampooing-anti-pelliculaire-200ml\/","title":{"rendered":"URIAGE DS HAIR SHAMPOOING ANTI PELLICULAIRE 200ML"},"content":{"rendered":"","protected":false},"excerpt":{"rendered":"<p>URIAGE<br \/>\nDS Hair<br \/>\nShampooing<br \/>\nTraitant antipelliculaire<br \/>\nElimine le p\u00e9liculues, purifie et apaise<br \/>\nPelicules mod\u00e9r\u00e9es<br \/>\n200ml<\/p>\n<p>\u00c9limine les pellicules, purifie, apaise les d\u00e9mangeaisons.<br \/>\nL&rsquo;association de la piroctone olamine avec le lactate de zinc contribue \u00e0 combattre et \u00e0 pr\u00e9venir l&rsquo;exc\u00e8s des Malassezias qui aggrave les pellicules.<br \/>\nFormul\u00e9 avec le complexe brevet\u00e9 TLR2-Regul, l&rsquo;Eau Thermale d&rsquo;Uriage et l&rsquo;extrait d&rsquo;edelweiss, ce shampooing apaise et prot\u00e8ge le cuir chevelu.<\/p>\n<p><strong>Conseil d&rsquo;utilisation :<\/strong><\/p>\n<p>Appliquer 1 \u00e0 2 fois par semaine sur cheveux mouill\u00e9s, le front et la nuque.<br \/>\nFaire mousser en massant avec douceur, laisser poser 2 \u00e0 3 minutes avant de rincer abondamment.<br \/>\n\u00c9viter le contact avec les yeux.<\/p>\n","protected":false},"featured_media":19178,"comment_status":"open","ping_status":"closed","template":"","meta":[],"product_brand":[],"product_cat":[280],"product_tag":[],"class_list":{"0":"post-19177","1":"product","2":"type-product","3":"status-publish","4":"has-post-thumbnail","6":"product_cat-anti-pelliculaire","8":"first","9":"instock","10":"shipping-taxable","11":"purchasable","12":"product-type-simple"},"yoast_head":"<!-- This site is optimized with the Yoast SEO plugin v23.0 - https:\/\/yoast.com\/wordpress\/plugins\/seo\/ -->\n<title>URIAGE DS HAIR SHAMPOOING ANTI PELLICULAIRE 200ML - pharmadreams<\/title>\n<meta name=\"robots\" content=\"index, follow, max-snippet:-1, max-image-preview:large, max-video-preview:-1\" \/>\n<link rel=\"canonical\" href=\"https:\/\/pharmadreams.shop\/index.php\/product\/uriage-ds-hair-shampooing-anti-pelliculaire-200ml\/\" \/>\n<meta property=\"og:locale\" content=\"fr_FR\" \/>\n<meta property=\"og:type\" content=\"article\" \/>\n<meta property=\"og:title\" content=\"URIAGE DS HAIR SHAMPOOING ANTI PELLICULAIRE 200ML - pharmadreams\" \/>\n<meta property=\"og:description\" content=\"URIAGE DS Hair Shampooing Traitant antipelliculaire Elimine le p\u00e9liculues, purifie et apaise Pelicules mod\u00e9r\u00e9es 200ml  \u00c9limine les pellicules, purifie, apaise les d\u00e9mangeaisons. L&#039;association de la piroctone olamine avec le lactate de zinc contribue \u00e0 combattre et \u00e0 pr\u00e9venir l&#039;exc\u00e8s des Malassezias qui aggrave les pellicules. Formul\u00e9 avec le complexe brevet\u00e9 TLR2-Regul, l&#039;Eau Thermale d&#039;Uriage et l&#039;extrait d&#039;edelweiss, ce shampooing apaise et prot\u00e8ge le cuir chevelu.  Conseil d&#039;utilisation :  Appliquer 1 \u00e0 2 fois par semaine sur cheveux mouill\u00e9s, le front et la nuque. Faire mousser en massant avec douceur, laisser poser 2 \u00e0 3 minutes avant de rincer abondamment. \u00c9viter le contact avec les yeux.\" \/>\n<meta property=\"og:url\" content=\"https:\/\/pharmadreams.shop\/index.php\/product\/uriage-ds-hair-shampooing-anti-pelliculaire-200ml\/\" \/>\n<meta property=\"og:site_name\" content=\"pharmadreams\" \/>\n<meta property=\"og:image\" content=\"https:\/\/pharmadreams.shop\/wp-content\/uploads\/2024\/11\/uriage-ds-hair-shampooing-anti-pelliculaire.jpg\" \/>\n\t<meta property=\"og:image:width\" content=\"500\" \/>\n\t<meta property=\"og:image:height\" content=\"500\" \/>\n\t<meta property=\"og:image:type\" content=\"image\/jpeg\" \/>\n<meta name=\"twitter:card\" content=\"summary_large_image\" \/>\n<meta name=\"twitter:label1\" content=\"Dur\u00e9e de lecture estim\u00e9e\" \/>\n\t<meta name=\"twitter:data1\" content=\"1 minute\" \/>\n<script type=\"application\/ld+json\" class=\"yoast-schema-graph\">{\"@context\":\"https:\/\/schema.org\",\"@graph\":[{\"@type\":\"WebPage\",\"@id\":\"https:\/\/pharmadreams.shop\/index.php\/product\/uriage-ds-hair-shampooing-anti-pelliculaire-200ml\/\",\"url\":\"https:\/\/pharmadreams.shop\/index.php\/product\/uriage-ds-hair-shampooing-anti-pelliculaire-200ml\/\",\"name\":\"URIAGE DS HAIR SHAMPOOING ANTI PELLICULAIRE 200ML - pharmadreams\",\"isPartOf\":{\"@id\":\"https:\/\/pharmadreams.shop\/#website\"},\"primaryImageOfPage\":{\"@id\":\"https:\/\/pharmadreams.shop\/index.php\/product\/uriage-ds-hair-shampooing-anti-pelliculaire-200ml\/#primaryimage\"},\"image\":{\"@id\":\"https:\/\/pharmadreams.shop\/index.php\/product\/uriage-ds-hair-shampooing-anti-pelliculaire-200ml\/#primaryimage\"},\"thumbnailUrl\":\"https:\/\/pharmadreams.shop\/wp-content\/uploads\/2024\/11\/uriage-ds-hair-shampooing-anti-pelliculaire.jpg\",\"datePublished\":\"2024-11-07T16:20:33+00:00\",\"dateModified\":\"2024-11-07T16:20:33+00:00\",\"breadcrumb\":{\"@id\":\"https:\/\/pharmadreams.shop\/index.php\/product\/uriage-ds-hair-shampooing-anti-pelliculaire-200ml\/#breadcrumb\"},\"inLanguage\":\"fr-FR\",\"potentialAction\":[{\"@type\":\"ReadAction\",\"target\":[\"https:\/\/pharmadreams.shop\/index.php\/product\/uriage-ds-hair-shampooing-anti-pelliculaire-200ml\/\"]}]},{\"@type\":\"ImageObject\",\"inLanguage\":\"fr-FR\",\"@id\":\"https:\/\/pharmadreams.shop\/index.php\/product\/uriage-ds-hair-shampooing-anti-pelliculaire-200ml\/#primaryimage\",\"url\":\"https:\/\/pharmadreams.shop\/wp-content\/uploads\/2024\/11\/uriage-ds-hair-shampooing-anti-pelliculaire.jpg\",\"contentUrl\":\"https:\/\/pharmadreams.shop\/wp-content\/uploads\/2024\/11\/uriage-ds-hair-shampooing-anti-pelliculaire.jpg\",\"width\":500,\"height\":500},{\"@type\":\"BreadcrumbList\",\"@id\":\"https:\/\/pharmadreams.shop\/index.php\/product\/uriage-ds-hair-shampooing-anti-pelliculaire-200ml\/#breadcrumb\",\"itemListElement\":[{\"@type\":\"ListItem\",\"position\":1,\"name\":\"Accueil\",\"item\":\"https:\/\/pharmadreams.shop\/\"},{\"@type\":\"ListItem\",\"position\":2,\"name\":\"Shop\",\"item\":\"https:\/\/pharmadreams.shop\/index.php\/shop\/\"},{\"@type\":\"ListItem\",\"position\":3,\"name\":\"URIAGE DS HAIR SHAMPOOING ANTI PELLICULAIRE 200ML\"}]},{\"@type\":\"WebSite\",\"@id\":\"https:\/\/pharmadreams.shop\/#website\",\"url\":\"https:\/\/pharmadreams.shop\/\",\"name\":\"pharmadreams\",\"description\":\"Parapharmacie en ligne\",\"potentialAction\":[{\"@type\":\"SearchAction\",\"target\":{\"@type\":\"EntryPoint\",\"urlTemplate\":\"https:\/\/pharmadreams.shop\/?s={search_term_string}\"},\"query-input\":\"required name=search_term_string\"}],\"inLanguage\":\"fr-FR\"}]}<\/script>\n<!-- \/ Yoast SEO plugin. -->","yoast_head_json":{"title":"URIAGE DS HAIR SHAMPOOING ANTI PELLICULAIRE 200ML - pharmadreams","robots":{"index":"index","follow":"follow","max-snippet":"max-snippet:-1","max-image-preview":"max-image-preview:large","max-video-preview":"max-video-preview:-1"},"canonical":"https:\/\/pharmadreams.shop\/index.php\/product\/uriage-ds-hair-shampooing-anti-pelliculaire-200ml\/","og_locale":"fr_FR","og_type":"article","og_title":"URIAGE DS HAIR SHAMPOOING ANTI PELLICULAIRE 200ML - pharmadreams","og_description":"URIAGE DS Hair Shampooing Traitant antipelliculaire Elimine le p\u00e9liculues, purifie et apaise Pelicules mod\u00e9r\u00e9es 200ml  \u00c9limine les pellicules, purifie, apaise les d\u00e9mangeaisons. L'association de la piroctone olamine avec le lactate de zinc contribue \u00e0 combattre et \u00e0 pr\u00e9venir l'exc\u00e8s des Malassezias qui aggrave les pellicules. Formul\u00e9 avec le complexe brevet\u00e9 TLR2-Regul, l'Eau Thermale d'Uriage et l'extrait d'edelweiss, ce shampooing apaise et prot\u00e8ge le cuir chevelu.  Conseil d'utilisation :  Appliquer 1 \u00e0 2 fois par semaine sur cheveux mouill\u00e9s, le front et la nuque. Faire mousser en massant avec douceur, laisser poser 2 \u00e0 3 minutes avant de rincer abondamment. \u00c9viter le contact avec les yeux.","og_url":"https:\/\/pharmadreams.shop\/index.php\/product\/uriage-ds-hair-shampooing-anti-pelliculaire-200ml\/","og_site_name":"pharmadreams","og_image":[{"width":500,"height":500,"url":"https:\/\/pharmadreams.shop\/wp-content\/uploads\/2024\/11\/uriage-ds-hair-shampooing-anti-pelliculaire.jpg","type":"image\/jpeg"}],"twitter_card":"summary_large_image","twitter_misc":{"Dur\u00e9e de lecture estim\u00e9e":"1 minute"},"schema":{"@context":"https:\/\/schema.org","@graph":[{"@type":"WebPage","@id":"https:\/\/pharmadreams.shop\/index.php\/product\/uriage-ds-hair-shampooing-anti-pelliculaire-200ml\/","url":"https:\/\/pharmadreams.shop\/index.php\/product\/uriage-ds-hair-shampooing-anti-pelliculaire-200ml\/","name":"URIAGE DS HAIR SHAMPOOING ANTI PELLICULAIRE 200ML - pharmadreams","isPartOf":{"@id":"https:\/\/pharmadreams.shop\/#website"},"primaryImageOfPage":{"@id":"https:\/\/pharmadreams.shop\/index.php\/product\/uriage-ds-hair-shampooing-anti-pelliculaire-200ml\/#primaryimage"},"image":{"@id":"https:\/\/pharmadreams.shop\/index.php\/product\/uriage-ds-hair-shampooing-anti-pelliculaire-200ml\/#primaryimage"},"thumbnailUrl":"https:\/\/pharmadreams.shop\/wp-content\/uploads\/2024\/11\/uriage-ds-hair-shampooing-anti-pelliculaire.jpg","datePublished":"2024-11-07T16:20:33+00:00","dateModified":"2024-11-07T16:20:33+00:00","breadcrumb":{"@id":"https:\/\/pharmadreams.shop\/index.php\/product\/uriage-ds-hair-shampooing-anti-pelliculaire-200ml\/#breadcrumb"},"inLanguage":"fr-FR","potentialAction":[{"@type":"ReadAction","target":["https:\/\/pharmadreams.shop\/index.php\/product\/uriage-ds-hair-shampooing-anti-pelliculaire-200ml\/"]}]},{"@type":"ImageObject","inLanguage":"fr-FR","@id":"https:\/\/pharmadreams.shop\/index.php\/product\/uriage-ds-hair-shampooing-anti-pelliculaire-200ml\/#primaryimage","url":"https:\/\/pharmadreams.shop\/wp-content\/uploads\/2024\/11\/uriage-ds-hair-shampooing-anti-pelliculaire.jpg","contentUrl":"https:\/\/pharmadreams.shop\/wp-content\/uploads\/2024\/11\/uriage-ds-hair-shampooing-anti-pelliculaire.jpg","width":500,"height":500},{"@type":"BreadcrumbList","@id":"https:\/\/pharmadreams.shop\/index.php\/product\/uriage-ds-hair-shampooing-anti-pelliculaire-200ml\/#breadcrumb","itemListElement":[{"@type":"ListItem","position":1,"name":"Accueil","item":"https:\/\/pharmadreams.shop\/"},{"@type":"ListItem","position":2,"name":"Shop","item":"https:\/\/pharmadreams.shop\/index.php\/shop\/"},{"@type":"ListItem","position":3,"name":"URIAGE DS HAIR SHAMPOOING ANTI PELLICULAIRE 200ML"}]},{"@type":"WebSite","@id":"https:\/\/pharmadreams.shop\/#website","url":"https:\/\/pharmadreams.shop\/","name":"pharmadreams","description":"Parapharmacie en ligne","potentialAction":[{"@type":"SearchAction","target":{"@type":"EntryPoint","urlTemplate":"https:\/\/pharmadreams.shop\/?s={search_term_string}"},"query-input":"required name=search_term_string"}],"inLanguage":"fr-FR"}]}},"_links":{"self":[{"href":"https:\/\/pharmadreams.shop\/index.php\/wp-json\/wp\/v2\/product\/19177","targetHints":{"allow":["GET"]}}],"collection":[{"href":"https:\/\/pharmadreams.shop\/index.php\/wp-json\/wp\/v2\/product"}],"about":[{"href":"https:\/\/pharmadreams.shop\/index.php\/wp-json\/wp\/v2\/types\/product"}],"replies":[{"embeddable":true,"href":"https:\/\/pharmadreams.shop\/index.php\/wp-json\/wp\/v2\/comments?post=19177"}],"version-history":[{"count":0,"href":"https:\/\/pharmadreams.shop\/index.php\/wp-json\/wp\/v2\/product\/19177\/revisions"}],"wp:featuredmedia":[{"embeddable":true,"href":"https:\/\/pharmadreams.shop\/index.php\/wp-json\/wp\/v2\/media\/19178"}],"wp:attachment":[{"href":"https:\/\/pharmadreams.shop\/index.php\/wp-json\/wp\/v2\/media?parent=19177"}],"wp:term":[{"taxonomy":"product_brand","embeddable":true,"href":"https:\/\/pharmadreams.shop\/index.php\/wp-json\/wp\/v2\/product_brand?post=19177"},{"taxonomy":"product_cat","embeddable":true,"href":"https:\/\/pharmadreams.shop\/index.php\/wp-json\/wp\/v2\/product_cat?post=19177"},{"taxonomy":"product_tag","embeddable":true,"href":"https:\/\/pharmadreams.shop\/index.php\/wp-json\/wp\/v2\/product_tag?post=19177"}],"curies":[{"name":"wp","href":"https:\/\/api.w.org\/{rel}","templated":true}]}}