{"id":19186,"date":"2024-11-07T17:45:43","date_gmt":"2024-11-07T16:45:43","guid":{"rendered":"https:\/\/pharmadreams.shop\/?post_type=product&#038;p=19186"},"modified":"2024-11-07T17:45:43","modified_gmt":"2024-11-07T16:45:43","slug":"uriage-deodorant-douceur-50-ml","status":"publish","type":"product","link":"https:\/\/pharmadreams.shop\/index.php\/product\/uriage-deodorant-douceur-50-ml\/","title":{"rendered":"URIAGE DEODORANT DOUCEUR 50 ML"},"content":{"rendered":"","protected":false},"excerpt":{"rendered":"<p>Le d\u00e9odorant douceur Uriage est con\u00e7u pour offrir une efficacit\u00e9 anti-odeurs pendant 24 heures. C\u2019est un produit d\u2019hygi\u00e8ne qui permet de lutter contre la prolif\u00e9ration des bact\u00e9ries responsables des mauvaises odeurs sous les aisselles.<\/p>\n<p>Il va absorber l\u2019humidit\u00e9 sans pour autant bloquer le processus naturel de la transpiration. Il ne bouche pas les pores et ne contient pas de sels d\u2019aluminium.<\/p>\n<p>Ce d\u00e9odorant douceur Uriage est dot\u00e9 d\u2019une formule sp\u00e9cialement adapt\u00e9e aux peaux sensibles. Il contient du bisabolol, un actif apaisant puissant qui prend soin des peaux fragiles et source d\u2019inconfort.<\/p>\n<p>La douceur de ce d\u00e9odorant et son action hydratante va venir soulager les d\u00e9sagr\u00e9ments des peaux s\u00e8ches et sensibles comme les rougeurs ou les tiraillements, par exemple.<\/p>\n<p><strong>Conseils d&rsquo;utilisation\u00a0:<\/strong><\/p>\n<p>Appliquez le d\u00e9odorant-bille sur une peau propre et s\u00e8che.<\/p>\n<p>Ne pas utiliser sur une peau irrit\u00e9e.<\/p>\n","protected":false},"featured_media":19187,"comment_status":"open","ping_status":"closed","template":"","meta":[],"product_brand":[],"product_cat":[28,103],"product_tag":[],"class_list":{"0":"post-19186","1":"product","2":"type-product","3":"status-publish","4":"has-post-thumbnail","6":"product_cat-corps","7":"product_cat-deodorant","9":"first","10":"instock","11":"shipping-taxable","12":"purchasable","13":"product-type-simple"},"yoast_head":"<!-- This site is optimized with the Yoast SEO plugin v23.0 - https:\/\/yoast.com\/wordpress\/plugins\/seo\/ -->\n<title>URIAGE DEODORANT DOUCEUR 50 ML - pharmadreams<\/title>\n<meta name=\"robots\" content=\"index, follow, max-snippet:-1, max-image-preview:large, max-video-preview:-1\" \/>\n<link rel=\"canonical\" href=\"https:\/\/pharmadreams.shop\/index.php\/product\/uriage-deodorant-douceur-50-ml\/\" \/>\n<meta property=\"og:locale\" content=\"fr_FR\" \/>\n<meta property=\"og:type\" content=\"article\" \/>\n<meta property=\"og:title\" content=\"URIAGE DEODORANT DOUCEUR 50 ML - pharmadreams\" \/>\n<meta property=\"og:description\" content=\"Le d\u00e9odorant douceur Uriage est con\u00e7u pour offrir une efficacit\u00e9 anti-odeurs pendant 24 heures. C\u2019est un produit d\u2019hygi\u00e8ne qui permet de lutter contre la prolif\u00e9ration des bact\u00e9ries responsables des mauvaises odeurs sous les aisselles.  Il va absorber l\u2019humidit\u00e9 sans pour autant bloquer le processus naturel de la transpiration. Il ne bouche pas les pores et ne contient pas de sels d\u2019aluminium.  Ce d\u00e9odorant douceur Uriage est dot\u00e9 d\u2019une formule sp\u00e9cialement adapt\u00e9e aux peaux sensibles. Il contient du bisabolol, un actif apaisant puissant qui prend soin des peaux fragiles et source d\u2019inconfort.  La douceur de ce d\u00e9odorant et son action hydratante va venir soulager les d\u00e9sagr\u00e9ments des peaux s\u00e8ches et sensibles comme les rougeurs ou les tiraillements, par exemple.  Conseils d&#039;utilisation\u00a0:  Appliquez le d\u00e9odorant-bille sur une peau propre et s\u00e8che.  Ne pas utiliser sur une peau irrit\u00e9e.\" \/>\n<meta property=\"og:url\" content=\"https:\/\/pharmadreams.shop\/index.php\/product\/uriage-deodorant-douceur-50-ml\/\" \/>\n<meta property=\"og:site_name\" content=\"pharmadreams\" \/>\n<meta property=\"og:image\" content=\"https:\/\/pharmadreams.shop\/wp-content\/uploads\/2024\/11\/hygiene-deo-douceur-bille-50ml.png\" \/>\n\t<meta property=\"og:image:width\" content=\"285\" \/>\n\t<meta property=\"og:image:height\" content=\"600\" \/>\n\t<meta property=\"og:image:type\" content=\"image\/png\" \/>\n<meta name=\"twitter:card\" content=\"summary_large_image\" \/>\n<meta name=\"twitter:label1\" content=\"Dur\u00e9e de lecture estim\u00e9e\" \/>\n\t<meta name=\"twitter:data1\" content=\"1 minute\" \/>\n<script type=\"application\/ld+json\" class=\"yoast-schema-graph\">{\"@context\":\"https:\/\/schema.org\",\"@graph\":[{\"@type\":\"WebPage\",\"@id\":\"https:\/\/pharmadreams.shop\/index.php\/product\/uriage-deodorant-douceur-50-ml\/\",\"url\":\"https:\/\/pharmadreams.shop\/index.php\/product\/uriage-deodorant-douceur-50-ml\/\",\"name\":\"URIAGE DEODORANT DOUCEUR 50 ML - pharmadreams\",\"isPartOf\":{\"@id\":\"https:\/\/pharmadreams.shop\/#website\"},\"primaryImageOfPage\":{\"@id\":\"https:\/\/pharmadreams.shop\/index.php\/product\/uriage-deodorant-douceur-50-ml\/#primaryimage\"},\"image\":{\"@id\":\"https:\/\/pharmadreams.shop\/index.php\/product\/uriage-deodorant-douceur-50-ml\/#primaryimage\"},\"thumbnailUrl\":\"https:\/\/pharmadreams.shop\/wp-content\/uploads\/2024\/11\/hygiene-deo-douceur-bille-50ml.png\",\"datePublished\":\"2024-11-07T16:45:43+00:00\",\"dateModified\":\"2024-11-07T16:45:43+00:00\",\"breadcrumb\":{\"@id\":\"https:\/\/pharmadreams.shop\/index.php\/product\/uriage-deodorant-douceur-50-ml\/#breadcrumb\"},\"inLanguage\":\"fr-FR\",\"potentialAction\":[{\"@type\":\"ReadAction\",\"target\":[\"https:\/\/pharmadreams.shop\/index.php\/product\/uriage-deodorant-douceur-50-ml\/\"]}]},{\"@type\":\"ImageObject\",\"inLanguage\":\"fr-FR\",\"@id\":\"https:\/\/pharmadreams.shop\/index.php\/product\/uriage-deodorant-douceur-50-ml\/#primaryimage\",\"url\":\"https:\/\/pharmadreams.shop\/wp-content\/uploads\/2024\/11\/hygiene-deo-douceur-bille-50ml.png\",\"contentUrl\":\"https:\/\/pharmadreams.shop\/wp-content\/uploads\/2024\/11\/hygiene-deo-douceur-bille-50ml.png\",\"width\":285,\"height\":600},{\"@type\":\"BreadcrumbList\",\"@id\":\"https:\/\/pharmadreams.shop\/index.php\/product\/uriage-deodorant-douceur-50-ml\/#breadcrumb\",\"itemListElement\":[{\"@type\":\"ListItem\",\"position\":1,\"name\":\"Accueil\",\"item\":\"https:\/\/pharmadreams.shop\/\"},{\"@type\":\"ListItem\",\"position\":2,\"name\":\"Shop\",\"item\":\"https:\/\/pharmadreams.shop\/index.php\/shop\/\"},{\"@type\":\"ListItem\",\"position\":3,\"name\":\"URIAGE DEODORANT DOUCEUR 50 ML\"}]},{\"@type\":\"WebSite\",\"@id\":\"https:\/\/pharmadreams.shop\/#website\",\"url\":\"https:\/\/pharmadreams.shop\/\",\"name\":\"pharmadreams\",\"description\":\"Parapharmacie en ligne\",\"potentialAction\":[{\"@type\":\"SearchAction\",\"target\":{\"@type\":\"EntryPoint\",\"urlTemplate\":\"https:\/\/pharmadreams.shop\/?s={search_term_string}\"},\"query-input\":\"required name=search_term_string\"}],\"inLanguage\":\"fr-FR\"}]}<\/script>\n<!-- \/ Yoast SEO plugin. -->","yoast_head_json":{"title":"URIAGE DEODORANT DOUCEUR 50 ML - pharmadreams","robots":{"index":"index","follow":"follow","max-snippet":"max-snippet:-1","max-image-preview":"max-image-preview:large","max-video-preview":"max-video-preview:-1"},"canonical":"https:\/\/pharmadreams.shop\/index.php\/product\/uriage-deodorant-douceur-50-ml\/","og_locale":"fr_FR","og_type":"article","og_title":"URIAGE DEODORANT DOUCEUR 50 ML - pharmadreams","og_description":"Le d\u00e9odorant douceur Uriage est con\u00e7u pour offrir une efficacit\u00e9 anti-odeurs pendant 24 heures. C\u2019est un produit d\u2019hygi\u00e8ne qui permet de lutter contre la prolif\u00e9ration des bact\u00e9ries responsables des mauvaises odeurs sous les aisselles.  Il va absorber l\u2019humidit\u00e9 sans pour autant bloquer le processus naturel de la transpiration. Il ne bouche pas les pores et ne contient pas de sels d\u2019aluminium.  Ce d\u00e9odorant douceur Uriage est dot\u00e9 d\u2019une formule sp\u00e9cialement adapt\u00e9e aux peaux sensibles. Il contient du bisabolol, un actif apaisant puissant qui prend soin des peaux fragiles et source d\u2019inconfort.  La douceur de ce d\u00e9odorant et son action hydratante va venir soulager les d\u00e9sagr\u00e9ments des peaux s\u00e8ches et sensibles comme les rougeurs ou les tiraillements, par exemple.  Conseils d'utilisation\u00a0:  Appliquez le d\u00e9odorant-bille sur une peau propre et s\u00e8che.  Ne pas utiliser sur une peau irrit\u00e9e.","og_url":"https:\/\/pharmadreams.shop\/index.php\/product\/uriage-deodorant-douceur-50-ml\/","og_site_name":"pharmadreams","og_image":[{"width":285,"height":600,"url":"https:\/\/pharmadreams.shop\/wp-content\/uploads\/2024\/11\/hygiene-deo-douceur-bille-50ml.png","type":"image\/png"}],"twitter_card":"summary_large_image","twitter_misc":{"Dur\u00e9e de lecture estim\u00e9e":"1 minute"},"schema":{"@context":"https:\/\/schema.org","@graph":[{"@type":"WebPage","@id":"https:\/\/pharmadreams.shop\/index.php\/product\/uriage-deodorant-douceur-50-ml\/","url":"https:\/\/pharmadreams.shop\/index.php\/product\/uriage-deodorant-douceur-50-ml\/","name":"URIAGE DEODORANT DOUCEUR 50 ML - pharmadreams","isPartOf":{"@id":"https:\/\/pharmadreams.shop\/#website"},"primaryImageOfPage":{"@id":"https:\/\/pharmadreams.shop\/index.php\/product\/uriage-deodorant-douceur-50-ml\/#primaryimage"},"image":{"@id":"https:\/\/pharmadreams.shop\/index.php\/product\/uriage-deodorant-douceur-50-ml\/#primaryimage"},"thumbnailUrl":"https:\/\/pharmadreams.shop\/wp-content\/uploads\/2024\/11\/hygiene-deo-douceur-bille-50ml.png","datePublished":"2024-11-07T16:45:43+00:00","dateModified":"2024-11-07T16:45:43+00:00","breadcrumb":{"@id":"https:\/\/pharmadreams.shop\/index.php\/product\/uriage-deodorant-douceur-50-ml\/#breadcrumb"},"inLanguage":"fr-FR","potentialAction":[{"@type":"ReadAction","target":["https:\/\/pharmadreams.shop\/index.php\/product\/uriage-deodorant-douceur-50-ml\/"]}]},{"@type":"ImageObject","inLanguage":"fr-FR","@id":"https:\/\/pharmadreams.shop\/index.php\/product\/uriage-deodorant-douceur-50-ml\/#primaryimage","url":"https:\/\/pharmadreams.shop\/wp-content\/uploads\/2024\/11\/hygiene-deo-douceur-bille-50ml.png","contentUrl":"https:\/\/pharmadreams.shop\/wp-content\/uploads\/2024\/11\/hygiene-deo-douceur-bille-50ml.png","width":285,"height":600},{"@type":"BreadcrumbList","@id":"https:\/\/pharmadreams.shop\/index.php\/product\/uriage-deodorant-douceur-50-ml\/#breadcrumb","itemListElement":[{"@type":"ListItem","position":1,"name":"Accueil","item":"https:\/\/pharmadreams.shop\/"},{"@type":"ListItem","position":2,"name":"Shop","item":"https:\/\/pharmadreams.shop\/index.php\/shop\/"},{"@type":"ListItem","position":3,"name":"URIAGE DEODORANT DOUCEUR 50 ML"}]},{"@type":"WebSite","@id":"https:\/\/pharmadreams.shop\/#website","url":"https:\/\/pharmadreams.shop\/","name":"pharmadreams","description":"Parapharmacie en ligne","potentialAction":[{"@type":"SearchAction","target":{"@type":"EntryPoint","urlTemplate":"https:\/\/pharmadreams.shop\/?s={search_term_string}"},"query-input":"required name=search_term_string"}],"inLanguage":"fr-FR"}]}},"_links":{"self":[{"href":"https:\/\/pharmadreams.shop\/index.php\/wp-json\/wp\/v2\/product\/19186","targetHints":{"allow":["GET"]}}],"collection":[{"href":"https:\/\/pharmadreams.shop\/index.php\/wp-json\/wp\/v2\/product"}],"about":[{"href":"https:\/\/pharmadreams.shop\/index.php\/wp-json\/wp\/v2\/types\/product"}],"replies":[{"embeddable":true,"href":"https:\/\/pharmadreams.shop\/index.php\/wp-json\/wp\/v2\/comments?post=19186"}],"version-history":[{"count":0,"href":"https:\/\/pharmadreams.shop\/index.php\/wp-json\/wp\/v2\/product\/19186\/revisions"}],"wp:featuredmedia":[{"embeddable":true,"href":"https:\/\/pharmadreams.shop\/index.php\/wp-json\/wp\/v2\/media\/19187"}],"wp:attachment":[{"href":"https:\/\/pharmadreams.shop\/index.php\/wp-json\/wp\/v2\/media?parent=19186"}],"wp:term":[{"taxonomy":"product_brand","embeddable":true,"href":"https:\/\/pharmadreams.shop\/index.php\/wp-json\/wp\/v2\/product_brand?post=19186"},{"taxonomy":"product_cat","embeddable":true,"href":"https:\/\/pharmadreams.shop\/index.php\/wp-json\/wp\/v2\/product_cat?post=19186"},{"taxonomy":"product_tag","embeddable":true,"href":"https:\/\/pharmadreams.shop\/index.php\/wp-json\/wp\/v2\/product_tag?post=19186"}],"curies":[{"name":"wp","href":"https:\/\/api.w.org\/{rel}","templated":true}]}}