{"id":19189,"date":"2024-11-07T17:51:58","date_gmt":"2024-11-07T16:51:58","guid":{"rendered":"https:\/\/pharmadreams.shop\/?post_type=product&#038;p=19189"},"modified":"2024-11-07T17:51:58","modified_gmt":"2024-11-07T16:51:58","slug":"uriage-eau-thermale-serum-booster-h-a-30ml","status":"publish","type":"product","link":"https:\/\/pharmadreams.shop\/index.php\/product\/uriage-eau-thermale-serum-booster-h-a-30ml\/","title":{"rendered":"URIAGE EAU THERMALE SERUM BOOSTER H.A 30ML"},"content":{"rendered":"","protected":false},"excerpt":{"rendered":"<p>Adapt\u00e9 \u00e0 tous les types de peau, le s\u00e9rum booster H.A des laboratoires Uriage Eau Thermale vient hydrater, repulper et lisser la peau. Il procure une hydratation 24h, am\u00e9liore la qualit\u00e9 du grain de peau et redonne de l&rsquo;\u00e9clat au teint<\/p>\n<p>Ce s\u00e9rum \u00e0 la texture enveloppante et confortable offre une application tr\u00e8s agr\u00e9able. Son parfum est la signature de la gamme EAU THERMALE : un parfum de bergamote et de p\u00eache avec une note de muguet sur un lit de c\u00e8dre.<\/p>\n","protected":false},"featured_media":19190,"comment_status":"open","ping_status":"closed","template":"","meta":[],"product_brand":[],"product_cat":[94,20],"product_tag":[],"class_list":{"0":"post-19189","1":"product","2":"type-product","3":"status-publish","4":"has-post-thumbnail","6":"product_cat-serum","7":"product_cat-visage","9":"first","10":"instock","11":"shipping-taxable","12":"purchasable","13":"product-type-simple"},"yoast_head":"<!-- This site is optimized with the Yoast SEO plugin v23.0 - https:\/\/yoast.com\/wordpress\/plugins\/seo\/ -->\n<title>URIAGE EAU THERMALE SERUM BOOSTER H.A 30ML - pharmadreams<\/title>\n<meta name=\"robots\" content=\"index, follow, max-snippet:-1, max-image-preview:large, max-video-preview:-1\" \/>\n<link rel=\"canonical\" href=\"https:\/\/pharmadreams.shop\/index.php\/product\/uriage-eau-thermale-serum-booster-h-a-30ml\/\" \/>\n<meta property=\"og:locale\" content=\"fr_FR\" \/>\n<meta property=\"og:type\" content=\"article\" \/>\n<meta property=\"og:title\" content=\"URIAGE EAU THERMALE SERUM BOOSTER H.A 30ML - pharmadreams\" \/>\n<meta property=\"og:description\" content=\"Adapt\u00e9 \u00e0 tous les types de peau, le s\u00e9rum booster H.A des laboratoires Uriage Eau Thermale vient hydrater, repulper et lisser la peau. Il procure une hydratation 24h, am\u00e9liore la qualit\u00e9 du grain de peau et redonne de l&#039;\u00e9clat au teint  Ce s\u00e9rum \u00e0 la texture enveloppante et confortable offre une application tr\u00e8s agr\u00e9able. Son parfum est la signature de la gamme EAU THERMALE : un parfum de bergamote et de p\u00eache avec une note de muguet sur un lit de c\u00e8dre.\" \/>\n<meta property=\"og:url\" content=\"https:\/\/pharmadreams.shop\/index.php\/product\/uriage-eau-thermale-serum-booster-h-a-30ml\/\" \/>\n<meta property=\"og:site_name\" content=\"pharmadreams\" \/>\n<meta property=\"og:image\" content=\"https:\/\/pharmadreams.shop\/wp-content\/uploads\/2024\/11\/image_1080.png\" \/>\n\t<meta property=\"og:image:width\" content=\"1000\" \/>\n\t<meta property=\"og:image:height\" content=\"1000\" \/>\n\t<meta property=\"og:image:type\" content=\"image\/png\" \/>\n<meta name=\"twitter:card\" content=\"summary_large_image\" \/>\n<meta name=\"twitter:label1\" content=\"Dur\u00e9e de lecture estim\u00e9e\" \/>\n\t<meta name=\"twitter:data1\" content=\"1 minute\" \/>\n<script type=\"application\/ld+json\" class=\"yoast-schema-graph\">{\"@context\":\"https:\/\/schema.org\",\"@graph\":[{\"@type\":\"WebPage\",\"@id\":\"https:\/\/pharmadreams.shop\/index.php\/product\/uriage-eau-thermale-serum-booster-h-a-30ml\/\",\"url\":\"https:\/\/pharmadreams.shop\/index.php\/product\/uriage-eau-thermale-serum-booster-h-a-30ml\/\",\"name\":\"URIAGE EAU THERMALE SERUM BOOSTER H.A 30ML - pharmadreams\",\"isPartOf\":{\"@id\":\"https:\/\/pharmadreams.shop\/#website\"},\"primaryImageOfPage\":{\"@id\":\"https:\/\/pharmadreams.shop\/index.php\/product\/uriage-eau-thermale-serum-booster-h-a-30ml\/#primaryimage\"},\"image\":{\"@id\":\"https:\/\/pharmadreams.shop\/index.php\/product\/uriage-eau-thermale-serum-booster-h-a-30ml\/#primaryimage\"},\"thumbnailUrl\":\"https:\/\/pharmadreams.shop\/wp-content\/uploads\/2024\/11\/image_1080.png\",\"datePublished\":\"2024-11-07T16:51:58+00:00\",\"dateModified\":\"2024-11-07T16:51:58+00:00\",\"breadcrumb\":{\"@id\":\"https:\/\/pharmadreams.shop\/index.php\/product\/uriage-eau-thermale-serum-booster-h-a-30ml\/#breadcrumb\"},\"inLanguage\":\"fr-FR\",\"potentialAction\":[{\"@type\":\"ReadAction\",\"target\":[\"https:\/\/pharmadreams.shop\/index.php\/product\/uriage-eau-thermale-serum-booster-h-a-30ml\/\"]}]},{\"@type\":\"ImageObject\",\"inLanguage\":\"fr-FR\",\"@id\":\"https:\/\/pharmadreams.shop\/index.php\/product\/uriage-eau-thermale-serum-booster-h-a-30ml\/#primaryimage\",\"url\":\"https:\/\/pharmadreams.shop\/wp-content\/uploads\/2024\/11\/image_1080.png\",\"contentUrl\":\"https:\/\/pharmadreams.shop\/wp-content\/uploads\/2024\/11\/image_1080.png\",\"width\":1000,\"height\":1000},{\"@type\":\"BreadcrumbList\",\"@id\":\"https:\/\/pharmadreams.shop\/index.php\/product\/uriage-eau-thermale-serum-booster-h-a-30ml\/#breadcrumb\",\"itemListElement\":[{\"@type\":\"ListItem\",\"position\":1,\"name\":\"Accueil\",\"item\":\"https:\/\/pharmadreams.shop\/\"},{\"@type\":\"ListItem\",\"position\":2,\"name\":\"Shop\",\"item\":\"https:\/\/pharmadreams.shop\/index.php\/shop\/\"},{\"@type\":\"ListItem\",\"position\":3,\"name\":\"URIAGE EAU THERMALE SERUM BOOSTER H.A 30ML\"}]},{\"@type\":\"WebSite\",\"@id\":\"https:\/\/pharmadreams.shop\/#website\",\"url\":\"https:\/\/pharmadreams.shop\/\",\"name\":\"pharmadreams\",\"description\":\"Parapharmacie en ligne\",\"potentialAction\":[{\"@type\":\"SearchAction\",\"target\":{\"@type\":\"EntryPoint\",\"urlTemplate\":\"https:\/\/pharmadreams.shop\/?s={search_term_string}\"},\"query-input\":\"required name=search_term_string\"}],\"inLanguage\":\"fr-FR\"}]}<\/script>\n<!-- \/ Yoast SEO plugin. -->","yoast_head_json":{"title":"URIAGE EAU THERMALE SERUM BOOSTER H.A 30ML - pharmadreams","robots":{"index":"index","follow":"follow","max-snippet":"max-snippet:-1","max-image-preview":"max-image-preview:large","max-video-preview":"max-video-preview:-1"},"canonical":"https:\/\/pharmadreams.shop\/index.php\/product\/uriage-eau-thermale-serum-booster-h-a-30ml\/","og_locale":"fr_FR","og_type":"article","og_title":"URIAGE EAU THERMALE SERUM BOOSTER H.A 30ML - pharmadreams","og_description":"Adapt\u00e9 \u00e0 tous les types de peau, le s\u00e9rum booster H.A des laboratoires Uriage Eau Thermale vient hydrater, repulper et lisser la peau. Il procure une hydratation 24h, am\u00e9liore la qualit\u00e9 du grain de peau et redonne de l'\u00e9clat au teint  Ce s\u00e9rum \u00e0 la texture enveloppante et confortable offre une application tr\u00e8s agr\u00e9able. Son parfum est la signature de la gamme EAU THERMALE : un parfum de bergamote et de p\u00eache avec une note de muguet sur un lit de c\u00e8dre.","og_url":"https:\/\/pharmadreams.shop\/index.php\/product\/uriage-eau-thermale-serum-booster-h-a-30ml\/","og_site_name":"pharmadreams","og_image":[{"width":1000,"height":1000,"url":"https:\/\/pharmadreams.shop\/wp-content\/uploads\/2024\/11\/image_1080.png","type":"image\/png"}],"twitter_card":"summary_large_image","twitter_misc":{"Dur\u00e9e de lecture estim\u00e9e":"1 minute"},"schema":{"@context":"https:\/\/schema.org","@graph":[{"@type":"WebPage","@id":"https:\/\/pharmadreams.shop\/index.php\/product\/uriage-eau-thermale-serum-booster-h-a-30ml\/","url":"https:\/\/pharmadreams.shop\/index.php\/product\/uriage-eau-thermale-serum-booster-h-a-30ml\/","name":"URIAGE EAU THERMALE SERUM BOOSTER H.A 30ML - pharmadreams","isPartOf":{"@id":"https:\/\/pharmadreams.shop\/#website"},"primaryImageOfPage":{"@id":"https:\/\/pharmadreams.shop\/index.php\/product\/uriage-eau-thermale-serum-booster-h-a-30ml\/#primaryimage"},"image":{"@id":"https:\/\/pharmadreams.shop\/index.php\/product\/uriage-eau-thermale-serum-booster-h-a-30ml\/#primaryimage"},"thumbnailUrl":"https:\/\/pharmadreams.shop\/wp-content\/uploads\/2024\/11\/image_1080.png","datePublished":"2024-11-07T16:51:58+00:00","dateModified":"2024-11-07T16:51:58+00:00","breadcrumb":{"@id":"https:\/\/pharmadreams.shop\/index.php\/product\/uriage-eau-thermale-serum-booster-h-a-30ml\/#breadcrumb"},"inLanguage":"fr-FR","potentialAction":[{"@type":"ReadAction","target":["https:\/\/pharmadreams.shop\/index.php\/product\/uriage-eau-thermale-serum-booster-h-a-30ml\/"]}]},{"@type":"ImageObject","inLanguage":"fr-FR","@id":"https:\/\/pharmadreams.shop\/index.php\/product\/uriage-eau-thermale-serum-booster-h-a-30ml\/#primaryimage","url":"https:\/\/pharmadreams.shop\/wp-content\/uploads\/2024\/11\/image_1080.png","contentUrl":"https:\/\/pharmadreams.shop\/wp-content\/uploads\/2024\/11\/image_1080.png","width":1000,"height":1000},{"@type":"BreadcrumbList","@id":"https:\/\/pharmadreams.shop\/index.php\/product\/uriage-eau-thermale-serum-booster-h-a-30ml\/#breadcrumb","itemListElement":[{"@type":"ListItem","position":1,"name":"Accueil","item":"https:\/\/pharmadreams.shop\/"},{"@type":"ListItem","position":2,"name":"Shop","item":"https:\/\/pharmadreams.shop\/index.php\/shop\/"},{"@type":"ListItem","position":3,"name":"URIAGE EAU THERMALE SERUM BOOSTER H.A 30ML"}]},{"@type":"WebSite","@id":"https:\/\/pharmadreams.shop\/#website","url":"https:\/\/pharmadreams.shop\/","name":"pharmadreams","description":"Parapharmacie en ligne","potentialAction":[{"@type":"SearchAction","target":{"@type":"EntryPoint","urlTemplate":"https:\/\/pharmadreams.shop\/?s={search_term_string}"},"query-input":"required name=search_term_string"}],"inLanguage":"fr-FR"}]}},"_links":{"self":[{"href":"https:\/\/pharmadreams.shop\/index.php\/wp-json\/wp\/v2\/product\/19189","targetHints":{"allow":["GET"]}}],"collection":[{"href":"https:\/\/pharmadreams.shop\/index.php\/wp-json\/wp\/v2\/product"}],"about":[{"href":"https:\/\/pharmadreams.shop\/index.php\/wp-json\/wp\/v2\/types\/product"}],"replies":[{"embeddable":true,"href":"https:\/\/pharmadreams.shop\/index.php\/wp-json\/wp\/v2\/comments?post=19189"}],"version-history":[{"count":0,"href":"https:\/\/pharmadreams.shop\/index.php\/wp-json\/wp\/v2\/product\/19189\/revisions"}],"wp:featuredmedia":[{"embeddable":true,"href":"https:\/\/pharmadreams.shop\/index.php\/wp-json\/wp\/v2\/media\/19190"}],"wp:attachment":[{"href":"https:\/\/pharmadreams.shop\/index.php\/wp-json\/wp\/v2\/media?parent=19189"}],"wp:term":[{"taxonomy":"product_brand","embeddable":true,"href":"https:\/\/pharmadreams.shop\/index.php\/wp-json\/wp\/v2\/product_brand?post=19189"},{"taxonomy":"product_cat","embeddable":true,"href":"https:\/\/pharmadreams.shop\/index.php\/wp-json\/wp\/v2\/product_cat?post=19189"},{"taxonomy":"product_tag","embeddable":true,"href":"https:\/\/pharmadreams.shop\/index.php\/wp-json\/wp\/v2\/product_tag?post=19189"}],"curies":[{"name":"wp","href":"https:\/\/api.w.org\/{rel}","templated":true}]}}